{"id":2738,"date":"2021-11-09T12:08:15","date_gmt":"2021-11-09T11:08:15","guid":{"rendered":"https:\/\/www.steelfb.com\/?post_type=product&#038;p=2738"},"modified":"2022-07-27T17:06:48","modified_gmt":"2022-07-27T15:06:48","slug":"geoconnect-ll","status":"publish","type":"product","link":"https:\/\/www.steelfb.com\/fr\/goujons-pour-joints-de-structure\/geoconnect-ll\/","title":{"rendered":"Geoconnect LL\u00ae"},"content":{"rendered":"\n<p class=\"has-medium-font-size\">Les goujons de structure sont des dispositifs de liaison qui permettent de transmettre des efforts tranchants \u00e0 travers les joints structurels entre planchers, dalles, poutres ou murs.<\/p>\n\n\n<aside id=\"block-49\" class=\"widget widget_block\"><\/aside><aside id=\"block-48\" class=\"widget widget_block\">\n<div class=\"wp-block-media-text has-media-on-the-right is-stacked-on-mobile mt-2 has-white-color has-red-background-color has-text-color has-background\"><figure class=\"wp-block-media-text__media\"><img loading=\"lazy\" decoding=\"async\" width=\"406\" height=\"258\" src=\"https:\/\/www.steelfb.com\/wp-content\/uploads\/2022\/07\/connector-calculation-software.jpg\" alt=\"\" class=\"wp-image-3686 size-full\" srcset=\"https:\/\/www.steelfb.com\/wp-content\/uploads\/2022\/07\/connector-calculation-software.jpg 406w, https:\/\/www.steelfb.com\/wp-content\/uploads\/2022\/07\/connector-calculation-software-400x254.jpg 400w\" sizes=\"auto, (max-width: 406px) 100vw, 406px\" \/><\/figure><div class=\"wp-block-media-text__content\">\n<p class=\"has-large-font-size\">Programme de calcul pour connecteurs<\/p>\n\n\n\n<p>Steel for Bricks en collaboration avec le d\u00e9partement technique de Geohidrol a d\u00e9velopp\u00e9 une application pour le calcul des connecteurs pour joints structuraux. T\u00e9l\u00e9chargez l\u2019application gratuitement et faites des estimations pour vos projets de fa\u00e7on rapide et simple.<\/p>\n\n\n\n<div class=\"wp-block-buttons is-layout-flex wp-block-buttons-is-layout-flex\">\n<div class=\"wp-block-button\"><a class=\"wp-block-button__link has-blue-background-color has-background\" href=\"https:\/\/geohidrol.com\/wp-content\/uploads\/2020\/05\/Conectores_v1.0.zip\" target=\"_blank\" rel=\"noreferrer noopener\">T\u00e9l\u00e9charger V 1.0<\/a><\/div>\n<\/div>\n<\/div><\/div>\n<\/aside><aside id=\"block-50\" class=\"widget widget_block\"><\/aside><aside id=\"block-51\" class=\"widget widget_block\"><\/aside><aside id=\"block-52\" class=\"widget widget_block\"><\/aside>\n","protected":false},"excerpt":{"rendered":"<p>Les goujons de structure sont des dispositifs de liaison qui permettent de transmettre des efforts tranchants \u00e0 travers les joints structurels entre planchers, dalles, poutres [&#8230;]<\/p>\n<p><a class=\"understrap-read-more-link\" href=\"https:\/\/www.steelfb.com\/fr\/goujons-pour-joints-de-structure\/geoconnect-ll\/\">Continuez \u00e0 lire<\/a><\/p>\n","protected":false},"author":2,"featured_media":363,"menu_order":70,"comment_status":"closed","ping_status":"open","template":"","meta":{"_acf_changed":false,"inline_featured_image":false,"footnotes":""},"product_type":[59],"class_list":["post-2738","product","type-product","status-publish","has-post-thumbnail","hentry","product_type-goujons-pour-joints-de-structure"],"acf":[],"yoast_head":"<!-- This site is optimized with the Yoast SEO plugin v27.5 - https:\/\/yoast.com\/product\/yoast-seo-wordpress\/ -->\n<title>Geoconnect LL\u00ae - Steel for Bricks<\/title>\n<meta name=\"description\" content=\"Les connecteurs structurels transmettent les forces de cisaillement \u00e0 travers les joints structurels entre les planchers, les dalles, les poutres ou les murs\" \/>\n<meta name=\"robots\" content=\"index, follow, max-snippet:-1, max-image-preview:large, max-video-preview:-1\" \/>\n<link rel=\"canonical\" href=\"https:\/\/www.steelfb.com\/fr\/goujons-pour-joints-de-structure\/geoconnect-ll\/\" \/>\n<meta property=\"og:locale\" content=\"fr_FR\" \/>\n<meta property=\"og:type\" content=\"article\" \/>\n<meta property=\"og:title\" content=\"Geoconnect LL\u00ae - Steel for Bricks\" \/>\n<meta property=\"og:description\" content=\"Les connecteurs structurels transmettent les forces de cisaillement \u00e0 travers les joints structurels entre les planchers, les dalles, les poutres ou les murs\" \/>\n<meta property=\"og:url\" content=\"https:\/\/www.steelfb.com\/fr\/goujons-pour-joints-de-structure\/geoconnect-ll\/\" \/>\n<meta property=\"og:site_name\" content=\"Steel for Bricks\" \/>\n<meta property=\"article:modified_time\" content=\"2022-07-27T15:06:48+00:00\" \/>\n<meta property=\"og:image\" content=\"https:\/\/www.steelfb.com\/wp-content\/uploads\/2021\/11\/geoconnect-destacada_2.jpg\" \/>\n\t<meta property=\"og:image:width\" content=\"700\" \/>\n\t<meta property=\"og:image:height\" content=\"224\" \/>\n\t<meta property=\"og:image:type\" content=\"image\/jpeg\" \/>\n<meta name=\"twitter:card\" content=\"summary_large_image\" \/>\n<meta name=\"twitter:label1\" content=\"Dur\u00e9e de lecture estim\u00e9e\" \/>\n\t<meta name=\"twitter:data1\" content=\"1 minute\" \/>\n<script type=\"application\/ld+json\" class=\"yoast-schema-graph\">{\"@context\":\"https:\\\/\\\/schema.org\",\"@graph\":[{\"@type\":\"WebPage\",\"@id\":\"https:\\\/\\\/www.steelfb.com\\\/fr\\\/goujons-pour-joints-de-structure\\\/geoconnect-ll\\\/\",\"url\":\"https:\\\/\\\/www.steelfb.com\\\/fr\\\/goujons-pour-joints-de-structure\\\/geoconnect-ll\\\/\",\"name\":\"Geoconnect LL\u00ae - Steel for Bricks\",\"isPartOf\":{\"@id\":\"https:\\\/\\\/www.steelfb.com\\\/fr\\\/#website\"},\"primaryImageOfPage\":{\"@id\":\"https:\\\/\\\/www.steelfb.com\\\/fr\\\/goujons-pour-joints-de-structure\\\/geoconnect-ll\\\/#primaryimage\"},\"image\":{\"@id\":\"https:\\\/\\\/www.steelfb.com\\\/fr\\\/goujons-pour-joints-de-structure\\\/geoconnect-ll\\\/#primaryimage\"},\"thumbnailUrl\":\"https:\\\/\\\/www.steelfb.com\\\/wp-content\\\/uploads\\\/2021\\\/11\\\/geoconnect-destacada_2.jpg\",\"datePublished\":\"2021-11-09T11:08:15+00:00\",\"dateModified\":\"2022-07-27T15:06:48+00:00\",\"description\":\"Les connecteurs structurels transmettent les forces de cisaillement \u00e0 travers les joints structurels entre les planchers, les dalles, les poutres ou les murs\",\"breadcrumb\":{\"@id\":\"https:\\\/\\\/www.steelfb.com\\\/fr\\\/goujons-pour-joints-de-structure\\\/geoconnect-ll\\\/#breadcrumb\"},\"inLanguage\":\"fr-FR\",\"potentialAction\":[{\"@type\":\"ReadAction\",\"target\":[\"https:\\\/\\\/www.steelfb.com\\\/fr\\\/goujons-pour-joints-de-structure\\\/geoconnect-ll\\\/\"]}]},{\"@type\":\"ImageObject\",\"inLanguage\":\"fr-FR\",\"@id\":\"https:\\\/\\\/www.steelfb.com\\\/fr\\\/goujons-pour-joints-de-structure\\\/geoconnect-ll\\\/#primaryimage\",\"url\":\"https:\\\/\\\/www.steelfb.com\\\/wp-content\\\/uploads\\\/2021\\\/11\\\/geoconnect-destacada_2.jpg\",\"contentUrl\":\"https:\\\/\\\/www.steelfb.com\\\/wp-content\\\/uploads\\\/2021\\\/11\\\/geoconnect-destacada_2.jpg\",\"width\":700,\"height\":224},{\"@type\":\"BreadcrumbList\",\"@id\":\"https:\\\/\\\/www.steelfb.com\\\/fr\\\/goujons-pour-joints-de-structure\\\/geoconnect-ll\\\/#breadcrumb\",\"itemListElement\":[{\"@type\":\"ListItem\",\"position\":1,\"name\":\"Home\",\"item\":\"https:\\\/\\\/www.steelfb.com\\\/fr\\\/\"},{\"@type\":\"ListItem\",\"position\":2,\"name\":\"Products\",\"item\":\"https:\\\/\\\/www.steelfb.com\\\/products-for-construction\\\/\"},{\"@type\":\"ListItem\",\"position\":3,\"name\":\"Geoconnect LL\u00ae\"}]},{\"@type\":\"WebSite\",\"@id\":\"https:\\\/\\\/www.steelfb.com\\\/fr\\\/#website\",\"url\":\"https:\\\/\\\/www.steelfb.com\\\/fr\\\/\",\"name\":\"Steel for Bricks\",\"description\":\"\",\"publisher\":{\"@id\":\"https:\\\/\\\/www.steelfb.com\\\/fr\\\/#organization\"},\"potentialAction\":[{\"@type\":\"SearchAction\",\"target\":{\"@type\":\"EntryPoint\",\"urlTemplate\":\"https:\\\/\\\/www.steelfb.com\\\/fr\\\/?s={search_term_string}\"},\"query-input\":{\"@type\":\"PropertyValueSpecification\",\"valueRequired\":true,\"valueName\":\"search_term_string\"}}],\"inLanguage\":\"fr-FR\"},{\"@type\":\"Organization\",\"@id\":\"https:\\\/\\\/www.steelfb.com\\\/fr\\\/#organization\",\"name\":\"STEEL FOR BRICKS\",\"url\":\"https:\\\/\\\/www.steelfb.com\\\/fr\\\/\",\"logo\":{\"@type\":\"ImageObject\",\"inLanguage\":\"fr-FR\",\"@id\":\"https:\\\/\\\/www.steelfb.com\\\/fr\\\/#\\\/schema\\\/logo\\\/image\\\/\",\"url\":\"https:\\\/\\\/www.steelfb.com\\\/wp-content\\\/uploads\\\/2022\\\/03\\\/cropped-favicon-logo-sfb.png\",\"contentUrl\":\"https:\\\/\\\/www.steelfb.com\\\/wp-content\\\/uploads\\\/2022\\\/03\\\/cropped-favicon-logo-sfb.png\",\"width\":512,\"height\":512,\"caption\":\"STEEL FOR BRICKS\"},\"image\":{\"@id\":\"https:\\\/\\\/www.steelfb.com\\\/fr\\\/#\\\/schema\\\/logo\\\/image\\\/\"}}]}<\/script>\n<!-- \/ Yoast SEO plugin. -->","yoast_head_json":{"title":"Geoconnect LL\u00ae - Steel for Bricks","description":"Les connecteurs structurels transmettent les forces de cisaillement \u00e0 travers les joints structurels entre les planchers, les dalles, les poutres ou les murs","robots":{"index":"index","follow":"follow","max-snippet":"max-snippet:-1","max-image-preview":"max-image-preview:large","max-video-preview":"max-video-preview:-1"},"canonical":"https:\/\/www.steelfb.com\/fr\/goujons-pour-joints-de-structure\/geoconnect-ll\/","og_locale":"fr_FR","og_type":"article","og_title":"Geoconnect LL\u00ae - Steel for Bricks","og_description":"Les connecteurs structurels transmettent les forces de cisaillement \u00e0 travers les joints structurels entre les planchers, les dalles, les poutres ou les murs","og_url":"https:\/\/www.steelfb.com\/fr\/goujons-pour-joints-de-structure\/geoconnect-ll\/","og_site_name":"Steel for Bricks","article_modified_time":"2022-07-27T15:06:48+00:00","og_image":[{"width":700,"height":224,"url":"https:\/\/www.steelfb.com\/wp-content\/uploads\/2021\/11\/geoconnect-destacada_2.jpg","type":"image\/jpeg"}],"twitter_card":"summary_large_image","twitter_misc":{"Dur\u00e9e de lecture estim\u00e9e":"1 minute"},"schema":{"@context":"https:\/\/schema.org","@graph":[{"@type":"WebPage","@id":"https:\/\/www.steelfb.com\/fr\/goujons-pour-joints-de-structure\/geoconnect-ll\/","url":"https:\/\/www.steelfb.com\/fr\/goujons-pour-joints-de-structure\/geoconnect-ll\/","name":"Geoconnect LL\u00ae - Steel for Bricks","isPartOf":{"@id":"https:\/\/www.steelfb.com\/fr\/#website"},"primaryImageOfPage":{"@id":"https:\/\/www.steelfb.com\/fr\/goujons-pour-joints-de-structure\/geoconnect-ll\/#primaryimage"},"image":{"@id":"https:\/\/www.steelfb.com\/fr\/goujons-pour-joints-de-structure\/geoconnect-ll\/#primaryimage"},"thumbnailUrl":"https:\/\/www.steelfb.com\/wp-content\/uploads\/2021\/11\/geoconnect-destacada_2.jpg","datePublished":"2021-11-09T11:08:15+00:00","dateModified":"2022-07-27T15:06:48+00:00","description":"Les connecteurs structurels transmettent les forces de cisaillement \u00e0 travers les joints structurels entre les planchers, les dalles, les poutres ou les murs","breadcrumb":{"@id":"https:\/\/www.steelfb.com\/fr\/goujons-pour-joints-de-structure\/geoconnect-ll\/#breadcrumb"},"inLanguage":"fr-FR","potentialAction":[{"@type":"ReadAction","target":["https:\/\/www.steelfb.com\/fr\/goujons-pour-joints-de-structure\/geoconnect-ll\/"]}]},{"@type":"ImageObject","inLanguage":"fr-FR","@id":"https:\/\/www.steelfb.com\/fr\/goujons-pour-joints-de-structure\/geoconnect-ll\/#primaryimage","url":"https:\/\/www.steelfb.com\/wp-content\/uploads\/2021\/11\/geoconnect-destacada_2.jpg","contentUrl":"https:\/\/www.steelfb.com\/wp-content\/uploads\/2021\/11\/geoconnect-destacada_2.jpg","width":700,"height":224},{"@type":"BreadcrumbList","@id":"https:\/\/www.steelfb.com\/fr\/goujons-pour-joints-de-structure\/geoconnect-ll\/#breadcrumb","itemListElement":[{"@type":"ListItem","position":1,"name":"Home","item":"https:\/\/www.steelfb.com\/fr\/"},{"@type":"ListItem","position":2,"name":"Products","item":"https:\/\/www.steelfb.com\/products-for-construction\/"},{"@type":"ListItem","position":3,"name":"Geoconnect LL\u00ae"}]},{"@type":"WebSite","@id":"https:\/\/www.steelfb.com\/fr\/#website","url":"https:\/\/www.steelfb.com\/fr\/","name":"Steel for Bricks","description":"","publisher":{"@id":"https:\/\/www.steelfb.com\/fr\/#organization"},"potentialAction":[{"@type":"SearchAction","target":{"@type":"EntryPoint","urlTemplate":"https:\/\/www.steelfb.com\/fr\/?s={search_term_string}"},"query-input":{"@type":"PropertyValueSpecification","valueRequired":true,"valueName":"search_term_string"}}],"inLanguage":"fr-FR"},{"@type":"Organization","@id":"https:\/\/www.steelfb.com\/fr\/#organization","name":"STEEL FOR BRICKS","url":"https:\/\/www.steelfb.com\/fr\/","logo":{"@type":"ImageObject","inLanguage":"fr-FR","@id":"https:\/\/www.steelfb.com\/fr\/#\/schema\/logo\/image\/","url":"https:\/\/www.steelfb.com\/wp-content\/uploads\/2022\/03\/cropped-favicon-logo-sfb.png","contentUrl":"https:\/\/www.steelfb.com\/wp-content\/uploads\/2022\/03\/cropped-favicon-logo-sfb.png","width":512,"height":512,"caption":"STEEL FOR BRICKS"},"image":{"@id":"https:\/\/www.steelfb.com\/fr\/#\/schema\/logo\/image\/"}}]}},"_links":{"self":[{"href":"https:\/\/www.steelfb.com\/fr\/wp-json\/wp\/v2\/product\/2738","targetHints":{"allow":["GET"]}}],"collection":[{"href":"https:\/\/www.steelfb.com\/fr\/wp-json\/wp\/v2\/product"}],"about":[{"href":"https:\/\/www.steelfb.com\/fr\/wp-json\/wp\/v2\/types\/product"}],"author":[{"embeddable":true,"href":"https:\/\/www.steelfb.com\/fr\/wp-json\/wp\/v2\/users\/2"}],"replies":[{"embeddable":true,"href":"https:\/\/www.steelfb.com\/fr\/wp-json\/wp\/v2\/comments?post=2738"}],"version-history":[{"count":8,"href":"https:\/\/www.steelfb.com\/fr\/wp-json\/wp\/v2\/product\/2738\/revisions"}],"predecessor-version":[{"id":3780,"href":"https:\/\/www.steelfb.com\/fr\/wp-json\/wp\/v2\/product\/2738\/revisions\/3780"}],"wp:featuredmedia":[{"embeddable":true,"href":"https:\/\/www.steelfb.com\/fr\/wp-json\/wp\/v2\/media\/363"}],"wp:attachment":[{"href":"https:\/\/www.steelfb.com\/fr\/wp-json\/wp\/v2\/media?parent=2738"}],"wp:term":[{"taxonomy":"product_type","embeddable":true,"href":"https:\/\/www.steelfb.com\/fr\/wp-json\/wp\/v2\/product_type?post=2738"}],"curies":[{"name":"wp","href":"https:\/\/api.w.org\/{rel}","templated":true}]}}