{"id":2735,"date":"2021-11-09T12:06:51","date_gmt":"2021-11-09T11:06:51","guid":{"rendered":"https:\/\/www.steelfb.com\/?post_type=product&#038;p=2735"},"modified":"2022-07-20T16:24:48","modified_gmt":"2022-07-20T14:24:48","slug":"geopost","status":"publish","type":"product","link":"https:\/\/www.steelfb.com\/fr\/ancrages-pour-maconneries\/geopost\/","title":{"rendered":"Geopost\u00ae"},"content":{"rendered":"\n<p class=\"has-medium-font-size\">Poteau structurel fabriqu\u00e9 en t\u00f4le d\u2019acier galvanis\u00e9.<\/p>\n","protected":false},"excerpt":{"rendered":"<p>Poteau structurel fabriqu\u00e9 en t\u00f4le d\u2019acier galvanis\u00e9. [&#8230;]<\/p>\n<p><a class=\"understrap-read-more-link\" href=\"https:\/\/www.steelfb.com\/fr\/ancrages-pour-maconneries\/geopost\/\">Continuez \u00e0 lire<\/a><\/p>\n","protected":false},"author":2,"featured_media":794,"menu_order":53,"comment_status":"closed","ping_status":"open","template":"","meta":{"_acf_changed":false,"inline_featured_image":false,"footnotes":""},"product_type":[65,52],"class_list":["post-2735","product","type-product","status-publish","has-post-thumbnail","hentry","product_type-armature-prefabriquee","product_type-ancrages-pour-maconneries"],"acf":[],"yoast_head":"<!-- This site is optimized with the Yoast SEO plugin v27.4 - https:\/\/yoast.com\/product\/yoast-seo-wordpress\/ -->\n<title>Geopost\u00ae - Steel for Bricks<\/title>\n<meta name=\"description\" content=\"Geopost\u00ae Poteau structurel mont\u00e9 entre les planchers pour absorber les forces horizontales exerc\u00e9es sur la fa\u00e7ade.\" \/>\n<meta name=\"robots\" content=\"index, follow, max-snippet:-1, max-image-preview:large, max-video-preview:-1\" \/>\n<link rel=\"canonical\" href=\"https:\/\/www.steelfb.com\/fr\/ancrages-pour-maconneries\/geopost\/\" \/>\n<meta property=\"og:locale\" content=\"fr_FR\" \/>\n<meta property=\"og:type\" content=\"article\" \/>\n<meta property=\"og:title\" content=\"Geopost\u00ae - Steel for Bricks\" \/>\n<meta property=\"og:description\" content=\"Geopost\u00ae Poteau structurel mont\u00e9 entre les planchers pour absorber les forces horizontales exerc\u00e9es sur la fa\u00e7ade.\" \/>\n<meta property=\"og:url\" content=\"https:\/\/www.steelfb.com\/fr\/ancrages-pour-maconneries\/geopost\/\" \/>\n<meta property=\"og:site_name\" content=\"Steel for Bricks\" \/>\n<meta property=\"article:modified_time\" content=\"2022-07-20T14:24:48+00:00\" \/>\n<meta property=\"og:image\" content=\"https:\/\/www.steelfb.com\/wp-content\/uploads\/2021\/11\/GEOPOST2_600.png\" \/>\n\t<meta property=\"og:image:width\" content=\"280\" \/>\n\t<meta property=\"og:image:height\" content=\"600\" \/>\n\t<meta property=\"og:image:type\" content=\"image\/png\" \/>\n<meta name=\"twitter:card\" content=\"summary_large_image\" \/>\n<meta name=\"twitter:label1\" content=\"Dur\u00e9e de lecture estim\u00e9e\" \/>\n\t<meta name=\"twitter:data1\" content=\"1 minute\" \/>\n<script type=\"application\/ld+json\" class=\"yoast-schema-graph\">{\"@context\":\"https:\\\/\\\/schema.org\",\"@graph\":[{\"@type\":\"WebPage\",\"@id\":\"https:\\\/\\\/www.steelfb.com\\\/fr\\\/ancrages-pour-maconneries\\\/geopost\\\/\",\"url\":\"https:\\\/\\\/www.steelfb.com\\\/fr\\\/ancrages-pour-maconneries\\\/geopost\\\/\",\"name\":\"Geopost\u00ae - Steel for Bricks\",\"isPartOf\":{\"@id\":\"https:\\\/\\\/www.steelfb.com\\\/fr\\\/#website\"},\"primaryImageOfPage\":{\"@id\":\"https:\\\/\\\/www.steelfb.com\\\/fr\\\/ancrages-pour-maconneries\\\/geopost\\\/#primaryimage\"},\"image\":{\"@id\":\"https:\\\/\\\/www.steelfb.com\\\/fr\\\/ancrages-pour-maconneries\\\/geopost\\\/#primaryimage\"},\"thumbnailUrl\":\"https:\\\/\\\/www.steelfb.com\\\/wp-content\\\/uploads\\\/2021\\\/11\\\/GEOPOST2_600.png\",\"datePublished\":\"2021-11-09T11:06:51+00:00\",\"dateModified\":\"2022-07-20T14:24:48+00:00\",\"description\":\"Geopost\u00ae Poteau structurel mont\u00e9 entre les planchers pour absorber les forces horizontales exerc\u00e9es sur la fa\u00e7ade.\",\"breadcrumb\":{\"@id\":\"https:\\\/\\\/www.steelfb.com\\\/fr\\\/ancrages-pour-maconneries\\\/geopost\\\/#breadcrumb\"},\"inLanguage\":\"fr-FR\",\"potentialAction\":[{\"@type\":\"ReadAction\",\"target\":[\"https:\\\/\\\/www.steelfb.com\\\/fr\\\/ancrages-pour-maconneries\\\/geopost\\\/\"]}]},{\"@type\":\"ImageObject\",\"inLanguage\":\"fr-FR\",\"@id\":\"https:\\\/\\\/www.steelfb.com\\\/fr\\\/ancrages-pour-maconneries\\\/geopost\\\/#primaryimage\",\"url\":\"https:\\\/\\\/www.steelfb.com\\\/wp-content\\\/uploads\\\/2021\\\/11\\\/GEOPOST2_600.png\",\"contentUrl\":\"https:\\\/\\\/www.steelfb.com\\\/wp-content\\\/uploads\\\/2021\\\/11\\\/GEOPOST2_600.png\",\"width\":280,\"height\":600},{\"@type\":\"BreadcrumbList\",\"@id\":\"https:\\\/\\\/www.steelfb.com\\\/fr\\\/ancrages-pour-maconneries\\\/geopost\\\/#breadcrumb\",\"itemListElement\":[{\"@type\":\"ListItem\",\"position\":1,\"name\":\"Home\",\"item\":\"https:\\\/\\\/www.steelfb.com\\\/fr\\\/\"},{\"@type\":\"ListItem\",\"position\":2,\"name\":\"Products\",\"item\":\"https:\\\/\\\/www.steelfb.com\\\/products-for-construction\\\/\"},{\"@type\":\"ListItem\",\"position\":3,\"name\":\"Geopost\u00ae\"}]},{\"@type\":\"WebSite\",\"@id\":\"https:\\\/\\\/www.steelfb.com\\\/fr\\\/#website\",\"url\":\"https:\\\/\\\/www.steelfb.com\\\/fr\\\/\",\"name\":\"Steel for Bricks\",\"description\":\"\",\"publisher\":{\"@id\":\"https:\\\/\\\/www.steelfb.com\\\/fr\\\/#organization\"},\"potentialAction\":[{\"@type\":\"SearchAction\",\"target\":{\"@type\":\"EntryPoint\",\"urlTemplate\":\"https:\\\/\\\/www.steelfb.com\\\/fr\\\/?s={search_term_string}\"},\"query-input\":{\"@type\":\"PropertyValueSpecification\",\"valueRequired\":true,\"valueName\":\"search_term_string\"}}],\"inLanguage\":\"fr-FR\"},{\"@type\":\"Organization\",\"@id\":\"https:\\\/\\\/www.steelfb.com\\\/fr\\\/#organization\",\"name\":\"STEEL FOR BRICKS\",\"url\":\"https:\\\/\\\/www.steelfb.com\\\/fr\\\/\",\"logo\":{\"@type\":\"ImageObject\",\"inLanguage\":\"fr-FR\",\"@id\":\"https:\\\/\\\/www.steelfb.com\\\/fr\\\/#\\\/schema\\\/logo\\\/image\\\/\",\"url\":\"https:\\\/\\\/www.steelfb.com\\\/wp-content\\\/uploads\\\/2022\\\/03\\\/cropped-favicon-logo-sfb.png\",\"contentUrl\":\"https:\\\/\\\/www.steelfb.com\\\/wp-content\\\/uploads\\\/2022\\\/03\\\/cropped-favicon-logo-sfb.png\",\"width\":512,\"height\":512,\"caption\":\"STEEL FOR BRICKS\"},\"image\":{\"@id\":\"https:\\\/\\\/www.steelfb.com\\\/fr\\\/#\\\/schema\\\/logo\\\/image\\\/\"}}]}<\/script>\n<!-- \/ Yoast SEO plugin. -->","yoast_head_json":{"title":"Geopost\u00ae - Steel for Bricks","description":"Geopost\u00ae Poteau structurel mont\u00e9 entre les planchers pour absorber les forces horizontales exerc\u00e9es sur la fa\u00e7ade.","robots":{"index":"index","follow":"follow","max-snippet":"max-snippet:-1","max-image-preview":"max-image-preview:large","max-video-preview":"max-video-preview:-1"},"canonical":"https:\/\/www.steelfb.com\/fr\/ancrages-pour-maconneries\/geopost\/","og_locale":"fr_FR","og_type":"article","og_title":"Geopost\u00ae - Steel for Bricks","og_description":"Geopost\u00ae Poteau structurel mont\u00e9 entre les planchers pour absorber les forces horizontales exerc\u00e9es sur la fa\u00e7ade.","og_url":"https:\/\/www.steelfb.com\/fr\/ancrages-pour-maconneries\/geopost\/","og_site_name":"Steel for Bricks","article_modified_time":"2022-07-20T14:24:48+00:00","og_image":[{"width":280,"height":600,"url":"https:\/\/www.steelfb.com\/wp-content\/uploads\/2021\/11\/GEOPOST2_600.png","type":"image\/png"}],"twitter_card":"summary_large_image","twitter_misc":{"Dur\u00e9e de lecture estim\u00e9e":"1 minute"},"schema":{"@context":"https:\/\/schema.org","@graph":[{"@type":"WebPage","@id":"https:\/\/www.steelfb.com\/fr\/ancrages-pour-maconneries\/geopost\/","url":"https:\/\/www.steelfb.com\/fr\/ancrages-pour-maconneries\/geopost\/","name":"Geopost\u00ae - Steel for Bricks","isPartOf":{"@id":"https:\/\/www.steelfb.com\/fr\/#website"},"primaryImageOfPage":{"@id":"https:\/\/www.steelfb.com\/fr\/ancrages-pour-maconneries\/geopost\/#primaryimage"},"image":{"@id":"https:\/\/www.steelfb.com\/fr\/ancrages-pour-maconneries\/geopost\/#primaryimage"},"thumbnailUrl":"https:\/\/www.steelfb.com\/wp-content\/uploads\/2021\/11\/GEOPOST2_600.png","datePublished":"2021-11-09T11:06:51+00:00","dateModified":"2022-07-20T14:24:48+00:00","description":"Geopost\u00ae Poteau structurel mont\u00e9 entre les planchers pour absorber les forces horizontales exerc\u00e9es sur la fa\u00e7ade.","breadcrumb":{"@id":"https:\/\/www.steelfb.com\/fr\/ancrages-pour-maconneries\/geopost\/#breadcrumb"},"inLanguage":"fr-FR","potentialAction":[{"@type":"ReadAction","target":["https:\/\/www.steelfb.com\/fr\/ancrages-pour-maconneries\/geopost\/"]}]},{"@type":"ImageObject","inLanguage":"fr-FR","@id":"https:\/\/www.steelfb.com\/fr\/ancrages-pour-maconneries\/geopost\/#primaryimage","url":"https:\/\/www.steelfb.com\/wp-content\/uploads\/2021\/11\/GEOPOST2_600.png","contentUrl":"https:\/\/www.steelfb.com\/wp-content\/uploads\/2021\/11\/GEOPOST2_600.png","width":280,"height":600},{"@type":"BreadcrumbList","@id":"https:\/\/www.steelfb.com\/fr\/ancrages-pour-maconneries\/geopost\/#breadcrumb","itemListElement":[{"@type":"ListItem","position":1,"name":"Home","item":"https:\/\/www.steelfb.com\/fr\/"},{"@type":"ListItem","position":2,"name":"Products","item":"https:\/\/www.steelfb.com\/products-for-construction\/"},{"@type":"ListItem","position":3,"name":"Geopost\u00ae"}]},{"@type":"WebSite","@id":"https:\/\/www.steelfb.com\/fr\/#website","url":"https:\/\/www.steelfb.com\/fr\/","name":"Steel for Bricks","description":"","publisher":{"@id":"https:\/\/www.steelfb.com\/fr\/#organization"},"potentialAction":[{"@type":"SearchAction","target":{"@type":"EntryPoint","urlTemplate":"https:\/\/www.steelfb.com\/fr\/?s={search_term_string}"},"query-input":{"@type":"PropertyValueSpecification","valueRequired":true,"valueName":"search_term_string"}}],"inLanguage":"fr-FR"},{"@type":"Organization","@id":"https:\/\/www.steelfb.com\/fr\/#organization","name":"STEEL FOR BRICKS","url":"https:\/\/www.steelfb.com\/fr\/","logo":{"@type":"ImageObject","inLanguage":"fr-FR","@id":"https:\/\/www.steelfb.com\/fr\/#\/schema\/logo\/image\/","url":"https:\/\/www.steelfb.com\/wp-content\/uploads\/2022\/03\/cropped-favicon-logo-sfb.png","contentUrl":"https:\/\/www.steelfb.com\/wp-content\/uploads\/2022\/03\/cropped-favicon-logo-sfb.png","width":512,"height":512,"caption":"STEEL FOR BRICKS"},"image":{"@id":"https:\/\/www.steelfb.com\/fr\/#\/schema\/logo\/image\/"}}]}},"_links":{"self":[{"href":"https:\/\/www.steelfb.com\/fr\/wp-json\/wp\/v2\/product\/2735","targetHints":{"allow":["GET"]}}],"collection":[{"href":"https:\/\/www.steelfb.com\/fr\/wp-json\/wp\/v2\/product"}],"about":[{"href":"https:\/\/www.steelfb.com\/fr\/wp-json\/wp\/v2\/types\/product"}],"author":[{"embeddable":true,"href":"https:\/\/www.steelfb.com\/fr\/wp-json\/wp\/v2\/users\/2"}],"replies":[{"embeddable":true,"href":"https:\/\/www.steelfb.com\/fr\/wp-json\/wp\/v2\/comments?post=2735"}],"version-history":[{"count":4,"href":"https:\/\/www.steelfb.com\/fr\/wp-json\/wp\/v2\/product\/2735\/revisions"}],"predecessor-version":[{"id":2999,"href":"https:\/\/www.steelfb.com\/fr\/wp-json\/wp\/v2\/product\/2735\/revisions\/2999"}],"wp:featuredmedia":[{"embeddable":true,"href":"https:\/\/www.steelfb.com\/fr\/wp-json\/wp\/v2\/media\/794"}],"wp:attachment":[{"href":"https:\/\/www.steelfb.com\/fr\/wp-json\/wp\/v2\/media?parent=2735"}],"wp:term":[{"taxonomy":"product_type","embeddable":true,"href":"https:\/\/www.steelfb.com\/fr\/wp-json\/wp\/v2\/product_type?post=2735"}],"curies":[{"name":"wp","href":"https:\/\/api.w.org\/{rel}","templated":true}]}}