{"id":2716,"date":"2021-11-09T12:07:54","date_gmt":"2021-11-09T11:07:54","guid":{"rendered":"https:\/\/www.steelfb.com\/?post_type=product&#038;p=2716"},"modified":"2022-07-20T16:13:51","modified_gmt":"2022-07-20T14:13:51","slug":"fisuanc-f","status":"publish","type":"product","link":"https:\/\/www.steelfb.com\/fr\/armature-prefabriquee\/fisuanc-f\/","title":{"rendered":"Fisuanc\u00ae F"},"content":{"rendered":"\n<p class=\"has-medium-font-size\">Il s\u2019agit d\u2019\u00e9l\u00e9ments m\u00e9talliques en acier inoxydable dont la fonction est la fixation ou le sout\u00e8nement de la ma\u00e7onnerie aux \u00e9l\u00e9ments structuraux qui offrent une libert\u00e9 de mouvement dans les deux directions contenues dans le plan du mur.<\/p>\n","protected":false},"excerpt":{"rendered":"<p>Il s\u2019agit d\u2019\u00e9l\u00e9ments m\u00e9talliques en acier inoxydable dont la fonction est la fixation ou le sout\u00e8nement de la ma\u00e7onnerie aux \u00e9l\u00e9ments structuraux qui offrent une [&#8230;]<\/p>\n<p><a class=\"understrap-read-more-link\" href=\"https:\/\/www.steelfb.com\/fr\/armature-prefabriquee\/fisuanc-f\/\">Continuez \u00e0 lire<\/a><\/p>\n","protected":false},"author":2,"featured_media":1122,"menu_order":31,"comment_status":"closed","ping_status":"open","template":"","meta":{"_acf_changed":false,"inline_featured_image":false,"footnotes":""},"product_type":[65],"class_list":["post-2716","product","type-product","status-publish","has-post-thumbnail","hentry","product_type-armature-prefabriquee"],"acf":[],"yoast_head":"<!-- This site is optimized with the Yoast SEO plugin v27.4 - https:\/\/yoast.com\/product\/yoast-seo-wordpress\/ -->\n<title>Fisuanc - Steel for Bricks<\/title>\n<meta name=\"description\" content=\"Fisuanc\u00ae F Attaches m\u00e9talliques qui laissent une libert\u00e9 de mouvement selon les deux axes contenus dans le plan du mur.\" \/>\n<meta name=\"robots\" content=\"index, follow, max-snippet:-1, max-image-preview:large, max-video-preview:-1\" \/>\n<link rel=\"canonical\" href=\"https:\/\/www.steelfb.com\/fr\/armature-prefabriquee\/fisuanc-f\/\" \/>\n<meta property=\"og:locale\" content=\"fr_FR\" \/>\n<meta property=\"og:type\" content=\"article\" \/>\n<meta property=\"og:title\" content=\"Fisuanc - Steel for Bricks\" \/>\n<meta property=\"og:description\" content=\"Fisuanc\u00ae F Attaches m\u00e9talliques qui laissent une libert\u00e9 de mouvement selon les deux axes contenus dans le plan du mur.\" \/>\n<meta property=\"og:url\" content=\"https:\/\/www.steelfb.com\/fr\/armature-prefabriquee\/fisuanc-f\/\" \/>\n<meta property=\"og:site_name\" content=\"Steel for Bricks\" \/>\n<meta property=\"article:modified_time\" content=\"2022-07-20T14:13:51+00:00\" \/>\n<meta property=\"og:image\" content=\"https:\/\/www.steelfb.com\/wp-content\/uploads\/2021\/12\/Fisuanc-F_anclaje_ancrage_anchor_STEEL-FOR-BRICKS.jpg\" \/>\n\t<meta property=\"og:image:width\" content=\"249\" \/>\n\t<meta property=\"og:image:height\" content=\"196\" \/>\n\t<meta property=\"og:image:type\" content=\"image\/jpeg\" \/>\n<meta name=\"twitter:card\" content=\"summary_large_image\" \/>\n<meta name=\"twitter:label1\" content=\"Dur\u00e9e de lecture estim\u00e9e\" \/>\n\t<meta name=\"twitter:data1\" content=\"1 minute\" \/>\n<script type=\"application\/ld+json\" class=\"yoast-schema-graph\">{\"@context\":\"https:\\\/\\\/schema.org\",\"@graph\":[{\"@type\":\"WebPage\",\"@id\":\"https:\\\/\\\/www.steelfb.com\\\/fr\\\/armature-prefabriquee\\\/fisuanc-f\\\/\",\"url\":\"https:\\\/\\\/www.steelfb.com\\\/fr\\\/armature-prefabriquee\\\/fisuanc-f\\\/\",\"name\":\"Fisuanc - Steel for Bricks\",\"isPartOf\":{\"@id\":\"https:\\\/\\\/www.steelfb.com\\\/fr\\\/#website\"},\"primaryImageOfPage\":{\"@id\":\"https:\\\/\\\/www.steelfb.com\\\/fr\\\/armature-prefabriquee\\\/fisuanc-f\\\/#primaryimage\"},\"image\":{\"@id\":\"https:\\\/\\\/www.steelfb.com\\\/fr\\\/armature-prefabriquee\\\/fisuanc-f\\\/#primaryimage\"},\"thumbnailUrl\":\"https:\\\/\\\/www.steelfb.com\\\/wp-content\\\/uploads\\\/2021\\\/12\\\/Fisuanc-F_anclaje_ancrage_anchor_STEEL-FOR-BRICKS.jpg\",\"datePublished\":\"2021-11-09T11:07:54+00:00\",\"dateModified\":\"2022-07-20T14:13:51+00:00\",\"description\":\"Fisuanc\u00ae F Attaches m\u00e9talliques qui laissent une libert\u00e9 de mouvement selon les deux axes contenus dans le plan du mur.\",\"breadcrumb\":{\"@id\":\"https:\\\/\\\/www.steelfb.com\\\/fr\\\/armature-prefabriquee\\\/fisuanc-f\\\/#breadcrumb\"},\"inLanguage\":\"fr-FR\",\"potentialAction\":[{\"@type\":\"ReadAction\",\"target\":[\"https:\\\/\\\/www.steelfb.com\\\/fr\\\/armature-prefabriquee\\\/fisuanc-f\\\/\"]}]},{\"@type\":\"ImageObject\",\"inLanguage\":\"fr-FR\",\"@id\":\"https:\\\/\\\/www.steelfb.com\\\/fr\\\/armature-prefabriquee\\\/fisuanc-f\\\/#primaryimage\",\"url\":\"https:\\\/\\\/www.steelfb.com\\\/wp-content\\\/uploads\\\/2021\\\/12\\\/Fisuanc-F_anclaje_ancrage_anchor_STEEL-FOR-BRICKS.jpg\",\"contentUrl\":\"https:\\\/\\\/www.steelfb.com\\\/wp-content\\\/uploads\\\/2021\\\/12\\\/Fisuanc-F_anclaje_ancrage_anchor_STEEL-FOR-BRICKS.jpg\",\"width\":249,\"height\":196},{\"@type\":\"BreadcrumbList\",\"@id\":\"https:\\\/\\\/www.steelfb.com\\\/fr\\\/armature-prefabriquee\\\/fisuanc-f\\\/#breadcrumb\",\"itemListElement\":[{\"@type\":\"ListItem\",\"position\":1,\"name\":\"Home\",\"item\":\"https:\\\/\\\/www.steelfb.com\\\/fr\\\/\"},{\"@type\":\"ListItem\",\"position\":2,\"name\":\"Products\",\"item\":\"https:\\\/\\\/www.steelfb.com\\\/products-for-construction\\\/\"},{\"@type\":\"ListItem\",\"position\":3,\"name\":\"Fisuanc\u00ae F\"}]},{\"@type\":\"WebSite\",\"@id\":\"https:\\\/\\\/www.steelfb.com\\\/fr\\\/#website\",\"url\":\"https:\\\/\\\/www.steelfb.com\\\/fr\\\/\",\"name\":\"Steel for Bricks\",\"description\":\"\",\"publisher\":{\"@id\":\"https:\\\/\\\/www.steelfb.com\\\/fr\\\/#organization\"},\"potentialAction\":[{\"@type\":\"SearchAction\",\"target\":{\"@type\":\"EntryPoint\",\"urlTemplate\":\"https:\\\/\\\/www.steelfb.com\\\/fr\\\/?s={search_term_string}\"},\"query-input\":{\"@type\":\"PropertyValueSpecification\",\"valueRequired\":true,\"valueName\":\"search_term_string\"}}],\"inLanguage\":\"fr-FR\"},{\"@type\":\"Organization\",\"@id\":\"https:\\\/\\\/www.steelfb.com\\\/fr\\\/#organization\",\"name\":\"STEEL FOR BRICKS\",\"url\":\"https:\\\/\\\/www.steelfb.com\\\/fr\\\/\",\"logo\":{\"@type\":\"ImageObject\",\"inLanguage\":\"fr-FR\",\"@id\":\"https:\\\/\\\/www.steelfb.com\\\/fr\\\/#\\\/schema\\\/logo\\\/image\\\/\",\"url\":\"https:\\\/\\\/www.steelfb.com\\\/wp-content\\\/uploads\\\/2022\\\/03\\\/cropped-favicon-logo-sfb.png\",\"contentUrl\":\"https:\\\/\\\/www.steelfb.com\\\/wp-content\\\/uploads\\\/2022\\\/03\\\/cropped-favicon-logo-sfb.png\",\"width\":512,\"height\":512,\"caption\":\"STEEL FOR BRICKS\"},\"image\":{\"@id\":\"https:\\\/\\\/www.steelfb.com\\\/fr\\\/#\\\/schema\\\/logo\\\/image\\\/\"}}]}<\/script>\n<!-- \/ Yoast SEO plugin. -->","yoast_head_json":{"title":"Fisuanc - Steel for Bricks","description":"Fisuanc\u00ae F Attaches m\u00e9talliques qui laissent une libert\u00e9 de mouvement selon les deux axes contenus dans le plan du mur.","robots":{"index":"index","follow":"follow","max-snippet":"max-snippet:-1","max-image-preview":"max-image-preview:large","max-video-preview":"max-video-preview:-1"},"canonical":"https:\/\/www.steelfb.com\/fr\/armature-prefabriquee\/fisuanc-f\/","og_locale":"fr_FR","og_type":"article","og_title":"Fisuanc - Steel for Bricks","og_description":"Fisuanc\u00ae F Attaches m\u00e9talliques qui laissent une libert\u00e9 de mouvement selon les deux axes contenus dans le plan du mur.","og_url":"https:\/\/www.steelfb.com\/fr\/armature-prefabriquee\/fisuanc-f\/","og_site_name":"Steel for Bricks","article_modified_time":"2022-07-20T14:13:51+00:00","og_image":[{"width":249,"height":196,"url":"https:\/\/www.steelfb.com\/wp-content\/uploads\/2021\/12\/Fisuanc-F_anclaje_ancrage_anchor_STEEL-FOR-BRICKS.jpg","type":"image\/jpeg"}],"twitter_card":"summary_large_image","twitter_misc":{"Dur\u00e9e de lecture estim\u00e9e":"1 minute"},"schema":{"@context":"https:\/\/schema.org","@graph":[{"@type":"WebPage","@id":"https:\/\/www.steelfb.com\/fr\/armature-prefabriquee\/fisuanc-f\/","url":"https:\/\/www.steelfb.com\/fr\/armature-prefabriquee\/fisuanc-f\/","name":"Fisuanc - Steel for Bricks","isPartOf":{"@id":"https:\/\/www.steelfb.com\/fr\/#website"},"primaryImageOfPage":{"@id":"https:\/\/www.steelfb.com\/fr\/armature-prefabriquee\/fisuanc-f\/#primaryimage"},"image":{"@id":"https:\/\/www.steelfb.com\/fr\/armature-prefabriquee\/fisuanc-f\/#primaryimage"},"thumbnailUrl":"https:\/\/www.steelfb.com\/wp-content\/uploads\/2021\/12\/Fisuanc-F_anclaje_ancrage_anchor_STEEL-FOR-BRICKS.jpg","datePublished":"2021-11-09T11:07:54+00:00","dateModified":"2022-07-20T14:13:51+00:00","description":"Fisuanc\u00ae F Attaches m\u00e9talliques qui laissent une libert\u00e9 de mouvement selon les deux axes contenus dans le plan du mur.","breadcrumb":{"@id":"https:\/\/www.steelfb.com\/fr\/armature-prefabriquee\/fisuanc-f\/#breadcrumb"},"inLanguage":"fr-FR","potentialAction":[{"@type":"ReadAction","target":["https:\/\/www.steelfb.com\/fr\/armature-prefabriquee\/fisuanc-f\/"]}]},{"@type":"ImageObject","inLanguage":"fr-FR","@id":"https:\/\/www.steelfb.com\/fr\/armature-prefabriquee\/fisuanc-f\/#primaryimage","url":"https:\/\/www.steelfb.com\/wp-content\/uploads\/2021\/12\/Fisuanc-F_anclaje_ancrage_anchor_STEEL-FOR-BRICKS.jpg","contentUrl":"https:\/\/www.steelfb.com\/wp-content\/uploads\/2021\/12\/Fisuanc-F_anclaje_ancrage_anchor_STEEL-FOR-BRICKS.jpg","width":249,"height":196},{"@type":"BreadcrumbList","@id":"https:\/\/www.steelfb.com\/fr\/armature-prefabriquee\/fisuanc-f\/#breadcrumb","itemListElement":[{"@type":"ListItem","position":1,"name":"Home","item":"https:\/\/www.steelfb.com\/fr\/"},{"@type":"ListItem","position":2,"name":"Products","item":"https:\/\/www.steelfb.com\/products-for-construction\/"},{"@type":"ListItem","position":3,"name":"Fisuanc\u00ae F"}]},{"@type":"WebSite","@id":"https:\/\/www.steelfb.com\/fr\/#website","url":"https:\/\/www.steelfb.com\/fr\/","name":"Steel for Bricks","description":"","publisher":{"@id":"https:\/\/www.steelfb.com\/fr\/#organization"},"potentialAction":[{"@type":"SearchAction","target":{"@type":"EntryPoint","urlTemplate":"https:\/\/www.steelfb.com\/fr\/?s={search_term_string}"},"query-input":{"@type":"PropertyValueSpecification","valueRequired":true,"valueName":"search_term_string"}}],"inLanguage":"fr-FR"},{"@type":"Organization","@id":"https:\/\/www.steelfb.com\/fr\/#organization","name":"STEEL FOR BRICKS","url":"https:\/\/www.steelfb.com\/fr\/","logo":{"@type":"ImageObject","inLanguage":"fr-FR","@id":"https:\/\/www.steelfb.com\/fr\/#\/schema\/logo\/image\/","url":"https:\/\/www.steelfb.com\/wp-content\/uploads\/2022\/03\/cropped-favicon-logo-sfb.png","contentUrl":"https:\/\/www.steelfb.com\/wp-content\/uploads\/2022\/03\/cropped-favicon-logo-sfb.png","width":512,"height":512,"caption":"STEEL FOR BRICKS"},"image":{"@id":"https:\/\/www.steelfb.com\/fr\/#\/schema\/logo\/image\/"}}]}},"_links":{"self":[{"href":"https:\/\/www.steelfb.com\/fr\/wp-json\/wp\/v2\/product\/2716","targetHints":{"allow":["GET"]}}],"collection":[{"href":"https:\/\/www.steelfb.com\/fr\/wp-json\/wp\/v2\/product"}],"about":[{"href":"https:\/\/www.steelfb.com\/fr\/wp-json\/wp\/v2\/types\/product"}],"author":[{"embeddable":true,"href":"https:\/\/www.steelfb.com\/fr\/wp-json\/wp\/v2\/users\/2"}],"replies":[{"embeddable":true,"href":"https:\/\/www.steelfb.com\/fr\/wp-json\/wp\/v2\/comments?post=2716"}],"version-history":[{"count":3,"href":"https:\/\/www.steelfb.com\/fr\/wp-json\/wp\/v2\/product\/2716\/revisions"}],"predecessor-version":[{"id":2719,"href":"https:\/\/www.steelfb.com\/fr\/wp-json\/wp\/v2\/product\/2716\/revisions\/2719"}],"wp:featuredmedia":[{"embeddable":true,"href":"https:\/\/www.steelfb.com\/fr\/wp-json\/wp\/v2\/media\/1122"}],"wp:attachment":[{"href":"https:\/\/www.steelfb.com\/fr\/wp-json\/wp\/v2\/media?parent=2716"}],"wp:term":[{"taxonomy":"product_type","embeddable":true,"href":"https:\/\/www.steelfb.com\/fr\/wp-json\/wp\/v2\/product_type?post=2716"}],"curies":[{"name":"wp","href":"https:\/\/api.w.org\/{rel}","templated":true}]}}