{"id":2697,"date":"2021-11-09T12:06:38","date_gmt":"2021-11-09T11:06:38","guid":{"rendered":"https:\/\/www.steelfb.com\/?post_type=product&#038;p=2697"},"modified":"2022-07-20T16:20:53","modified_gmt":"2022-07-20T14:20:53","slug":"fisufor-plug","status":"publish","type":"product","link":"https:\/\/www.steelfb.com\/fr\/armature-prefabriquee\/fisufor-plug\/","title":{"rendered":"Fisufor\u00ae Plug"},"content":{"rendered":"\n<p class=\"has-medium-font-size\">FISUFOR\u00ae PLUG est une armature pr\u00e9fabriqu\u00e9e pour ma\u00e7onnerie. Elle est form\u00e9e par deux fils d\u2019acier longitudinaux parall\u00e8les, unis par un fil d\u2019acier central. Le fil d\u2019acier central forme une structure \u00e0 treillis, soud\u00e9e dans le m\u00eame plan sur la face int\u00e9rieure des fils d\u2019acier longitudinaux, \u00e9vitant ainsi la superposition des fils longitudinaux et transversaux. Les extr\u00e9mit\u00e9s ont une g\u00e9om\u00e9trie qui permet de les raccorder sans manipulation.<\/p>\n","protected":false},"excerpt":{"rendered":"<p>FISUFOR\u00ae PLUG est une armature pr\u00e9fabriqu\u00e9e pour ma\u00e7onnerie. Elle est form\u00e9e par deux fils d\u2019acier longitudinaux parall\u00e8les, unis par un fil d\u2019acier central. Le fil [&#8230;]<\/p>\n<p><a class=\"understrap-read-more-link\" href=\"https:\/\/www.steelfb.com\/fr\/armature-prefabriquee\/fisufor-plug\/\">Continuez \u00e0 lire<\/a><\/p>\n","protected":false},"author":2,"featured_media":1170,"menu_order":15,"comment_status":"closed","ping_status":"open","template":"","meta":{"_acf_changed":false,"inline_featured_image":false,"footnotes":""},"product_type":[65],"class_list":["post-2697","product","type-product","status-publish","has-post-thumbnail","hentry","product_type-armature-prefabriquee"],"acf":[],"yoast_head":"<!-- This site is optimized with the Yoast SEO plugin v27.5 - https:\/\/yoast.com\/product\/yoast-seo-wordpress\/ -->\n<title>Fisufor Plug - Steel for Bricks<\/title>\n<meta name=\"description\" content=\"Fisufor\u00ae PLUG est une armature pr\u00e9fabriqu\u00e9e form\u00e9e de deux filants parall\u00e8les reli\u00e9s par un filant central.\" \/>\n<meta name=\"robots\" content=\"index, follow, max-snippet:-1, max-image-preview:large, max-video-preview:-1\" \/>\n<link rel=\"canonical\" href=\"https:\/\/www.steelfb.com\/fr\/armature-prefabriquee\/fisufor-plug\/\" \/>\n<meta property=\"og:locale\" content=\"fr_FR\" \/>\n<meta property=\"og:type\" content=\"article\" \/>\n<meta property=\"og:title\" content=\"Fisufor Plug - Steel for Bricks\" \/>\n<meta property=\"og:description\" content=\"Fisufor\u00ae PLUG est une armature pr\u00e9fabriqu\u00e9e form\u00e9e de deux filants parall\u00e8les reli\u00e9s par un filant central.\" \/>\n<meta property=\"og:url\" content=\"https:\/\/www.steelfb.com\/fr\/armature-prefabriquee\/fisufor-plug\/\" \/>\n<meta property=\"og:site_name\" content=\"Steel for Bricks\" \/>\n<meta property=\"article:modified_time\" content=\"2022-07-20T14:20:53+00:00\" \/>\n<meta property=\"og:image\" content=\"https:\/\/www.steelfb.com\/wp-content\/uploads\/2021\/11\/Fisufor-plug_masonry-reinforcement_armadura-de-tendel_armature-pour-maconnerie_STEEL-FOR-BRICKS.jpg\" \/>\n\t<meta property=\"og:image:width\" content=\"590\" \/>\n\t<meta property=\"og:image:height\" content=\"295\" \/>\n\t<meta property=\"og:image:type\" content=\"image\/jpeg\" \/>\n<meta name=\"twitter:card\" content=\"summary_large_image\" \/>\n<meta name=\"twitter:label1\" content=\"Dur\u00e9e de lecture estim\u00e9e\" \/>\n\t<meta name=\"twitter:data1\" content=\"1 minute\" \/>\n<script type=\"application\/ld+json\" class=\"yoast-schema-graph\">{\"@context\":\"https:\\\/\\\/schema.org\",\"@graph\":[{\"@type\":\"WebPage\",\"@id\":\"https:\\\/\\\/www.steelfb.com\\\/fr\\\/armature-prefabriquee\\\/fisufor-plug\\\/\",\"url\":\"https:\\\/\\\/www.steelfb.com\\\/fr\\\/armature-prefabriquee\\\/fisufor-plug\\\/\",\"name\":\"Fisufor Plug - Steel for Bricks\",\"isPartOf\":{\"@id\":\"https:\\\/\\\/www.steelfb.com\\\/fr\\\/#website\"},\"primaryImageOfPage\":{\"@id\":\"https:\\\/\\\/www.steelfb.com\\\/fr\\\/armature-prefabriquee\\\/fisufor-plug\\\/#primaryimage\"},\"image\":{\"@id\":\"https:\\\/\\\/www.steelfb.com\\\/fr\\\/armature-prefabriquee\\\/fisufor-plug\\\/#primaryimage\"},\"thumbnailUrl\":\"https:\\\/\\\/www.steelfb.com\\\/wp-content\\\/uploads\\\/2021\\\/11\\\/Fisufor-plug_masonry-reinforcement_armadura-de-tendel_armature-pour-maconnerie_STEEL-FOR-BRICKS.jpg\",\"datePublished\":\"2021-11-09T11:06:38+00:00\",\"dateModified\":\"2022-07-20T14:20:53+00:00\",\"description\":\"Fisufor\u00ae PLUG est une armature pr\u00e9fabriqu\u00e9e form\u00e9e de deux filants parall\u00e8les reli\u00e9s par un filant central.\",\"breadcrumb\":{\"@id\":\"https:\\\/\\\/www.steelfb.com\\\/fr\\\/armature-prefabriquee\\\/fisufor-plug\\\/#breadcrumb\"},\"inLanguage\":\"fr-FR\",\"potentialAction\":[{\"@type\":\"ReadAction\",\"target\":[\"https:\\\/\\\/www.steelfb.com\\\/fr\\\/armature-prefabriquee\\\/fisufor-plug\\\/\"]}]},{\"@type\":\"ImageObject\",\"inLanguage\":\"fr-FR\",\"@id\":\"https:\\\/\\\/www.steelfb.com\\\/fr\\\/armature-prefabriquee\\\/fisufor-plug\\\/#primaryimage\",\"url\":\"https:\\\/\\\/www.steelfb.com\\\/wp-content\\\/uploads\\\/2021\\\/11\\\/Fisufor-plug_masonry-reinforcement_armadura-de-tendel_armature-pour-maconnerie_STEEL-FOR-BRICKS.jpg\",\"contentUrl\":\"https:\\\/\\\/www.steelfb.com\\\/wp-content\\\/uploads\\\/2021\\\/11\\\/Fisufor-plug_masonry-reinforcement_armadura-de-tendel_armature-pour-maconnerie_STEEL-FOR-BRICKS.jpg\",\"width\":590,\"height\":295},{\"@type\":\"BreadcrumbList\",\"@id\":\"https:\\\/\\\/www.steelfb.com\\\/fr\\\/armature-prefabriquee\\\/fisufor-plug\\\/#breadcrumb\",\"itemListElement\":[{\"@type\":\"ListItem\",\"position\":1,\"name\":\"Home\",\"item\":\"https:\\\/\\\/www.steelfb.com\\\/fr\\\/\"},{\"@type\":\"ListItem\",\"position\":2,\"name\":\"Products\",\"item\":\"https:\\\/\\\/www.steelfb.com\\\/products-for-construction\\\/\"},{\"@type\":\"ListItem\",\"position\":3,\"name\":\"Fisufor\u00ae Plug\"}]},{\"@type\":\"WebSite\",\"@id\":\"https:\\\/\\\/www.steelfb.com\\\/fr\\\/#website\",\"url\":\"https:\\\/\\\/www.steelfb.com\\\/fr\\\/\",\"name\":\"Steel for Bricks\",\"description\":\"\",\"publisher\":{\"@id\":\"https:\\\/\\\/www.steelfb.com\\\/fr\\\/#organization\"},\"potentialAction\":[{\"@type\":\"SearchAction\",\"target\":{\"@type\":\"EntryPoint\",\"urlTemplate\":\"https:\\\/\\\/www.steelfb.com\\\/fr\\\/?s={search_term_string}\"},\"query-input\":{\"@type\":\"PropertyValueSpecification\",\"valueRequired\":true,\"valueName\":\"search_term_string\"}}],\"inLanguage\":\"fr-FR\"},{\"@type\":\"Organization\",\"@id\":\"https:\\\/\\\/www.steelfb.com\\\/fr\\\/#organization\",\"name\":\"STEEL FOR BRICKS\",\"url\":\"https:\\\/\\\/www.steelfb.com\\\/fr\\\/\",\"logo\":{\"@type\":\"ImageObject\",\"inLanguage\":\"fr-FR\",\"@id\":\"https:\\\/\\\/www.steelfb.com\\\/fr\\\/#\\\/schema\\\/logo\\\/image\\\/\",\"url\":\"https:\\\/\\\/www.steelfb.com\\\/wp-content\\\/uploads\\\/2022\\\/03\\\/cropped-favicon-logo-sfb.png\",\"contentUrl\":\"https:\\\/\\\/www.steelfb.com\\\/wp-content\\\/uploads\\\/2022\\\/03\\\/cropped-favicon-logo-sfb.png\",\"width\":512,\"height\":512,\"caption\":\"STEEL FOR BRICKS\"},\"image\":{\"@id\":\"https:\\\/\\\/www.steelfb.com\\\/fr\\\/#\\\/schema\\\/logo\\\/image\\\/\"}}]}<\/script>\n<!-- \/ Yoast SEO plugin. -->","yoast_head_json":{"title":"Fisufor Plug - Steel for Bricks","description":"Fisufor\u00ae PLUG est une armature pr\u00e9fabriqu\u00e9e form\u00e9e de deux filants parall\u00e8les reli\u00e9s par un filant central.","robots":{"index":"index","follow":"follow","max-snippet":"max-snippet:-1","max-image-preview":"max-image-preview:large","max-video-preview":"max-video-preview:-1"},"canonical":"https:\/\/www.steelfb.com\/fr\/armature-prefabriquee\/fisufor-plug\/","og_locale":"fr_FR","og_type":"article","og_title":"Fisufor Plug - Steel for Bricks","og_description":"Fisufor\u00ae PLUG est une armature pr\u00e9fabriqu\u00e9e form\u00e9e de deux filants parall\u00e8les reli\u00e9s par un filant central.","og_url":"https:\/\/www.steelfb.com\/fr\/armature-prefabriquee\/fisufor-plug\/","og_site_name":"Steel for Bricks","article_modified_time":"2022-07-20T14:20:53+00:00","og_image":[{"width":590,"height":295,"url":"https:\/\/www.steelfb.com\/wp-content\/uploads\/2021\/11\/Fisufor-plug_masonry-reinforcement_armadura-de-tendel_armature-pour-maconnerie_STEEL-FOR-BRICKS.jpg","type":"image\/jpeg"}],"twitter_card":"summary_large_image","twitter_misc":{"Dur\u00e9e de lecture estim\u00e9e":"1 minute"},"schema":{"@context":"https:\/\/schema.org","@graph":[{"@type":"WebPage","@id":"https:\/\/www.steelfb.com\/fr\/armature-prefabriquee\/fisufor-plug\/","url":"https:\/\/www.steelfb.com\/fr\/armature-prefabriquee\/fisufor-plug\/","name":"Fisufor Plug - Steel for Bricks","isPartOf":{"@id":"https:\/\/www.steelfb.com\/fr\/#website"},"primaryImageOfPage":{"@id":"https:\/\/www.steelfb.com\/fr\/armature-prefabriquee\/fisufor-plug\/#primaryimage"},"image":{"@id":"https:\/\/www.steelfb.com\/fr\/armature-prefabriquee\/fisufor-plug\/#primaryimage"},"thumbnailUrl":"https:\/\/www.steelfb.com\/wp-content\/uploads\/2021\/11\/Fisufor-plug_masonry-reinforcement_armadura-de-tendel_armature-pour-maconnerie_STEEL-FOR-BRICKS.jpg","datePublished":"2021-11-09T11:06:38+00:00","dateModified":"2022-07-20T14:20:53+00:00","description":"Fisufor\u00ae PLUG est une armature pr\u00e9fabriqu\u00e9e form\u00e9e de deux filants parall\u00e8les reli\u00e9s par un filant central.","breadcrumb":{"@id":"https:\/\/www.steelfb.com\/fr\/armature-prefabriquee\/fisufor-plug\/#breadcrumb"},"inLanguage":"fr-FR","potentialAction":[{"@type":"ReadAction","target":["https:\/\/www.steelfb.com\/fr\/armature-prefabriquee\/fisufor-plug\/"]}]},{"@type":"ImageObject","inLanguage":"fr-FR","@id":"https:\/\/www.steelfb.com\/fr\/armature-prefabriquee\/fisufor-plug\/#primaryimage","url":"https:\/\/www.steelfb.com\/wp-content\/uploads\/2021\/11\/Fisufor-plug_masonry-reinforcement_armadura-de-tendel_armature-pour-maconnerie_STEEL-FOR-BRICKS.jpg","contentUrl":"https:\/\/www.steelfb.com\/wp-content\/uploads\/2021\/11\/Fisufor-plug_masonry-reinforcement_armadura-de-tendel_armature-pour-maconnerie_STEEL-FOR-BRICKS.jpg","width":590,"height":295},{"@type":"BreadcrumbList","@id":"https:\/\/www.steelfb.com\/fr\/armature-prefabriquee\/fisufor-plug\/#breadcrumb","itemListElement":[{"@type":"ListItem","position":1,"name":"Home","item":"https:\/\/www.steelfb.com\/fr\/"},{"@type":"ListItem","position":2,"name":"Products","item":"https:\/\/www.steelfb.com\/products-for-construction\/"},{"@type":"ListItem","position":3,"name":"Fisufor\u00ae Plug"}]},{"@type":"WebSite","@id":"https:\/\/www.steelfb.com\/fr\/#website","url":"https:\/\/www.steelfb.com\/fr\/","name":"Steel for Bricks","description":"","publisher":{"@id":"https:\/\/www.steelfb.com\/fr\/#organization"},"potentialAction":[{"@type":"SearchAction","target":{"@type":"EntryPoint","urlTemplate":"https:\/\/www.steelfb.com\/fr\/?s={search_term_string}"},"query-input":{"@type":"PropertyValueSpecification","valueRequired":true,"valueName":"search_term_string"}}],"inLanguage":"fr-FR"},{"@type":"Organization","@id":"https:\/\/www.steelfb.com\/fr\/#organization","name":"STEEL FOR BRICKS","url":"https:\/\/www.steelfb.com\/fr\/","logo":{"@type":"ImageObject","inLanguage":"fr-FR","@id":"https:\/\/www.steelfb.com\/fr\/#\/schema\/logo\/image\/","url":"https:\/\/www.steelfb.com\/wp-content\/uploads\/2022\/03\/cropped-favicon-logo-sfb.png","contentUrl":"https:\/\/www.steelfb.com\/wp-content\/uploads\/2022\/03\/cropped-favicon-logo-sfb.png","width":512,"height":512,"caption":"STEEL FOR BRICKS"},"image":{"@id":"https:\/\/www.steelfb.com\/fr\/#\/schema\/logo\/image\/"}}]}},"_links":{"self":[{"href":"https:\/\/www.steelfb.com\/fr\/wp-json\/wp\/v2\/product\/2697","targetHints":{"allow":["GET"]}}],"collection":[{"href":"https:\/\/www.steelfb.com\/fr\/wp-json\/wp\/v2\/product"}],"about":[{"href":"https:\/\/www.steelfb.com\/fr\/wp-json\/wp\/v2\/types\/product"}],"author":[{"embeddable":true,"href":"https:\/\/www.steelfb.com\/fr\/wp-json\/wp\/v2\/users\/2"}],"replies":[{"embeddable":true,"href":"https:\/\/www.steelfb.com\/fr\/wp-json\/wp\/v2\/comments?post=2697"}],"version-history":[{"count":2,"href":"https:\/\/www.steelfb.com\/fr\/wp-json\/wp\/v2\/product\/2697\/revisions"}],"predecessor-version":[{"id":2699,"href":"https:\/\/www.steelfb.com\/fr\/wp-json\/wp\/v2\/product\/2697\/revisions\/2699"}],"wp:featuredmedia":[{"embeddable":true,"href":"https:\/\/www.steelfb.com\/fr\/wp-json\/wp\/v2\/media\/1170"}],"wp:attachment":[{"href":"https:\/\/www.steelfb.com\/fr\/wp-json\/wp\/v2\/media?parent=2697"}],"wp:term":[{"taxonomy":"product_type","embeddable":true,"href":"https:\/\/www.steelfb.com\/fr\/wp-json\/wp\/v2\/product_type?post=2697"}],"curies":[{"name":"wp","href":"https:\/\/api.w.org\/{rel}","templated":true}]}}