{"id":2860,"date":"2021-11-12T12:11:59","date_gmt":"2021-11-12T11:11:59","guid":{"rendered":"https:\/\/www.steelfb.com\/departamento-tecnico\/"},"modified":"2022-07-20T16:40:59","modified_gmt":"2022-07-20T14:40:59","slug":"departamento-tecnico","status":"publish","type":"page","link":"https:\/\/www.steelfb.com\/fr\/departement-technique\/","title":{"rendered":"D\u00e9partement technique"},"content":{"rendered":"\n<h1 class=\"wp-block-heading\" id=\"departamento-tecnico\">D\u00e9partement technique<\/h1>\n\n\n\n<div class=\"wp-block-columns is-layout-flex wp-container-core-columns-is-layout-9d6595d7 wp-block-columns-is-layout-flex\">\n<div class=\"wp-block-column is-layout-flow wp-block-column-is-layout-flow\">\n<p><meta charset=\"utf-8\">STEEL FOR BRICKS a son propre d\u00e9partement technique afin de conseiller les professionnels du secteur sur l\u2019utilisation appropri\u00e9e, l\u2019optimisation et la mise en \u0153uvre de nos produits<\/p>\n\n\n\n<p id=\"gmail-tw-target-text\">En particulier, SFB est en charge des t\u00e2ches suivantes :<\/p>\n<\/div>\n\n\n\n<div class=\"wp-block-column is-layout-flow wp-block-column-is-layout-flow\">\n<ul class=\"wp-block-list\"><li>Calculs des ouvrages de ma\u00e7onnerie soutenus pour garantir la s\u00e9curit\u00e9 structurelle : le contr\u00f4le des fissures, de la stabilit\u00e9 et de la r\u00e9sistance face aux actions horizontales.<\/li><li>Calcul des goujons de structure pour joints sur planchers afin d\u2019\u00e9liminer la double structure.<\/li><li>Calcul des goujons de structure pour la liaison entre murs de pieux ou murs parafouilles et dalles de planchers.<\/li><\/ul>\n<\/div>\n<\/div>\n\n\n\n<div class=\"wp-block-media-text has-media-on-the-right is-stacked-on-mobile is-image-fill has-white-color has-red-background-color has-text-color has-background\"><figure class=\"wp-block-media-text__media\" style=\"background-image:url(https:\/\/www.steelfb.com\/wp-content\/uploads\/2022\/04\/Optimized-ben-allan-BIeC4YK2MTA-unsplash.jpg);background-position:50% 50%\"><img loading=\"lazy\" decoding=\"async\" width=\"1200\" height=\"800\" src=\"https:\/\/www.steelfb.com\/wp-content\/uploads\/2022\/04\/Optimized-ben-allan-BIeC4YK2MTA-unsplash.jpg\" alt=\"Steel for Bricks\" class=\"wp-image-2512 size-full\" srcset=\"https:\/\/www.steelfb.com\/wp-content\/uploads\/2022\/04\/Optimized-ben-allan-BIeC4YK2MTA-unsplash.jpg 1200w, https:\/\/www.steelfb.com\/wp-content\/uploads\/2022\/04\/Optimized-ben-allan-BIeC4YK2MTA-unsplash-400x267.jpg 400w, https:\/\/www.steelfb.com\/wp-content\/uploads\/2022\/04\/Optimized-ben-allan-BIeC4YK2MTA-unsplash-768x512.jpg 768w\" sizes=\"auto, (max-width: 1200px) 100vw, 1200px\" \/><\/figure><div class=\"wp-block-media-text__content\">\n<p class=\"has-small-font-size\">Notre service technique est \u00e0 votre disposition<\/p>\n\n\n\n<p class=\"has-large-font-size\">D\u00e9partement technique<\/p>\n\n\n\n<p>En cas de besoin et afin que vous puissiez utiliser nos produits en toute s\u00e9curit\u00e9 et en toute tranquillit\u00e9, notre service technique est \u00e0 votre disposition pour vous conseiller sur le calcul et le dimensionnement des produits.<meta charset=\"utf-8\"><\/p>\n<\/div><\/div>\n\n\n\n<div style=\"height:44px\" aria-hidden=\"true\" class=\"wp-block-spacer\"><\/div>\n","protected":false},"excerpt":{"rendered":"<p>D\u00e9partement technique STEEL FOR BRICKS a son propre d\u00e9partement technique afin de conseiller les professionnels du secteur sur l\u2019utilisation appropri\u00e9e, l\u2019optimisation et la mise en [&#8230;]<\/p>\n<p><a class=\"understrap-read-more-link\" href=\"https:\/\/www.steelfb.com\/fr\/departement-technique\/\">Continuez \u00e0 lire<\/a><\/p>\n","protected":false},"author":1,"featured_media":0,"parent":0,"menu_order":30,"comment_status":"closed","ping_status":"closed","template":"","meta":{"_acf_changed":false,"inline_featured_image":false,"footnotes":""},"class_list":["post-2860","page","type-page","status-publish","hentry"],"acf":[],"yoast_head":"<!-- This site is optimized with the Yoast SEO plugin v27.4 - https:\/\/yoast.com\/product\/yoast-seo-wordpress\/ -->\n<title>D\u00e9partement technique - Steel for Bricks<\/title>\n<meta name=\"description\" content=\"Dans le secteur de la construction, la s\u00e9curit\u00e9 et la confiance sont primordiales. Steel for Bricks d\u00e9partement technique.\" \/>\n<meta name=\"robots\" content=\"index, follow, max-snippet:-1, max-image-preview:large, max-video-preview:-1\" \/>\n<link rel=\"canonical\" href=\"https:\/\/www.steelfb.com\/fr\/departement-technique\/\" \/>\n<meta property=\"og:locale\" content=\"fr_FR\" \/>\n<meta property=\"og:type\" content=\"article\" \/>\n<meta property=\"og:title\" content=\"D\u00e9partement technique - Steel for Bricks\" \/>\n<meta property=\"og:description\" content=\"Dans le secteur de la construction, la s\u00e9curit\u00e9 et la confiance sont primordiales. Steel for Bricks d\u00e9partement technique.\" \/>\n<meta property=\"og:url\" content=\"https:\/\/www.steelfb.com\/fr\/departement-technique\/\" \/>\n<meta property=\"og:site_name\" content=\"Steel for Bricks\" \/>\n<meta property=\"article:modified_time\" content=\"2022-07-20T14:40:59+00:00\" \/>\n<meta property=\"og:image\" content=\"https:\/\/www.steelfb.com\/wp-content\/uploads\/2022\/04\/Optimized-ben-allan-BIeC4YK2MTA-unsplash.jpg\" \/>\n<meta name=\"twitter:card\" content=\"summary_large_image\" \/>\n<meta name=\"twitter:label1\" content=\"Dur\u00e9e de lecture estim\u00e9e\" \/>\n\t<meta name=\"twitter:data1\" content=\"1 minute\" \/>\n<script type=\"application\/ld+json\" class=\"yoast-schema-graph\">{\"@context\":\"https:\\\/\\\/schema.org\",\"@graph\":[{\"@type\":\"WebPage\",\"@id\":\"https:\\\/\\\/www.steelfb.com\\\/fr\\\/departement-technique\\\/\",\"url\":\"https:\\\/\\\/www.steelfb.com\\\/fr\\\/departement-technique\\\/\",\"name\":\"D\u00e9partement technique - Steel for Bricks\",\"isPartOf\":{\"@id\":\"https:\\\/\\\/www.steelfb.com\\\/fr\\\/#website\"},\"primaryImageOfPage\":{\"@id\":\"https:\\\/\\\/www.steelfb.com\\\/fr\\\/departement-technique\\\/#primaryimage\"},\"image\":{\"@id\":\"https:\\\/\\\/www.steelfb.com\\\/fr\\\/departement-technique\\\/#primaryimage\"},\"thumbnailUrl\":\"https:\\\/\\\/www.steelfb.com\\\/wp-content\\\/uploads\\\/2022\\\/04\\\/Optimized-ben-allan-BIeC4YK2MTA-unsplash.jpg\",\"datePublished\":\"2021-11-12T11:11:59+00:00\",\"dateModified\":\"2022-07-20T14:40:59+00:00\",\"description\":\"Dans le secteur de la construction, la s\u00e9curit\u00e9 et la confiance sont primordiales. Steel for Bricks d\u00e9partement technique.\",\"breadcrumb\":{\"@id\":\"https:\\\/\\\/www.steelfb.com\\\/fr\\\/departement-technique\\\/#breadcrumb\"},\"inLanguage\":\"fr-FR\",\"potentialAction\":[{\"@type\":\"ReadAction\",\"target\":[\"https:\\\/\\\/www.steelfb.com\\\/fr\\\/departement-technique\\\/\"]}]},{\"@type\":\"ImageObject\",\"inLanguage\":\"fr-FR\",\"@id\":\"https:\\\/\\\/www.steelfb.com\\\/fr\\\/departement-technique\\\/#primaryimage\",\"url\":\"https:\\\/\\\/www.steelfb.com\\\/wp-content\\\/uploads\\\/2022\\\/04\\\/Optimized-ben-allan-BIeC4YK2MTA-unsplash.jpg\",\"contentUrl\":\"https:\\\/\\\/www.steelfb.com\\\/wp-content\\\/uploads\\\/2022\\\/04\\\/Optimized-ben-allan-BIeC4YK2MTA-unsplash.jpg\"},{\"@type\":\"BreadcrumbList\",\"@id\":\"https:\\\/\\\/www.steelfb.com\\\/fr\\\/departement-technique\\\/#breadcrumb\",\"itemListElement\":[{\"@type\":\"ListItem\",\"position\":1,\"name\":\"Home\",\"item\":\"https:\\\/\\\/www.steelfb.com\\\/fr\\\/\"},{\"@type\":\"ListItem\",\"position\":2,\"name\":\"D\u00e9partement technique\"}]},{\"@type\":\"WebSite\",\"@id\":\"https:\\\/\\\/www.steelfb.com\\\/fr\\\/#website\",\"url\":\"https:\\\/\\\/www.steelfb.com\\\/fr\\\/\",\"name\":\"Steel for Bricks\",\"description\":\"\",\"publisher\":{\"@id\":\"https:\\\/\\\/www.steelfb.com\\\/fr\\\/#organization\"},\"potentialAction\":[{\"@type\":\"SearchAction\",\"target\":{\"@type\":\"EntryPoint\",\"urlTemplate\":\"https:\\\/\\\/www.steelfb.com\\\/fr\\\/?s={search_term_string}\"},\"query-input\":{\"@type\":\"PropertyValueSpecification\",\"valueRequired\":true,\"valueName\":\"search_term_string\"}}],\"inLanguage\":\"fr-FR\"},{\"@type\":\"Organization\",\"@id\":\"https:\\\/\\\/www.steelfb.com\\\/fr\\\/#organization\",\"name\":\"STEEL FOR BRICKS\",\"url\":\"https:\\\/\\\/www.steelfb.com\\\/fr\\\/\",\"logo\":{\"@type\":\"ImageObject\",\"inLanguage\":\"fr-FR\",\"@id\":\"https:\\\/\\\/www.steelfb.com\\\/fr\\\/#\\\/schema\\\/logo\\\/image\\\/\",\"url\":\"https:\\\/\\\/www.steelfb.com\\\/wp-content\\\/uploads\\\/2022\\\/03\\\/cropped-favicon-logo-sfb.png\",\"contentUrl\":\"https:\\\/\\\/www.steelfb.com\\\/wp-content\\\/uploads\\\/2022\\\/03\\\/cropped-favicon-logo-sfb.png\",\"width\":512,\"height\":512,\"caption\":\"STEEL FOR BRICKS\"},\"image\":{\"@id\":\"https:\\\/\\\/www.steelfb.com\\\/fr\\\/#\\\/schema\\\/logo\\\/image\\\/\"}}]}<\/script>\n<!-- \/ Yoast SEO plugin. -->","yoast_head_json":{"title":"D\u00e9partement technique - Steel for Bricks","description":"Dans le secteur de la construction, la s\u00e9curit\u00e9 et la confiance sont primordiales. Steel for Bricks d\u00e9partement technique.","robots":{"index":"index","follow":"follow","max-snippet":"max-snippet:-1","max-image-preview":"max-image-preview:large","max-video-preview":"max-video-preview:-1"},"canonical":"https:\/\/www.steelfb.com\/fr\/departement-technique\/","og_locale":"fr_FR","og_type":"article","og_title":"D\u00e9partement technique - Steel for Bricks","og_description":"Dans le secteur de la construction, la s\u00e9curit\u00e9 et la confiance sont primordiales. Steel for Bricks d\u00e9partement technique.","og_url":"https:\/\/www.steelfb.com\/fr\/departement-technique\/","og_site_name":"Steel for Bricks","article_modified_time":"2022-07-20T14:40:59+00:00","og_image":[{"url":"https:\/\/www.steelfb.com\/wp-content\/uploads\/2022\/04\/Optimized-ben-allan-BIeC4YK2MTA-unsplash.jpg","type":"","width":"","height":""}],"twitter_card":"summary_large_image","twitter_misc":{"Dur\u00e9e de lecture estim\u00e9e":"1 minute"},"schema":{"@context":"https:\/\/schema.org","@graph":[{"@type":"WebPage","@id":"https:\/\/www.steelfb.com\/fr\/departement-technique\/","url":"https:\/\/www.steelfb.com\/fr\/departement-technique\/","name":"D\u00e9partement technique - Steel for Bricks","isPartOf":{"@id":"https:\/\/www.steelfb.com\/fr\/#website"},"primaryImageOfPage":{"@id":"https:\/\/www.steelfb.com\/fr\/departement-technique\/#primaryimage"},"image":{"@id":"https:\/\/www.steelfb.com\/fr\/departement-technique\/#primaryimage"},"thumbnailUrl":"https:\/\/www.steelfb.com\/wp-content\/uploads\/2022\/04\/Optimized-ben-allan-BIeC4YK2MTA-unsplash.jpg","datePublished":"2021-11-12T11:11:59+00:00","dateModified":"2022-07-20T14:40:59+00:00","description":"Dans le secteur de la construction, la s\u00e9curit\u00e9 et la confiance sont primordiales. Steel for Bricks d\u00e9partement technique.","breadcrumb":{"@id":"https:\/\/www.steelfb.com\/fr\/departement-technique\/#breadcrumb"},"inLanguage":"fr-FR","potentialAction":[{"@type":"ReadAction","target":["https:\/\/www.steelfb.com\/fr\/departement-technique\/"]}]},{"@type":"ImageObject","inLanguage":"fr-FR","@id":"https:\/\/www.steelfb.com\/fr\/departement-technique\/#primaryimage","url":"https:\/\/www.steelfb.com\/wp-content\/uploads\/2022\/04\/Optimized-ben-allan-BIeC4YK2MTA-unsplash.jpg","contentUrl":"https:\/\/www.steelfb.com\/wp-content\/uploads\/2022\/04\/Optimized-ben-allan-BIeC4YK2MTA-unsplash.jpg"},{"@type":"BreadcrumbList","@id":"https:\/\/www.steelfb.com\/fr\/departement-technique\/#breadcrumb","itemListElement":[{"@type":"ListItem","position":1,"name":"Home","item":"https:\/\/www.steelfb.com\/fr\/"},{"@type":"ListItem","position":2,"name":"D\u00e9partement technique"}]},{"@type":"WebSite","@id":"https:\/\/www.steelfb.com\/fr\/#website","url":"https:\/\/www.steelfb.com\/fr\/","name":"Steel for Bricks","description":"","publisher":{"@id":"https:\/\/www.steelfb.com\/fr\/#organization"},"potentialAction":[{"@type":"SearchAction","target":{"@type":"EntryPoint","urlTemplate":"https:\/\/www.steelfb.com\/fr\/?s={search_term_string}"},"query-input":{"@type":"PropertyValueSpecification","valueRequired":true,"valueName":"search_term_string"}}],"inLanguage":"fr-FR"},{"@type":"Organization","@id":"https:\/\/www.steelfb.com\/fr\/#organization","name":"STEEL FOR BRICKS","url":"https:\/\/www.steelfb.com\/fr\/","logo":{"@type":"ImageObject","inLanguage":"fr-FR","@id":"https:\/\/www.steelfb.com\/fr\/#\/schema\/logo\/image\/","url":"https:\/\/www.steelfb.com\/wp-content\/uploads\/2022\/03\/cropped-favicon-logo-sfb.png","contentUrl":"https:\/\/www.steelfb.com\/wp-content\/uploads\/2022\/03\/cropped-favicon-logo-sfb.png","width":512,"height":512,"caption":"STEEL FOR BRICKS"},"image":{"@id":"https:\/\/www.steelfb.com\/fr\/#\/schema\/logo\/image\/"}}]}},"_links":{"self":[{"href":"https:\/\/www.steelfb.com\/fr\/wp-json\/wp\/v2\/pages\/2860","targetHints":{"allow":["GET"]}}],"collection":[{"href":"https:\/\/www.steelfb.com\/fr\/wp-json\/wp\/v2\/pages"}],"about":[{"href":"https:\/\/www.steelfb.com\/fr\/wp-json\/wp\/v2\/types\/page"}],"author":[{"embeddable":true,"href":"https:\/\/www.steelfb.com\/fr\/wp-json\/wp\/v2\/users\/1"}],"replies":[{"embeddable":true,"href":"https:\/\/www.steelfb.com\/fr\/wp-json\/wp\/v2\/comments?post=2860"}],"version-history":[{"count":5,"href":"https:\/\/www.steelfb.com\/fr\/wp-json\/wp\/v2\/pages\/2860\/revisions"}],"predecessor-version":[{"id":3488,"href":"https:\/\/www.steelfb.com\/fr\/wp-json\/wp\/v2\/pages\/2860\/revisions\/3488"}],"wp:attachment":[{"href":"https:\/\/www.steelfb.com\/fr\/wp-json\/wp\/v2\/media?parent=2860"}],"curies":[{"name":"wp","href":"https:\/\/api.w.org\/{rel}","templated":true}]}}