{"id":2852,"date":"2021-10-29T14:23:58","date_gmt":"2021-10-29T12:23:58","guid":{"rendered":"https:\/\/www.steelfb.com\/politica-privacidad\/"},"modified":"2026-04-15T11:51:43","modified_gmt":"2026-04-15T09:51:43","slug":"politica-privacidad","status":"publish","type":"page","link":"https:\/\/www.steelfb.com\/fr\/politique-de-confidentialite\/","title":{"rendered":"Politique de confidentialit\u00e9"},"content":{"rendered":"\n<h1 class=\"wp-block-heading\">Politique de confidentialit\u00e9<\/h1>\n\n\n\n<p>Conform\u00e9ment aux principes de lic\u00e9it\u00e9, de loyaut\u00e9 et de transparence, nous mettons \u00e0 votre disposition la pr\u00e9sente politique de confidentialit\u00e9.<\/p>\n\n\n\n<h3 class=\"wp-block-heading\">Qui est le responsable du traitement de vos donn\u00e9es ?<\/h3>\n\n\n\n<ul class=\"wp-block-list\">\n<li><strong>STEEL FOR BRICKS GZ S.L.<\/strong><\/li>\n\n\n\n<li><strong>CIF<\/strong> <strong>:<\/strong>\u00a0B99121519<\/li>\n\n\n\n<li><strong>SI\u00c8GE SOCIAL<\/strong> <strong>:<\/strong>\u00a0POL\u00cdGONO INDUSTRIAL EL SACO, PARCELA 10, 50172, ALFAJAR\u00cdN, ZARAGOZA<\/li>\n\n\n\n<li><strong>Email:<\/strong>\u00a0<a href=\"mailto:administracion@steelfb.com\">administracion@steelfb.com<\/a><\/li>\n\n\n\n<li><strong>T\u00e9l\u00e9phone<\/strong> <strong>:<\/strong>\u00a0+<strong>34976814802<\/strong><\/li>\n\n\n\n<li><strong>DPT:<\/strong>\u00a0GRUPO ADAPTALIA \u2013 LEGAL FORMATIVO S.L. \u2013\u00a0<a href=\"mailto:legal@grupoadaptalia.es\">legal@grupoadaptalia.es<\/a>\u00a0\u2013 +3491 553 34 08<\/li>\n<\/ul>\n\n\n\n<h3 class=\"wp-block-heading\">\u00c0 quelles fins traitons-nous vos donn\u00e9es personnelles ?<\/h3>\n\n\n\n<p>traite les informations que vous nous fournissez afin de g\u00e9rer la relation contractuelle qui nous lie, de vous fournir les informations que vous nous demandez, d\u2019envoyer aux int\u00e9ress\u00e9s des offres de nos services et\/ou produits et\/ou de g\u00e9rer leur candidature.<\/p>\n\n\n\n<h3 class=\"wp-block-heading\">Combien de temps conserverons-nous vos donn\u00e9es personnelles ?<\/h3>\n\n\n\n<p>Vos donn\u00e9es seront conserv\u00e9es pendant la dur\u00e9e minimum n\u00e9cessaire \u00e0 la bonne prestation du service offert ainsi que pour tenir les responsabilit\u00e9s pouvant d\u00e9couler dudit service et de toute autre exigence l\u00e9gale.<\/p>\n\n\n\n<h3 class=\"wp-block-heading\">Quelle est la l\u00e9gitimation pour le traitement de vos donn\u00e9es ?<\/h3>\n\n\n\n<p>La base l\u00e9gale pour le traitement de vos donn\u00e9es personnelles peut \u00eatre l\u2019ex\u00e9cution d\u2019une relation contractuelle potentielle et\/ou souscrite, l\u2019int\u00e9r\u00eat l\u00e9gitime, l\u2019habilitation l\u00e9gale et\/ou le consentement de l\u2019int\u00e9ress\u00e9. Les donn\u00e9es que nous vous demandons sont ad\u00e9quates, pertinentes et strictement n\u00e9cessaires. Vous n\u2019\u00eates en aucun cas oblig\u00e9 de nous les fournir, mais leur non-communication peut alt\u00e9rer l\u2019objectif du service, voire emp\u00eacher la prestation du service.<\/p>\n\n\n\n<h3 class=\"wp-block-heading\">\u00c0 qui vos donn\u00e9es seront-elles communiqu\u00e9es ?<\/h3>\n\n\n\n<p>Sauf mention contraire expresse, STEEL FOR BRICKS GZ S.L. ne communiquera vos donn\u00e9es \u00e0 aucun tiers.<\/p>\n\n\n\n<h3 class=\"wp-block-heading\">Quels sont vos droits lorsque vous nous fournissez vos donn\u00e9es ?<\/h3>\n\n\n\n<p>Les droits de protection des donn\u00e9es que poss\u00e8dent les int\u00e9ress\u00e9s sont les suivants :<\/p>\n\n\n\n<ul class=\"wp-block-list\">\n<li>Droit d\u2019acc\u00e8s aux donn\u00e9es personnelles de l\u2019int\u00e9ress\u00e9<\/li>\n\n\n\n<li>Droit de rectification ou de suppression<\/li>\n\n\n\n<li>Droit d\u2019opposition<\/li>\n\n\n\n<li>Droit de limitation du traitement des donn\u00e9es<\/li>\n\n\n\n<li>Droit de portabilit\u00e9 des donn\u00e9es<\/li>\n<\/ul>\n\n\n\n<p>Les titulaires des donn\u00e9es personnelles obtenues pourront exercer leurs droits de protection des donn\u00e9es personnelles par courrier adress\u00e9 au si\u00e8ge social de STEEL FOR BRICKS GZ S.L.. ou par e\u2011mail, \u00e0 <a href=\"mailto:administracion@steelfb.com\">administracion@steelfb.com<\/a>, en incluant dans les deux cas une photocopie de leur carte d\u2019identit\u00e9 ou de tout autre document d\u2019identification \u00e9quivalent.<\/p>\n\n\n\n<p>Des mod\u00e8les, des formulaires et d\u2019autres informations \u00e0 propos de vos droits sont disponibles sur le site internet de l\u2019autorit\u00e9 de contr\u00f4le nationale, l\u2019Agence espagnole de protection des donn\u00e9es (AEPD) : <a href=\"https:\/\/www.aepd.es\/es\">www.agpd.es<\/a>.<\/p>\n\n\n\n<h3 class=\"wp-block-heading\">Puis-je retirer mon consentement ?<\/h3>\n\n\n\n<p>Vous avez la possibilit\u00e9 et le droit de retirer le consentement que vous avez alors donn\u00e9 pour toute fin sp\u00e9cifique sans que cela ait un impact sur la lic\u00e9it\u00e9 du traitement fond\u00e9 sur le consentement ant\u00e9rieur \u00e0 son retrait.<\/p>\n\n\n\n<h3 class=\"wp-block-heading\">O\u00f9 puis-je faire une r\u00e9clamation si j\u2019estime que mes donn\u00e9es ne sont pas trait\u00e9es correctement ?<\/h3>\n\n\n\n<p>Si un int\u00e9ress\u00e9 estime que ses donn\u00e9es ne sont pas trait\u00e9es correctement par STEEL FOR BRICKS GZ S.L., il peut adresser une r\u00e9clamation \u00e0 <a href=\"mailto:administracion@steelfb.com\">administracion@steelfb.com<\/a> ou \u00e0 l\u2019autorit\u00e9 de protection des donn\u00e9es comp\u00e9tente, l\u2019AEPD \u00e9tant l\u2019autorit\u00e9 de r\u00e9f\u00e9rence sur le territoire national (<a href=\"http:\/\/www.agpd.es\/\">www.agpd.es<\/a>).<\/p>\n\n\n\n<h3 class=\"wp-block-heading\">S\u00e9curit\u00e9 et mise \u00e0 jour de vos donn\u00e9es personnelles<\/h3>\n\n\n\n<p>Nous vous informons que STEEL FOR BRICKS GZ S.L. a pris toutes les mesures techniques et organisationnelles n\u00e9cessaires pour garantir la s\u00e9curit\u00e9 des donn\u00e9es personnelles que vous nous avez fournies afin d\u2019\u00e9viter leur alt\u00e9ration, leur perte et\/ou leur traitement ou leur acc\u00e8s non autoris\u00e9, conform\u00e9ment aux exigences l\u00e9gales. Toutefois, la s\u00e9curit\u00e9 absolue n\u2019existe pas.<\/p>\n\n\n\n<p>Afin de maintenir vos donn\u00e9es personnelles \u00e0 jour, il est important que vous nous communiquiez toute modification au sujet de vos donn\u00e9es.<\/p>\n\n\n\n<h3 class=\"wp-block-heading\">Confidentialit\u00e9<\/h3>\n\n\n\n<p>STEEL FOR BRICKS GZ S.L. vous informe que vos donn\u00e9es seront trait\u00e9es dans la plus stricte confidentialit\u00e9 par l\u2019ensemble du personnel intervenant \u00e0 chaque phase du traitement. Nous ne c\u00e9derons ni ne communiquerons vos donn\u00e9es \u00e0 aucun tiers sans votre autorisation expresse, \u00e0 l\u2019exception des cas pr\u00e9vus par la loi.<\/p>\n","protected":false},"excerpt":{"rendered":"<p>Politique de confidentialit\u00e9 Conform\u00e9ment aux principes de lic\u00e9it\u00e9, de loyaut\u00e9 et de transparence, nous mettons \u00e0 votre disposition la pr\u00e9sente politique de confidentialit\u00e9. Qui est [&#8230;]<\/p>\n<p><a class=\"understrap-read-more-link\" href=\"https:\/\/www.steelfb.com\/fr\/politique-de-confidentialite\/\">Continuez \u00e0 lire<\/a><\/p>\n","protected":false},"author":1,"featured_media":0,"parent":0,"menu_order":99,"comment_status":"closed","ping_status":"closed","template":"","meta":{"_acf_changed":false,"inline_featured_image":false,"footnotes":""},"class_list":["post-2852","page","type-page","status-publish","hentry"],"acf":[],"yoast_head":"<!-- This site is optimized with the Yoast SEO plugin v27.4 - https:\/\/yoast.com\/product\/yoast-seo-wordpress\/ -->\n<title>Politique de confidentialit\u00e9 - Steel for Bricks<\/title>\n<meta name=\"robots\" content=\"index, follow, max-snippet:-1, max-image-preview:large, max-video-preview:-1\" \/>\n<link rel=\"canonical\" href=\"https:\/\/www.steelfb.com\/fr\/politique-de-confidentialite\/\" \/>\n<meta property=\"og:locale\" content=\"fr_FR\" \/>\n<meta property=\"og:type\" content=\"article\" \/>\n<meta property=\"og:title\" content=\"Politique de confidentialit\u00e9 - Steel for Bricks\" \/>\n<meta property=\"og:description\" content=\"Politique de confidentialit\u00e9 Conform\u00e9ment aux principes de lic\u00e9it\u00e9, de loyaut\u00e9 et de transparence, nous mettons \u00e0 votre disposition la pr\u00e9sente politique de confidentialit\u00e9. Qui est [...]Continuez \u00e0 lire\" \/>\n<meta property=\"og:url\" content=\"https:\/\/www.steelfb.com\/fr\/politique-de-confidentialite\/\" \/>\n<meta property=\"og:site_name\" content=\"Steel for Bricks\" \/>\n<meta property=\"article:modified_time\" content=\"2026-04-15T09:51:43+00:00\" \/>\n<meta name=\"twitter:card\" content=\"summary_large_image\" \/>\n<meta name=\"twitter:label1\" content=\"Dur\u00e9e de lecture estim\u00e9e\" \/>\n\t<meta name=\"twitter:data1\" content=\"3 minutes\" \/>\n<script type=\"application\/ld+json\" class=\"yoast-schema-graph\">{\"@context\":\"https:\\\/\\\/schema.org\",\"@graph\":[{\"@type\":\"WebPage\",\"@id\":\"https:\\\/\\\/www.steelfb.com\\\/fr\\\/politique-de-confidentialite\\\/\",\"url\":\"https:\\\/\\\/www.steelfb.com\\\/fr\\\/politique-de-confidentialite\\\/\",\"name\":\"Politique de confidentialit\u00e9 - Steel for Bricks\",\"isPartOf\":{\"@id\":\"https:\\\/\\\/www.steelfb.com\\\/fr\\\/#website\"},\"datePublished\":\"2021-10-29T12:23:58+00:00\",\"dateModified\":\"2026-04-15T09:51:43+00:00\",\"breadcrumb\":{\"@id\":\"https:\\\/\\\/www.steelfb.com\\\/fr\\\/politique-de-confidentialite\\\/#breadcrumb\"},\"inLanguage\":\"fr-FR\",\"potentialAction\":[{\"@type\":\"ReadAction\",\"target\":[\"https:\\\/\\\/www.steelfb.com\\\/fr\\\/politique-de-confidentialite\\\/\"]}]},{\"@type\":\"BreadcrumbList\",\"@id\":\"https:\\\/\\\/www.steelfb.com\\\/fr\\\/politique-de-confidentialite\\\/#breadcrumb\",\"itemListElement\":[{\"@type\":\"ListItem\",\"position\":1,\"name\":\"Home\",\"item\":\"https:\\\/\\\/www.steelfb.com\\\/fr\\\/\"},{\"@type\":\"ListItem\",\"position\":2,\"name\":\"Politique de confidentialit\u00e9\"}]},{\"@type\":\"WebSite\",\"@id\":\"https:\\\/\\\/www.steelfb.com\\\/fr\\\/#website\",\"url\":\"https:\\\/\\\/www.steelfb.com\\\/fr\\\/\",\"name\":\"Steel for Bricks\",\"description\":\"\",\"publisher\":{\"@id\":\"https:\\\/\\\/www.steelfb.com\\\/fr\\\/#organization\"},\"potentialAction\":[{\"@type\":\"SearchAction\",\"target\":{\"@type\":\"EntryPoint\",\"urlTemplate\":\"https:\\\/\\\/www.steelfb.com\\\/fr\\\/?s={search_term_string}\"},\"query-input\":{\"@type\":\"PropertyValueSpecification\",\"valueRequired\":true,\"valueName\":\"search_term_string\"}}],\"inLanguage\":\"fr-FR\"},{\"@type\":\"Organization\",\"@id\":\"https:\\\/\\\/www.steelfb.com\\\/fr\\\/#organization\",\"name\":\"STEEL FOR BRICKS\",\"url\":\"https:\\\/\\\/www.steelfb.com\\\/fr\\\/\",\"logo\":{\"@type\":\"ImageObject\",\"inLanguage\":\"fr-FR\",\"@id\":\"https:\\\/\\\/www.steelfb.com\\\/fr\\\/#\\\/schema\\\/logo\\\/image\\\/\",\"url\":\"https:\\\/\\\/www.steelfb.com\\\/wp-content\\\/uploads\\\/2022\\\/03\\\/cropped-favicon-logo-sfb.png\",\"contentUrl\":\"https:\\\/\\\/www.steelfb.com\\\/wp-content\\\/uploads\\\/2022\\\/03\\\/cropped-favicon-logo-sfb.png\",\"width\":512,\"height\":512,\"caption\":\"STEEL FOR BRICKS\"},\"image\":{\"@id\":\"https:\\\/\\\/www.steelfb.com\\\/fr\\\/#\\\/schema\\\/logo\\\/image\\\/\"}}]}<\/script>\n<!-- \/ Yoast SEO plugin. -->","yoast_head_json":{"title":"Politique de confidentialit\u00e9 - Steel for Bricks","robots":{"index":"index","follow":"follow","max-snippet":"max-snippet:-1","max-image-preview":"max-image-preview:large","max-video-preview":"max-video-preview:-1"},"canonical":"https:\/\/www.steelfb.com\/fr\/politique-de-confidentialite\/","og_locale":"fr_FR","og_type":"article","og_title":"Politique de confidentialit\u00e9 - Steel for Bricks","og_description":"Politique de confidentialit\u00e9 Conform\u00e9ment aux principes de lic\u00e9it\u00e9, de loyaut\u00e9 et de transparence, nous mettons \u00e0 votre disposition la pr\u00e9sente politique de confidentialit\u00e9. Qui est [...]Continuez \u00e0 lire","og_url":"https:\/\/www.steelfb.com\/fr\/politique-de-confidentialite\/","og_site_name":"Steel for Bricks","article_modified_time":"2026-04-15T09:51:43+00:00","twitter_card":"summary_large_image","twitter_misc":{"Dur\u00e9e de lecture estim\u00e9e":"3 minutes"},"schema":{"@context":"https:\/\/schema.org","@graph":[{"@type":"WebPage","@id":"https:\/\/www.steelfb.com\/fr\/politique-de-confidentialite\/","url":"https:\/\/www.steelfb.com\/fr\/politique-de-confidentialite\/","name":"Politique de confidentialit\u00e9 - Steel for Bricks","isPartOf":{"@id":"https:\/\/www.steelfb.com\/fr\/#website"},"datePublished":"2021-10-29T12:23:58+00:00","dateModified":"2026-04-15T09:51:43+00:00","breadcrumb":{"@id":"https:\/\/www.steelfb.com\/fr\/politique-de-confidentialite\/#breadcrumb"},"inLanguage":"fr-FR","potentialAction":[{"@type":"ReadAction","target":["https:\/\/www.steelfb.com\/fr\/politique-de-confidentialite\/"]}]},{"@type":"BreadcrumbList","@id":"https:\/\/www.steelfb.com\/fr\/politique-de-confidentialite\/#breadcrumb","itemListElement":[{"@type":"ListItem","position":1,"name":"Home","item":"https:\/\/www.steelfb.com\/fr\/"},{"@type":"ListItem","position":2,"name":"Politique de confidentialit\u00e9"}]},{"@type":"WebSite","@id":"https:\/\/www.steelfb.com\/fr\/#website","url":"https:\/\/www.steelfb.com\/fr\/","name":"Steel for Bricks","description":"","publisher":{"@id":"https:\/\/www.steelfb.com\/fr\/#organization"},"potentialAction":[{"@type":"SearchAction","target":{"@type":"EntryPoint","urlTemplate":"https:\/\/www.steelfb.com\/fr\/?s={search_term_string}"},"query-input":{"@type":"PropertyValueSpecification","valueRequired":true,"valueName":"search_term_string"}}],"inLanguage":"fr-FR"},{"@type":"Organization","@id":"https:\/\/www.steelfb.com\/fr\/#organization","name":"STEEL FOR BRICKS","url":"https:\/\/www.steelfb.com\/fr\/","logo":{"@type":"ImageObject","inLanguage":"fr-FR","@id":"https:\/\/www.steelfb.com\/fr\/#\/schema\/logo\/image\/","url":"https:\/\/www.steelfb.com\/wp-content\/uploads\/2022\/03\/cropped-favicon-logo-sfb.png","contentUrl":"https:\/\/www.steelfb.com\/wp-content\/uploads\/2022\/03\/cropped-favicon-logo-sfb.png","width":512,"height":512,"caption":"STEEL FOR BRICKS"},"image":{"@id":"https:\/\/www.steelfb.com\/fr\/#\/schema\/logo\/image\/"}}]}},"_links":{"self":[{"href":"https:\/\/www.steelfb.com\/fr\/wp-json\/wp\/v2\/pages\/2852","targetHints":{"allow":["GET"]}}],"collection":[{"href":"https:\/\/www.steelfb.com\/fr\/wp-json\/wp\/v2\/pages"}],"about":[{"href":"https:\/\/www.steelfb.com\/fr\/wp-json\/wp\/v2\/types\/page"}],"author":[{"embeddable":true,"href":"https:\/\/www.steelfb.com\/fr\/wp-json\/wp\/v2\/users\/1"}],"replies":[{"embeddable":true,"href":"https:\/\/www.steelfb.com\/fr\/wp-json\/wp\/v2\/comments?post=2852"}],"version-history":[{"count":5,"href":"https:\/\/www.steelfb.com\/fr\/wp-json\/wp\/v2\/pages\/2852\/revisions"}],"predecessor-version":[{"id":4718,"href":"https:\/\/www.steelfb.com\/fr\/wp-json\/wp\/v2\/pages\/2852\/revisions\/4718"}],"wp:attachment":[{"href":"https:\/\/www.steelfb.com\/fr\/wp-json\/wp\/v2\/media?parent=2852"}],"curies":[{"name":"wp","href":"https:\/\/api.w.org\/{rel}","templated":true}]}}