{"id":2190,"date":"2021-11-09T12:06:03","date_gmt":"2021-11-09T11:06:03","guid":{"rendered":"https:\/\/www.steelfb.com\/products-for-construction\/ganchos-para-dinteles-fisuanc-gd\/"},"modified":"2022-09-06T16:59:18","modified_gmt":"2022-09-06T14:59:18","slug":"ganchos-para-dinteles-fisuanc-gd","status":"publish","type":"product","link":"https:\/\/www.steelfb.com\/es\/armadura-de-tendel\/ganchos-para-dinteles-fisuanc-gd\/","title":{"rendered":"Ganchos para dinteles Fisuanc\u00ae GD"},"content":{"rendered":"\n<p class=\"has-medium-font-size\">Ganchos que se usan en la primera hilada de f\u00e1brica de un dintel ejecutado con f\u00e1brica armada y van obligatoriamente asociados a la armadura Fisufor\u00ae \/ Geofor\u00ae ya que sin \u00e9sta no podr\u00edan tener funci\u00f3n estructural alguna.<\/p>\n","protected":false},"excerpt":{"rendered":"<p>Ganchos que se usan en la primera hilada de f\u00e1brica de un dintel ejecutado con f\u00e1brica armada y van obligatoriamente asociados a la armadura Fisufor\u00ae [&#8230;]<\/p>\n<p><a class=\"understrap-read-more-link\" href=\"https:\/\/www.steelfb.com\/es\/armadura-de-tendel\/ganchos-para-dinteles-fisuanc-gd\/\">Seguir leyendo<\/a><\/p>\n","protected":false},"author":1,"featured_media":473,"menu_order":22,"comment_status":"closed","ping_status":"open","template":"","meta":{"_acf_changed":false,"inline_featured_image":false,"footnotes":""},"product_type":[14],"class_list":["post-2190","product","type-product","status-publish","has-post-thumbnail","hentry","product_type-armadura-de-tendel"],"acf":[],"yoast_head":"<!-- This site is optimized with the Yoast SEO plugin v27.4 - https:\/\/yoast.com\/product\/yoast-seo-wordpress\/ -->\n<title>Ganchos para dinteles Fisuanc\u00ae GD - Steel for Bricks<\/title>\n<meta name=\"description\" content=\"Ganchos que se usan en la primera hilada de f\u00e1brica de un dintel ejecutado con f\u00e1brica armada asociados a la armadura Fisufor\u00ae \/ Geofor\u00ae\" \/>\n<meta name=\"robots\" content=\"index, follow, max-snippet:-1, max-image-preview:large, max-video-preview:-1\" \/>\n<link rel=\"canonical\" href=\"https:\/\/www.steelfb.com\/es\/armadura-de-tendel\/ganchos-para-dinteles-fisuanc-gd\/\" \/>\n<meta property=\"og:locale\" content=\"es_ES\" \/>\n<meta property=\"og:type\" content=\"article\" \/>\n<meta property=\"og:title\" content=\"Ganchos para dinteles Fisuanc\u00ae GD - Steel for Bricks\" \/>\n<meta property=\"og:description\" content=\"Ganchos que se usan en la primera hilada de f\u00e1brica de un dintel ejecutado con f\u00e1brica armada asociados a la armadura Fisufor\u00ae \/ Geofor\u00ae\" \/>\n<meta property=\"og:url\" content=\"https:\/\/www.steelfb.com\/es\/armadura-de-tendel\/ganchos-para-dinteles-fisuanc-gd\/\" \/>\n<meta property=\"og:site_name\" content=\"Steel for Bricks\" \/>\n<meta property=\"article:modified_time\" content=\"2022-09-06T14:59:18+00:00\" \/>\n<meta property=\"og:image\" content=\"https:\/\/www.steelfb.com\/wp-content\/uploads\/2021\/11\/fisuanc-GD_ganchos-de-dintel.jpg\" \/>\n\t<meta property=\"og:image:width\" content=\"590\" \/>\n\t<meta property=\"og:image:height\" content=\"290\" \/>\n\t<meta property=\"og:image:type\" content=\"image\/jpeg\" \/>\n<meta name=\"twitter:card\" content=\"summary_large_image\" \/>\n<meta name=\"twitter:label1\" content=\"Tiempo de lectura\" \/>\n\t<meta name=\"twitter:data1\" content=\"1 minuto\" \/>\n<script type=\"application\/ld+json\" class=\"yoast-schema-graph\">{\"@context\":\"https:\\\/\\\/schema.org\",\"@graph\":[{\"@type\":\"WebPage\",\"@id\":\"https:\\\/\\\/www.steelfb.com\\\/es\\\/armadura-de-tendel\\\/ganchos-para-dinteles-fisuanc-gd\\\/\",\"url\":\"https:\\\/\\\/www.steelfb.com\\\/es\\\/armadura-de-tendel\\\/ganchos-para-dinteles-fisuanc-gd\\\/\",\"name\":\"Ganchos para dinteles Fisuanc\u00ae GD - Steel for Bricks\",\"isPartOf\":{\"@id\":\"https:\\\/\\\/www.steelfb.com\\\/es\\\/#website\"},\"primaryImageOfPage\":{\"@id\":\"https:\\\/\\\/www.steelfb.com\\\/es\\\/armadura-de-tendel\\\/ganchos-para-dinteles-fisuanc-gd\\\/#primaryimage\"},\"image\":{\"@id\":\"https:\\\/\\\/www.steelfb.com\\\/es\\\/armadura-de-tendel\\\/ganchos-para-dinteles-fisuanc-gd\\\/#primaryimage\"},\"thumbnailUrl\":\"https:\\\/\\\/www.steelfb.com\\\/wp-content\\\/uploads\\\/2021\\\/11\\\/fisuanc-GD_ganchos-de-dintel.jpg\",\"datePublished\":\"2021-11-09T11:06:03+00:00\",\"dateModified\":\"2022-09-06T14:59:18+00:00\",\"description\":\"Ganchos que se usan en la primera hilada de f\u00e1brica de un dintel ejecutado con f\u00e1brica armada asociados a la armadura Fisufor\u00ae \\\/ Geofor\u00ae\",\"breadcrumb\":{\"@id\":\"https:\\\/\\\/www.steelfb.com\\\/es\\\/armadura-de-tendel\\\/ganchos-para-dinteles-fisuanc-gd\\\/#breadcrumb\"},\"inLanguage\":\"es\",\"potentialAction\":[{\"@type\":\"ReadAction\",\"target\":[\"https:\\\/\\\/www.steelfb.com\\\/es\\\/armadura-de-tendel\\\/ganchos-para-dinteles-fisuanc-gd\\\/\"]}]},{\"@type\":\"ImageObject\",\"inLanguage\":\"es\",\"@id\":\"https:\\\/\\\/www.steelfb.com\\\/es\\\/armadura-de-tendel\\\/ganchos-para-dinteles-fisuanc-gd\\\/#primaryimage\",\"url\":\"https:\\\/\\\/www.steelfb.com\\\/wp-content\\\/uploads\\\/2021\\\/11\\\/fisuanc-GD_ganchos-de-dintel.jpg\",\"contentUrl\":\"https:\\\/\\\/www.steelfb.com\\\/wp-content\\\/uploads\\\/2021\\\/11\\\/fisuanc-GD_ganchos-de-dintel.jpg\",\"width\":590,\"height\":290},{\"@type\":\"BreadcrumbList\",\"@id\":\"https:\\\/\\\/www.steelfb.com\\\/es\\\/armadura-de-tendel\\\/ganchos-para-dinteles-fisuanc-gd\\\/#breadcrumb\",\"itemListElement\":[{\"@type\":\"ListItem\",\"position\":1,\"name\":\"Home\",\"item\":\"https:\\\/\\\/www.steelfb.com\\\/es\\\/\"},{\"@type\":\"ListItem\",\"position\":2,\"name\":\"Products\",\"item\":\"https:\\\/\\\/www.steelfb.com\\\/products-for-construction\\\/\"},{\"@type\":\"ListItem\",\"position\":3,\"name\":\"Ganchos para dinteles Fisuanc\u00ae GD\"}]},{\"@type\":\"WebSite\",\"@id\":\"https:\\\/\\\/www.steelfb.com\\\/es\\\/#website\",\"url\":\"https:\\\/\\\/www.steelfb.com\\\/es\\\/\",\"name\":\"Steel for Bricks\",\"description\":\"\",\"publisher\":{\"@id\":\"https:\\\/\\\/www.steelfb.com\\\/es\\\/#organization\"},\"potentialAction\":[{\"@type\":\"SearchAction\",\"target\":{\"@type\":\"EntryPoint\",\"urlTemplate\":\"https:\\\/\\\/www.steelfb.com\\\/es\\\/?s={search_term_string}\"},\"query-input\":{\"@type\":\"PropertyValueSpecification\",\"valueRequired\":true,\"valueName\":\"search_term_string\"}}],\"inLanguage\":\"es\"},{\"@type\":\"Organization\",\"@id\":\"https:\\\/\\\/www.steelfb.com\\\/es\\\/#organization\",\"name\":\"STEEL FOR BRICKS\",\"url\":\"https:\\\/\\\/www.steelfb.com\\\/es\\\/\",\"logo\":{\"@type\":\"ImageObject\",\"inLanguage\":\"es\",\"@id\":\"https:\\\/\\\/www.steelfb.com\\\/es\\\/#\\\/schema\\\/logo\\\/image\\\/\",\"url\":\"https:\\\/\\\/www.steelfb.com\\\/wp-content\\\/uploads\\\/2022\\\/03\\\/cropped-favicon-logo-sfb.png\",\"contentUrl\":\"https:\\\/\\\/www.steelfb.com\\\/wp-content\\\/uploads\\\/2022\\\/03\\\/cropped-favicon-logo-sfb.png\",\"width\":512,\"height\":512,\"caption\":\"STEEL FOR BRICKS\"},\"image\":{\"@id\":\"https:\\\/\\\/www.steelfb.com\\\/es\\\/#\\\/schema\\\/logo\\\/image\\\/\"}}]}<\/script>\n<!-- \/ Yoast SEO plugin. -->","yoast_head_json":{"title":"Ganchos para dinteles Fisuanc\u00ae GD - Steel for Bricks","description":"Ganchos que se usan en la primera hilada de f\u00e1brica de un dintel ejecutado con f\u00e1brica armada asociados a la armadura Fisufor\u00ae \/ Geofor\u00ae","robots":{"index":"index","follow":"follow","max-snippet":"max-snippet:-1","max-image-preview":"max-image-preview:large","max-video-preview":"max-video-preview:-1"},"canonical":"https:\/\/www.steelfb.com\/es\/armadura-de-tendel\/ganchos-para-dinteles-fisuanc-gd\/","og_locale":"es_ES","og_type":"article","og_title":"Ganchos para dinteles Fisuanc\u00ae GD - Steel for Bricks","og_description":"Ganchos que se usan en la primera hilada de f\u00e1brica de un dintel ejecutado con f\u00e1brica armada asociados a la armadura Fisufor\u00ae \/ Geofor\u00ae","og_url":"https:\/\/www.steelfb.com\/es\/armadura-de-tendel\/ganchos-para-dinteles-fisuanc-gd\/","og_site_name":"Steel for Bricks","article_modified_time":"2022-09-06T14:59:18+00:00","og_image":[{"width":590,"height":290,"url":"https:\/\/www.steelfb.com\/wp-content\/uploads\/2021\/11\/fisuanc-GD_ganchos-de-dintel.jpg","type":"image\/jpeg"}],"twitter_card":"summary_large_image","twitter_misc":{"Tiempo de lectura":"1 minuto"},"schema":{"@context":"https:\/\/schema.org","@graph":[{"@type":"WebPage","@id":"https:\/\/www.steelfb.com\/es\/armadura-de-tendel\/ganchos-para-dinteles-fisuanc-gd\/","url":"https:\/\/www.steelfb.com\/es\/armadura-de-tendel\/ganchos-para-dinteles-fisuanc-gd\/","name":"Ganchos para dinteles Fisuanc\u00ae GD - Steel for Bricks","isPartOf":{"@id":"https:\/\/www.steelfb.com\/es\/#website"},"primaryImageOfPage":{"@id":"https:\/\/www.steelfb.com\/es\/armadura-de-tendel\/ganchos-para-dinteles-fisuanc-gd\/#primaryimage"},"image":{"@id":"https:\/\/www.steelfb.com\/es\/armadura-de-tendel\/ganchos-para-dinteles-fisuanc-gd\/#primaryimage"},"thumbnailUrl":"https:\/\/www.steelfb.com\/wp-content\/uploads\/2021\/11\/fisuanc-GD_ganchos-de-dintel.jpg","datePublished":"2021-11-09T11:06:03+00:00","dateModified":"2022-09-06T14:59:18+00:00","description":"Ganchos que se usan en la primera hilada de f\u00e1brica de un dintel ejecutado con f\u00e1brica armada asociados a la armadura Fisufor\u00ae \/ Geofor\u00ae","breadcrumb":{"@id":"https:\/\/www.steelfb.com\/es\/armadura-de-tendel\/ganchos-para-dinteles-fisuanc-gd\/#breadcrumb"},"inLanguage":"es","potentialAction":[{"@type":"ReadAction","target":["https:\/\/www.steelfb.com\/es\/armadura-de-tendel\/ganchos-para-dinteles-fisuanc-gd\/"]}]},{"@type":"ImageObject","inLanguage":"es","@id":"https:\/\/www.steelfb.com\/es\/armadura-de-tendel\/ganchos-para-dinteles-fisuanc-gd\/#primaryimage","url":"https:\/\/www.steelfb.com\/wp-content\/uploads\/2021\/11\/fisuanc-GD_ganchos-de-dintel.jpg","contentUrl":"https:\/\/www.steelfb.com\/wp-content\/uploads\/2021\/11\/fisuanc-GD_ganchos-de-dintel.jpg","width":590,"height":290},{"@type":"BreadcrumbList","@id":"https:\/\/www.steelfb.com\/es\/armadura-de-tendel\/ganchos-para-dinteles-fisuanc-gd\/#breadcrumb","itemListElement":[{"@type":"ListItem","position":1,"name":"Home","item":"https:\/\/www.steelfb.com\/es\/"},{"@type":"ListItem","position":2,"name":"Products","item":"https:\/\/www.steelfb.com\/products-for-construction\/"},{"@type":"ListItem","position":3,"name":"Ganchos para dinteles Fisuanc\u00ae GD"}]},{"@type":"WebSite","@id":"https:\/\/www.steelfb.com\/es\/#website","url":"https:\/\/www.steelfb.com\/es\/","name":"Steel for Bricks","description":"","publisher":{"@id":"https:\/\/www.steelfb.com\/es\/#organization"},"potentialAction":[{"@type":"SearchAction","target":{"@type":"EntryPoint","urlTemplate":"https:\/\/www.steelfb.com\/es\/?s={search_term_string}"},"query-input":{"@type":"PropertyValueSpecification","valueRequired":true,"valueName":"search_term_string"}}],"inLanguage":"es"},{"@type":"Organization","@id":"https:\/\/www.steelfb.com\/es\/#organization","name":"STEEL FOR BRICKS","url":"https:\/\/www.steelfb.com\/es\/","logo":{"@type":"ImageObject","inLanguage":"es","@id":"https:\/\/www.steelfb.com\/es\/#\/schema\/logo\/image\/","url":"https:\/\/www.steelfb.com\/wp-content\/uploads\/2022\/03\/cropped-favicon-logo-sfb.png","contentUrl":"https:\/\/www.steelfb.com\/wp-content\/uploads\/2022\/03\/cropped-favicon-logo-sfb.png","width":512,"height":512,"caption":"STEEL FOR BRICKS"},"image":{"@id":"https:\/\/www.steelfb.com\/es\/#\/schema\/logo\/image\/"}}]}},"_links":{"self":[{"href":"https:\/\/www.steelfb.com\/es\/wp-json\/wp\/v2\/product\/2190","targetHints":{"allow":["GET"]}}],"collection":[{"href":"https:\/\/www.steelfb.com\/es\/wp-json\/wp\/v2\/product"}],"about":[{"href":"https:\/\/www.steelfb.com\/es\/wp-json\/wp\/v2\/types\/product"}],"author":[{"embeddable":true,"href":"https:\/\/www.steelfb.com\/es\/wp-json\/wp\/v2\/users\/1"}],"replies":[{"embeddable":true,"href":"https:\/\/www.steelfb.com\/es\/wp-json\/wp\/v2\/comments?post=2190"}],"version-history":[{"count":7,"href":"https:\/\/www.steelfb.com\/es\/wp-json\/wp\/v2\/product\/2190\/revisions"}],"predecessor-version":[{"id":3861,"href":"https:\/\/www.steelfb.com\/es\/wp-json\/wp\/v2\/product\/2190\/revisions\/3861"}],"wp:featuredmedia":[{"embeddable":true,"href":"https:\/\/www.steelfb.com\/es\/wp-json\/wp\/v2\/media\/473"}],"wp:attachment":[{"href":"https:\/\/www.steelfb.com\/es\/wp-json\/wp\/v2\/media?parent=2190"}],"wp:term":[{"taxonomy":"product_type","embeddable":true,"href":"https:\/\/www.steelfb.com\/es\/wp-json\/wp\/v2\/product_type?post=2190"}],"curies":[{"name":"wp","href":"https:\/\/api.w.org\/{rel}","templated":true}]}}