{"id":2179,"date":"2021-11-09T12:07:54","date_gmt":"2021-11-09T11:07:54","guid":{"rendered":"https:\/\/www.steelfb.com\/products-for-construction\/fisuanc-f\/"},"modified":"2022-04-25T11:39:31","modified_gmt":"2022-04-25T09:39:31","slug":"fisuanc-f","status":"publish","type":"product","link":"https:\/\/www.steelfb.com\/es\/anclajes-para-fabricas\/fisuanc-f\/","title":{"rendered":"Fisuanc\u00ae F"},"content":{"rendered":"\n<p class=\"has-medium-font-size\">Son elementos met\u00e1licos de acero inoxidable cuya funci\u00f3n es la sujeci\u00f3n o retenci\u00f3n de la f\u00e1brica a elementos estructurales que permiten libertad de movimiento en las dos direcciones contenidas en el plano del muro.<\/p>\n\n\n\n<p><\/p>\n","protected":false},"excerpt":{"rendered":"<p>Son elementos met\u00e1licos de acero inoxidable cuya funci\u00f3n es la sujeci\u00f3n o retenci\u00f3n de la f\u00e1brica a elementos estructurales que permiten libertad de movimiento en [&#8230;]<\/p>\n<p><a class=\"understrap-read-more-link\" href=\"https:\/\/www.steelfb.com\/es\/anclajes-para-fabricas\/fisuanc-f\/\">Seguir leyendo<\/a><\/p>\n","protected":false},"author":1,"featured_media":368,"menu_order":31,"comment_status":"closed","ping_status":"open","template":"","meta":{"_acf_changed":false,"inline_featured_image":false,"footnotes":""},"product_type":[15],"class_list":["post-2179","product","type-product","status-publish","has-post-thumbnail","hentry","product_type-anclajes-para-fabricas"],"acf":[],"yoast_head":"<!-- This site is optimized with the Yoast SEO plugin v27.4 - https:\/\/yoast.com\/product\/yoast-seo-wordpress\/ -->\n<title>Fisuanc - Steel for Bricks<\/title>\n<meta name=\"description\" content=\"Fisuanc\u00ae F Son elementos met\u00e1licos que permiten libertad de movimiento en las dos direcciones contenidas en el plano del muro.\" \/>\n<meta name=\"robots\" content=\"index, follow, max-snippet:-1, max-image-preview:large, max-video-preview:-1\" \/>\n<link rel=\"canonical\" href=\"https:\/\/www.steelfb.com\/es\/anclajes-para-fabricas\/fisuanc-f\/\" \/>\n<meta property=\"og:locale\" content=\"es_ES\" \/>\n<meta property=\"og:type\" content=\"article\" \/>\n<meta property=\"og:title\" content=\"Fisuanc - Steel for Bricks\" \/>\n<meta property=\"og:description\" content=\"Fisuanc\u00ae F Son elementos met\u00e1licos que permiten libertad de movimiento en las dos direcciones contenidas en el plano del muro.\" \/>\n<meta property=\"og:url\" content=\"https:\/\/www.steelfb.com\/es\/anclajes-para-fabricas\/fisuanc-f\/\" \/>\n<meta property=\"og:site_name\" content=\"Steel for Bricks\" \/>\n<meta property=\"article:modified_time\" content=\"2022-04-25T09:39:31+00:00\" \/>\n<meta property=\"og:image\" content=\"https:\/\/www.steelfb.com\/wp-content\/uploads\/2021\/12\/Fisuanc-F_anclaje_ancrage_anchor_STEEL-FOR-BRICKS.jpg\" \/>\n\t<meta property=\"og:image:width\" content=\"249\" \/>\n\t<meta property=\"og:image:height\" content=\"196\" \/>\n\t<meta property=\"og:image:type\" content=\"image\/jpeg\" \/>\n<meta name=\"twitter:card\" content=\"summary_large_image\" \/>\n<meta name=\"twitter:label1\" content=\"Tiempo de lectura\" \/>\n\t<meta name=\"twitter:data1\" content=\"1 minuto\" \/>\n<script type=\"application\/ld+json\" class=\"yoast-schema-graph\">{\"@context\":\"https:\\\/\\\/schema.org\",\"@graph\":[{\"@type\":\"WebPage\",\"@id\":\"https:\\\/\\\/www.steelfb.com\\\/es\\\/anclajes-para-fabricas\\\/fisuanc-f\\\/\",\"url\":\"https:\\\/\\\/www.steelfb.com\\\/es\\\/anclajes-para-fabricas\\\/fisuanc-f\\\/\",\"name\":\"Fisuanc - Steel for Bricks\",\"isPartOf\":{\"@id\":\"https:\\\/\\\/www.steelfb.com\\\/es\\\/#website\"},\"primaryImageOfPage\":{\"@id\":\"https:\\\/\\\/www.steelfb.com\\\/es\\\/anclajes-para-fabricas\\\/fisuanc-f\\\/#primaryimage\"},\"image\":{\"@id\":\"https:\\\/\\\/www.steelfb.com\\\/es\\\/anclajes-para-fabricas\\\/fisuanc-f\\\/#primaryimage\"},\"thumbnailUrl\":\"https:\\\/\\\/www.steelfb.com\\\/wp-content\\\/uploads\\\/2021\\\/12\\\/Fisuanc-F_anclaje_ancrage_anchor_STEEL-FOR-BRICKS.jpg\",\"datePublished\":\"2021-11-09T11:07:54+00:00\",\"dateModified\":\"2022-04-25T09:39:31+00:00\",\"description\":\"Fisuanc\u00ae F Son elementos met\u00e1licos que permiten libertad de movimiento en las dos direcciones contenidas en el plano del muro.\",\"breadcrumb\":{\"@id\":\"https:\\\/\\\/www.steelfb.com\\\/es\\\/anclajes-para-fabricas\\\/fisuanc-f\\\/#breadcrumb\"},\"inLanguage\":\"es\",\"potentialAction\":[{\"@type\":\"ReadAction\",\"target\":[\"https:\\\/\\\/www.steelfb.com\\\/es\\\/anclajes-para-fabricas\\\/fisuanc-f\\\/\"]}]},{\"@type\":\"ImageObject\",\"inLanguage\":\"es\",\"@id\":\"https:\\\/\\\/www.steelfb.com\\\/es\\\/anclajes-para-fabricas\\\/fisuanc-f\\\/#primaryimage\",\"url\":\"https:\\\/\\\/www.steelfb.com\\\/wp-content\\\/uploads\\\/2021\\\/12\\\/Fisuanc-F_anclaje_ancrage_anchor_STEEL-FOR-BRICKS.jpg\",\"contentUrl\":\"https:\\\/\\\/www.steelfb.com\\\/wp-content\\\/uploads\\\/2021\\\/12\\\/Fisuanc-F_anclaje_ancrage_anchor_STEEL-FOR-BRICKS.jpg\",\"width\":249,\"height\":196},{\"@type\":\"BreadcrumbList\",\"@id\":\"https:\\\/\\\/www.steelfb.com\\\/es\\\/anclajes-para-fabricas\\\/fisuanc-f\\\/#breadcrumb\",\"itemListElement\":[{\"@type\":\"ListItem\",\"position\":1,\"name\":\"Home\",\"item\":\"https:\\\/\\\/www.steelfb.com\\\/es\\\/\"},{\"@type\":\"ListItem\",\"position\":2,\"name\":\"Products\",\"item\":\"https:\\\/\\\/www.steelfb.com\\\/products-for-construction\\\/\"},{\"@type\":\"ListItem\",\"position\":3,\"name\":\"Fisuanc\u00ae F\"}]},{\"@type\":\"WebSite\",\"@id\":\"https:\\\/\\\/www.steelfb.com\\\/es\\\/#website\",\"url\":\"https:\\\/\\\/www.steelfb.com\\\/es\\\/\",\"name\":\"Steel for Bricks\",\"description\":\"\",\"publisher\":{\"@id\":\"https:\\\/\\\/www.steelfb.com\\\/es\\\/#organization\"},\"potentialAction\":[{\"@type\":\"SearchAction\",\"target\":{\"@type\":\"EntryPoint\",\"urlTemplate\":\"https:\\\/\\\/www.steelfb.com\\\/es\\\/?s={search_term_string}\"},\"query-input\":{\"@type\":\"PropertyValueSpecification\",\"valueRequired\":true,\"valueName\":\"search_term_string\"}}],\"inLanguage\":\"es\"},{\"@type\":\"Organization\",\"@id\":\"https:\\\/\\\/www.steelfb.com\\\/es\\\/#organization\",\"name\":\"STEEL FOR BRICKS\",\"url\":\"https:\\\/\\\/www.steelfb.com\\\/es\\\/\",\"logo\":{\"@type\":\"ImageObject\",\"inLanguage\":\"es\",\"@id\":\"https:\\\/\\\/www.steelfb.com\\\/es\\\/#\\\/schema\\\/logo\\\/image\\\/\",\"url\":\"https:\\\/\\\/www.steelfb.com\\\/wp-content\\\/uploads\\\/2022\\\/03\\\/cropped-favicon-logo-sfb.png\",\"contentUrl\":\"https:\\\/\\\/www.steelfb.com\\\/wp-content\\\/uploads\\\/2022\\\/03\\\/cropped-favicon-logo-sfb.png\",\"width\":512,\"height\":512,\"caption\":\"STEEL FOR BRICKS\"},\"image\":{\"@id\":\"https:\\\/\\\/www.steelfb.com\\\/es\\\/#\\\/schema\\\/logo\\\/image\\\/\"}}]}<\/script>\n<!-- \/ Yoast SEO plugin. -->","yoast_head_json":{"title":"Fisuanc - Steel for Bricks","description":"Fisuanc\u00ae F Son elementos met\u00e1licos que permiten libertad de movimiento en las dos direcciones contenidas en el plano del muro.","robots":{"index":"index","follow":"follow","max-snippet":"max-snippet:-1","max-image-preview":"max-image-preview:large","max-video-preview":"max-video-preview:-1"},"canonical":"https:\/\/www.steelfb.com\/es\/anclajes-para-fabricas\/fisuanc-f\/","og_locale":"es_ES","og_type":"article","og_title":"Fisuanc - Steel for Bricks","og_description":"Fisuanc\u00ae F Son elementos met\u00e1licos que permiten libertad de movimiento en las dos direcciones contenidas en el plano del muro.","og_url":"https:\/\/www.steelfb.com\/es\/anclajes-para-fabricas\/fisuanc-f\/","og_site_name":"Steel for Bricks","article_modified_time":"2022-04-25T09:39:31+00:00","og_image":[{"width":249,"height":196,"url":"https:\/\/www.steelfb.com\/wp-content\/uploads\/2021\/12\/Fisuanc-F_anclaje_ancrage_anchor_STEEL-FOR-BRICKS.jpg","type":"image\/jpeg"}],"twitter_card":"summary_large_image","twitter_misc":{"Tiempo de lectura":"1 minuto"},"schema":{"@context":"https:\/\/schema.org","@graph":[{"@type":"WebPage","@id":"https:\/\/www.steelfb.com\/es\/anclajes-para-fabricas\/fisuanc-f\/","url":"https:\/\/www.steelfb.com\/es\/anclajes-para-fabricas\/fisuanc-f\/","name":"Fisuanc - Steel for Bricks","isPartOf":{"@id":"https:\/\/www.steelfb.com\/es\/#website"},"primaryImageOfPage":{"@id":"https:\/\/www.steelfb.com\/es\/anclajes-para-fabricas\/fisuanc-f\/#primaryimage"},"image":{"@id":"https:\/\/www.steelfb.com\/es\/anclajes-para-fabricas\/fisuanc-f\/#primaryimage"},"thumbnailUrl":"https:\/\/www.steelfb.com\/wp-content\/uploads\/2021\/12\/Fisuanc-F_anclaje_ancrage_anchor_STEEL-FOR-BRICKS.jpg","datePublished":"2021-11-09T11:07:54+00:00","dateModified":"2022-04-25T09:39:31+00:00","description":"Fisuanc\u00ae F Son elementos met\u00e1licos que permiten libertad de movimiento en las dos direcciones contenidas en el plano del muro.","breadcrumb":{"@id":"https:\/\/www.steelfb.com\/es\/anclajes-para-fabricas\/fisuanc-f\/#breadcrumb"},"inLanguage":"es","potentialAction":[{"@type":"ReadAction","target":["https:\/\/www.steelfb.com\/es\/anclajes-para-fabricas\/fisuanc-f\/"]}]},{"@type":"ImageObject","inLanguage":"es","@id":"https:\/\/www.steelfb.com\/es\/anclajes-para-fabricas\/fisuanc-f\/#primaryimage","url":"https:\/\/www.steelfb.com\/wp-content\/uploads\/2021\/12\/Fisuanc-F_anclaje_ancrage_anchor_STEEL-FOR-BRICKS.jpg","contentUrl":"https:\/\/www.steelfb.com\/wp-content\/uploads\/2021\/12\/Fisuanc-F_anclaje_ancrage_anchor_STEEL-FOR-BRICKS.jpg","width":249,"height":196},{"@type":"BreadcrumbList","@id":"https:\/\/www.steelfb.com\/es\/anclajes-para-fabricas\/fisuanc-f\/#breadcrumb","itemListElement":[{"@type":"ListItem","position":1,"name":"Home","item":"https:\/\/www.steelfb.com\/es\/"},{"@type":"ListItem","position":2,"name":"Products","item":"https:\/\/www.steelfb.com\/products-for-construction\/"},{"@type":"ListItem","position":3,"name":"Fisuanc\u00ae F"}]},{"@type":"WebSite","@id":"https:\/\/www.steelfb.com\/es\/#website","url":"https:\/\/www.steelfb.com\/es\/","name":"Steel for Bricks","description":"","publisher":{"@id":"https:\/\/www.steelfb.com\/es\/#organization"},"potentialAction":[{"@type":"SearchAction","target":{"@type":"EntryPoint","urlTemplate":"https:\/\/www.steelfb.com\/es\/?s={search_term_string}"},"query-input":{"@type":"PropertyValueSpecification","valueRequired":true,"valueName":"search_term_string"}}],"inLanguage":"es"},{"@type":"Organization","@id":"https:\/\/www.steelfb.com\/es\/#organization","name":"STEEL FOR BRICKS","url":"https:\/\/www.steelfb.com\/es\/","logo":{"@type":"ImageObject","inLanguage":"es","@id":"https:\/\/www.steelfb.com\/es\/#\/schema\/logo\/image\/","url":"https:\/\/www.steelfb.com\/wp-content\/uploads\/2022\/03\/cropped-favicon-logo-sfb.png","contentUrl":"https:\/\/www.steelfb.com\/wp-content\/uploads\/2022\/03\/cropped-favicon-logo-sfb.png","width":512,"height":512,"caption":"STEEL FOR BRICKS"},"image":{"@id":"https:\/\/www.steelfb.com\/es\/#\/schema\/logo\/image\/"}}]}},"_links":{"self":[{"href":"https:\/\/www.steelfb.com\/es\/wp-json\/wp\/v2\/product\/2179","targetHints":{"allow":["GET"]}}],"collection":[{"href":"https:\/\/www.steelfb.com\/es\/wp-json\/wp\/v2\/product"}],"about":[{"href":"https:\/\/www.steelfb.com\/es\/wp-json\/wp\/v2\/types\/product"}],"author":[{"embeddable":true,"href":"https:\/\/www.steelfb.com\/es\/wp-json\/wp\/v2\/users\/1"}],"replies":[{"embeddable":true,"href":"https:\/\/www.steelfb.com\/es\/wp-json\/wp\/v2\/comments?post=2179"}],"version-history":[{"count":2,"href":"https:\/\/www.steelfb.com\/es\/wp-json\/wp\/v2\/product\/2179\/revisions"}],"predecessor-version":[{"id":2444,"href":"https:\/\/www.steelfb.com\/es\/wp-json\/wp\/v2\/product\/2179\/revisions\/2444"}],"wp:featuredmedia":[{"embeddable":true,"href":"https:\/\/www.steelfb.com\/es\/wp-json\/wp\/v2\/media\/368"}],"wp:attachment":[{"href":"https:\/\/www.steelfb.com\/es\/wp-json\/wp\/v2\/media?parent=2179"}],"wp:term":[{"taxonomy":"product_type","embeddable":true,"href":"https:\/\/www.steelfb.com\/es\/wp-json\/wp\/v2\/product_type?post=2179"}],"curies":[{"name":"wp","href":"https:\/\/api.w.org\/{rel}","templated":true}]}}