{"id":79,"date":"2021-11-12T12:11:59","date_gmt":"2021-11-12T11:11:59","guid":{"rendered":"https:\/\/www.steelfb.com\/?page_id=79"},"modified":"2022-06-11T17:32:46","modified_gmt":"2022-06-11T15:32:46","slug":"departamento-tecnico","status":"publish","type":"page","link":"https:\/\/www.steelfb.com\/es\/departamento-tecnico\/","title":{"rendered":"Departamento t\u00e9cnico"},"content":{"rendered":"\n<h1 class=\"wp-block-heading\" id=\"departamento-tecnico\">Departamento t\u00e9cnico<\/h1>\n\n\n\n<div class=\"wp-block-columns is-layout-flex wp-container-core-columns-is-layout-9d6595d7 wp-block-columns-is-layout-flex\">\n<div class=\"wp-block-column is-layout-flow wp-block-column-is-layout-flow\">\n<p><meta charset=\"utf-8\"><strong>STEEL FOR BRICKS<\/strong> cuenta con un Departamento t\u00e9cnico propio para asesorar a los profesionales del sector en el correcto uso y la mejor optimizaci\u00f3n y puesta en obra de nuestros productos.<\/p>\n\n\n\n<p>En concreto, se encarga de realizar las siguientes tareas.<\/p>\n<\/div>\n\n\n\n<div class=\"wp-block-column is-layout-flow wp-block-column-is-layout-flow\">\n<ul class=\"wp-block-list\"><li>C\u00e1lculos de f\u00e1bricas sustentadas para conseguir la prestaci\u00f3n de seguridad estructural: el control de la fisuraci\u00f3n y la estabilidad y resistencia frente a las acciones horizontales.<\/li><li>C\u00e1lculo de conectores estructurales para juntas en forjados con objeto de eliminar del doble pilar.<\/li><li>C\u00e1lculo de conectores estructurales para el encuentro entre muros de pilotes o muros pantalla y losas de forjados.<\/li><\/ul>\n<\/div>\n<\/div>\n\n\n\n<div class=\"wp-block-media-text has-media-on-the-right is-stacked-on-mobile is-image-fill has-white-color has-red-background-color has-text-color has-background\"><figure class=\"wp-block-media-text__media\" style=\"background-image:url(https:\/\/www.steelfb.com\/wp-content\/uploads\/2022\/04\/Optimized-ben-allan-BIeC4YK2MTA-unsplash.jpg);background-position:50% 50%\"><img loading=\"lazy\" decoding=\"async\" width=\"1200\" height=\"800\" src=\"https:\/\/www.steelfb.com\/wp-content\/uploads\/2022\/04\/Optimized-ben-allan-BIeC4YK2MTA-unsplash.jpg\" alt=\"Steel for Bricks\" class=\"wp-image-2512 size-full\" srcset=\"https:\/\/www.steelfb.com\/wp-content\/uploads\/2022\/04\/Optimized-ben-allan-BIeC4YK2MTA-unsplash.jpg 1200w, https:\/\/www.steelfb.com\/wp-content\/uploads\/2022\/04\/Optimized-ben-allan-BIeC4YK2MTA-unsplash-400x267.jpg 400w, https:\/\/www.steelfb.com\/wp-content\/uploads\/2022\/04\/Optimized-ben-allan-BIeC4YK2MTA-unsplash-768x512.jpg 768w\" sizes=\"auto, (max-width: 1200px) 100vw, 1200px\" \/><\/figure><div class=\"wp-block-media-text__content\">\n<p class=\"has-small-font-size\">NUESTRO DEPARTAMENTO T\u00c9CNICO EST\u00c1 A TU DISPOSICI\u00d3N<\/p>\n\n\n\n<p class=\"has-large-font-size\">Departamento t\u00e9cnico<\/p>\n\n\n\n<p>En caso de necesidad y, en aras de ofrecer la m\u00e1xima seguridad y tranquilidad en el uso de nuestros productos, ponemos a tu disposici\u00f3n nuestro departamento t\u00e9cnico para asesorarte con el correcto c\u00e1lculo y dimensionado de los mismos.<meta charset=\"utf-8\"><\/p>\n<\/div><\/div>\n\n\n\n<div style=\"height:44px\" aria-hidden=\"true\" class=\"wp-block-spacer\"><\/div>\n","protected":false},"excerpt":{"rendered":"<p>Departamento t\u00e9cnico STEEL FOR BRICKS cuenta con un Departamento t\u00e9cnico propio para asesorar a los profesionales del sector en el correcto uso y la mejor [&#8230;]<\/p>\n<p><a class=\"understrap-read-more-link\" href=\"https:\/\/www.steelfb.com\/es\/departamento-tecnico\/\">Seguir leyendo<\/a><\/p>\n","protected":false},"author":1,"featured_media":0,"parent":0,"menu_order":30,"comment_status":"closed","ping_status":"closed","template":"","meta":{"_acf_changed":false,"inline_featured_image":false,"footnotes":""},"class_list":["post-79","page","type-page","status-publish","hentry"],"acf":[],"yoast_head":"<!-- This site is optimized with the Yoast SEO plugin v27.4 - https:\/\/yoast.com\/product\/yoast-seo-wordpress\/ -->\n<title>Departamento t\u00e9cnico - Steel for Bricks<\/title>\n<meta name=\"robots\" content=\"index, follow, max-snippet:-1, max-image-preview:large, max-video-preview:-1\" \/>\n<link rel=\"canonical\" href=\"https:\/\/www.steelfb.com\/es\/departamento-tecnico\/\" \/>\n<meta property=\"og:locale\" content=\"es_ES\" \/>\n<meta property=\"og:type\" content=\"article\" \/>\n<meta property=\"og:title\" content=\"Departamento t\u00e9cnico - Steel for Bricks\" \/>\n<meta property=\"og:description\" content=\"Departamento t\u00e9cnico STEEL FOR BRICKS cuenta con un Departamento t\u00e9cnico propio para asesorar a los profesionales del sector en el correcto uso y la mejor [...]Seguir leyendo\" \/>\n<meta property=\"og:url\" content=\"https:\/\/www.steelfb.com\/es\/departamento-tecnico\/\" \/>\n<meta property=\"og:site_name\" content=\"Steel for Bricks\" \/>\n<meta property=\"article:modified_time\" content=\"2022-06-11T15:32:46+00:00\" \/>\n<meta property=\"og:image\" content=\"https:\/\/www.steelfb.com\/wp-content\/uploads\/2022\/04\/Optimized-ben-allan-BIeC4YK2MTA-unsplash.jpg\" \/>\n<meta name=\"twitter:card\" content=\"summary_large_image\" \/>\n<meta name=\"twitter:label1\" content=\"Tiempo de lectura\" \/>\n\t<meta name=\"twitter:data1\" content=\"1 minuto\" \/>\n<script type=\"application\/ld+json\" class=\"yoast-schema-graph\">{\"@context\":\"https:\\\/\\\/schema.org\",\"@graph\":[{\"@type\":\"WebPage\",\"@id\":\"https:\\\/\\\/www.steelfb.com\\\/es\\\/departamento-tecnico\\\/\",\"url\":\"https:\\\/\\\/www.steelfb.com\\\/es\\\/departamento-tecnico\\\/\",\"name\":\"Departamento t\u00e9cnico - Steel for Bricks\",\"isPartOf\":{\"@id\":\"https:\\\/\\\/www.steelfb.com\\\/es\\\/#website\"},\"primaryImageOfPage\":{\"@id\":\"https:\\\/\\\/www.steelfb.com\\\/es\\\/departamento-tecnico\\\/#primaryimage\"},\"image\":{\"@id\":\"https:\\\/\\\/www.steelfb.com\\\/es\\\/departamento-tecnico\\\/#primaryimage\"},\"thumbnailUrl\":\"https:\\\/\\\/www.steelfb.com\\\/wp-content\\\/uploads\\\/2022\\\/04\\\/Optimized-ben-allan-BIeC4YK2MTA-unsplash.jpg\",\"datePublished\":\"2021-11-12T11:11:59+00:00\",\"dateModified\":\"2022-06-11T15:32:46+00:00\",\"breadcrumb\":{\"@id\":\"https:\\\/\\\/www.steelfb.com\\\/es\\\/departamento-tecnico\\\/#breadcrumb\"},\"inLanguage\":\"es\",\"potentialAction\":[{\"@type\":\"ReadAction\",\"target\":[\"https:\\\/\\\/www.steelfb.com\\\/es\\\/departamento-tecnico\\\/\"]}]},{\"@type\":\"ImageObject\",\"inLanguage\":\"es\",\"@id\":\"https:\\\/\\\/www.steelfb.com\\\/es\\\/departamento-tecnico\\\/#primaryimage\",\"url\":\"https:\\\/\\\/www.steelfb.com\\\/wp-content\\\/uploads\\\/2022\\\/04\\\/Optimized-ben-allan-BIeC4YK2MTA-unsplash.jpg\",\"contentUrl\":\"https:\\\/\\\/www.steelfb.com\\\/wp-content\\\/uploads\\\/2022\\\/04\\\/Optimized-ben-allan-BIeC4YK2MTA-unsplash.jpg\"},{\"@type\":\"BreadcrumbList\",\"@id\":\"https:\\\/\\\/www.steelfb.com\\\/es\\\/departamento-tecnico\\\/#breadcrumb\",\"itemListElement\":[{\"@type\":\"ListItem\",\"position\":1,\"name\":\"Home\",\"item\":\"https:\\\/\\\/www.steelfb.com\\\/es\\\/\"},{\"@type\":\"ListItem\",\"position\":2,\"name\":\"Departamento t\u00e9cnico\"}]},{\"@type\":\"WebSite\",\"@id\":\"https:\\\/\\\/www.steelfb.com\\\/es\\\/#website\",\"url\":\"https:\\\/\\\/www.steelfb.com\\\/es\\\/\",\"name\":\"Steel for Bricks\",\"description\":\"\",\"publisher\":{\"@id\":\"https:\\\/\\\/www.steelfb.com\\\/es\\\/#organization\"},\"potentialAction\":[{\"@type\":\"SearchAction\",\"target\":{\"@type\":\"EntryPoint\",\"urlTemplate\":\"https:\\\/\\\/www.steelfb.com\\\/es\\\/?s={search_term_string}\"},\"query-input\":{\"@type\":\"PropertyValueSpecification\",\"valueRequired\":true,\"valueName\":\"search_term_string\"}}],\"inLanguage\":\"es\"},{\"@type\":\"Organization\",\"@id\":\"https:\\\/\\\/www.steelfb.com\\\/es\\\/#organization\",\"name\":\"STEEL FOR BRICKS\",\"url\":\"https:\\\/\\\/www.steelfb.com\\\/es\\\/\",\"logo\":{\"@type\":\"ImageObject\",\"inLanguage\":\"es\",\"@id\":\"https:\\\/\\\/www.steelfb.com\\\/es\\\/#\\\/schema\\\/logo\\\/image\\\/\",\"url\":\"https:\\\/\\\/www.steelfb.com\\\/wp-content\\\/uploads\\\/2022\\\/03\\\/cropped-favicon-logo-sfb.png\",\"contentUrl\":\"https:\\\/\\\/www.steelfb.com\\\/wp-content\\\/uploads\\\/2022\\\/03\\\/cropped-favicon-logo-sfb.png\",\"width\":512,\"height\":512,\"caption\":\"STEEL FOR BRICKS\"},\"image\":{\"@id\":\"https:\\\/\\\/www.steelfb.com\\\/es\\\/#\\\/schema\\\/logo\\\/image\\\/\"}}]}<\/script>\n<!-- \/ Yoast SEO plugin. -->","yoast_head_json":{"title":"Departamento t\u00e9cnico - Steel for Bricks","robots":{"index":"index","follow":"follow","max-snippet":"max-snippet:-1","max-image-preview":"max-image-preview:large","max-video-preview":"max-video-preview:-1"},"canonical":"https:\/\/www.steelfb.com\/es\/departamento-tecnico\/","og_locale":"es_ES","og_type":"article","og_title":"Departamento t\u00e9cnico - Steel for Bricks","og_description":"Departamento t\u00e9cnico STEEL FOR BRICKS cuenta con un Departamento t\u00e9cnico propio para asesorar a los profesionales del sector en el correcto uso y la mejor [...]Seguir leyendo","og_url":"https:\/\/www.steelfb.com\/es\/departamento-tecnico\/","og_site_name":"Steel for Bricks","article_modified_time":"2022-06-11T15:32:46+00:00","og_image":[{"url":"https:\/\/www.steelfb.com\/wp-content\/uploads\/2022\/04\/Optimized-ben-allan-BIeC4YK2MTA-unsplash.jpg","type":"","width":"","height":""}],"twitter_card":"summary_large_image","twitter_misc":{"Tiempo de lectura":"1 minuto"},"schema":{"@context":"https:\/\/schema.org","@graph":[{"@type":"WebPage","@id":"https:\/\/www.steelfb.com\/es\/departamento-tecnico\/","url":"https:\/\/www.steelfb.com\/es\/departamento-tecnico\/","name":"Departamento t\u00e9cnico - Steel for Bricks","isPartOf":{"@id":"https:\/\/www.steelfb.com\/es\/#website"},"primaryImageOfPage":{"@id":"https:\/\/www.steelfb.com\/es\/departamento-tecnico\/#primaryimage"},"image":{"@id":"https:\/\/www.steelfb.com\/es\/departamento-tecnico\/#primaryimage"},"thumbnailUrl":"https:\/\/www.steelfb.com\/wp-content\/uploads\/2022\/04\/Optimized-ben-allan-BIeC4YK2MTA-unsplash.jpg","datePublished":"2021-11-12T11:11:59+00:00","dateModified":"2022-06-11T15:32:46+00:00","breadcrumb":{"@id":"https:\/\/www.steelfb.com\/es\/departamento-tecnico\/#breadcrumb"},"inLanguage":"es","potentialAction":[{"@type":"ReadAction","target":["https:\/\/www.steelfb.com\/es\/departamento-tecnico\/"]}]},{"@type":"ImageObject","inLanguage":"es","@id":"https:\/\/www.steelfb.com\/es\/departamento-tecnico\/#primaryimage","url":"https:\/\/www.steelfb.com\/wp-content\/uploads\/2022\/04\/Optimized-ben-allan-BIeC4YK2MTA-unsplash.jpg","contentUrl":"https:\/\/www.steelfb.com\/wp-content\/uploads\/2022\/04\/Optimized-ben-allan-BIeC4YK2MTA-unsplash.jpg"},{"@type":"BreadcrumbList","@id":"https:\/\/www.steelfb.com\/es\/departamento-tecnico\/#breadcrumb","itemListElement":[{"@type":"ListItem","position":1,"name":"Home","item":"https:\/\/www.steelfb.com\/es\/"},{"@type":"ListItem","position":2,"name":"Departamento t\u00e9cnico"}]},{"@type":"WebSite","@id":"https:\/\/www.steelfb.com\/es\/#website","url":"https:\/\/www.steelfb.com\/es\/","name":"Steel for Bricks","description":"","publisher":{"@id":"https:\/\/www.steelfb.com\/es\/#organization"},"potentialAction":[{"@type":"SearchAction","target":{"@type":"EntryPoint","urlTemplate":"https:\/\/www.steelfb.com\/es\/?s={search_term_string}"},"query-input":{"@type":"PropertyValueSpecification","valueRequired":true,"valueName":"search_term_string"}}],"inLanguage":"es"},{"@type":"Organization","@id":"https:\/\/www.steelfb.com\/es\/#organization","name":"STEEL FOR BRICKS","url":"https:\/\/www.steelfb.com\/es\/","logo":{"@type":"ImageObject","inLanguage":"es","@id":"https:\/\/www.steelfb.com\/es\/#\/schema\/logo\/image\/","url":"https:\/\/www.steelfb.com\/wp-content\/uploads\/2022\/03\/cropped-favicon-logo-sfb.png","contentUrl":"https:\/\/www.steelfb.com\/wp-content\/uploads\/2022\/03\/cropped-favicon-logo-sfb.png","width":512,"height":512,"caption":"STEEL FOR BRICKS"},"image":{"@id":"https:\/\/www.steelfb.com\/es\/#\/schema\/logo\/image\/"}}]}},"_links":{"self":[{"href":"https:\/\/www.steelfb.com\/es\/wp-json\/wp\/v2\/pages\/79","targetHints":{"allow":["GET"]}}],"collection":[{"href":"https:\/\/www.steelfb.com\/es\/wp-json\/wp\/v2\/pages"}],"about":[{"href":"https:\/\/www.steelfb.com\/es\/wp-json\/wp\/v2\/types\/page"}],"author":[{"embeddable":true,"href":"https:\/\/www.steelfb.com\/es\/wp-json\/wp\/v2\/users\/1"}],"replies":[{"embeddable":true,"href":"https:\/\/www.steelfb.com\/es\/wp-json\/wp\/v2\/comments?post=79"}],"version-history":[{"count":6,"href":"https:\/\/www.steelfb.com\/es\/wp-json\/wp\/v2\/pages\/79\/revisions"}],"predecessor-version":[{"id":3183,"href":"https:\/\/www.steelfb.com\/es\/wp-json\/wp\/v2\/pages\/79\/revisions\/3183"}],"wp:attachment":[{"href":"https:\/\/www.steelfb.com\/es\/wp-json\/wp\/v2\/media?parent=79"}],"curies":[{"name":"wp","href":"https:\/\/api.w.org\/{rel}","templated":true}]}}