{"id":36,"date":"2021-10-31T02:25:18","date_gmt":"2021-10-31T01:25:18","guid":{"rendered":"https:\/\/www.steelfb.com\/?page_id=36"},"modified":"2022-05-31T16:05:30","modified_gmt":"2022-05-31T14:05:30","slug":"contacto","status":"publish","type":"page","link":"https:\/\/www.steelfb.com\/es\/contacto\/","title":{"rendered":"Contacto"},"content":{"rendered":"\n<h1 class=\"wp-block-heading\">Contacto<\/h1>\n\n\n\n<div class=\"wp-block-columns is-layout-flex wp-container-core-columns-is-layout-9d6595d7 wp-block-columns-is-layout-flex\">\n<div class=\"wp-block-column is-layout-flow wp-block-column-is-layout-flow\">\n<div class=\"wpcf7 no-js\" id=\"wpcf7-f2203-o1\" lang=\"es-ES\" dir=\"ltr\" data-wpcf7-id=\"2203\">\n<div class=\"screen-reader-response\"><p role=\"status\" aria-live=\"polite\" aria-atomic=\"true\"><\/p> <ul><\/ul><\/div>\n<form action=\"\/es\/wp-json\/wp\/v2\/pages\/36#wpcf7-f2203-o1\" method=\"post\" class=\"wpcf7-form init e90e17bd99eb cmatic-conn cmatic-aud-1 cmatic-mapd0-0 cmatic-v0978 cmatic-sent-0 cmatic-total-6\" aria-label=\"Formulario de contacto\" novalidate=\"novalidate\" data-status=\"init\">\n<fieldset class=\"hidden-fields-container\"><input type=\"hidden\" name=\"_wpcf7\" value=\"2203\" \/><input type=\"hidden\" name=\"_wpcf7_version\" value=\"6.1.5\" \/><input type=\"hidden\" name=\"_wpcf7_locale\" value=\"es_ES\" \/><input type=\"hidden\" name=\"_wpcf7_unit_tag\" value=\"wpcf7-f2203-o1\" \/><input type=\"hidden\" name=\"_wpcf7_container_post\" value=\"0\" \/><input type=\"hidden\" name=\"_wpcf7_posted_data_hash\" value=\"\" \/>\n<\/fieldset>\n<p><label> Nombre*<br \/>\n<span class=\"wpcf7-form-control-wrap\" data-name=\"your-name\"><input size=\"40\" maxlength=\"400\" class=\"wpcf7-form-control wpcf7-text wpcf7-validates-as-required\" aria-required=\"true\" aria-invalid=\"false\" value=\"\" type=\"text\" name=\"your-name\" \/><\/span> <\/label><br \/>\n<span id=\"wpcf7-69e3626be23c2-wrapper\" class=\"wpcf7-form-control-wrap email-wrap\" ><input type=\"hidden\" name=\"email-time-start\" value=\"1776509547\"><input type=\"hidden\" name=\"email-time-check\" value=\"4\"><label for=\"wpcf7-69e3626be23c2-field\" class=\"hp-message\">Por favor, deja este campo vac\u00edo.<\/label><input id=\"wpcf7-69e3626be23c2-field\"  class=\"wpcf7-form-control wpcf7-text\" type=\"text\" name=\"email\" value=\"\" size=\"40\" tabindex=\"-1\" autocomplete=\"new-password\" \/><\/span><br \/>\n<label> E-mail*<br \/>\n<span class=\"wpcf7-form-control-wrap\" data-name=\"your-email\"><input size=\"40\" maxlength=\"400\" class=\"wpcf7-form-control wpcf7-email wpcf7-validates-as-required wpcf7-text wpcf7-validates-as-email\" aria-required=\"true\" aria-invalid=\"false\" value=\"\" type=\"email\" name=\"your-email\" \/><\/span> <\/label>\n<\/p>\n<p><label> Tel\u00e9fono*<br \/>\n<span class=\"wpcf7-form-control-wrap\" data-name=\"your-phone\"><input size=\"40\" maxlength=\"400\" class=\"wpcf7-form-control wpcf7-text wpcf7-validates-as-required\" aria-required=\"true\" aria-invalid=\"false\" value=\"\" type=\"text\" name=\"your-phone\" \/><\/span> <\/label>\n<\/p>\n<p><label> Empresa<br \/>\n<span class=\"wpcf7-form-control-wrap\" data-name=\"your-company\"><input size=\"40\" maxlength=\"400\" class=\"wpcf7-form-control wpcf7-text\" aria-invalid=\"false\" value=\"\" type=\"text\" name=\"your-company\" \/><\/span> <\/label>\n<\/p>\n<p><label> \u00bfEn qu\u00e9 podemos ayudarle?*<br \/>\n<span class=\"wpcf7-form-control-wrap\" data-name=\"your-subject\"><input size=\"40\" maxlength=\"400\" class=\"wpcf7-form-control wpcf7-text wpcf7-validates-as-required\" aria-required=\"true\" aria-invalid=\"false\" value=\"\" type=\"text\" name=\"your-subject\" \/><\/span> <\/label>\n<\/p>\n<p><label> M\u00e1s detalles<br \/>\n<span class=\"wpcf7-form-control-wrap\" data-name=\"your-message\"><textarea cols=\"40\" rows=\"10\" maxlength=\"2000\" class=\"wpcf7-form-control wpcf7-textarea\" aria-invalid=\"false\" name=\"your-message\"><\/textarea><\/span> <\/label>\n<\/p>\n<p><small>* Campos obligatorios<\/small>\n<\/p>\n<p><small><br \/>\nInformaci\u00f3n b\u00e1sica sobre protecci\u00f3n de datos:<br \/>\n<\/small>\n<\/p>\n<ul class=\"small\">\n\t<li>\n\t\t<p>RESPONSABLE: Steel for Bricks GZ S.L. \/ B99121519 \/Pol\u00edgono Industrial El Saco, Parcela 10, 50172, Alfajar\u00edn, Zaragoza\/ administracion@steelfb.com \/ 976790640\n\t\t<\/p>\n\t<\/li>\n\t<li>\n\t\t<p>FINALIDAD PRINCIPAL: Gestionar la potencial relaci\u00f3n comercial\/profesional. Atender las consultas o remitir la informaci\u00f3n que nos solicita.\n\t\t<\/p>\n\t<\/li>\n\t<li>\n\t\t<p>DERECHOS: Acceso, rectificaci\u00f3n, supresi\u00f3n y portabilidad de sus datos, de limitaci\u00f3n y oposici\u00f3n a su tratamiento, as\u00ed como a no ser objeto de decisiones basadas \u00fanicamente en el tratamiento automatizado de sus datos, cuando procedan.\n\t\t<\/p>\n\t<\/li>\n\t<li>\n\t\t<p>INFORMACI\u00d3N ADICIONAL: Puede consultar la informaci\u00f3n adicional y detallada sobre nuestra Pol\u00edtica de Privacidad en https:\/\/www.steelfb.com\/es\/politica-de-privacidad\/\n\t\t<\/p>\n\t<\/li>\n<\/ul>\n<p><span class=\"wpcf7-form-control-wrap\" data-name=\"your-acceptance\"><span class=\"wpcf7-form-control wpcf7-acceptance\"><span class=\"wpcf7-list-item\"><label><input type=\"checkbox\" name=\"your-acceptance\" value=\"1\" aria-invalid=\"false\" \/><span class=\"wpcf7-list-item-label\">Declaro haber entendido la informaci\u00f3n facilitada y consiento el tratamiento que se efectuar\u00e1 de mis datos de car\u00e1cter personal.<\/span><\/label><\/span><\/span><\/span>\n<\/p>\n<p>En caso de que desee recibir informaci\u00f3n marque la siguiente casilla:\n<\/p>\n<p><span class=\"wpcf7-form-control-wrap\" data-name=\"your-comunicaciones\"><span class=\"wpcf7-form-control wpcf7-acceptance optional\"><span class=\"wpcf7-list-item\"><label><input type=\"checkbox\" name=\"your-comunicaciones\" value=\"1\" aria-invalid=\"false\" \/><span class=\"wpcf7-list-item-label\">Autorizo al env\u00edo de comunicaciones informativas relativas a las actividades, productos o servicios por correo postal, correo electr\u00f3nico o cualquier otro medio electr\u00f3nico equivalente.<\/span><\/label><\/span><\/span><\/span>\n<\/p>\n<p><input class=\"wpcf7-form-control wpcf7-submit has-spinner\" type=\"submit\" value=\"Enviar consulta\" \/>\n<\/p><div class=\"wpcf7-response-output\" aria-hidden=\"true\"><\/div>\n<\/form>\n<\/div>\n\n<\/div>\n\n\n\n<div class=\"wp-block-column is-layout-flow wp-block-column-is-layout-flow\">\n<p><strong><strong>Ventas Internacional:<br><a href=\"tel:0034682497973\">+34 682 49 79 73<\/a><br><a href=\"mailto:export@steelfb.com\">export@steelfb.com<\/a><\/strong><\/strong><br><br><strong><strong>Ventas Espa\u00f1a:<\/strong><\/strong><br>Distribuidor: Geohidrol<strong><strong><br><a href=\"tel:+34916742689\">+34 91 674 26 89<\/a><br><\/strong><\/strong><a href=\"mailto:geohidrol@geohidrol.com\"><strong>geohidrol@geohidrol.com<\/strong><\/a><\/p>\n\n\n\n<figure class=\"wp-block-image size-full\"><img loading=\"lazy\" decoding=\"async\" width=\"155\" height=\"73\" src=\"https:\/\/www.steelfb.com\/wp-content\/uploads\/2022\/01\/geo-hidrol.png\" alt=\"\" class=\"wp-image-617\"\/><\/figure>\n\n\n\n<p><strong>Oficina<br><\/strong>Pol\u00edgono Industrial El Saco, Parcela 10 <br>E-50172 Alfajar\u00edn. Zaragoza (Spain) <\/p>\n\n\n\n<p><strong>F\u00e1brica<\/strong><br>Pol\u00edgono Industrial Malpica, Calle F, n\u00ba 23. <br>E-50016 Zaragoza (Spain)<\/p>\n<\/div>\n<\/div>\n\n\n\n<div class=\"wp-block-group alignfull no-container has-background\" style=\"background-color:#f2f2f2\"><div class=\"wp-block-group__inner-container is-layout-flow wp-block-group-is-layout-flow\">\n<iframe src=\"https:\/\/www.google.com\/maps\/embed?pb=!1m18!1m12!1m3!1d2980.7184975711293!2d-0.7976493839043416!3d41.66182378689872!2m3!1f0!2f0!3f0!3m2!1i1024!2i768!4f13.1!3m3!1m2!1s0xd5918a597da6773%3A0x55be02e651f93597!2sSteel%20for%20Bricks%20Refuerzos%20estructurales%20met%C3%A1licos!5e0!3m2!1ses!2ses!4v1636916405152!5m2!1ses!2ses\" width=\"100%\" height=\"450\" style=\"border:0;\" allowfullscreen=\"\" loading=\"lazy\"><\/iframe>\n<\/div><\/div>\n","protected":false},"excerpt":{"rendered":"<p>Contacto Ventas Internacional:+34 682 49 79 73export@steelfb.com Ventas Espa\u00f1a:Distribuidor: Geohidrol+34 91 674 26 89geohidrol@geohidrol.com OficinaPol\u00edgono Industrial El Saco, Parcela 10 E-50172 Alfajar\u00edn. Zaragoza (Spain) F\u00e1bricaPol\u00edgono [&#8230;]<\/p>\n<p><a class=\"understrap-read-more-link\" href=\"https:\/\/www.steelfb.com\/es\/contacto\/\">Seguir leyendo<\/a><\/p>\n","protected":false},"author":1,"featured_media":0,"parent":0,"menu_order":50,"comment_status":"closed","ping_status":"closed","template":"","meta":{"_acf_changed":false,"inline_featured_image":false,"footnotes":""},"class_list":["post-36","page","type-page","status-publish","hentry"],"acf":[],"yoast_head":"<!-- This site is optimized with the Yoast SEO plugin v27.4 - https:\/\/yoast.com\/product\/yoast-seo-wordpress\/ -->\n<title>Contacto Espa\u00f1a - Steel for Bricks<\/title>\n<meta name=\"description\" content=\"Ventas nacional 976 790 640 info@steelfb.com Oficina Pol\u00edgono Industrial El Saco, Parcela 10 E-50172 Alfajar\u00edn. Zaragoza (Spain)\" \/>\n<meta name=\"robots\" content=\"index, follow, max-snippet:-1, max-image-preview:large, max-video-preview:-1\" \/>\n<link rel=\"canonical\" href=\"https:\/\/www.steelfb.com\/es\/contacto\/\" \/>\n<meta property=\"og:locale\" content=\"es_ES\" \/>\n<meta property=\"og:type\" content=\"article\" \/>\n<meta property=\"og:title\" content=\"Contacto Espa\u00f1a - Steel for Bricks\" \/>\n<meta property=\"og:description\" content=\"Ventas nacional 976 790 640 info@steelfb.com Oficina Pol\u00edgono Industrial El Saco, Parcela 10 E-50172 Alfajar\u00edn. Zaragoza (Spain)\" \/>\n<meta property=\"og:url\" content=\"https:\/\/www.steelfb.com\/es\/contacto\/\" \/>\n<meta property=\"og:site_name\" content=\"Steel for Bricks\" \/>\n<meta property=\"article:modified_time\" content=\"2022-05-31T14:05:30+00:00\" \/>\n<meta property=\"og:image\" content=\"https:\/\/www.steelfb.com\/wp-content\/uploads\/2022\/01\/geo-hidrol.png\" \/>\n<meta name=\"twitter:card\" content=\"summary_large_image\" \/>\n<meta name=\"twitter:label1\" content=\"Tiempo de lectura\" \/>\n\t<meta name=\"twitter:data1\" content=\"1 minuto\" \/>\n<script type=\"application\/ld+json\" class=\"yoast-schema-graph\">{\"@context\":\"https:\\\/\\\/schema.org\",\"@graph\":[{\"@type\":\"WebPage\",\"@id\":\"https:\\\/\\\/www.steelfb.com\\\/es\\\/contacto\\\/\",\"url\":\"https:\\\/\\\/www.steelfb.com\\\/es\\\/contacto\\\/\",\"name\":\"Contacto Espa\u00f1a - Steel for Bricks\",\"isPartOf\":{\"@id\":\"https:\\\/\\\/www.steelfb.com\\\/es\\\/#website\"},\"primaryImageOfPage\":{\"@id\":\"https:\\\/\\\/www.steelfb.com\\\/es\\\/contacto\\\/#primaryimage\"},\"image\":{\"@id\":\"https:\\\/\\\/www.steelfb.com\\\/es\\\/contacto\\\/#primaryimage\"},\"thumbnailUrl\":\"https:\\\/\\\/www.steelfb.com\\\/wp-content\\\/uploads\\\/2022\\\/01\\\/geo-hidrol.png\",\"datePublished\":\"2021-10-31T01:25:18+00:00\",\"dateModified\":\"2022-05-31T14:05:30+00:00\",\"description\":\"Ventas nacional 976 790 640 info@steelfb.com Oficina Pol\u00edgono Industrial El Saco, Parcela 10 E-50172 Alfajar\u00edn. Zaragoza (Spain)\",\"breadcrumb\":{\"@id\":\"https:\\\/\\\/www.steelfb.com\\\/es\\\/contacto\\\/#breadcrumb\"},\"inLanguage\":\"es\",\"potentialAction\":[{\"@type\":\"ReadAction\",\"target\":[\"https:\\\/\\\/www.steelfb.com\\\/es\\\/contacto\\\/\"]}]},{\"@type\":\"ImageObject\",\"inLanguage\":\"es\",\"@id\":\"https:\\\/\\\/www.steelfb.com\\\/es\\\/contacto\\\/#primaryimage\",\"url\":\"https:\\\/\\\/www.steelfb.com\\\/wp-content\\\/uploads\\\/2022\\\/01\\\/geo-hidrol.png\",\"contentUrl\":\"https:\\\/\\\/www.steelfb.com\\\/wp-content\\\/uploads\\\/2022\\\/01\\\/geo-hidrol.png\"},{\"@type\":\"BreadcrumbList\",\"@id\":\"https:\\\/\\\/www.steelfb.com\\\/es\\\/contacto\\\/#breadcrumb\",\"itemListElement\":[{\"@type\":\"ListItem\",\"position\":1,\"name\":\"Home\",\"item\":\"https:\\\/\\\/www.steelfb.com\\\/es\\\/\"},{\"@type\":\"ListItem\",\"position\":2,\"name\":\"Contacto\"}]},{\"@type\":\"WebSite\",\"@id\":\"https:\\\/\\\/www.steelfb.com\\\/es\\\/#website\",\"url\":\"https:\\\/\\\/www.steelfb.com\\\/es\\\/\",\"name\":\"Steel for Bricks\",\"description\":\"\",\"publisher\":{\"@id\":\"https:\\\/\\\/www.steelfb.com\\\/es\\\/#organization\"},\"potentialAction\":[{\"@type\":\"SearchAction\",\"target\":{\"@type\":\"EntryPoint\",\"urlTemplate\":\"https:\\\/\\\/www.steelfb.com\\\/es\\\/?s={search_term_string}\"},\"query-input\":{\"@type\":\"PropertyValueSpecification\",\"valueRequired\":true,\"valueName\":\"search_term_string\"}}],\"inLanguage\":\"es\"},{\"@type\":\"Organization\",\"@id\":\"https:\\\/\\\/www.steelfb.com\\\/es\\\/#organization\",\"name\":\"STEEL FOR BRICKS\",\"url\":\"https:\\\/\\\/www.steelfb.com\\\/es\\\/\",\"logo\":{\"@type\":\"ImageObject\",\"inLanguage\":\"es\",\"@id\":\"https:\\\/\\\/www.steelfb.com\\\/es\\\/#\\\/schema\\\/logo\\\/image\\\/\",\"url\":\"https:\\\/\\\/www.steelfb.com\\\/wp-content\\\/uploads\\\/2022\\\/03\\\/cropped-favicon-logo-sfb.png\",\"contentUrl\":\"https:\\\/\\\/www.steelfb.com\\\/wp-content\\\/uploads\\\/2022\\\/03\\\/cropped-favicon-logo-sfb.png\",\"width\":512,\"height\":512,\"caption\":\"STEEL FOR BRICKS\"},\"image\":{\"@id\":\"https:\\\/\\\/www.steelfb.com\\\/es\\\/#\\\/schema\\\/logo\\\/image\\\/\"}}]}<\/script>\n<!-- \/ Yoast SEO plugin. -->","yoast_head_json":{"title":"Contacto Espa\u00f1a - Steel for Bricks","description":"Ventas nacional 976 790 640 info@steelfb.com Oficina Pol\u00edgono Industrial El Saco, Parcela 10 E-50172 Alfajar\u00edn. Zaragoza (Spain)","robots":{"index":"index","follow":"follow","max-snippet":"max-snippet:-1","max-image-preview":"max-image-preview:large","max-video-preview":"max-video-preview:-1"},"canonical":"https:\/\/www.steelfb.com\/es\/contacto\/","og_locale":"es_ES","og_type":"article","og_title":"Contacto Espa\u00f1a - Steel for Bricks","og_description":"Ventas nacional 976 790 640 info@steelfb.com Oficina Pol\u00edgono Industrial El Saco, Parcela 10 E-50172 Alfajar\u00edn. Zaragoza (Spain)","og_url":"https:\/\/www.steelfb.com\/es\/contacto\/","og_site_name":"Steel for Bricks","article_modified_time":"2022-05-31T14:05:30+00:00","og_image":[{"url":"https:\/\/www.steelfb.com\/wp-content\/uploads\/2022\/01\/geo-hidrol.png","type":"","width":"","height":""}],"twitter_card":"summary_large_image","twitter_misc":{"Tiempo de lectura":"1 minuto"},"schema":{"@context":"https:\/\/schema.org","@graph":[{"@type":"WebPage","@id":"https:\/\/www.steelfb.com\/es\/contacto\/","url":"https:\/\/www.steelfb.com\/es\/contacto\/","name":"Contacto Espa\u00f1a - Steel for Bricks","isPartOf":{"@id":"https:\/\/www.steelfb.com\/es\/#website"},"primaryImageOfPage":{"@id":"https:\/\/www.steelfb.com\/es\/contacto\/#primaryimage"},"image":{"@id":"https:\/\/www.steelfb.com\/es\/contacto\/#primaryimage"},"thumbnailUrl":"https:\/\/www.steelfb.com\/wp-content\/uploads\/2022\/01\/geo-hidrol.png","datePublished":"2021-10-31T01:25:18+00:00","dateModified":"2022-05-31T14:05:30+00:00","description":"Ventas nacional 976 790 640 info@steelfb.com Oficina Pol\u00edgono Industrial El Saco, Parcela 10 E-50172 Alfajar\u00edn. Zaragoza (Spain)","breadcrumb":{"@id":"https:\/\/www.steelfb.com\/es\/contacto\/#breadcrumb"},"inLanguage":"es","potentialAction":[{"@type":"ReadAction","target":["https:\/\/www.steelfb.com\/es\/contacto\/"]}]},{"@type":"ImageObject","inLanguage":"es","@id":"https:\/\/www.steelfb.com\/es\/contacto\/#primaryimage","url":"https:\/\/www.steelfb.com\/wp-content\/uploads\/2022\/01\/geo-hidrol.png","contentUrl":"https:\/\/www.steelfb.com\/wp-content\/uploads\/2022\/01\/geo-hidrol.png"},{"@type":"BreadcrumbList","@id":"https:\/\/www.steelfb.com\/es\/contacto\/#breadcrumb","itemListElement":[{"@type":"ListItem","position":1,"name":"Home","item":"https:\/\/www.steelfb.com\/es\/"},{"@type":"ListItem","position":2,"name":"Contacto"}]},{"@type":"WebSite","@id":"https:\/\/www.steelfb.com\/es\/#website","url":"https:\/\/www.steelfb.com\/es\/","name":"Steel for Bricks","description":"","publisher":{"@id":"https:\/\/www.steelfb.com\/es\/#organization"},"potentialAction":[{"@type":"SearchAction","target":{"@type":"EntryPoint","urlTemplate":"https:\/\/www.steelfb.com\/es\/?s={search_term_string}"},"query-input":{"@type":"PropertyValueSpecification","valueRequired":true,"valueName":"search_term_string"}}],"inLanguage":"es"},{"@type":"Organization","@id":"https:\/\/www.steelfb.com\/es\/#organization","name":"STEEL FOR BRICKS","url":"https:\/\/www.steelfb.com\/es\/","logo":{"@type":"ImageObject","inLanguage":"es","@id":"https:\/\/www.steelfb.com\/es\/#\/schema\/logo\/image\/","url":"https:\/\/www.steelfb.com\/wp-content\/uploads\/2022\/03\/cropped-favicon-logo-sfb.png","contentUrl":"https:\/\/www.steelfb.com\/wp-content\/uploads\/2022\/03\/cropped-favicon-logo-sfb.png","width":512,"height":512,"caption":"STEEL FOR BRICKS"},"image":{"@id":"https:\/\/www.steelfb.com\/es\/#\/schema\/logo\/image\/"}}]}},"_links":{"self":[{"href":"https:\/\/www.steelfb.com\/es\/wp-json\/wp\/v2\/pages\/36","targetHints":{"allow":["GET"]}}],"collection":[{"href":"https:\/\/www.steelfb.com\/es\/wp-json\/wp\/v2\/pages"}],"about":[{"href":"https:\/\/www.steelfb.com\/es\/wp-json\/wp\/v2\/types\/page"}],"author":[{"embeddable":true,"href":"https:\/\/www.steelfb.com\/es\/wp-json\/wp\/v2\/users\/1"}],"replies":[{"embeddable":true,"href":"https:\/\/www.steelfb.com\/es\/wp-json\/wp\/v2\/comments?post=36"}],"version-history":[{"count":8,"href":"https:\/\/www.steelfb.com\/es\/wp-json\/wp\/v2\/pages\/36\/revisions"}],"predecessor-version":[{"id":2687,"href":"https:\/\/www.steelfb.com\/es\/wp-json\/wp\/v2\/pages\/36\/revisions\/2687"}],"wp:attachment":[{"href":"https:\/\/www.steelfb.com\/es\/wp-json\/wp\/v2\/media?parent=36"}],"curies":[{"name":"wp","href":"https:\/\/api.w.org\/{rel}","templated":true}]}}