{"id":209,"date":"2021-11-17T02:19:18","date_gmt":"2021-11-17T01:19:18","guid":{"rendered":"https:\/\/www.steelfb.com\/?page_id=209"},"modified":"2022-04-20T11:11:10","modified_gmt":"2022-04-20T09:11:10","slug":"condiciones-de-venta","status":"publish","type":"page","link":"https:\/\/www.steelfb.com\/es\/condiciones-de-venta\/","title":{"rendered":"Condiciones de venta"},"content":{"rendered":"\n<h1 class=\"wp-block-heading\">Condiciones de venta<\/h1>\n\n\n\n<p><strong>1.- PLAZOS.<\/strong><\/p>\n\n\n\n<p>Salvo que se acuerde otra cosa por escrito, cada uno de los pagos aplazados ser\u00e1 considerado un contrato independiente entre el Vendedor y el Comprador.<\/p>\n\n\n\n<p><strong>2.- INCREMENTO DE PRECIO.<\/strong><\/p>\n\n\n\n<p>El Vendedor se reserva el derecho de incrementar el precio de la mercanc\u00eda notific\u00e1ndolo en cualquier momento previo a la entrega. Si considera que dicho incremento de precio no es razonable, el Comprador podr\u00e1, mediante notificaci\u00f3n efectuada por escrito en el plazo de siete d\u00edas a partir de la fecha en que recibi\u00f3 la notificaci\u00f3n del Vendedor, anular las entregas aplazadas todav\u00eda no realizadas ni en tr\u00e1nsito a la fecha de la recepci\u00f3n por parte del Vendedor de la notificaci\u00f3n del Comprador.<\/p>\n\n\n\n<p><strong>3.- PESO, VOLUMEN Y MEDIDAS DE LA MERCANC\u00cdA.<\/strong><\/p>\n\n\n\n<p>El peso y volumen de la mercanc\u00eda se determinar\u00e1 en la f\u00e1brica o almac\u00e9n del Vendedor o del Agente del Vendedor. El peso, volumen y medidas as\u00ed determinados y declarados por el vendedor o el Agente del Vendedor, ser\u00e1n considerados el peso, volumen y medidas de la mercanc\u00eda entregada, salvo que el comprador o el Agente del Comprador notifique cualquier discrepancia con arreglo a la Cl\u00e1usula 14 (c) recogida m\u00e1s adelante.<\/p>\n\n\n\n<p><strong>4.- TOLERANCIA DE CANTIDADES.<\/strong><\/p>\n\n\n\n<p>El Vendedor se reserva el derecho de entregar, contra cualquier pedido, un exceso o deficiencia de hasta un 10% del peso, volumen, medidas o cantidades pedidas.<\/p>\n\n\n\n<p><strong>5.- GARANT\u00cdAS Y RESPONSABILIDADES.<\/strong><\/p>\n\n\n\n<p>a) El Vendedor garantiza que la mercanc\u00eda cumple las especificaciones indicadas por el Vendedor para las mercanc\u00edas establecidas en su momento como generales. El Vendedor no garantiza la adecuaci\u00f3n de la mercanc\u00eda para ning\u00fan prop\u00f3sito en particular, aun cuando dicho prop\u00f3sito sea conocido, y no se considerar\u00e1 impl\u00edcita ninguna garant\u00eda de esta clase en la denominaci\u00f3n bajo la que se vende la mercanc\u00eda.<\/p>\n\n\n\n<p>b) La responsabilidad contractual y extracontractual del Vendedor por cualesquiera p\u00e9rdidas o da\u00f1os que se deriven (se deban o no a negligencia del propio Vendedor), directa o indirectamente, del suministro o utilizaci\u00f3n de la mercanc\u00eda o del embalaje, palets o contenedores mediante los que se entregue la mercanc\u00eda, se limitar\u00e1n al valor facturado de la entrega de la que deriven los da\u00f1os o p\u00e9rdidas.<\/p>\n\n\n\n<p>c) En ninguna circunstancia ser\u00e1 responsable el Vendedor de ning\u00fan tipo de da\u00f1os o p\u00e9rdidas econ\u00f3micos consecuenciales de cualquiera que sea el modo en que se produzcan.<\/p>\n\n\n\n<p><strong>6.- FUERZA MAYOR<\/strong><\/p>\n\n\n\n<p>Ninguna de las partes ser\u00e1 responsable ante la otra si, debido a cualquier causa que se encuentre fuera del control razonable de (o, razonablemente, no hubiera podido ser evitada), cualquiera de las partes, el Comprador se viere impedido o se demorase en hacerse cargo de la entrega, o el Vendedor se viere impedido u obstaculizado o se demorase en realizar la entrega de la mercanc\u00eda o cualquier parte de ella en el tiempo fijado para la misma.<\/p>\n\n\n\n<p><strong>7.- APTITUD DE LAS INSTALACIONES DE ALMACENAJE Y LOS VEH\u00cdCULOS DE RECOGIDA.<\/strong><\/p>\n\n\n\n<p>a) El Vendedor se reserva el derecho de negarse, en cualquier momento y sin necesidad de notificarlo, a efectuar la entrega de cualquier cantidad de mercanc\u00eda sin incurrir en responsabilidad alguna a consecuencia de ello, si, a juicio del Vendedor, el dep\u00f3sito de almacenaje o cualquier otra instalaci\u00f3n al que haya de trasladarse dicha cantidad de mercanc\u00eda en la entrega al Comprador no son adecuadas, debido a ser inaccesibles a dicho transporte, peligrosos para las personas o los bienes, o contravengan cualquier norma legal, reglamentaria, estatutaria o cualquier norma vigente. En este caso, el Vendedor tendr\u00e1 derecho a cobrar al Comprador todos los gastos de transporte y otros gastos razonables pagaderos por el Vendedor. No obstante, cuando se realiza una entrega por parte del Vendedor de cualquier cantidad de mercanc\u00eda, dicha entrega no se considerar\u00e1 en forma alguna reconocimiento por parte del Vendedor de la aptitud del dep\u00f3sito de almacenaje o de las instalaciones anteriormente mencionadas.<\/p>\n\n\n\n<p>b) El Comprador garantiza que cualquier veh\u00edculo o contenedor de recogida proporcionado por el Comprador, o por cualquier persona que act\u00fae en nombre y representaci\u00f3n del Comprador, cumple toda la legislaci\u00f3n pertinente y todos los requisitos de seguridad e higiene aplicables, y aunque el Vendedor podr\u00e1 inspeccionarlos con el fin de comprobar la aptitud y las condiciones de seguridad de estos veh\u00edculos y equipos, en ninguna circunstancia se considerar\u00e1 al vendedor responsable de la aptitud o el estado en que se encuentren los mismos, ni por cualesquiera da\u00f1os o p\u00e9rdidas derivados de los mismos.<\/p>\n\n\n\n<p><strong>8.- NO REALIZACI\u00d3N O RECEPCI\u00d3N DE LA ENTREGA.<\/strong><\/p>\n\n\n\n<p>a) Si el vendedor no realiza la entrega de la mercanc\u00eda o de cualquier parte de ella dentro de un retraso razonable respecto de las fechas estipuladas para la entrega por cualquier causa que no sean las mencionadas en las anteriores Cl\u00e1usulas 6 y 7, la responsabilidad del Vendedor en relaci\u00f3n con esta omisi\u00f3n se limitar\u00e1 al exceso acreditado (si lo hubiere) sobre el precio previsto en el presente Contrato del coste que le suponga al Comprador la adquisici\u00f3n de mercanc\u00eda similar para sustituir a la no entregada (habiendo procurado razonablemente adquirir tal mercanc\u00eda en el mercado m\u00e1s barato disponible y razonablemente conveniente).<\/p>\n\n\n\n<p>b) Sin perjuicio de lo previsto en la anterior Cl\u00e1usula 1, si el comprador no efect\u00faa la recepci\u00f3n de la entrega de la mercanc\u00eda o cualquier parte de la misma en las fechas se\u00f1aladas para la entrega debido a cualquier causa que no sean las mencionadas en la anterior cl\u00e1usula 6, el Vendedor estar\u00e1 facultado para cancelar dicha entrega y todas las entregas pendientes restantes o aplazadas y cobrar al Comprador cualesquiera p\u00e9rdidas sufridas.<\/p>\n\n\n\n<p><strong>9.- ENTREGA Y RIESGOS.<\/strong><\/p>\n\n\n\n<p>Mientras no se indique otra cosa, independientemente de qui\u00e9n pague el flete y el seguro o el flete, la mercanc\u00eda se considerar\u00e1 entregada y transmitidos los riesgos al comprador cuando hayan sido colocados sobre el veh\u00edculo de transporte las mercanc\u00edas, contenedores, palets, etc.<\/p>\n\n\n\n<p>En el caso de indicarse otra cosa, a petici\u00f3n del Comprador previa aceptaci\u00f3n por parte del Vendedor, se considerar\u00e1 efectuada la entrega y transmitidos los riesgos al comprador:<\/p>\n\n\n\n<p>a) En el supuesto que la mercanc\u00eda sea recogida por el Comprador o por cualquier persona designada por \u00e9l o que act\u00fae en representaci\u00f3n del mismo (EX WORKS): cuando la mercanc\u00eda, contenedores, palets. etc. hayan sido colocadas en el veh\u00edculo que los transporta.<\/p>\n\n\n\n<p>b) En el supuesto que la mercanc\u00eda se transporte por buque (FOB): cuando las mercanc\u00edas hayan sobrepasado la borda del buque en el puerto de embarque.<\/p>\n\n\n\n<p>c) En el supuesto que las mercanc\u00edas se transporten por ferrocarril o cami\u00f3n (FCA, FAS) cuando las mercanc\u00edas hayan sido colocadas sobre el veh\u00edculo que las transporta.<\/p>\n\n\n\n<p>d) Cuando la mercanc\u00eda se haya vendido encarg\u00e1ndose el Vendedor del transporte y\/o seguro (CFR, CIF, CPT, CIP), se considerar\u00e1 efectuada la entrega y los riesgos ser\u00e1n de cargo del Comprador cuando la mercanc\u00eda est\u00e9 depositada sobre el veh\u00edculo que lo transporta. En el supuesto que la entrega se haga en el lugar de destino o en frontera (DAP, DAT, DDP), se considerar\u00e1 efectuada \u00e9sta: cuando las mercanc\u00edas, contenedores, palets, etc. hayan sobrepasado la borda o el borde del veh\u00edculo que lo transporta.<\/p>\n\n\n\n<p><strong>10.- PROPIEDAD DE LA MERCANC\u00cdA.<\/strong><\/p>\n\n\n\n<p>a) La propiedad de la mercanc\u00eda objeto del presente Contrato \u00fanicamente se transmitir\u00e1 al Comprador mediante la entrega, una vez que el Vendedor haya recibido previamente a la misma el pago \u00edntegro de dicha mercanc\u00eda.<\/p>\n\n\n\n<p>b) En cualesquiera otras circunstancias el Vendedor seguir\u00e1 siendo el titular de la propiedad de la mercanc\u00eda, y el Comprador poseer\u00e1 la mercanc\u00eda en calidad de depositario hasta que la totalidad del pago de la misma haya sido recibida por el Vendedor o, si ocurriese antes, la mercanc\u00eda haya sido transformada o incorporada a otro compuesto o producto.<\/p>\n\n\n\n<p>c) En tanto la propiedad de la mercanc\u00eda siga correspondiendo al vendedor, el Comprador mantendr\u00e1 la mercanc\u00eda en el almac\u00e9n de tal manera separada y sin mezclar que se la identifique como mercanc\u00eda propiedad de Vendedor, o, cuando sea necesario almacenar la mercanc\u00eda en instalaciones con otra mercanc\u00eda de similares caracter\u00edsticas, de manera que se identifique la cantidad de mercanc\u00eda que pertenece al Vendedor y el Vendedor tendr\u00e1 derecho, sin perjuicio de la obligaci\u00f3n del Comprador de adquirir la mercanc\u00eda, a recuperar la posesi\u00f3n de la mercanc\u00eda y a tal fin, entrar en las instalaciones ocupadas por el Comprador.<\/p>\n\n\n\n<p>d) Nada de lo dispuesto en el presente Contrato impedir\u00e1 o limitar\u00e1 la venta por parte del Comprador, en el \u00e1mbito de sus actividades ordinarias de la mercanc\u00eda que haya sido transformada o de compuestos a los que se haya incorporado la mercanc\u00eda, pero si antes de que hubiera recibido su pago total se vendiere, el Comprador poseer\u00e1 en calidad de administrador fiduciario del Vendedor las sumas de dinero cobradas por la venta de tal mercanc\u00eda y que se adeudan al Vendedor.<\/p>\n\n\n\n<p><strong>11.- PAGO.<\/strong><\/p>\n\n\n\n<p>a) El pago se efectuar\u00e1 y recibir\u00e1 no m\u00e1s tarde de la fecha de pago establecida en la factura o cualquiera otra acordada por escrito.<\/p>\n\n\n\n<p>b) El Vendedor se reserva el derecho a cobrar intereses, a un tipo de inter\u00e9s superior a tres puntos (3%) al tipo de inter\u00e9s vigente seg\u00fan EURIBOR para operaciones activas, sobre cualquier suma de dinero no recibida en la fecha mencionada en el anterior subapartado (a) desde dicha fecha hasta aquella en que el Vendedor reciba la totalidad del pago.<\/p>\n\n\n\n<p>c) En el supuesto de que el Comprador no realice cualquier pago debido al Vendedor en la fecha fijada relativo a cualquier otra mercanc\u00eda que sea objeto de venta entre el Vendedor y el Comprador, cualquier cr\u00e9dito proporcionado por el Vendedor en relaci\u00f3n con el presente Contrato podr\u00e1 ser cancelado de inmediato y el precio estipulado en el Contrato que est\u00e9 impagado se considerar\u00e1 vencido a efectos de su pago, sin perjuicio de los derechos del Vendedor contemplados en la anterior Cl\u00e1usula 10.<\/p>\n\n\n\n<p><strong>12.- EMBALAJES, PALETS Y CONTENEDORES.<\/strong><\/p>\n\n\n\n<p>Cuando se estipule que los embalajes, palets y contenedores son retornables, deber\u00e1n ser devueltos, en buen estado y por cuenta del Vendedor, a la f\u00e1brica o dep\u00f3sito indicado en la factura del vendedor, y el Comprador notificar\u00e1 al Vendedor la fecha de expedici\u00f3n de los mismos. Si el Comprador no devuelve en un plazo razonable, y en todo caso dentro de los tres meses posteriores, cualesquiera de tales embalajes, palets y contenedores en buen estado y condici\u00f3n, el Comprador pagar\u00e1 el coste de sustituci\u00f3n de los mismos.<\/p>\n\n\n\n<p><strong>13.- ANULACI\u00d3N.<\/strong><\/p>\n\n\n\n<p>Sin perjuicio de cualesquiera de otros derechos y recursos que pudieran corresponderle, el Vendedor podr\u00e1 aplazar o anular cualquier entrega o pago aplazado de la mercanc\u00eda debido a que el Comprador:<\/p>\n\n\n\n<p>a) No realice cualquier pago a su vencimiento.<\/p>\n\n\n\n<p>b) Alcance cualquier convenio o acuerdo con sus acreedores.<\/p>\n\n\n\n<p>c) Se le nombre Administrador, interventor Judicial o S\u00edndico, o se dicte una resoluci\u00f3n judicial para su liquidaci\u00f3n o un Tribunal dicte mandamiento Judicial a tal efecto.<\/p>\n\n\n\n<p>d) Se dicte una orden judicial de intervenci\u00f3n.<\/p>\n\n\n\n<p>e) Incumpla cualquiera de los t\u00e9rminos y condiciones del presente Contrato.<\/p>\n\n\n\n<p><strong>14.- RECLAMACIONES.<\/strong><\/p>\n\n\n\n<p>a) Todas las reclamaciones por da\u00f1os o p\u00e9rdidas parciales sufridas por la mercanc\u00eda en tr\u00e1nsito deber\u00e1n presentarse por escrito a la entidad aseguradora y al Vendedor o al Agente del Vendedor en el plazo de tres d\u00edas a partir de la entrega, y deber\u00e1 endosarse la nota de entrega como corresponde.<\/p>\n\n\n\n<p>b) Todas las reclamaciones por falta de entrega de la totalidad o parte de una expedici\u00f3n o de cualquier bulto separado que forme parte de una expedici\u00f3n deber\u00e1 presentarse por escrito a la entidad aseguradora y al Vendedor o al Agente del Vendedor dentro de los siete d\u00edas posteriores a la recepci\u00f3n por el Comprador o el Agente del Comprador de la factura o, si es anterior, al aviso de expedici\u00f3n.<\/p>\n\n\n\n<p>c) Tan pronto como sea razonablemente factible y en cualquier caso dentro de los siete d\u00edas posteriores a la recepci\u00f3n de la mercanc\u00eda, el Comprador la examinar\u00e1 con el fin de comprobar si se ajusta a lo establecido en el Contrato, y, si no se ajustare, lo notificar\u00e1 por escrito inmediatamente al Vendedor aportando datos suficientes. El Comprador permitir\u00e1 al Vendedor la investigaci\u00f3n de los asuntos relacionados con dicha notificaci\u00f3n antes de que el resto de la mercanc\u00eda comprendida en la misma expedici\u00f3n sea utilizada o devuelta al Vendedor.<\/p>\n\n\n\n<p>d) A falta de notificaci\u00f3n en forma de reclamaci\u00f3n o de cualquier otra manera con arreglo a lo dispuesto en los anteriores apartados (a), (b) o (c), se entender\u00e1 ha sido entregada y aceptada de conformidad con lo establecido en el Contrato.<\/p>\n\n\n\n<p><strong>15.- MARCAS Y PATENTES.<\/strong><\/p>\n\n\n\n<p>a) Nada de lo expresado o impl\u00edcitamente contenido en el presente Contrato se considerar\u00e1 que otorga ning\u00fan tipo de derechos al Comprador para utilizar ninguna marca que sea propiedad del Vendedor o de cualquiera de sus sociedades asociadas o sea utilizada por \u00e9stos en r\u00e9gimen de licencia sobre la mercanc\u00eda suministrada de acuerdo con el presente Contrato.<\/p>\n\n\n\n<p>b) Si el Vendedor fabricare o adaptare la mercanc\u00eda de acuerdo con las especificaciones del Comprador, el Comprador indemnizar\u00e1 al Vendedor frente a todos los costes, reclamaciones y gastos en que incurra el Vendedor en relaci\u00f3n con cualquier infracci\u00f3n, real o presunta, por parte de dicha mercanc\u00eda de cualesquiera patentes, dise\u00f1os registrados, marcas comerciales u otros derechos pertenecientes a terceros.<\/p>\n\n\n\n<p><strong>16.- PROHIBICI\u00d3N DE CESI\u00d3N.<\/strong><\/p>\n\n\n\n<p>El Comprador no podr\u00e1 ceder el presente Contrato sin el consentimiento previo manifestado por escrito del Vendedor.<\/p>\n\n\n\n<p><strong>17.- MODIFICACI\u00d3N DE LAS CONDICIONES.<\/strong><\/p>\n\n\n\n<p>Ninguno de los t\u00e9rminos o condiciones contenidos en el pedido, condiciones de compras y otras comunicaciones del Comprador anular\u00e1 o modificar\u00e1 ninguna de las presentes Condiciones de Venta, las cuales no podr\u00e1n ser anuladas ni modificadas, ni por separado ni en su conjunto, sin el consentimiento previo manifestado por escrito del Vendedor.<\/p>\n","protected":false},"excerpt":{"rendered":"<p>Condiciones de venta 1.- PLAZOS. Salvo que se acuerde otra cosa por escrito, cada uno de los pagos aplazados ser\u00e1 considerado un contrato independiente entre [&#8230;]<\/p>\n<p><a class=\"understrap-read-more-link\" href=\"https:\/\/www.steelfb.com\/es\/condiciones-de-venta\/\">Seguir leyendo<\/a><\/p>\n","protected":false},"author":1,"featured_media":0,"parent":0,"menu_order":99,"comment_status":"closed","ping_status":"closed","template":"","meta":{"_acf_changed":false,"inline_featured_image":false,"footnotes":""},"class_list":["post-209","page","type-page","status-publish","hentry"],"acf":[],"yoast_head":"<!-- This site is optimized with the Yoast SEO plugin v27.4 - https:\/\/yoast.com\/product\/yoast-seo-wordpress\/ -->\n<title>Condiciones de venta - Steel for Bricks<\/title>\n<meta name=\"description\" content=\"Steel for Bricks Salvo acuerdo por escrito, cada uno de los pagos aplazados ser\u00e1 considerado un contrato independiente entre Vendedor y Comprador\" \/>\n<meta name=\"robots\" content=\"index, follow, max-snippet:-1, max-image-preview:large, max-video-preview:-1\" \/>\n<link rel=\"canonical\" href=\"https:\/\/www.steelfb.com\/es\/condiciones-de-venta\/\" \/>\n<meta property=\"og:locale\" content=\"es_ES\" \/>\n<meta property=\"og:type\" content=\"article\" \/>\n<meta property=\"og:title\" content=\"Condiciones de venta - Steel for Bricks\" \/>\n<meta property=\"og:description\" content=\"Steel for Bricks Salvo acuerdo por escrito, cada uno de los pagos aplazados ser\u00e1 considerado un contrato independiente entre Vendedor y Comprador\" \/>\n<meta property=\"og:url\" content=\"https:\/\/www.steelfb.com\/es\/condiciones-de-venta\/\" \/>\n<meta property=\"og:site_name\" content=\"Steel for Bricks\" \/>\n<meta property=\"article:modified_time\" content=\"2022-04-20T09:11:10+00:00\" \/>\n<meta name=\"twitter:card\" content=\"summary_large_image\" \/>\n<meta name=\"twitter:label1\" content=\"Tiempo de lectura\" \/>\n\t<meta name=\"twitter:data1\" content=\"10 minutos\" \/>\n<script type=\"application\/ld+json\" class=\"yoast-schema-graph\">{\"@context\":\"https:\\\/\\\/schema.org\",\"@graph\":[{\"@type\":\"WebPage\",\"@id\":\"https:\\\/\\\/www.steelfb.com\\\/es\\\/condiciones-de-venta\\\/\",\"url\":\"https:\\\/\\\/www.steelfb.com\\\/es\\\/condiciones-de-venta\\\/\",\"name\":\"Condiciones de venta - Steel for Bricks\",\"isPartOf\":{\"@id\":\"https:\\\/\\\/www.steelfb.com\\\/es\\\/#website\"},\"datePublished\":\"2021-11-17T01:19:18+00:00\",\"dateModified\":\"2022-04-20T09:11:10+00:00\",\"description\":\"Steel for Bricks Salvo acuerdo por escrito, cada uno de los pagos aplazados ser\u00e1 considerado un contrato independiente entre Vendedor y Comprador\",\"breadcrumb\":{\"@id\":\"https:\\\/\\\/www.steelfb.com\\\/es\\\/condiciones-de-venta\\\/#breadcrumb\"},\"inLanguage\":\"es\",\"potentialAction\":[{\"@type\":\"ReadAction\",\"target\":[\"https:\\\/\\\/www.steelfb.com\\\/es\\\/condiciones-de-venta\\\/\"]}]},{\"@type\":\"BreadcrumbList\",\"@id\":\"https:\\\/\\\/www.steelfb.com\\\/es\\\/condiciones-de-venta\\\/#breadcrumb\",\"itemListElement\":[{\"@type\":\"ListItem\",\"position\":1,\"name\":\"Home\",\"item\":\"https:\\\/\\\/www.steelfb.com\\\/es\\\/\"},{\"@type\":\"ListItem\",\"position\":2,\"name\":\"Condiciones de venta\"}]},{\"@type\":\"WebSite\",\"@id\":\"https:\\\/\\\/www.steelfb.com\\\/es\\\/#website\",\"url\":\"https:\\\/\\\/www.steelfb.com\\\/es\\\/\",\"name\":\"Steel for Bricks\",\"description\":\"\",\"publisher\":{\"@id\":\"https:\\\/\\\/www.steelfb.com\\\/es\\\/#organization\"},\"potentialAction\":[{\"@type\":\"SearchAction\",\"target\":{\"@type\":\"EntryPoint\",\"urlTemplate\":\"https:\\\/\\\/www.steelfb.com\\\/es\\\/?s={search_term_string}\"},\"query-input\":{\"@type\":\"PropertyValueSpecification\",\"valueRequired\":true,\"valueName\":\"search_term_string\"}}],\"inLanguage\":\"es\"},{\"@type\":\"Organization\",\"@id\":\"https:\\\/\\\/www.steelfb.com\\\/es\\\/#organization\",\"name\":\"STEEL FOR BRICKS\",\"url\":\"https:\\\/\\\/www.steelfb.com\\\/es\\\/\",\"logo\":{\"@type\":\"ImageObject\",\"inLanguage\":\"es\",\"@id\":\"https:\\\/\\\/www.steelfb.com\\\/es\\\/#\\\/schema\\\/logo\\\/image\\\/\",\"url\":\"https:\\\/\\\/www.steelfb.com\\\/wp-content\\\/uploads\\\/2022\\\/03\\\/cropped-favicon-logo-sfb.png\",\"contentUrl\":\"https:\\\/\\\/www.steelfb.com\\\/wp-content\\\/uploads\\\/2022\\\/03\\\/cropped-favicon-logo-sfb.png\",\"width\":512,\"height\":512,\"caption\":\"STEEL FOR BRICKS\"},\"image\":{\"@id\":\"https:\\\/\\\/www.steelfb.com\\\/es\\\/#\\\/schema\\\/logo\\\/image\\\/\"}}]}<\/script>\n<!-- \/ Yoast SEO plugin. -->","yoast_head_json":{"title":"Condiciones de venta - Steel for Bricks","description":"Steel for Bricks Salvo acuerdo por escrito, cada uno de los pagos aplazados ser\u00e1 considerado un contrato independiente entre Vendedor y Comprador","robots":{"index":"index","follow":"follow","max-snippet":"max-snippet:-1","max-image-preview":"max-image-preview:large","max-video-preview":"max-video-preview:-1"},"canonical":"https:\/\/www.steelfb.com\/es\/condiciones-de-venta\/","og_locale":"es_ES","og_type":"article","og_title":"Condiciones de venta - Steel for Bricks","og_description":"Steel for Bricks Salvo acuerdo por escrito, cada uno de los pagos aplazados ser\u00e1 considerado un contrato independiente entre Vendedor y Comprador","og_url":"https:\/\/www.steelfb.com\/es\/condiciones-de-venta\/","og_site_name":"Steel for Bricks","article_modified_time":"2022-04-20T09:11:10+00:00","twitter_card":"summary_large_image","twitter_misc":{"Tiempo de lectura":"10 minutos"},"schema":{"@context":"https:\/\/schema.org","@graph":[{"@type":"WebPage","@id":"https:\/\/www.steelfb.com\/es\/condiciones-de-venta\/","url":"https:\/\/www.steelfb.com\/es\/condiciones-de-venta\/","name":"Condiciones de venta - Steel for Bricks","isPartOf":{"@id":"https:\/\/www.steelfb.com\/es\/#website"},"datePublished":"2021-11-17T01:19:18+00:00","dateModified":"2022-04-20T09:11:10+00:00","description":"Steel for Bricks Salvo acuerdo por escrito, cada uno de los pagos aplazados ser\u00e1 considerado un contrato independiente entre Vendedor y Comprador","breadcrumb":{"@id":"https:\/\/www.steelfb.com\/es\/condiciones-de-venta\/#breadcrumb"},"inLanguage":"es","potentialAction":[{"@type":"ReadAction","target":["https:\/\/www.steelfb.com\/es\/condiciones-de-venta\/"]}]},{"@type":"BreadcrumbList","@id":"https:\/\/www.steelfb.com\/es\/condiciones-de-venta\/#breadcrumb","itemListElement":[{"@type":"ListItem","position":1,"name":"Home","item":"https:\/\/www.steelfb.com\/es\/"},{"@type":"ListItem","position":2,"name":"Condiciones de venta"}]},{"@type":"WebSite","@id":"https:\/\/www.steelfb.com\/es\/#website","url":"https:\/\/www.steelfb.com\/es\/","name":"Steel for Bricks","description":"","publisher":{"@id":"https:\/\/www.steelfb.com\/es\/#organization"},"potentialAction":[{"@type":"SearchAction","target":{"@type":"EntryPoint","urlTemplate":"https:\/\/www.steelfb.com\/es\/?s={search_term_string}"},"query-input":{"@type":"PropertyValueSpecification","valueRequired":true,"valueName":"search_term_string"}}],"inLanguage":"es"},{"@type":"Organization","@id":"https:\/\/www.steelfb.com\/es\/#organization","name":"STEEL FOR BRICKS","url":"https:\/\/www.steelfb.com\/es\/","logo":{"@type":"ImageObject","inLanguage":"es","@id":"https:\/\/www.steelfb.com\/es\/#\/schema\/logo\/image\/","url":"https:\/\/www.steelfb.com\/wp-content\/uploads\/2022\/03\/cropped-favicon-logo-sfb.png","contentUrl":"https:\/\/www.steelfb.com\/wp-content\/uploads\/2022\/03\/cropped-favicon-logo-sfb.png","width":512,"height":512,"caption":"STEEL FOR BRICKS"},"image":{"@id":"https:\/\/www.steelfb.com\/es\/#\/schema\/logo\/image\/"}}]}},"_links":{"self":[{"href":"https:\/\/www.steelfb.com\/es\/wp-json\/wp\/v2\/pages\/209","targetHints":{"allow":["GET"]}}],"collection":[{"href":"https:\/\/www.steelfb.com\/es\/wp-json\/wp\/v2\/pages"}],"about":[{"href":"https:\/\/www.steelfb.com\/es\/wp-json\/wp\/v2\/types\/page"}],"author":[{"embeddable":true,"href":"https:\/\/www.steelfb.com\/es\/wp-json\/wp\/v2\/users\/1"}],"replies":[{"embeddable":true,"href":"https:\/\/www.steelfb.com\/es\/wp-json\/wp\/v2\/comments?post=209"}],"version-history":[{"count":1,"href":"https:\/\/www.steelfb.com\/es\/wp-json\/wp\/v2\/pages\/209\/revisions"}],"predecessor-version":[{"id":2591,"href":"https:\/\/www.steelfb.com\/es\/wp-json\/wp\/v2\/pages\/209\/revisions\/2591"}],"wp:attachment":[{"href":"https:\/\/www.steelfb.com\/es\/wp-json\/wp\/v2\/media?parent=209"}],"curies":[{"name":"wp","href":"https:\/\/api.w.org\/{rel}","templated":true}]}}