{"id":207,"date":"2021-11-17T02:18:42","date_gmt":"2021-11-17T01:18:42","guid":{"rendered":"https:\/\/www.steelfb.com\/?page_id=207"},"modified":"2026-04-17T23:28:17","modified_gmt":"2026-04-17T21:28:17","slug":"aviso-legal","status":"publish","type":"page","link":"https:\/\/www.steelfb.com\/es\/aviso-legal\/","title":{"rendered":"Aviso legal"},"content":{"rendered":"\n<h1 class=\"wp-block-heading\">Aviso legal<\/h1>\n\n\n\n<p>Con la finalidad de dar cumplimiento al art\u00edculo 10 de la Ley 34\/2002 de Servicios de la Sociedad de la Informaci\u00f3n y Comercio Electr\u00f3nico, informamos al usuario de nuestros datos:<\/p>\n\n\n\n<ul class=\"wp-block-list\">\n<li><strong>DENOMINACI\u00d3N SOCIAL<\/strong>: STEEL FOR BRICKS GZ S.L. (en adelante, \u201cSteelfb\u201d)<\/li>\n\n\n\n<li><strong>NIF<\/strong>: B99121519<\/li>\n\n\n\n<li><strong>DOMICILIO SOCIAL<\/strong>: P.I. Alfajar\u00edn, P 10. ES-50172, ALFAJAR\u00cdN, ZARAGOZA<\/li>\n\n\n\n<li><strong>CONTACTO<\/strong>: <br><strong>Tel\u00e9fono<\/strong>: 976814802<br><strong>Email<\/strong>: administracion@steelfb.com<\/li>\n\n\n\n<li><strong>DATOS DE INSCRIPCI\u00d3N EN EL REGISTRO MERCANTIL<\/strong>:<br><strong>Tomo<\/strong>: 3424<br><strong>Folio<\/strong>: 162<br><strong>Hoja<\/strong>: Z-41864<\/li>\n<\/ul>\n\n\n\n<h2 class=\"wp-block-heading\">Introducci\u00f3n.<\/h2>\n\n\n\n<ol class=\"wp-block-list\"><\/ol>\n\n\n\n<p>Los presentes TERMINOS Y CONDICIONES DE USO DEL SITIO WEB, regulan los t\u00e9rminos y condiciones de acceso y uso de www.steelfb.com, en adelante el \u201c<strong>Sitio Web<\/strong>\u201d, que el usuario del Sitio Web deber\u00e1 de leer y aceptar para usar todos los servicios e informaci\u00f3n que se facilitan desde el Sitio Web.<\/p>\n\n\n\n<p>El usuario, as\u00ed como Steelfb, podr\u00e1n ser denominados conjuntamente como las partes.&nbsp;&nbsp;<\/p>\n\n\n\n<p>El mero acceso o utilizaci\u00f3n del Sitio Web, de todos o parte de sus contenidos y servicios significa la plena aceptaci\u00f3n de las presentes condiciones de uso. La puesta a disposici\u00f3n y el uso del Sitio Web se entiende sometida al estricto cumplimiento de los t\u00e9rminos recogidos en las presentes condiciones de uso del Sitio Web.<\/p>\n\n\n\n<h2 class=\"wp-block-heading\">T\u00e9rminos y condiciones de uso.<\/h2>\n\n\n\n<p>Los presentes t\u00e9rminos y condiciones de uso del Sitio Web, en adelante \u201c<strong>TERMINOS Y CONDICIONES DE USO DEL SITIO WEB<\/strong>\u201d regulan el acceso y la utilizaci\u00f3n del Sitio Web, incluyendo los contenidos y los servicios puestos a disposici\u00f3n de los usuarios en y\/o a trav\u00e9s del Sitio Web, bien por Steelfb bien por sus usuarios o por cualquier tercero. No obstante, el acceso y la utilizaci\u00f3n de ciertos contenidos y\/o servicios pueden encontrarse sometidos a determinadas condiciones espec\u00edficas.<\/p>\n\n\n\n<h2 class=\"wp-block-heading\">Modificaciones. <\/h2>\n\n\n\n<p>Steelfb se reserva la facultad de modificar en cualquier momento los presentes t\u00e9rminos y condiciones de uso del sitio web. En todo caso, se recomienda consultar peri\u00f3dicamente las mismas, ya que pueden ser modificadas.<\/p>\n\n\n\n<h2 class=\"wp-block-heading\">Informaci\u00f3n y servicios. <\/h2>\n\n\n\n<p>Los usuarios pueden acceder a trav\u00e9s del Sitio Web a diferente tipo de informaci\u00f3n y servicios. Steelfb se reserva la facultad de modificar, en cualquier momento, y sin aviso previo, la presentaci\u00f3n y configuraci\u00f3n de la informaci\u00f3n y servicios ofrecidos desde el Sitio Web. El usuario reconoce y acepta expresamente que en cualquier momento Steelfb pueda interrumpir, desactivar y\/o cancelar cualquier informaci\u00f3n o servicio. Steelfb realizar\u00e1 sus mejores esfuerzos para intentar garantizar la disponibilidad y accesibilidad a la web. No obstante, en ocasiones, por razones de mantenimiento, actualizaci\u00f3n, cambio de ubicaci\u00f3n, etc., podr\u00e1 suponer la interrupci\u00f3n del acceso al Sitio Web.&nbsp;&nbsp; &nbsp;&nbsp;<\/p>\n\n\n\n<h2 class=\"wp-block-heading\">Disponibilidad de la informaci\u00f3n y servicios del Sitio Web.<\/h2>\n\n\n\n<p>Steelfb no garantiza la disponibilidad continua y permanente de los servicios, quedando de este modo exonerado de cualquier responsabilidad por posibles da\u00f1os y perjuicios causados como consecuencia de la falta de disponibilidad del servicio por motivos de fuerza mayor o errores en las redes telem\u00e1ticas de transferencia de datos, ajenos a su voluntad, o por desconexiones realizadas por trabajos de mejora o mantenimiento de los equipos y sistemas inform\u00e1ticos. &nbsp;&nbsp;<\/p>\n\n\n\n<p>En estos casos, Steelfb har\u00e1 sus mejores esfuerzos por devolver los servicios a su plena disponibilidad, as\u00ed como, para notificar sobre la posible falta de disponibilidad de los mismos. Steelfb no ser\u00e1 responsable por la interrupci\u00f3n, suspensi\u00f3n o finalizaci\u00f3n de la informaci\u00f3n o servicios. Asimismo, no se responsabiliza de las posibles omisiones, p\u00e9rdidas de informaci\u00f3n, datos, configuraciones, accesos indebidos o vulneraci\u00f3n de la confidencialidad que tengan origen en problemas t\u00e9cnicos, de comunicaciones u omisiones humanas, causadas por terceros o no imputables a Steelfb. Tampoco responder\u00e1 de los da\u00f1os producidos por ataques inform\u00e1ticos o causados por virus que afecten a programas inform\u00e1ticos, sistemas de comunicaciones o equipos utilizados por Steelfb, pero fabricados o facilitados por un tercero. &nbsp;&nbsp;&nbsp;&nbsp;&nbsp;<\/p>\n\n\n\n<p>Steelfb podr\u00e1, a su sola discreci\u00f3n, denegar, retirar, suspender y\/o bloquear en cualquier momento y sin necesidad de previo aviso el acceso a la informaci\u00f3n y servicios a aquellos usuarios que incumplan las presentes normas.<\/p>\n\n\n\n<h2 class=\"wp-block-heading\">Responsabilidad del Sitio Web.<\/h2>\n\n\n\n<p>Exceptuando los casos que la ley imponga expresamente lo contrario, y exclusivamente con la medida y extensi\u00f3n en que lo imponga, Steelfb no garantiza ni asume responsabilidad alguna respecto a los posibles da\u00f1os y perjuicios causados por el uso y utilizaci\u00f3n de la informaci\u00f3n, datos y servicios del Sitio Web.<\/p>\n\n\n\n<h2 class=\"wp-block-heading\">Obligaciones del usuario.<\/h2>\n\n\n\n<p>El usuario deber\u00e1 respetar en todo momento los presentes t\u00e9rminos y condiciones de uso del Sitio Web. De forma expresa el usuario manifiesta que utilizar\u00e1 el Sitio Web de forma diligente y asumiendo cualquier responsabilidad que pudiera derivarse del incumplimiento de las normas.<\/p>\n\n\n\n<p>El usuario se obliga, en aquellos casos que se le soliciten datos o informaci\u00f3n, a no falsear su identidad haci\u00e9ndose pasar por cualquier otra persona. El usuario no podr\u00e1 utilizar el Sitio Web para actividades contrarias a la ley, la moral y el orden p\u00fablico, as\u00ed como, para finalidades prohibidas o que vulneren o lesionen derechos de terceros.<\/p>\n\n\n\n<p>Asimismo, queda prohibida la difusi\u00f3n, almacenamiento y\/o gesti\u00f3n de datos o contenidos que infrinjan derechos de terceros o cualesquiera normativas reguladoras de derechos de propiedad intelectual o industrial.<\/p>\n\n\n\n<p>El usuario no podr\u00e1 utilizar el Sitio Web para transmitir, almacenar, divulgar promover o distribuir datos o contenidos que sean portadores de virus o cualquier otro c\u00f3digo inform\u00e1tico, archivos o programas dise\u00f1ados para interrumpir, destruir o perjudicar el funcionamiento de cualquier programa o equipo inform\u00e1tico o de telecomunicaciones.<\/p>\n\n\n\n<p>El usuario se obliga a indemnizar y a mantener indemne a Steelfb por cualquier da\u00f1o, perjuicio, sanci\u00f3n, multa, pena o indemnizaci\u00f3n que tenga que hacer frente Steelfb como consecuencia del incumplimiento por parte del usuario de las obligaciones contenidas en el presente documento.<\/p>\n\n\n\n<h2 class=\"wp-block-heading\">Datos de car\u00e1cter personal.<\/h2>\n\n\n\n<p>La informaci\u00f3n o datos personales que facilite el usuario ser\u00e1n tratados con arreglo a lo establecido en la Pol\u00edtica de Privacidad incluida en este Sitio Web.<\/p>\n\n\n\n<h2 class=\"wp-block-heading\">Propiedad intelectual e industrial.<\/h2>\n\n\n\n<p><a>Todos los contenidos, marcas, logos, dibujos, documentaci\u00f3n, programas inform\u00e1ticos o cualquier otro elemento susceptible de protecci\u00f3n por la legislaci\u00f3n de propiedad intelectual o industrial, que sean accesibles en el Sitio Web corresponden exclusivamente a <\/a>Steelfb o a sus leg\u00edtimos titulares y quedan expresamente reservados todos los derechos sobre los mismos. Queda expresamente prohibida la creaci\u00f3n de enlaces de hipertexto (links) a cualquier elemento integrante del Sitio Web sin la autorizaci\u00f3n de Steelfb.<\/p>\n\n\n\n<p>En cualquier caso, Steelfb se reserva todos los derechos sobre los contenidos, informaci\u00f3n datos y servicios que ostente sobre los mismos. Steelfb no concede ninguna licencia o autorizaci\u00f3n de uso al usuario sobre sus contenidos, datos o servicios, distinta de la que expresamente se detalle en los presentes t\u00e9rminos y condiciones de uso del sitio web. &nbsp;&nbsp;<\/p>\n\n\n\n<h2 class=\"wp-block-heading\">Legislaci\u00f3n aplicable, jurisdicci\u00f3n competente y notificaciones.<\/h2>\n\n\n\n<p>Los presentes t\u00e9rminos y condiciones de uso del Sitio Web se rigen y se interpretan de acuerdo con las Leyes de Espa\u00f1a. Para cualquier reclamaci\u00f3n ser\u00e1n competentes los juzgados y tribunales del territorio espa\u00f1ol. Todas las notificaciones, requerimientos, peticiones y otras comunicaciones que el usuario desee efectuar a Steelfb titular del presente Sitio Web, deber\u00e1n realizarse por escrito y se entender\u00e1 que han sido correctamente realizadas cuando hayan sido recibidas en la siguiente <a href=\"mailto:administracion@steelfb.com\">administracion@steelfb.com<\/a><\/p>\n","protected":false},"excerpt":{"rendered":"<p>Aviso legal Con la finalidad de dar cumplimiento al art\u00edculo 10 de la Ley 34\/2002 de Servicios de la Sociedad de la Informaci\u00f3n y Comercio [&#8230;]<\/p>\n<p><a class=\"understrap-read-more-link\" href=\"https:\/\/www.steelfb.com\/es\/aviso-legal\/\">Seguir leyendo<\/a><\/p>\n","protected":false},"author":1,"featured_media":0,"parent":0,"menu_order":99,"comment_status":"closed","ping_status":"closed","template":"","meta":{"_acf_changed":false,"inline_featured_image":false,"footnotes":""},"class_list":["post-207","page","type-page","status-publish","hentry"],"acf":[],"yoast_head":"<!-- This site is optimized with the Yoast SEO plugin v27.4 - https:\/\/yoast.com\/product\/yoast-seo-wordpress\/ -->\n<title>Aviso legal - Steel for Bricks<\/title>\n<meta name=\"robots\" content=\"index, follow, max-snippet:-1, max-image-preview:large, max-video-preview:-1\" \/>\n<link rel=\"canonical\" href=\"https:\/\/www.steelfb.com\/es\/aviso-legal\/\" \/>\n<meta property=\"og:locale\" content=\"es_ES\" \/>\n<meta property=\"og:type\" content=\"article\" \/>\n<meta property=\"og:title\" content=\"Aviso legal - Steel for Bricks\" \/>\n<meta property=\"og:description\" content=\"Aviso legal Con la finalidad de dar cumplimiento al art\u00edculo 10 de la Ley 34\/2002 de Servicios de la Sociedad de la Informaci\u00f3n y Comercio [...]Seguir leyendo\" \/>\n<meta property=\"og:url\" content=\"https:\/\/www.steelfb.com\/es\/aviso-legal\/\" \/>\n<meta property=\"og:site_name\" content=\"Steel for Bricks\" \/>\n<meta property=\"article:modified_time\" content=\"2026-04-17T21:28:17+00:00\" \/>\n<meta name=\"twitter:card\" content=\"summary_large_image\" \/>\n<meta name=\"twitter:label1\" content=\"Tiempo de lectura\" \/>\n\t<meta name=\"twitter:data1\" content=\"6 minutos\" \/>\n<script type=\"application\/ld+json\" class=\"yoast-schema-graph\">{\"@context\":\"https:\\\/\\\/schema.org\",\"@graph\":[{\"@type\":\"WebPage\",\"@id\":\"https:\\\/\\\/www.steelfb.com\\\/es\\\/aviso-legal\\\/\",\"url\":\"https:\\\/\\\/www.steelfb.com\\\/es\\\/aviso-legal\\\/\",\"name\":\"Aviso legal - Steel for Bricks\",\"isPartOf\":{\"@id\":\"https:\\\/\\\/www.steelfb.com\\\/es\\\/#website\"},\"datePublished\":\"2021-11-17T01:18:42+00:00\",\"dateModified\":\"2026-04-17T21:28:17+00:00\",\"breadcrumb\":{\"@id\":\"https:\\\/\\\/www.steelfb.com\\\/es\\\/aviso-legal\\\/#breadcrumb\"},\"inLanguage\":\"es\",\"potentialAction\":[{\"@type\":\"ReadAction\",\"target\":[\"https:\\\/\\\/www.steelfb.com\\\/es\\\/aviso-legal\\\/\"]}]},{\"@type\":\"BreadcrumbList\",\"@id\":\"https:\\\/\\\/www.steelfb.com\\\/es\\\/aviso-legal\\\/#breadcrumb\",\"itemListElement\":[{\"@type\":\"ListItem\",\"position\":1,\"name\":\"Home\",\"item\":\"https:\\\/\\\/www.steelfb.com\\\/es\\\/\"},{\"@type\":\"ListItem\",\"position\":2,\"name\":\"Aviso legal\"}]},{\"@type\":\"WebSite\",\"@id\":\"https:\\\/\\\/www.steelfb.com\\\/es\\\/#website\",\"url\":\"https:\\\/\\\/www.steelfb.com\\\/es\\\/\",\"name\":\"Steel for Bricks\",\"description\":\"\",\"publisher\":{\"@id\":\"https:\\\/\\\/www.steelfb.com\\\/es\\\/#organization\"},\"potentialAction\":[{\"@type\":\"SearchAction\",\"target\":{\"@type\":\"EntryPoint\",\"urlTemplate\":\"https:\\\/\\\/www.steelfb.com\\\/es\\\/?s={search_term_string}\"},\"query-input\":{\"@type\":\"PropertyValueSpecification\",\"valueRequired\":true,\"valueName\":\"search_term_string\"}}],\"inLanguage\":\"es\"},{\"@type\":\"Organization\",\"@id\":\"https:\\\/\\\/www.steelfb.com\\\/es\\\/#organization\",\"name\":\"STEEL FOR BRICKS\",\"url\":\"https:\\\/\\\/www.steelfb.com\\\/es\\\/\",\"logo\":{\"@type\":\"ImageObject\",\"inLanguage\":\"es\",\"@id\":\"https:\\\/\\\/www.steelfb.com\\\/es\\\/#\\\/schema\\\/logo\\\/image\\\/\",\"url\":\"https:\\\/\\\/www.steelfb.com\\\/wp-content\\\/uploads\\\/2022\\\/03\\\/cropped-favicon-logo-sfb.png\",\"contentUrl\":\"https:\\\/\\\/www.steelfb.com\\\/wp-content\\\/uploads\\\/2022\\\/03\\\/cropped-favicon-logo-sfb.png\",\"width\":512,\"height\":512,\"caption\":\"STEEL FOR BRICKS\"},\"image\":{\"@id\":\"https:\\\/\\\/www.steelfb.com\\\/es\\\/#\\\/schema\\\/logo\\\/image\\\/\"}}]}<\/script>\n<!-- \/ Yoast SEO plugin. -->","yoast_head_json":{"title":"Aviso legal - Steel for Bricks","robots":{"index":"index","follow":"follow","max-snippet":"max-snippet:-1","max-image-preview":"max-image-preview:large","max-video-preview":"max-video-preview:-1"},"canonical":"https:\/\/www.steelfb.com\/es\/aviso-legal\/","og_locale":"es_ES","og_type":"article","og_title":"Aviso legal - Steel for Bricks","og_description":"Aviso legal Con la finalidad de dar cumplimiento al art\u00edculo 10 de la Ley 34\/2002 de Servicios de la Sociedad de la Informaci\u00f3n y Comercio [...]Seguir leyendo","og_url":"https:\/\/www.steelfb.com\/es\/aviso-legal\/","og_site_name":"Steel for Bricks","article_modified_time":"2026-04-17T21:28:17+00:00","twitter_card":"summary_large_image","twitter_misc":{"Tiempo de lectura":"6 minutos"},"schema":{"@context":"https:\/\/schema.org","@graph":[{"@type":"WebPage","@id":"https:\/\/www.steelfb.com\/es\/aviso-legal\/","url":"https:\/\/www.steelfb.com\/es\/aviso-legal\/","name":"Aviso legal - Steel for Bricks","isPartOf":{"@id":"https:\/\/www.steelfb.com\/es\/#website"},"datePublished":"2021-11-17T01:18:42+00:00","dateModified":"2026-04-17T21:28:17+00:00","breadcrumb":{"@id":"https:\/\/www.steelfb.com\/es\/aviso-legal\/#breadcrumb"},"inLanguage":"es","potentialAction":[{"@type":"ReadAction","target":["https:\/\/www.steelfb.com\/es\/aviso-legal\/"]}]},{"@type":"BreadcrumbList","@id":"https:\/\/www.steelfb.com\/es\/aviso-legal\/#breadcrumb","itemListElement":[{"@type":"ListItem","position":1,"name":"Home","item":"https:\/\/www.steelfb.com\/es\/"},{"@type":"ListItem","position":2,"name":"Aviso legal"}]},{"@type":"WebSite","@id":"https:\/\/www.steelfb.com\/es\/#website","url":"https:\/\/www.steelfb.com\/es\/","name":"Steel for Bricks","description":"","publisher":{"@id":"https:\/\/www.steelfb.com\/es\/#organization"},"potentialAction":[{"@type":"SearchAction","target":{"@type":"EntryPoint","urlTemplate":"https:\/\/www.steelfb.com\/es\/?s={search_term_string}"},"query-input":{"@type":"PropertyValueSpecification","valueRequired":true,"valueName":"search_term_string"}}],"inLanguage":"es"},{"@type":"Organization","@id":"https:\/\/www.steelfb.com\/es\/#organization","name":"STEEL FOR BRICKS","url":"https:\/\/www.steelfb.com\/es\/","logo":{"@type":"ImageObject","inLanguage":"es","@id":"https:\/\/www.steelfb.com\/es\/#\/schema\/logo\/image\/","url":"https:\/\/www.steelfb.com\/wp-content\/uploads\/2022\/03\/cropped-favicon-logo-sfb.png","contentUrl":"https:\/\/www.steelfb.com\/wp-content\/uploads\/2022\/03\/cropped-favicon-logo-sfb.png","width":512,"height":512,"caption":"STEEL FOR BRICKS"},"image":{"@id":"https:\/\/www.steelfb.com\/es\/#\/schema\/logo\/image\/"}}]}},"_links":{"self":[{"href":"https:\/\/www.steelfb.com\/es\/wp-json\/wp\/v2\/pages\/207","targetHints":{"allow":["GET"]}}],"collection":[{"href":"https:\/\/www.steelfb.com\/es\/wp-json\/wp\/v2\/pages"}],"about":[{"href":"https:\/\/www.steelfb.com\/es\/wp-json\/wp\/v2\/types\/page"}],"author":[{"embeddable":true,"href":"https:\/\/www.steelfb.com\/es\/wp-json\/wp\/v2\/users\/1"}],"replies":[{"embeddable":true,"href":"https:\/\/www.steelfb.com\/es\/wp-json\/wp\/v2\/comments?post=207"}],"version-history":[{"count":4,"href":"https:\/\/www.steelfb.com\/es\/wp-json\/wp\/v2\/pages\/207\/revisions"}],"predecessor-version":[{"id":4762,"href":"https:\/\/www.steelfb.com\/es\/wp-json\/wp\/v2\/pages\/207\/revisions\/4762"}],"wp:attachment":[{"href":"https:\/\/www.steelfb.com\/es\/wp-json\/wp\/v2\/media?parent=207"}],"curies":[{"name":"wp","href":"https:\/\/api.w.org\/{rel}","templated":true}]}}