{"id":14,"date":"2021-10-29T16:35:11","date_gmt":"2021-10-29T14:35:11","guid":{"rendered":"https:\/\/www.steelfb.com\/?page_id=14"},"modified":"2024-01-30T10:29:44","modified_gmt":"2024-01-30T09:29:44","slug":"conocenos","status":"publish","type":"page","link":"https:\/\/www.steelfb.com\/es\/conocenos\/","title":{"rendered":"Con\u00f3cenos"},"content":{"rendered":"\n<h1 class=\"wp-block-heading\">Steel for Bricks, a la vanguardia en productos para la construcci\u00f3n<\/h1>\n\n\n\n<div class=\"wp-block-columns is-layout-flex wp-container-core-columns-is-layout-9d6595d7 wp-block-columns-is-layout-flex\">\n<div class=\"wp-block-column is-layout-flow wp-block-column-is-layout-flow\">\n<p><meta charset=\"utf-8\">SFB es una empresa dedicada a la fabricaci\u00f3n de productos para f\u00e1bricas, cimentaci\u00f3n, y estructura. Es el \u00fanico fabricante de armadura de tendel en Espa\u00f1a, bajo las marcas Fisufor\u00ae y Geofor\u00ae y ha sido el primer fabricante europeo en tener marcado CE para los conectores de estructura Geoconnect\u00ae. Contamos con todas las certificaciones obligatorias (marcados CE) y DAUs para conectores de estructura y para nuestro sistema constructivo, el sistema GHAS.<\/p>\n<\/div>\n\n\n\n<div class=\"wp-block-column is-layout-flow wp-block-column-is-layout-flow\">\n<p><meta charset=\"utf-8\">Desde su creaci\u00f3n en 2007, se ha convertido en l\u00edder del mercado espa\u00f1ol. En el a\u00f1o 2009, SFB decidi\u00f3 exportar sus productos con el fin de conseguir una base de negocio estable que le permitiera aumentar su competitividad y desarrollar una l\u00ednea de productos adicionales. Hoy en d\u00eda cuenta con distribuidores en los principales mercados europeos.<\/p>\n<\/div>\n<\/div>\n\n\n\n<div class=\"wp-block-media-text alignwide has-media-on-the-right is-stacked-on-mobile is-image-fill has-white-color has-red-background-color has-text-color has-background\"><div class=\"wp-block-media-text__content\">\n<p class=\"has-small-font-size\">NUESTRO DEPARTAMENTO T\u00c9CNICO EST\u00c1 A TU DISPOSICI\u00d3N<meta charset=\"utf-8\"><\/p>\n\n\n\n<p class=\"has-large-font-size\">Departamento t\u00e9cnico<\/p>\n\n\n\n<p>En caso de necesidad y, en aras de ofrecer la m\u00e1xima seguridad y tranquilidad en el uso de nuestros productos, ponemos a tu disposici\u00f3n nuestro departamento t\u00e9cnico para asesorarte con el correcto c\u00e1lculo y dimensionado de los mismos.<\/p>\n\n\n\n<div class=\"wp-block-buttons is-layout-flex wp-block-buttons-is-layout-flex\">\n<div class=\"wp-block-button\"><a class=\"wp-block-button__link has-blue-background-color has-background wp-element-button\" href=\"https:\/\/www.steelfb.com\/es\/departamento-tecnico\/\">M\u00e1s informaci\u00f3n<\/a><\/div>\n<\/div>\n<\/div><figure class=\"wp-block-media-text__media\" style=\"background-image:url(https:\/\/www.steelfb.com\/wp-content\/uploads\/2022\/04\/Optimized-ben-allan-BIeC4YK2MTA-unsplash.jpg);background-position:50% 50%\"><img loading=\"lazy\" decoding=\"async\" width=\"1200\" height=\"800\" src=\"https:\/\/www.steelfb.com\/wp-content\/uploads\/2022\/04\/Optimized-ben-allan-BIeC4YK2MTA-unsplash.jpg\" alt=\"Steel for Brick\" class=\"wp-image-2516 size-full\" srcset=\"https:\/\/www.steelfb.com\/wp-content\/uploads\/2022\/04\/Optimized-ben-allan-BIeC4YK2MTA-unsplash.jpg 1200w, https:\/\/www.steelfb.com\/wp-content\/uploads\/2022\/04\/Optimized-ben-allan-BIeC4YK2MTA-unsplash-400x267.jpg 400w, https:\/\/www.steelfb.com\/wp-content\/uploads\/2022\/04\/Optimized-ben-allan-BIeC4YK2MTA-unsplash-768x512.jpg 768w\" sizes=\"auto, (max-width: 1200px) 100vw, 1200px\" \/><\/figure><\/div>\n\n\n\n<div style=\"height:44px\" aria-hidden=\"true\" class=\"wp-block-spacer\"><\/div>\n\n\n\n<div class=\"wp-block-columns is-layout-flex wp-container-core-columns-is-layout-9d6595d7 wp-block-columns-is-layout-flex\">\n<div class=\"wp-block-column is-layout-flow wp-block-column-is-layout-flow\" style=\"flex-basis:50%\">\n<p><meta charset=\"utf-8\">Dentro de un proceso de adaptaci\u00f3n a las necesidades de cada mercado y a una filosof\u00eda de innovaci\u00f3n, la empresa ha desarrollado nuevos productos espec\u00edficos para los mercados europeos en los que est\u00e1 presente. Todo este trabajo de desarrollo e innovaci\u00f3n se ha visto avalado por varias patentes, en las armaduras de tendel y los anclajes para f\u00e1bricas.<\/p>\n<\/div>\n\n\n\n<div class=\"wp-block-column is-layout-flow wp-block-column-is-layout-flow\" style=\"flex-basis:50%\">\n<p>Para su expansi\u00f3n internacional y sus proyectos de I+D+i, Steel for Bricks est\u00e1 permanentemente informada de la evoluci\u00f3n y de las novedades m\u00e1s significativas del entorno tecnol\u00f3gico del sector. Cuenta con el apoyo del departamento t\u00e9cnico del Grupo GZ, en el que basa el desarrollo de nuevos productos.<\/p>\n<\/div>\n<\/div>\n\n\n\n<div style=\"height:69px\" aria-hidden=\"true\" class=\"wp-block-spacer\"><\/div>\n\n\n\n<p class=\"has-text-align-center has-large-font-size\"><strong>Steel for Bricks participa en el Grupo GZ,<\/strong><\/p>\n\n\n\n<p class=\"has-text-align-center mx-auto mw-800\">junto con las empresas ZFoam, Geohidrol y TecnoGZ, que desarrollan sus actividades en los sectores de la industria, el embalaje, los aislamientos, la edificaci\u00f3n y la obra civil.<\/p>\n\n\n\n<div style=\"height:44px\" aria-hidden=\"true\" class=\"wp-block-spacer\"><\/div>\n\n\n<div class=\"wp-block-image\">\n<figure class=\"aligncenter size-full\"><img loading=\"lazy\" decoding=\"async\" width=\"180\" height=\"87\" src=\"https:\/\/www.steelfb.com\/wp-content\/uploads\/2022\/01\/Logotipos-GrupoGZ.jpeg\" alt=\"\" class=\"wp-image-615\"\/><\/figure>\n<\/div>\n\n\n<div class=\"d-flex justify-content-center\">\n\n\n\n<figure class=\"wp-block-image size-full mr-2\"><a href=\"https:\/\/www.zfoam.com\/\" target=\"_blank\" rel=\"noopener\"><img loading=\"lazy\" decoding=\"async\" width=\"155\" height=\"73\" src=\"https:\/\/www.steelfb.com\/wp-content\/uploads\/2022\/01\/zfoam-grupo-gz-1.png\" alt=\"\" class=\"wp-image-620\"\/><\/a><\/figure>\n\n\n\n<figure class=\"wp-block-image size-full mr-2\"><a href=\"http:\/\/www.geohidrol.es\/\" target=\"_blank\" rel=\"noopener\"><img loading=\"lazy\" decoding=\"async\" width=\"155\" height=\"73\" src=\"https:\/\/www.steelfb.com\/wp-content\/uploads\/2022\/01\/geo-hidrol.png\" alt=\"\" class=\"wp-image-617\"\/><\/a><\/figure>\n\n\n\n<figure class=\"wp-block-image size-full mr-2\"><a href=\"http:\/\/www.tecnogz.com\/\" target=\"_blank\" rel=\"noopener\"><img loading=\"lazy\" decoding=\"async\" width=\"155\" height=\"73\" src=\"https:\/\/www.steelfb.com\/wp-content\/uploads\/2022\/01\/tecno-gz.png\" alt=\"\" class=\"wp-image-618\"\/><\/a><\/figure>\n\n\n\n<figure class=\"wp-block-image size-full\"><a href=\"http:\/\/www.steelfb.com\/\"><img loading=\"lazy\" decoding=\"async\" width=\"100\" height=\"73\" src=\"https:\/\/www.steelfb.com\/wp-content\/uploads\/2022\/01\/steel-for-bricks.png\" alt=\"\" class=\"wp-image-619\"\/><\/a><\/figure>\n\n\n\n<\/div>\n\n\n\n<div style=\"height:44px\" aria-hidden=\"true\" class=\"wp-block-spacer\"><\/div>\n\n\n\n<div class=\"wp-block-cover alignfull is-light\"><span aria-hidden=\"true\" class=\"wp-block-cover__background has-background-dim\"><\/span><img loading=\"lazy\" decoding=\"async\" width=\"1200\" height=\"800\" class=\"wp-block-cover__image-background wp-image-2516\" alt=\"Steel for Brick\" src=\"https:\/\/www.steelfb.com\/wp-content\/uploads\/2022\/04\/Optimized-ben-allan-BIeC4YK2MTA-unsplash.jpg\" data-object-fit=\"cover\" srcset=\"https:\/\/www.steelfb.com\/wp-content\/uploads\/2022\/04\/Optimized-ben-allan-BIeC4YK2MTA-unsplash.jpg 1200w, https:\/\/www.steelfb.com\/wp-content\/uploads\/2022\/04\/Optimized-ben-allan-BIeC4YK2MTA-unsplash-400x267.jpg 400w, https:\/\/www.steelfb.com\/wp-content\/uploads\/2022\/04\/Optimized-ben-allan-BIeC4YK2MTA-unsplash-768x512.jpg 768w\" sizes=\"auto, (max-width: 1200px) 100vw, 1200px\" \/><div class=\"wp-block-cover__inner-container is-layout-flow wp-block-cover-is-layout-flow\">\n<p class=\"has-text-align-center has-white-color has-text-color has-large-font-size\"><meta charset=\"utf-8\">\u00a1Descubre nuestras soluciones para el sector de la construcci\u00f3n m\u00e1s avanzadas e innovadoras!<\/p>\n<\/div><\/div>\n","protected":false},"excerpt":{"rendered":"<p>Steel for Bricks, a la vanguardia en productos para la construcci\u00f3n SFB es una empresa dedicada a la fabricaci\u00f3n de productos para f\u00e1bricas, cimentaci\u00f3n, y [&#8230;]<\/p>\n<p><a class=\"understrap-read-more-link\" href=\"https:\/\/www.steelfb.com\/es\/conocenos\/\">Seguir leyendo<\/a><\/p>\n","protected":false},"author":1,"featured_media":2528,"parent":0,"menu_order":30,"comment_status":"closed","ping_status":"closed","template":"","meta":{"_acf_changed":false,"inline_featured_image":false,"footnotes":""},"class_list":["post-14","page","type-page","status-publish","has-post-thumbnail","hentry"],"acf":[],"yoast_head":"<!-- This site is optimized with the Yoast SEO plugin v27.4 - https:\/\/yoast.com\/product\/yoast-seo-wordpress\/ -->\n<title>Fabricante de productos para la construcci\u00f3n - Steel for Bricks<\/title>\n<meta name=\"description\" content=\"\u00a1Descubre nuestras soluciones para el sector de la construcci\u00f3n m\u00e1s avanzadas e innovadoras!\" \/>\n<meta name=\"robots\" content=\"index, follow, max-snippet:-1, max-image-preview:large, max-video-preview:-1\" \/>\n<link rel=\"canonical\" href=\"https:\/\/www.steelfb.com\/es\/conocenos\/\" \/>\n<meta property=\"og:locale\" content=\"es_ES\" \/>\n<meta property=\"og:type\" content=\"article\" \/>\n<meta property=\"og:title\" content=\"Fabricante de productos para la construcci\u00f3n - Steel for Bricks\" \/>\n<meta property=\"og:description\" content=\"\u00a1Descubre nuestras soluciones para el sector de la construcci\u00f3n m\u00e1s avanzadas e innovadoras!\" \/>\n<meta property=\"og:url\" content=\"https:\/\/www.steelfb.com\/es\/conocenos\/\" \/>\n<meta property=\"og:site_name\" content=\"Steel for Bricks\" \/>\n<meta property=\"article:modified_time\" content=\"2024-01-30T09:29:44+00:00\" \/>\n<meta property=\"og:image\" content=\"https:\/\/www.steelfb.com\/wp-content\/uploads\/2021\/11\/Optimized-ben-allan-BIeC4YK2MTA-unsplash.jpg\" \/>\n\t<meta property=\"og:image:width\" content=\"1920\" \/>\n\t<meta property=\"og:image:height\" content=\"1280\" \/>\n\t<meta property=\"og:image:type\" content=\"image\/jpeg\" \/>\n<meta name=\"twitter:card\" content=\"summary_large_image\" \/>\n<meta name=\"twitter:label1\" content=\"Tiempo de lectura\" \/>\n\t<meta name=\"twitter:data1\" content=\"3 minutos\" \/>\n<script type=\"application\/ld+json\" class=\"yoast-schema-graph\">{\"@context\":\"https:\\\/\\\/schema.org\",\"@graph\":[{\"@type\":\"WebPage\",\"@id\":\"https:\\\/\\\/www.steelfb.com\\\/es\\\/conocenos\\\/\",\"url\":\"https:\\\/\\\/www.steelfb.com\\\/es\\\/conocenos\\\/\",\"name\":\"Fabricante de productos para la construcci\u00f3n - Steel for Bricks\",\"isPartOf\":{\"@id\":\"https:\\\/\\\/www.steelfb.com\\\/es\\\/#website\"},\"primaryImageOfPage\":{\"@id\":\"https:\\\/\\\/www.steelfb.com\\\/es\\\/conocenos\\\/#primaryimage\"},\"image\":{\"@id\":\"https:\\\/\\\/www.steelfb.com\\\/es\\\/conocenos\\\/#primaryimage\"},\"thumbnailUrl\":\"https:\\\/\\\/www.steelfb.com\\\/wp-content\\\/uploads\\\/2021\\\/11\\\/Optimized-ben-allan-BIeC4YK2MTA-unsplash.jpg\",\"datePublished\":\"2021-10-29T14:35:11+00:00\",\"dateModified\":\"2024-01-30T09:29:44+00:00\",\"description\":\"\u00a1Descubre nuestras soluciones para el sector de la construcci\u00f3n m\u00e1s avanzadas e innovadoras!\",\"breadcrumb\":{\"@id\":\"https:\\\/\\\/www.steelfb.com\\\/es\\\/conocenos\\\/#breadcrumb\"},\"inLanguage\":\"es\",\"potentialAction\":[{\"@type\":\"ReadAction\",\"target\":[\"https:\\\/\\\/www.steelfb.com\\\/es\\\/conocenos\\\/\"]}]},{\"@type\":\"ImageObject\",\"inLanguage\":\"es\",\"@id\":\"https:\\\/\\\/www.steelfb.com\\\/es\\\/conocenos\\\/#primaryimage\",\"url\":\"https:\\\/\\\/www.steelfb.com\\\/wp-content\\\/uploads\\\/2021\\\/11\\\/Optimized-ben-allan-BIeC4YK2MTA-unsplash.jpg\",\"contentUrl\":\"https:\\\/\\\/www.steelfb.com\\\/wp-content\\\/uploads\\\/2021\\\/11\\\/Optimized-ben-allan-BIeC4YK2MTA-unsplash.jpg\",\"width\":1920,\"height\":1280},{\"@type\":\"BreadcrumbList\",\"@id\":\"https:\\\/\\\/www.steelfb.com\\\/es\\\/conocenos\\\/#breadcrumb\",\"itemListElement\":[{\"@type\":\"ListItem\",\"position\":1,\"name\":\"Home\",\"item\":\"https:\\\/\\\/www.steelfb.com\\\/es\\\/\"},{\"@type\":\"ListItem\",\"position\":2,\"name\":\"Con\u00f3cenos\"}]},{\"@type\":\"WebSite\",\"@id\":\"https:\\\/\\\/www.steelfb.com\\\/es\\\/#website\",\"url\":\"https:\\\/\\\/www.steelfb.com\\\/es\\\/\",\"name\":\"Steel for Bricks\",\"description\":\"\",\"publisher\":{\"@id\":\"https:\\\/\\\/www.steelfb.com\\\/es\\\/#organization\"},\"potentialAction\":[{\"@type\":\"SearchAction\",\"target\":{\"@type\":\"EntryPoint\",\"urlTemplate\":\"https:\\\/\\\/www.steelfb.com\\\/es\\\/?s={search_term_string}\"},\"query-input\":{\"@type\":\"PropertyValueSpecification\",\"valueRequired\":true,\"valueName\":\"search_term_string\"}}],\"inLanguage\":\"es\"},{\"@type\":\"Organization\",\"@id\":\"https:\\\/\\\/www.steelfb.com\\\/es\\\/#organization\",\"name\":\"STEEL FOR BRICKS\",\"url\":\"https:\\\/\\\/www.steelfb.com\\\/es\\\/\",\"logo\":{\"@type\":\"ImageObject\",\"inLanguage\":\"es\",\"@id\":\"https:\\\/\\\/www.steelfb.com\\\/es\\\/#\\\/schema\\\/logo\\\/image\\\/\",\"url\":\"https:\\\/\\\/www.steelfb.com\\\/wp-content\\\/uploads\\\/2022\\\/03\\\/cropped-favicon-logo-sfb.png\",\"contentUrl\":\"https:\\\/\\\/www.steelfb.com\\\/wp-content\\\/uploads\\\/2022\\\/03\\\/cropped-favicon-logo-sfb.png\",\"width\":512,\"height\":512,\"caption\":\"STEEL FOR BRICKS\"},\"image\":{\"@id\":\"https:\\\/\\\/www.steelfb.com\\\/es\\\/#\\\/schema\\\/logo\\\/image\\\/\"}}]}<\/script>\n<!-- \/ Yoast SEO plugin. -->","yoast_head_json":{"title":"Fabricante de productos para la construcci\u00f3n - Steel for Bricks","description":"\u00a1Descubre nuestras soluciones para el sector de la construcci\u00f3n m\u00e1s avanzadas e innovadoras!","robots":{"index":"index","follow":"follow","max-snippet":"max-snippet:-1","max-image-preview":"max-image-preview:large","max-video-preview":"max-video-preview:-1"},"canonical":"https:\/\/www.steelfb.com\/es\/conocenos\/","og_locale":"es_ES","og_type":"article","og_title":"Fabricante de productos para la construcci\u00f3n - Steel for Bricks","og_description":"\u00a1Descubre nuestras soluciones para el sector de la construcci\u00f3n m\u00e1s avanzadas e innovadoras!","og_url":"https:\/\/www.steelfb.com\/es\/conocenos\/","og_site_name":"Steel for Bricks","article_modified_time":"2024-01-30T09:29:44+00:00","og_image":[{"width":1920,"height":1280,"url":"https:\/\/www.steelfb.com\/wp-content\/uploads\/2021\/11\/Optimized-ben-allan-BIeC4YK2MTA-unsplash.jpg","type":"image\/jpeg"}],"twitter_card":"summary_large_image","twitter_misc":{"Tiempo de lectura":"3 minutos"},"schema":{"@context":"https:\/\/schema.org","@graph":[{"@type":"WebPage","@id":"https:\/\/www.steelfb.com\/es\/conocenos\/","url":"https:\/\/www.steelfb.com\/es\/conocenos\/","name":"Fabricante de productos para la construcci\u00f3n - Steel for Bricks","isPartOf":{"@id":"https:\/\/www.steelfb.com\/es\/#website"},"primaryImageOfPage":{"@id":"https:\/\/www.steelfb.com\/es\/conocenos\/#primaryimage"},"image":{"@id":"https:\/\/www.steelfb.com\/es\/conocenos\/#primaryimage"},"thumbnailUrl":"https:\/\/www.steelfb.com\/wp-content\/uploads\/2021\/11\/Optimized-ben-allan-BIeC4YK2MTA-unsplash.jpg","datePublished":"2021-10-29T14:35:11+00:00","dateModified":"2024-01-30T09:29:44+00:00","description":"\u00a1Descubre nuestras soluciones para el sector de la construcci\u00f3n m\u00e1s avanzadas e innovadoras!","breadcrumb":{"@id":"https:\/\/www.steelfb.com\/es\/conocenos\/#breadcrumb"},"inLanguage":"es","potentialAction":[{"@type":"ReadAction","target":["https:\/\/www.steelfb.com\/es\/conocenos\/"]}]},{"@type":"ImageObject","inLanguage":"es","@id":"https:\/\/www.steelfb.com\/es\/conocenos\/#primaryimage","url":"https:\/\/www.steelfb.com\/wp-content\/uploads\/2021\/11\/Optimized-ben-allan-BIeC4YK2MTA-unsplash.jpg","contentUrl":"https:\/\/www.steelfb.com\/wp-content\/uploads\/2021\/11\/Optimized-ben-allan-BIeC4YK2MTA-unsplash.jpg","width":1920,"height":1280},{"@type":"BreadcrumbList","@id":"https:\/\/www.steelfb.com\/es\/conocenos\/#breadcrumb","itemListElement":[{"@type":"ListItem","position":1,"name":"Home","item":"https:\/\/www.steelfb.com\/es\/"},{"@type":"ListItem","position":2,"name":"Con\u00f3cenos"}]},{"@type":"WebSite","@id":"https:\/\/www.steelfb.com\/es\/#website","url":"https:\/\/www.steelfb.com\/es\/","name":"Steel for Bricks","description":"","publisher":{"@id":"https:\/\/www.steelfb.com\/es\/#organization"},"potentialAction":[{"@type":"SearchAction","target":{"@type":"EntryPoint","urlTemplate":"https:\/\/www.steelfb.com\/es\/?s={search_term_string}"},"query-input":{"@type":"PropertyValueSpecification","valueRequired":true,"valueName":"search_term_string"}}],"inLanguage":"es"},{"@type":"Organization","@id":"https:\/\/www.steelfb.com\/es\/#organization","name":"STEEL FOR BRICKS","url":"https:\/\/www.steelfb.com\/es\/","logo":{"@type":"ImageObject","inLanguage":"es","@id":"https:\/\/www.steelfb.com\/es\/#\/schema\/logo\/image\/","url":"https:\/\/www.steelfb.com\/wp-content\/uploads\/2022\/03\/cropped-favicon-logo-sfb.png","contentUrl":"https:\/\/www.steelfb.com\/wp-content\/uploads\/2022\/03\/cropped-favicon-logo-sfb.png","width":512,"height":512,"caption":"STEEL FOR BRICKS"},"image":{"@id":"https:\/\/www.steelfb.com\/es\/#\/schema\/logo\/image\/"}}]}},"_links":{"self":[{"href":"https:\/\/www.steelfb.com\/es\/wp-json\/wp\/v2\/pages\/14","targetHints":{"allow":["GET"]}}],"collection":[{"href":"https:\/\/www.steelfb.com\/es\/wp-json\/wp\/v2\/pages"}],"about":[{"href":"https:\/\/www.steelfb.com\/es\/wp-json\/wp\/v2\/types\/page"}],"author":[{"embeddable":true,"href":"https:\/\/www.steelfb.com\/es\/wp-json\/wp\/v2\/users\/1"}],"replies":[{"embeddable":true,"href":"https:\/\/www.steelfb.com\/es\/wp-json\/wp\/v2\/comments?post=14"}],"version-history":[{"count":21,"href":"https:\/\/www.steelfb.com\/es\/wp-json\/wp\/v2\/pages\/14\/revisions"}],"predecessor-version":[{"id":4516,"href":"https:\/\/www.steelfb.com\/es\/wp-json\/wp\/v2\/pages\/14\/revisions\/4516"}],"wp:featuredmedia":[{"embeddable":true,"href":"https:\/\/www.steelfb.com\/es\/wp-json\/wp\/v2\/media\/2528"}],"wp:attachment":[{"href":"https:\/\/www.steelfb.com\/es\/wp-json\/wp\/v2\/media?parent=14"}],"curies":[{"name":"wp","href":"https:\/\/api.w.org\/{rel}","templated":true}]}}