{"id":3324,"date":"2021-11-09T12:08:15","date_gmt":"2021-11-09T11:08:15","guid":{"rendered":"https:\/\/www.steelfb.com\/?post_type=product&#038;p=3324"},"modified":"2022-07-27T17:08:59","modified_gmt":"2022-07-27T15:08:59","slug":"geoconnect-ll","status":"publish","type":"product","link":"https:\/\/www.steelfb.com\/de\/schubdorne-fur-tragwerksfugen\/geoconnect-ll\/","title":{"rendered":"Geoconnect LL\u00ae"},"content":{"rendered":"\n<p class=\"has-medium-font-size\">Schubdorne sind Verbindungsvorrichtungen, die die \u00dcbertragung von Scherkr\u00e4ften \u00fcber Tragwerksfugen zwischen Geschossdecken, Platten, Tr\u00e4gern oder W\u00e4nden erm\u00f6glichen.<\/p>\n\n\n<aside id=\"block-49\" class=\"widget widget_block\"><\/aside><aside id=\"block-48\" class=\"widget widget_block\"><\/aside><aside id=\"block-50\" class=\"widget widget_block\"><\/aside><aside id=\"block-51\" class=\"widget widget_block\"><\/aside><aside id=\"block-52\" class=\"widget widget_block\">\n<div class=\"wp-block-media-text has-media-on-the-right is-stacked-on-mobile mt-2 has-white-color has-red-background-color has-text-color has-background\"><figure class=\"wp-block-media-text__media\"><img loading=\"lazy\" decoding=\"async\" width=\"406\" height=\"258\" src=\"https:\/\/www.steelfb.com\/wp-content\/uploads\/2022\/07\/connector-calculation-software.jpg\" alt=\"\" class=\"wp-image-3686 size-full\" srcset=\"https:\/\/www.steelfb.com\/wp-content\/uploads\/2022\/07\/connector-calculation-software.jpg 406w, https:\/\/www.steelfb.com\/wp-content\/uploads\/2022\/07\/connector-calculation-software-400x254.jpg 400w\" sizes=\"auto, (max-width: 406px) 100vw, 406px\" \/><\/figure><div class=\"wp-block-media-text__content\">\n<p class=\"has-large-font-size\">Berechnungsprogramm f\u00fcr Schubdorne<\/p>\n\n\n\n<p>Steel for Bricks hat gemeinsam mit der technischen Abteilung von Geohidrol eine App zur Berechnung von Schubdornen in Tragwerkfugen entwickelt. Laden Sie die App kostenlos herunter und f\u00fchren Sie die Sch\u00e4tzungen f\u00fcr Ihre Projekte schnell und einfach durch.<\/p>\n\n\n\n<div class=\"wp-block-buttons is-layout-flex wp-block-buttons-is-layout-flex\">\n<div class=\"wp-block-button\"><a class=\"wp-block-button__link has-blue-background-color has-background\" href=\"https:\/\/geohidrol.com\/wp-content\/uploads\/2020\/05\/Conectores_v1.0.zip\" target=\"_blank\" rel=\"noreferrer noopener\">Herunterladen V 1.0<\/a><\/div>\n<\/div>\n<\/div><\/div>\n<\/aside>\n","protected":false},"excerpt":{"rendered":"<p>Schubdorne sind Verbindungsvorrichtungen, die die \u00dcbertragung von Scherkr\u00e4ften \u00fcber Tragwerksfugen zwischen Geschossdecken, Platten, Tr\u00e4gern oder W\u00e4nden erm\u00f6glichen. [&#8230;]<\/p>\n<p><a class=\"understrap-read-more-link\" href=\"https:\/\/www.steelfb.com\/de\/schubdorne-fur-tragwerksfugen\/geoconnect-ll\/\">Weiterlesen<\/a><\/p>\n","protected":false},"author":2,"featured_media":1119,"menu_order":70,"comment_status":"closed","ping_status":"open","template":"","meta":{"_acf_changed":false,"inline_featured_image":false,"footnotes":""},"product_type":[60],"class_list":["post-3324","product","type-product","status-publish","has-post-thumbnail","hentry","product_type-schubdorne-fuer-tragwerksfugen"],"acf":[],"yoast_head":"<!-- This site is optimized with the Yoast SEO plugin v27.4 - https:\/\/yoast.com\/product\/yoast-seo-wordpress\/ -->\n<title>Geoconnect LL\u00ae - Steel for Bricks<\/title>\n<meta name=\"description\" content=\"Geoconnect\u00ae Schubdorne \u00fcbertragen Scherkr\u00e4fte \u00fcber Tragwerkfugen zwischen Geschossdecken, Platten, Tr\u00e4gern oder W\u00e4nden.\" \/>\n<meta name=\"robots\" content=\"index, follow, max-snippet:-1, max-image-preview:large, max-video-preview:-1\" \/>\n<link rel=\"canonical\" href=\"https:\/\/www.steelfb.com\/de\/schubdorne-fur-tragwerksfugen\/geoconnect-ll\/\" \/>\n<meta property=\"og:locale\" content=\"de_DE\" \/>\n<meta property=\"og:type\" content=\"article\" \/>\n<meta property=\"og:title\" content=\"Geoconnect LL\u00ae - Steel for Bricks\" \/>\n<meta property=\"og:description\" content=\"Geoconnect\u00ae Schubdorne \u00fcbertragen Scherkr\u00e4fte \u00fcber Tragwerkfugen zwischen Geschossdecken, Platten, Tr\u00e4gern oder W\u00e4nden.\" \/>\n<meta property=\"og:url\" content=\"https:\/\/www.steelfb.com\/de\/schubdorne-fur-tragwerksfugen\/geoconnect-ll\/\" \/>\n<meta property=\"og:site_name\" content=\"Steel for Bricks\" \/>\n<meta property=\"article:modified_time\" content=\"2022-07-27T15:08:59+00:00\" \/>\n<meta property=\"og:image\" content=\"https:\/\/www.steelfb.com\/wp-content\/uploads\/2021\/11\/geoconnect-destacada_2.jpg\" \/>\n\t<meta property=\"og:image:width\" content=\"700\" \/>\n\t<meta property=\"og:image:height\" content=\"224\" \/>\n\t<meta property=\"og:image:type\" content=\"image\/jpeg\" \/>\n<meta name=\"twitter:card\" content=\"summary_large_image\" \/>\n<meta name=\"twitter:label1\" content=\"Gesch\u00e4tzte Lesezeit\" \/>\n\t<meta name=\"twitter:data1\" content=\"1\u00a0Minute\" \/>\n<script type=\"application\/ld+json\" class=\"yoast-schema-graph\">{\"@context\":\"https:\\\/\\\/schema.org\",\"@graph\":[{\"@type\":\"WebPage\",\"@id\":\"https:\\\/\\\/www.steelfb.com\\\/de\\\/schubdorne-fur-tragwerksfugen\\\/geoconnect-ll\\\/\",\"url\":\"https:\\\/\\\/www.steelfb.com\\\/de\\\/schubdorne-fur-tragwerksfugen\\\/geoconnect-ll\\\/\",\"name\":\"Geoconnect LL\u00ae - Steel for Bricks\",\"isPartOf\":{\"@id\":\"https:\\\/\\\/www.steelfb.com\\\/de\\\/#website\"},\"primaryImageOfPage\":{\"@id\":\"https:\\\/\\\/www.steelfb.com\\\/de\\\/schubdorne-fur-tragwerksfugen\\\/geoconnect-ll\\\/#primaryimage\"},\"image\":{\"@id\":\"https:\\\/\\\/www.steelfb.com\\\/de\\\/schubdorne-fur-tragwerksfugen\\\/geoconnect-ll\\\/#primaryimage\"},\"thumbnailUrl\":\"https:\\\/\\\/www.steelfb.com\\\/wp-content\\\/uploads\\\/2021\\\/11\\\/geoconnect-destacada_2.jpg\",\"datePublished\":\"2021-11-09T11:08:15+00:00\",\"dateModified\":\"2022-07-27T15:08:59+00:00\",\"description\":\"Geoconnect\u00ae Schubdorne \u00fcbertragen Scherkr\u00e4fte \u00fcber Tragwerkfugen zwischen Geschossdecken, Platten, Tr\u00e4gern oder W\u00e4nden.\",\"breadcrumb\":{\"@id\":\"https:\\\/\\\/www.steelfb.com\\\/de\\\/schubdorne-fur-tragwerksfugen\\\/geoconnect-ll\\\/#breadcrumb\"},\"inLanguage\":\"de\",\"potentialAction\":[{\"@type\":\"ReadAction\",\"target\":[\"https:\\\/\\\/www.steelfb.com\\\/de\\\/schubdorne-fur-tragwerksfugen\\\/geoconnect-ll\\\/\"]}]},{\"@type\":\"ImageObject\",\"inLanguage\":\"de\",\"@id\":\"https:\\\/\\\/www.steelfb.com\\\/de\\\/schubdorne-fur-tragwerksfugen\\\/geoconnect-ll\\\/#primaryimage\",\"url\":\"https:\\\/\\\/www.steelfb.com\\\/wp-content\\\/uploads\\\/2021\\\/11\\\/geoconnect-destacada_2.jpg\",\"contentUrl\":\"https:\\\/\\\/www.steelfb.com\\\/wp-content\\\/uploads\\\/2021\\\/11\\\/geoconnect-destacada_2.jpg\",\"width\":700,\"height\":224},{\"@type\":\"BreadcrumbList\",\"@id\":\"https:\\\/\\\/www.steelfb.com\\\/de\\\/schubdorne-fur-tragwerksfugen\\\/geoconnect-ll\\\/#breadcrumb\",\"itemListElement\":[{\"@type\":\"ListItem\",\"position\":1,\"name\":\"Home\",\"item\":\"https:\\\/\\\/www.steelfb.com\\\/de\\\/\"},{\"@type\":\"ListItem\",\"position\":2,\"name\":\"Products\",\"item\":\"https:\\\/\\\/www.steelfb.com\\\/products-for-construction\\\/\"},{\"@type\":\"ListItem\",\"position\":3,\"name\":\"Geoconnect LL\u00ae\"}]},{\"@type\":\"WebSite\",\"@id\":\"https:\\\/\\\/www.steelfb.com\\\/de\\\/#website\",\"url\":\"https:\\\/\\\/www.steelfb.com\\\/de\\\/\",\"name\":\"Steel for Bricks\",\"description\":\"\",\"publisher\":{\"@id\":\"https:\\\/\\\/www.steelfb.com\\\/de\\\/#organization\"},\"potentialAction\":[{\"@type\":\"SearchAction\",\"target\":{\"@type\":\"EntryPoint\",\"urlTemplate\":\"https:\\\/\\\/www.steelfb.com\\\/de\\\/?s={search_term_string}\"},\"query-input\":{\"@type\":\"PropertyValueSpecification\",\"valueRequired\":true,\"valueName\":\"search_term_string\"}}],\"inLanguage\":\"de\"},{\"@type\":\"Organization\",\"@id\":\"https:\\\/\\\/www.steelfb.com\\\/de\\\/#organization\",\"name\":\"STEEL FOR BRICKS\",\"url\":\"https:\\\/\\\/www.steelfb.com\\\/de\\\/\",\"logo\":{\"@type\":\"ImageObject\",\"inLanguage\":\"de\",\"@id\":\"https:\\\/\\\/www.steelfb.com\\\/de\\\/#\\\/schema\\\/logo\\\/image\\\/\",\"url\":\"https:\\\/\\\/www.steelfb.com\\\/wp-content\\\/uploads\\\/2022\\\/03\\\/cropped-favicon-logo-sfb.png\",\"contentUrl\":\"https:\\\/\\\/www.steelfb.com\\\/wp-content\\\/uploads\\\/2022\\\/03\\\/cropped-favicon-logo-sfb.png\",\"width\":512,\"height\":512,\"caption\":\"STEEL FOR BRICKS\"},\"image\":{\"@id\":\"https:\\\/\\\/www.steelfb.com\\\/de\\\/#\\\/schema\\\/logo\\\/image\\\/\"}}]}<\/script>\n<!-- \/ Yoast SEO plugin. -->","yoast_head_json":{"title":"Geoconnect LL\u00ae - Steel for Bricks","description":"Geoconnect\u00ae Schubdorne \u00fcbertragen Scherkr\u00e4fte \u00fcber Tragwerkfugen zwischen Geschossdecken, Platten, Tr\u00e4gern oder W\u00e4nden.","robots":{"index":"index","follow":"follow","max-snippet":"max-snippet:-1","max-image-preview":"max-image-preview:large","max-video-preview":"max-video-preview:-1"},"canonical":"https:\/\/www.steelfb.com\/de\/schubdorne-fur-tragwerksfugen\/geoconnect-ll\/","og_locale":"de_DE","og_type":"article","og_title":"Geoconnect LL\u00ae - Steel for Bricks","og_description":"Geoconnect\u00ae Schubdorne \u00fcbertragen Scherkr\u00e4fte \u00fcber Tragwerkfugen zwischen Geschossdecken, Platten, Tr\u00e4gern oder W\u00e4nden.","og_url":"https:\/\/www.steelfb.com\/de\/schubdorne-fur-tragwerksfugen\/geoconnect-ll\/","og_site_name":"Steel for Bricks","article_modified_time":"2022-07-27T15:08:59+00:00","og_image":[{"width":700,"height":224,"url":"https:\/\/www.steelfb.com\/wp-content\/uploads\/2021\/11\/geoconnect-destacada_2.jpg","type":"image\/jpeg"}],"twitter_card":"summary_large_image","twitter_misc":{"Gesch\u00e4tzte Lesezeit":"1\u00a0Minute"},"schema":{"@context":"https:\/\/schema.org","@graph":[{"@type":"WebPage","@id":"https:\/\/www.steelfb.com\/de\/schubdorne-fur-tragwerksfugen\/geoconnect-ll\/","url":"https:\/\/www.steelfb.com\/de\/schubdorne-fur-tragwerksfugen\/geoconnect-ll\/","name":"Geoconnect LL\u00ae - Steel for Bricks","isPartOf":{"@id":"https:\/\/www.steelfb.com\/de\/#website"},"primaryImageOfPage":{"@id":"https:\/\/www.steelfb.com\/de\/schubdorne-fur-tragwerksfugen\/geoconnect-ll\/#primaryimage"},"image":{"@id":"https:\/\/www.steelfb.com\/de\/schubdorne-fur-tragwerksfugen\/geoconnect-ll\/#primaryimage"},"thumbnailUrl":"https:\/\/www.steelfb.com\/wp-content\/uploads\/2021\/11\/geoconnect-destacada_2.jpg","datePublished":"2021-11-09T11:08:15+00:00","dateModified":"2022-07-27T15:08:59+00:00","description":"Geoconnect\u00ae Schubdorne \u00fcbertragen Scherkr\u00e4fte \u00fcber Tragwerkfugen zwischen Geschossdecken, Platten, Tr\u00e4gern oder W\u00e4nden.","breadcrumb":{"@id":"https:\/\/www.steelfb.com\/de\/schubdorne-fur-tragwerksfugen\/geoconnect-ll\/#breadcrumb"},"inLanguage":"de","potentialAction":[{"@type":"ReadAction","target":["https:\/\/www.steelfb.com\/de\/schubdorne-fur-tragwerksfugen\/geoconnect-ll\/"]}]},{"@type":"ImageObject","inLanguage":"de","@id":"https:\/\/www.steelfb.com\/de\/schubdorne-fur-tragwerksfugen\/geoconnect-ll\/#primaryimage","url":"https:\/\/www.steelfb.com\/wp-content\/uploads\/2021\/11\/geoconnect-destacada_2.jpg","contentUrl":"https:\/\/www.steelfb.com\/wp-content\/uploads\/2021\/11\/geoconnect-destacada_2.jpg","width":700,"height":224},{"@type":"BreadcrumbList","@id":"https:\/\/www.steelfb.com\/de\/schubdorne-fur-tragwerksfugen\/geoconnect-ll\/#breadcrumb","itemListElement":[{"@type":"ListItem","position":1,"name":"Home","item":"https:\/\/www.steelfb.com\/de\/"},{"@type":"ListItem","position":2,"name":"Products","item":"https:\/\/www.steelfb.com\/products-for-construction\/"},{"@type":"ListItem","position":3,"name":"Geoconnect LL\u00ae"}]},{"@type":"WebSite","@id":"https:\/\/www.steelfb.com\/de\/#website","url":"https:\/\/www.steelfb.com\/de\/","name":"Steel for Bricks","description":"","publisher":{"@id":"https:\/\/www.steelfb.com\/de\/#organization"},"potentialAction":[{"@type":"SearchAction","target":{"@type":"EntryPoint","urlTemplate":"https:\/\/www.steelfb.com\/de\/?s={search_term_string}"},"query-input":{"@type":"PropertyValueSpecification","valueRequired":true,"valueName":"search_term_string"}}],"inLanguage":"de"},{"@type":"Organization","@id":"https:\/\/www.steelfb.com\/de\/#organization","name":"STEEL FOR BRICKS","url":"https:\/\/www.steelfb.com\/de\/","logo":{"@type":"ImageObject","inLanguage":"de","@id":"https:\/\/www.steelfb.com\/de\/#\/schema\/logo\/image\/","url":"https:\/\/www.steelfb.com\/wp-content\/uploads\/2022\/03\/cropped-favicon-logo-sfb.png","contentUrl":"https:\/\/www.steelfb.com\/wp-content\/uploads\/2022\/03\/cropped-favicon-logo-sfb.png","width":512,"height":512,"caption":"STEEL FOR BRICKS"},"image":{"@id":"https:\/\/www.steelfb.com\/de\/#\/schema\/logo\/image\/"}}]}},"_links":{"self":[{"href":"https:\/\/www.steelfb.com\/de\/wp-json\/wp\/v2\/product\/3324","targetHints":{"allow":["GET"]}}],"collection":[{"href":"https:\/\/www.steelfb.com\/de\/wp-json\/wp\/v2\/product"}],"about":[{"href":"https:\/\/www.steelfb.com\/de\/wp-json\/wp\/v2\/types\/product"}],"author":[{"embeddable":true,"href":"https:\/\/www.steelfb.com\/de\/wp-json\/wp\/v2\/users\/2"}],"replies":[{"embeddable":true,"href":"https:\/\/www.steelfb.com\/de\/wp-json\/wp\/v2\/comments?post=3324"}],"version-history":[{"count":5,"href":"https:\/\/www.steelfb.com\/de\/wp-json\/wp\/v2\/product\/3324\/revisions"}],"predecessor-version":[{"id":3784,"href":"https:\/\/www.steelfb.com\/de\/wp-json\/wp\/v2\/product\/3324\/revisions\/3784"}],"wp:featuredmedia":[{"embeddable":true,"href":"https:\/\/www.steelfb.com\/de\/wp-json\/wp\/v2\/media\/1119"}],"wp:attachment":[{"href":"https:\/\/www.steelfb.com\/de\/wp-json\/wp\/v2\/media?parent=3324"}],"wp:term":[{"taxonomy":"product_type","embeddable":true,"href":"https:\/\/www.steelfb.com\/de\/wp-json\/wp\/v2\/product_type?post=3324"}],"curies":[{"name":"wp","href":"https:\/\/api.w.org\/{rel}","templated":true}]}}