{"id":3312,"date":"2021-11-09T12:07:16","date_gmt":"2021-11-09T11:07:16","guid":{"rendered":"https:\/\/www.steelfb.com\/?post_type=product&#038;p=3312"},"modified":"2022-07-20T11:12:32","modified_gmt":"2022-07-20T09:12:32","slug":"befestigungsanker-fuer-wandschalen-dt","status":"publish","type":"product","link":"https:\/\/www.steelfb.com\/de\/anker-fur-mauerwerk\/befestigungsanker-fur-wandschalen-dt\/","title":{"rendered":"Befestigungsanker f\u00fcr wandschalen DT"},"content":{"rendered":"\n<p class=\"has-medium-font-size\">Metallbauteile aus nicht rostendem Stahl zur Befestigung von Doppelw\u00e4nden oder zweischaligem Mauerwerk (als maximale Entfernung zwischen den W\u00e4nden werden 150 mm empfohlen).<\/p>\n","protected":false},"excerpt":{"rendered":"<p>Metallbauteile aus nicht rostendem Stahl zur Befestigung von Doppelw\u00e4nden oder zweischaligem Mauerwerk (als maximale Entfernung zwischen den W\u00e4nden werden 150 mm empfohlen). [&#8230;]<\/p>\n<p><a class=\"understrap-read-more-link\" href=\"https:\/\/www.steelfb.com\/de\/anker-fur-mauerwerk\/befestigungsanker-fur-wandschalen-dt\/\">Weiterlesen<\/a><\/p>\n","protected":false},"author":2,"featured_media":1299,"menu_order":51,"comment_status":"closed","ping_status":"open","template":"","meta":{"_acf_changed":false,"inline_featured_image":false,"footnotes":""},"product_type":[53],"class_list":["post-3312","product","type-product","status-publish","has-post-thumbnail","hentry","product_type-anker-fuer-mauerwerk"],"acf":[],"yoast_head":"<!-- This site is optimized with the Yoast SEO plugin v27.5 - https:\/\/yoast.com\/product\/yoast-seo-wordpress\/ -->\n<title>Befestigungsanker f\u00fcr Wandschalen DT - Steel for Bricks<\/title>\n<meta name=\"description\" content=\"Metallbauteile aus nicht rostendem Stahl zur Befestigung von Doppelw\u00e4nden oder zweischaligem Mauerwerk (als maximale Entfernung zwischen den W\u00e4nden werden 150 mm empfohlen)\" \/>\n<meta name=\"robots\" content=\"index, follow, max-snippet:-1, max-image-preview:large, max-video-preview:-1\" \/>\n<link rel=\"canonical\" href=\"https:\/\/www.steelfb.com\/de\/anker-fur-mauerwerk\/befestigungsanker-fur-wandschalen-dt\/\" \/>\n<meta property=\"og:locale\" content=\"de_DE\" \/>\n<meta property=\"og:type\" content=\"article\" \/>\n<meta property=\"og:title\" content=\"Befestigungsanker f\u00fcr Wandschalen DT - Steel for Bricks\" \/>\n<meta property=\"og:description\" content=\"Metallbauteile aus nicht rostendem Stahl zur Befestigung von Doppelw\u00e4nden oder zweischaligem Mauerwerk (als maximale Entfernung zwischen den W\u00e4nden werden 150 mm empfohlen)\" \/>\n<meta property=\"og:url\" content=\"https:\/\/www.steelfb.com\/de\/anker-fur-mauerwerk\/befestigungsanker-fur-wandschalen-dt\/\" \/>\n<meta property=\"og:site_name\" content=\"Steel for Bricks\" \/>\n<meta property=\"article:modified_time\" content=\"2022-07-20T09:12:32+00:00\" \/>\n<meta property=\"og:image\" content=\"https:\/\/www.steelfb.com\/wp-content\/uploads\/2021\/11\/llaves-atado-hojas-DT_destacada.jpg\" \/>\n\t<meta property=\"og:image:width\" content=\"488\" \/>\n\t<meta property=\"og:image:height\" content=\"289\" \/>\n\t<meta property=\"og:image:type\" content=\"image\/jpeg\" \/>\n<meta name=\"twitter:card\" content=\"summary_large_image\" \/>\n<meta name=\"twitter:label1\" content=\"Gesch\u00e4tzte Lesezeit\" \/>\n\t<meta name=\"twitter:data1\" content=\"1\u00a0Minute\" \/>\n<script type=\"application\/ld+json\" class=\"yoast-schema-graph\">{\"@context\":\"https:\\\/\\\/schema.org\",\"@graph\":[{\"@type\":\"WebPage\",\"@id\":\"https:\\\/\\\/www.steelfb.com\\\/de\\\/anker-fur-mauerwerk\\\/befestigungsanker-fur-wandschalen-dt\\\/\",\"url\":\"https:\\\/\\\/www.steelfb.com\\\/de\\\/anker-fur-mauerwerk\\\/befestigungsanker-fur-wandschalen-dt\\\/\",\"name\":\"Befestigungsanker f\u00fcr Wandschalen DT - Steel for Bricks\",\"isPartOf\":{\"@id\":\"https:\\\/\\\/www.steelfb.com\\\/de\\\/#website\"},\"primaryImageOfPage\":{\"@id\":\"https:\\\/\\\/www.steelfb.com\\\/de\\\/anker-fur-mauerwerk\\\/befestigungsanker-fur-wandschalen-dt\\\/#primaryimage\"},\"image\":{\"@id\":\"https:\\\/\\\/www.steelfb.com\\\/de\\\/anker-fur-mauerwerk\\\/befestigungsanker-fur-wandschalen-dt\\\/#primaryimage\"},\"thumbnailUrl\":\"https:\\\/\\\/www.steelfb.com\\\/wp-content\\\/uploads\\\/2021\\\/11\\\/llaves-atado-hojas-DT_destacada.jpg\",\"datePublished\":\"2021-11-09T11:07:16+00:00\",\"dateModified\":\"2022-07-20T09:12:32+00:00\",\"description\":\"Metallbauteile aus nicht rostendem Stahl zur Befestigung von Doppelw\u00e4nden oder zweischaligem Mauerwerk (als maximale Entfernung zwischen den W\u00e4nden werden 150 mm empfohlen)\",\"breadcrumb\":{\"@id\":\"https:\\\/\\\/www.steelfb.com\\\/de\\\/anker-fur-mauerwerk\\\/befestigungsanker-fur-wandschalen-dt\\\/#breadcrumb\"},\"inLanguage\":\"de\",\"potentialAction\":[{\"@type\":\"ReadAction\",\"target\":[\"https:\\\/\\\/www.steelfb.com\\\/de\\\/anker-fur-mauerwerk\\\/befestigungsanker-fur-wandschalen-dt\\\/\"]}]},{\"@type\":\"ImageObject\",\"inLanguage\":\"de\",\"@id\":\"https:\\\/\\\/www.steelfb.com\\\/de\\\/anker-fur-mauerwerk\\\/befestigungsanker-fur-wandschalen-dt\\\/#primaryimage\",\"url\":\"https:\\\/\\\/www.steelfb.com\\\/wp-content\\\/uploads\\\/2021\\\/11\\\/llaves-atado-hojas-DT_destacada.jpg\",\"contentUrl\":\"https:\\\/\\\/www.steelfb.com\\\/wp-content\\\/uploads\\\/2021\\\/11\\\/llaves-atado-hojas-DT_destacada.jpg\",\"width\":488,\"height\":289},{\"@type\":\"BreadcrumbList\",\"@id\":\"https:\\\/\\\/www.steelfb.com\\\/de\\\/anker-fur-mauerwerk\\\/befestigungsanker-fur-wandschalen-dt\\\/#breadcrumb\",\"itemListElement\":[{\"@type\":\"ListItem\",\"position\":1,\"name\":\"Home\",\"item\":\"https:\\\/\\\/www.steelfb.com\\\/de\\\/\"},{\"@type\":\"ListItem\",\"position\":2,\"name\":\"Products\",\"item\":\"https:\\\/\\\/www.steelfb.com\\\/products-for-construction\\\/\"},{\"@type\":\"ListItem\",\"position\":3,\"name\":\"Befestigungsanker f\u00fcr wandschalen DT\"}]},{\"@type\":\"WebSite\",\"@id\":\"https:\\\/\\\/www.steelfb.com\\\/de\\\/#website\",\"url\":\"https:\\\/\\\/www.steelfb.com\\\/de\\\/\",\"name\":\"Steel for Bricks\",\"description\":\"\",\"publisher\":{\"@id\":\"https:\\\/\\\/www.steelfb.com\\\/de\\\/#organization\"},\"potentialAction\":[{\"@type\":\"SearchAction\",\"target\":{\"@type\":\"EntryPoint\",\"urlTemplate\":\"https:\\\/\\\/www.steelfb.com\\\/de\\\/?s={search_term_string}\"},\"query-input\":{\"@type\":\"PropertyValueSpecification\",\"valueRequired\":true,\"valueName\":\"search_term_string\"}}],\"inLanguage\":\"de\"},{\"@type\":\"Organization\",\"@id\":\"https:\\\/\\\/www.steelfb.com\\\/de\\\/#organization\",\"name\":\"STEEL FOR BRICKS\",\"url\":\"https:\\\/\\\/www.steelfb.com\\\/de\\\/\",\"logo\":{\"@type\":\"ImageObject\",\"inLanguage\":\"de\",\"@id\":\"https:\\\/\\\/www.steelfb.com\\\/de\\\/#\\\/schema\\\/logo\\\/image\\\/\",\"url\":\"https:\\\/\\\/www.steelfb.com\\\/wp-content\\\/uploads\\\/2022\\\/03\\\/cropped-favicon-logo-sfb.png\",\"contentUrl\":\"https:\\\/\\\/www.steelfb.com\\\/wp-content\\\/uploads\\\/2022\\\/03\\\/cropped-favicon-logo-sfb.png\",\"width\":512,\"height\":512,\"caption\":\"STEEL FOR BRICKS\"},\"image\":{\"@id\":\"https:\\\/\\\/www.steelfb.com\\\/de\\\/#\\\/schema\\\/logo\\\/image\\\/\"}}]}<\/script>\n<!-- \/ Yoast SEO plugin. -->","yoast_head_json":{"title":"Befestigungsanker f\u00fcr Wandschalen DT - Steel for Bricks","description":"Metallbauteile aus nicht rostendem Stahl zur Befestigung von Doppelw\u00e4nden oder zweischaligem Mauerwerk (als maximale Entfernung zwischen den W\u00e4nden werden 150 mm empfohlen)","robots":{"index":"index","follow":"follow","max-snippet":"max-snippet:-1","max-image-preview":"max-image-preview:large","max-video-preview":"max-video-preview:-1"},"canonical":"https:\/\/www.steelfb.com\/de\/anker-fur-mauerwerk\/befestigungsanker-fur-wandschalen-dt\/","og_locale":"de_DE","og_type":"article","og_title":"Befestigungsanker f\u00fcr Wandschalen DT - Steel for Bricks","og_description":"Metallbauteile aus nicht rostendem Stahl zur Befestigung von Doppelw\u00e4nden oder zweischaligem Mauerwerk (als maximale Entfernung zwischen den W\u00e4nden werden 150 mm empfohlen)","og_url":"https:\/\/www.steelfb.com\/de\/anker-fur-mauerwerk\/befestigungsanker-fur-wandschalen-dt\/","og_site_name":"Steel for Bricks","article_modified_time":"2022-07-20T09:12:32+00:00","og_image":[{"width":488,"height":289,"url":"https:\/\/www.steelfb.com\/wp-content\/uploads\/2021\/11\/llaves-atado-hojas-DT_destacada.jpg","type":"image\/jpeg"}],"twitter_card":"summary_large_image","twitter_misc":{"Gesch\u00e4tzte Lesezeit":"1\u00a0Minute"},"schema":{"@context":"https:\/\/schema.org","@graph":[{"@type":"WebPage","@id":"https:\/\/www.steelfb.com\/de\/anker-fur-mauerwerk\/befestigungsanker-fur-wandschalen-dt\/","url":"https:\/\/www.steelfb.com\/de\/anker-fur-mauerwerk\/befestigungsanker-fur-wandschalen-dt\/","name":"Befestigungsanker f\u00fcr Wandschalen DT - Steel for Bricks","isPartOf":{"@id":"https:\/\/www.steelfb.com\/de\/#website"},"primaryImageOfPage":{"@id":"https:\/\/www.steelfb.com\/de\/anker-fur-mauerwerk\/befestigungsanker-fur-wandschalen-dt\/#primaryimage"},"image":{"@id":"https:\/\/www.steelfb.com\/de\/anker-fur-mauerwerk\/befestigungsanker-fur-wandschalen-dt\/#primaryimage"},"thumbnailUrl":"https:\/\/www.steelfb.com\/wp-content\/uploads\/2021\/11\/llaves-atado-hojas-DT_destacada.jpg","datePublished":"2021-11-09T11:07:16+00:00","dateModified":"2022-07-20T09:12:32+00:00","description":"Metallbauteile aus nicht rostendem Stahl zur Befestigung von Doppelw\u00e4nden oder zweischaligem Mauerwerk (als maximale Entfernung zwischen den W\u00e4nden werden 150 mm empfohlen)","breadcrumb":{"@id":"https:\/\/www.steelfb.com\/de\/anker-fur-mauerwerk\/befestigungsanker-fur-wandschalen-dt\/#breadcrumb"},"inLanguage":"de","potentialAction":[{"@type":"ReadAction","target":["https:\/\/www.steelfb.com\/de\/anker-fur-mauerwerk\/befestigungsanker-fur-wandschalen-dt\/"]}]},{"@type":"ImageObject","inLanguage":"de","@id":"https:\/\/www.steelfb.com\/de\/anker-fur-mauerwerk\/befestigungsanker-fur-wandschalen-dt\/#primaryimage","url":"https:\/\/www.steelfb.com\/wp-content\/uploads\/2021\/11\/llaves-atado-hojas-DT_destacada.jpg","contentUrl":"https:\/\/www.steelfb.com\/wp-content\/uploads\/2021\/11\/llaves-atado-hojas-DT_destacada.jpg","width":488,"height":289},{"@type":"BreadcrumbList","@id":"https:\/\/www.steelfb.com\/de\/anker-fur-mauerwerk\/befestigungsanker-fur-wandschalen-dt\/#breadcrumb","itemListElement":[{"@type":"ListItem","position":1,"name":"Home","item":"https:\/\/www.steelfb.com\/de\/"},{"@type":"ListItem","position":2,"name":"Products","item":"https:\/\/www.steelfb.com\/products-for-construction\/"},{"@type":"ListItem","position":3,"name":"Befestigungsanker f\u00fcr wandschalen DT"}]},{"@type":"WebSite","@id":"https:\/\/www.steelfb.com\/de\/#website","url":"https:\/\/www.steelfb.com\/de\/","name":"Steel for Bricks","description":"","publisher":{"@id":"https:\/\/www.steelfb.com\/de\/#organization"},"potentialAction":[{"@type":"SearchAction","target":{"@type":"EntryPoint","urlTemplate":"https:\/\/www.steelfb.com\/de\/?s={search_term_string}"},"query-input":{"@type":"PropertyValueSpecification","valueRequired":true,"valueName":"search_term_string"}}],"inLanguage":"de"},{"@type":"Organization","@id":"https:\/\/www.steelfb.com\/de\/#organization","name":"STEEL FOR BRICKS","url":"https:\/\/www.steelfb.com\/de\/","logo":{"@type":"ImageObject","inLanguage":"de","@id":"https:\/\/www.steelfb.com\/de\/#\/schema\/logo\/image\/","url":"https:\/\/www.steelfb.com\/wp-content\/uploads\/2022\/03\/cropped-favicon-logo-sfb.png","contentUrl":"https:\/\/www.steelfb.com\/wp-content\/uploads\/2022\/03\/cropped-favicon-logo-sfb.png","width":512,"height":512,"caption":"STEEL FOR BRICKS"},"image":{"@id":"https:\/\/www.steelfb.com\/de\/#\/schema\/logo\/image\/"}}]}},"_links":{"self":[{"href":"https:\/\/www.steelfb.com\/de\/wp-json\/wp\/v2\/product\/3312","targetHints":{"allow":["GET"]}}],"collection":[{"href":"https:\/\/www.steelfb.com\/de\/wp-json\/wp\/v2\/product"}],"about":[{"href":"https:\/\/www.steelfb.com\/de\/wp-json\/wp\/v2\/types\/product"}],"author":[{"embeddable":true,"href":"https:\/\/www.steelfb.com\/de\/wp-json\/wp\/v2\/users\/2"}],"replies":[{"embeddable":true,"href":"https:\/\/www.steelfb.com\/de\/wp-json\/wp\/v2\/comments?post=3312"}],"version-history":[{"count":2,"href":"https:\/\/www.steelfb.com\/de\/wp-json\/wp\/v2\/product\/3312\/revisions"}],"predecessor-version":[{"id":3314,"href":"https:\/\/www.steelfb.com\/de\/wp-json\/wp\/v2\/product\/3312\/revisions\/3314"}],"wp:featuredmedia":[{"embeddable":true,"href":"https:\/\/www.steelfb.com\/de\/wp-json\/wp\/v2\/media\/1299"}],"wp:attachment":[{"href":"https:\/\/www.steelfb.com\/de\/wp-json\/wp\/v2\/media?parent=3312"}],"wp:term":[{"taxonomy":"product_type","embeddable":true,"href":"https:\/\/www.steelfb.com\/de\/wp-json\/wp\/v2\/product_type?post=3312"}],"curies":[{"name":"wp","href":"https:\/\/api.w.org\/{rel}","templated":true}]}}