{"id":2691,"date":"2021-11-09T12:06:45","date_gmt":"2021-11-09T11:06:45","guid":{"rendered":"https:\/\/www.steelfb.com\/?post_type=product&#038;p=2691"},"modified":"2022-09-06T16:00:16","modified_gmt":"2022-09-06T14:00:16","slug":"fisufor-st","status":"publish","type":"product","link":"https:\/\/www.steelfb.com\/de\/gespannte-bewehrungen\/fisufor-st\/","title":{"rendered":"Fisufor\u00ae ST"},"content":{"rendered":"\n<p class=\"has-medium-font-size\">FISUFOR\u00ae ST ist ein vorgefertigtes bemessenes Bewehrungssystem. Es besteht aus zwei parallelen L\u00e4ngsdr\u00e4hten, die mithilfe eines zentralen Drahts verbunden werden. Der zentrale Draht ist als gebogene Struktur ausgebildet und auf derselben Ebene an der Innenseite der L\u00e4ngsdr\u00e4hte geschwei\u00dft. Somit besteht keine \u00dcberlagerung von L\u00e4ngs- und Querdr\u00e4hten.<\/p>\n","protected":false},"excerpt":{"rendered":"<p>FISUFOR\u00ae ST ist ein vorgefertigtes bemessenes Bewehrungssystem. Es besteht aus zwei parallelen L\u00e4ngsdr\u00e4hten, die mithilfe eines zentralen Drahts verbunden werden. Der zentrale Draht ist als [&#8230;]<\/p>\n<p><a class=\"understrap-read-more-link\" href=\"https:\/\/www.steelfb.com\/de\/gespannte-bewehrungen\/fisufor-st\/\">Weiterlesen<\/a><\/p>\n","protected":false},"author":2,"featured_media":1383,"menu_order":3,"comment_status":"closed","ping_status":"open","template":"","meta":{"_acf_changed":false,"inline_featured_image":false,"footnotes":""},"product_type":[62],"class_list":["post-2691","product","type-product","status-publish","has-post-thumbnail","hentry","product_type-gespannte-bewehrungen"],"acf":[],"yoast_head":"<!-- This site is optimized with the Yoast SEO plugin v27.4 - https:\/\/yoast.com\/product\/yoast-seo-wordpress\/ -->\n<title>Fisufor - Steel for Bricks<\/title>\n<meta name=\"description\" content=\"Fisofur mit zentral verlaufendem, gebogenem Draht, der auf derselben Ebene an der Innenseite der L\u00e4ngsdr\u00e4hte angeschwei\u00dft ist.\" \/>\n<meta name=\"robots\" content=\"index, follow, max-snippet:-1, max-image-preview:large, max-video-preview:-1\" \/>\n<link rel=\"canonical\" href=\"https:\/\/www.steelfb.com\/de\/gespannte-bewehrungen\/fisufor-st\/\" \/>\n<meta property=\"og:locale\" content=\"de_DE\" \/>\n<meta property=\"og:type\" content=\"article\" \/>\n<meta property=\"og:title\" content=\"Fisufor - Steel for Bricks\" \/>\n<meta property=\"og:description\" content=\"Fisofur mit zentral verlaufendem, gebogenem Draht, der auf derselben Ebene an der Innenseite der L\u00e4ngsdr\u00e4hte angeschwei\u00dft ist.\" \/>\n<meta property=\"og:url\" content=\"https:\/\/www.steelfb.com\/de\/gespannte-bewehrungen\/fisufor-st\/\" \/>\n<meta property=\"og:site_name\" content=\"Steel for Bricks\" \/>\n<meta property=\"article:modified_time\" content=\"2022-09-06T14:00:16+00:00\" \/>\n<meta property=\"og:image\" content=\"https:\/\/www.steelfb.com\/wp-content\/uploads\/2021\/11\/Fisufor_ST.jpg\" \/>\n\t<meta property=\"og:image:width\" content=\"600\" \/>\n\t<meta property=\"og:image:height\" content=\"391\" \/>\n\t<meta property=\"og:image:type\" content=\"image\/jpeg\" \/>\n<meta name=\"twitter:card\" content=\"summary_large_image\" \/>\n<meta name=\"twitter:label1\" content=\"Gesch\u00e4tzte Lesezeit\" \/>\n\t<meta name=\"twitter:data1\" content=\"1\u00a0Minute\" \/>\n<script type=\"application\/ld+json\" class=\"yoast-schema-graph\">{\"@context\":\"https:\\\/\\\/schema.org\",\"@graph\":[{\"@type\":\"WebPage\",\"@id\":\"https:\\\/\\\/www.steelfb.com\\\/de\\\/gespannte-bewehrungen\\\/fisufor-st\\\/\",\"url\":\"https:\\\/\\\/www.steelfb.com\\\/de\\\/gespannte-bewehrungen\\\/fisufor-st\\\/\",\"name\":\"Fisufor - Steel for Bricks\",\"isPartOf\":{\"@id\":\"https:\\\/\\\/www.steelfb.com\\\/de\\\/#website\"},\"primaryImageOfPage\":{\"@id\":\"https:\\\/\\\/www.steelfb.com\\\/de\\\/gespannte-bewehrungen\\\/fisufor-st\\\/#primaryimage\"},\"image\":{\"@id\":\"https:\\\/\\\/www.steelfb.com\\\/de\\\/gespannte-bewehrungen\\\/fisufor-st\\\/#primaryimage\"},\"thumbnailUrl\":\"https:\\\/\\\/www.steelfb.com\\\/wp-content\\\/uploads\\\/2021\\\/11\\\/Fisufor_ST.jpg\",\"datePublished\":\"2021-11-09T11:06:45+00:00\",\"dateModified\":\"2022-09-06T14:00:16+00:00\",\"description\":\"Fisofur mit zentral verlaufendem, gebogenem Draht, der auf derselben Ebene an der Innenseite der L\u00e4ngsdr\u00e4hte angeschwei\u00dft ist.\",\"breadcrumb\":{\"@id\":\"https:\\\/\\\/www.steelfb.com\\\/de\\\/gespannte-bewehrungen\\\/fisufor-st\\\/#breadcrumb\"},\"inLanguage\":\"de\",\"potentialAction\":[{\"@type\":\"ReadAction\",\"target\":[\"https:\\\/\\\/www.steelfb.com\\\/de\\\/gespannte-bewehrungen\\\/fisufor-st\\\/\"]}]},{\"@type\":\"ImageObject\",\"inLanguage\":\"de\",\"@id\":\"https:\\\/\\\/www.steelfb.com\\\/de\\\/gespannte-bewehrungen\\\/fisufor-st\\\/#primaryimage\",\"url\":\"https:\\\/\\\/www.steelfb.com\\\/wp-content\\\/uploads\\\/2021\\\/11\\\/Fisufor_ST.jpg\",\"contentUrl\":\"https:\\\/\\\/www.steelfb.com\\\/wp-content\\\/uploads\\\/2021\\\/11\\\/Fisufor_ST.jpg\",\"width\":600,\"height\":391},{\"@type\":\"BreadcrumbList\",\"@id\":\"https:\\\/\\\/www.steelfb.com\\\/de\\\/gespannte-bewehrungen\\\/fisufor-st\\\/#breadcrumb\",\"itemListElement\":[{\"@type\":\"ListItem\",\"position\":1,\"name\":\"Home\",\"item\":\"https:\\\/\\\/www.steelfb.com\\\/de\\\/\"},{\"@type\":\"ListItem\",\"position\":2,\"name\":\"Products\",\"item\":\"https:\\\/\\\/www.steelfb.com\\\/products-for-construction\\\/\"},{\"@type\":\"ListItem\",\"position\":3,\"name\":\"Fisufor\u00ae ST\"}]},{\"@type\":\"WebSite\",\"@id\":\"https:\\\/\\\/www.steelfb.com\\\/de\\\/#website\",\"url\":\"https:\\\/\\\/www.steelfb.com\\\/de\\\/\",\"name\":\"Steel for Bricks\",\"description\":\"\",\"publisher\":{\"@id\":\"https:\\\/\\\/www.steelfb.com\\\/de\\\/#organization\"},\"potentialAction\":[{\"@type\":\"SearchAction\",\"target\":{\"@type\":\"EntryPoint\",\"urlTemplate\":\"https:\\\/\\\/www.steelfb.com\\\/de\\\/?s={search_term_string}\"},\"query-input\":{\"@type\":\"PropertyValueSpecification\",\"valueRequired\":true,\"valueName\":\"search_term_string\"}}],\"inLanguage\":\"de\"},{\"@type\":\"Organization\",\"@id\":\"https:\\\/\\\/www.steelfb.com\\\/de\\\/#organization\",\"name\":\"STEEL FOR BRICKS\",\"url\":\"https:\\\/\\\/www.steelfb.com\\\/de\\\/\",\"logo\":{\"@type\":\"ImageObject\",\"inLanguage\":\"de\",\"@id\":\"https:\\\/\\\/www.steelfb.com\\\/de\\\/#\\\/schema\\\/logo\\\/image\\\/\",\"url\":\"https:\\\/\\\/www.steelfb.com\\\/wp-content\\\/uploads\\\/2022\\\/03\\\/cropped-favicon-logo-sfb.png\",\"contentUrl\":\"https:\\\/\\\/www.steelfb.com\\\/wp-content\\\/uploads\\\/2022\\\/03\\\/cropped-favicon-logo-sfb.png\",\"width\":512,\"height\":512,\"caption\":\"STEEL FOR BRICKS\"},\"image\":{\"@id\":\"https:\\\/\\\/www.steelfb.com\\\/de\\\/#\\\/schema\\\/logo\\\/image\\\/\"}}]}<\/script>\n<!-- \/ Yoast SEO plugin. -->","yoast_head_json":{"title":"Fisufor - Steel for Bricks","description":"Fisofur mit zentral verlaufendem, gebogenem Draht, der auf derselben Ebene an der Innenseite der L\u00e4ngsdr\u00e4hte angeschwei\u00dft ist.","robots":{"index":"index","follow":"follow","max-snippet":"max-snippet:-1","max-image-preview":"max-image-preview:large","max-video-preview":"max-video-preview:-1"},"canonical":"https:\/\/www.steelfb.com\/de\/gespannte-bewehrungen\/fisufor-st\/","og_locale":"de_DE","og_type":"article","og_title":"Fisufor - Steel for Bricks","og_description":"Fisofur mit zentral verlaufendem, gebogenem Draht, der auf derselben Ebene an der Innenseite der L\u00e4ngsdr\u00e4hte angeschwei\u00dft ist.","og_url":"https:\/\/www.steelfb.com\/de\/gespannte-bewehrungen\/fisufor-st\/","og_site_name":"Steel for Bricks","article_modified_time":"2022-09-06T14:00:16+00:00","og_image":[{"width":600,"height":391,"url":"https:\/\/www.steelfb.com\/wp-content\/uploads\/2021\/11\/Fisufor_ST.jpg","type":"image\/jpeg"}],"twitter_card":"summary_large_image","twitter_misc":{"Gesch\u00e4tzte Lesezeit":"1\u00a0Minute"},"schema":{"@context":"https:\/\/schema.org","@graph":[{"@type":"WebPage","@id":"https:\/\/www.steelfb.com\/de\/gespannte-bewehrungen\/fisufor-st\/","url":"https:\/\/www.steelfb.com\/de\/gespannte-bewehrungen\/fisufor-st\/","name":"Fisufor - Steel for Bricks","isPartOf":{"@id":"https:\/\/www.steelfb.com\/de\/#website"},"primaryImageOfPage":{"@id":"https:\/\/www.steelfb.com\/de\/gespannte-bewehrungen\/fisufor-st\/#primaryimage"},"image":{"@id":"https:\/\/www.steelfb.com\/de\/gespannte-bewehrungen\/fisufor-st\/#primaryimage"},"thumbnailUrl":"https:\/\/www.steelfb.com\/wp-content\/uploads\/2021\/11\/Fisufor_ST.jpg","datePublished":"2021-11-09T11:06:45+00:00","dateModified":"2022-09-06T14:00:16+00:00","description":"Fisofur mit zentral verlaufendem, gebogenem Draht, der auf derselben Ebene an der Innenseite der L\u00e4ngsdr\u00e4hte angeschwei\u00dft ist.","breadcrumb":{"@id":"https:\/\/www.steelfb.com\/de\/gespannte-bewehrungen\/fisufor-st\/#breadcrumb"},"inLanguage":"de","potentialAction":[{"@type":"ReadAction","target":["https:\/\/www.steelfb.com\/de\/gespannte-bewehrungen\/fisufor-st\/"]}]},{"@type":"ImageObject","inLanguage":"de","@id":"https:\/\/www.steelfb.com\/de\/gespannte-bewehrungen\/fisufor-st\/#primaryimage","url":"https:\/\/www.steelfb.com\/wp-content\/uploads\/2021\/11\/Fisufor_ST.jpg","contentUrl":"https:\/\/www.steelfb.com\/wp-content\/uploads\/2021\/11\/Fisufor_ST.jpg","width":600,"height":391},{"@type":"BreadcrumbList","@id":"https:\/\/www.steelfb.com\/de\/gespannte-bewehrungen\/fisufor-st\/#breadcrumb","itemListElement":[{"@type":"ListItem","position":1,"name":"Home","item":"https:\/\/www.steelfb.com\/de\/"},{"@type":"ListItem","position":2,"name":"Products","item":"https:\/\/www.steelfb.com\/products-for-construction\/"},{"@type":"ListItem","position":3,"name":"Fisufor\u00ae ST"}]},{"@type":"WebSite","@id":"https:\/\/www.steelfb.com\/de\/#website","url":"https:\/\/www.steelfb.com\/de\/","name":"Steel for Bricks","description":"","publisher":{"@id":"https:\/\/www.steelfb.com\/de\/#organization"},"potentialAction":[{"@type":"SearchAction","target":{"@type":"EntryPoint","urlTemplate":"https:\/\/www.steelfb.com\/de\/?s={search_term_string}"},"query-input":{"@type":"PropertyValueSpecification","valueRequired":true,"valueName":"search_term_string"}}],"inLanguage":"de"},{"@type":"Organization","@id":"https:\/\/www.steelfb.com\/de\/#organization","name":"STEEL FOR BRICKS","url":"https:\/\/www.steelfb.com\/de\/","logo":{"@type":"ImageObject","inLanguage":"de","@id":"https:\/\/www.steelfb.com\/de\/#\/schema\/logo\/image\/","url":"https:\/\/www.steelfb.com\/wp-content\/uploads\/2022\/03\/cropped-favicon-logo-sfb.png","contentUrl":"https:\/\/www.steelfb.com\/wp-content\/uploads\/2022\/03\/cropped-favicon-logo-sfb.png","width":512,"height":512,"caption":"STEEL FOR BRICKS"},"image":{"@id":"https:\/\/www.steelfb.com\/de\/#\/schema\/logo\/image\/"}}]}},"_links":{"self":[{"href":"https:\/\/www.steelfb.com\/de\/wp-json\/wp\/v2\/product\/2691","targetHints":{"allow":["GET"]}}],"collection":[{"href":"https:\/\/www.steelfb.com\/de\/wp-json\/wp\/v2\/product"}],"about":[{"href":"https:\/\/www.steelfb.com\/de\/wp-json\/wp\/v2\/types\/product"}],"author":[{"embeddable":true,"href":"https:\/\/www.steelfb.com\/de\/wp-json\/wp\/v2\/users\/2"}],"replies":[{"embeddable":true,"href":"https:\/\/www.steelfb.com\/de\/wp-json\/wp\/v2\/comments?post=2691"}],"version-history":[{"count":8,"href":"https:\/\/www.steelfb.com\/de\/wp-json\/wp\/v2\/product\/2691\/revisions"}],"predecessor-version":[{"id":3814,"href":"https:\/\/www.steelfb.com\/de\/wp-json\/wp\/v2\/product\/2691\/revisions\/3814"}],"wp:featuredmedia":[{"embeddable":true,"href":"https:\/\/www.steelfb.com\/de\/wp-json\/wp\/v2\/media\/1383"}],"wp:attachment":[{"href":"https:\/\/www.steelfb.com\/de\/wp-json\/wp\/v2\/media?parent=2691"}],"wp:term":[{"taxonomy":"product_type","embeddable":true,"href":"https:\/\/www.steelfb.com\/de\/wp-json\/wp\/v2\/product_type?post=2691"}],"curies":[{"name":"wp","href":"https:\/\/api.w.org\/{rel}","templated":true}]}}