{"id":2861,"date":"2021-11-12T12:11:59","date_gmt":"2021-11-12T11:11:59","guid":{"rendered":"https:\/\/www.steelfb.com\/departamento-tecnico\/"},"modified":"2022-07-20T11:33:23","modified_gmt":"2022-07-20T09:33:23","slug":"technische-abteilung","status":"publish","type":"page","link":"https:\/\/www.steelfb.com\/de\/technische-abteilung\/","title":{"rendered":"Technische Abteilung"},"content":{"rendered":"\n<h1 class=\"wp-block-heading\" id=\"departamento-tecnico\">Technische Abteilung<\/h1>\n\n\n\n<div class=\"wp-block-columns is-layout-flex wp-container-core-columns-is-layout-9d6595d7 wp-block-columns-is-layout-flex\">\n<div class=\"wp-block-column is-layout-flow wp-block-column-is-layout-flow\">\n<p><meta charset=\"utf-8\"><strong>STEEL FOR BRICKS<\/strong> besitzt eine eigene technische Abteilung, um Fachleute der Branche beim richtigen Einsatz, bei der Optimierung und beim Einbau seiner Produkte zu beraten.<\/p>\n\n\n\n<p id=\"gmail-tw-target-text\">Insbesondere ist SFB f\u00fcr die Durchf\u00fchrung der folgenden Aufgaben verantwortlich:<\/p>\n<\/div>\n\n\n\n<div class=\"wp-block-column is-layout-flow wp-block-column-is-layout-flow\">\n<ul class=\"wp-block-list\"><li>Kalkulationen abgest\u00fctzter Mauerwerke, um Sicherheit bei der Tragf\u00e4higkeitsleistung zu erreichen: Kontrolle der Rissbildung sowie Stabilit\u00e4t und Festigkeit gegen\u00fcber horizontalen Auswirkungen.<\/li><li>Berechnung der Schubdorne f\u00fcr Fugen an Geschossdecken, um Doppels\u00e4ulen zu entfernen.<\/li><li>Berechnung der Schubdorne f\u00fcr die Verbindung zwischen Bohrpfahl- oder Verbaumauern und Geschossdeckenplatten.<\/li><\/ul>\n<\/div>\n<\/div>\n\n\n\n<div class=\"wp-block-media-text has-media-on-the-right is-stacked-on-mobile is-image-fill has-white-color has-red-background-color has-text-color has-background\"><figure class=\"wp-block-media-text__media\" style=\"background-image:url(https:\/\/www.steelfb.com\/wp-content\/uploads\/2022\/04\/Optimized-ben-allan-BIeC4YK2MTA-unsplash.jpg);background-position:50% 50%\"><img loading=\"lazy\" decoding=\"async\" width=\"1200\" height=\"800\" src=\"https:\/\/www.steelfb.com\/wp-content\/uploads\/2022\/04\/Optimized-ben-allan-BIeC4YK2MTA-unsplash.jpg\" alt=\"Steel for Bricks\" class=\"wp-image-2512 size-full\" srcset=\"https:\/\/www.steelfb.com\/wp-content\/uploads\/2022\/04\/Optimized-ben-allan-BIeC4YK2MTA-unsplash.jpg 1200w, https:\/\/www.steelfb.com\/wp-content\/uploads\/2022\/04\/Optimized-ben-allan-BIeC4YK2MTA-unsplash-400x267.jpg 400w, https:\/\/www.steelfb.com\/wp-content\/uploads\/2022\/04\/Optimized-ben-allan-BIeC4YK2MTA-unsplash-768x512.jpg 768w\" sizes=\"auto, (max-width: 1200px) 100vw, 1200px\" \/><\/figure><div class=\"wp-block-media-text__content\">\n<p class=\"has-small-font-size\">Unsere technische Abteilung steht Ihnen zur Verf\u00fcgung<\/p>\n\n\n\n<p class=\"has-large-font-size\">Technische Abteilung<\/p>\n\n\n\n<p>Bei Bedarf und um beim Einsatz unserer Produkte h\u00f6chste Sicherheit und Zuverl\u00e4ssigkeit zu bieten, stellen wir Ihnen unsere technische Abteilung zur Beratung f\u00fcr die richtige Kalkulation und Bemessung zur Verf\u00fcgung.<meta charset=\"utf-8\"><\/p>\n<\/div><\/div>\n\n\n\n<div style=\"height:44px\" aria-hidden=\"true\" class=\"wp-block-spacer\"><\/div>\n","protected":false},"excerpt":{"rendered":"<p>Technische Abteilung STEEL FOR BRICKS besitzt eine eigene technische Abteilung, um Fachleute der Branche beim richtigen Einsatz, bei der Optimierung und beim Einbau seiner Produkte [&#8230;]<\/p>\n<p><a class=\"understrap-read-more-link\" href=\"https:\/\/www.steelfb.com\/de\/technische-abteilung\/\">Weiterlesen<\/a><\/p>\n","protected":false},"author":1,"featured_media":0,"parent":0,"menu_order":30,"comment_status":"closed","ping_status":"closed","template":"","meta":{"_acf_changed":false,"inline_featured_image":false,"footnotes":""},"class_list":["post-2861","page","type-page","status-publish","hentry"],"acf":[],"yoast_head":"<!-- This site is optimized with the Yoast SEO plugin v27.4 - https:\/\/yoast.com\/product\/yoast-seo-wordpress\/ -->\n<title>Technikabteilung - Steel for Bricks<\/title>\n<meta name=\"robots\" content=\"index, follow, max-snippet:-1, max-image-preview:large, max-video-preview:-1\" \/>\n<link rel=\"canonical\" href=\"https:\/\/www.steelfb.com\/de\/technische-abteilung\/\" \/>\n<meta property=\"og:locale\" content=\"de_DE\" \/>\n<meta property=\"og:type\" content=\"article\" \/>\n<meta property=\"og:title\" content=\"Technikabteilung - Steel for Bricks\" \/>\n<meta property=\"og:description\" content=\"Technische Abteilung STEEL FOR BRICKS besitzt eine eigene technische Abteilung, um Fachleute der Branche beim richtigen Einsatz, bei der Optimierung und beim Einbau seiner Produkte [...]Weiterlesen\" \/>\n<meta property=\"og:url\" content=\"https:\/\/www.steelfb.com\/de\/technische-abteilung\/\" \/>\n<meta property=\"og:site_name\" content=\"Steel for Bricks\" \/>\n<meta property=\"article:modified_time\" content=\"2022-07-20T09:33:23+00:00\" \/>\n<meta property=\"og:image\" content=\"https:\/\/www.steelfb.com\/wp-content\/uploads\/2022\/04\/Optimized-ben-allan-BIeC4YK2MTA-unsplash.jpg\" \/>\n<meta name=\"twitter:card\" content=\"summary_large_image\" \/>\n<meta name=\"twitter:label1\" content=\"Gesch\u00e4tzte Lesezeit\" \/>\n\t<meta name=\"twitter:data1\" content=\"1\u00a0Minute\" \/>\n<script type=\"application\/ld+json\" class=\"yoast-schema-graph\">{\"@context\":\"https:\\\/\\\/schema.org\",\"@graph\":[{\"@type\":\"WebPage\",\"@id\":\"https:\\\/\\\/www.steelfb.com\\\/de\\\/technische-abteilung\\\/\",\"url\":\"https:\\\/\\\/www.steelfb.com\\\/de\\\/technische-abteilung\\\/\",\"name\":\"Technikabteilung - Steel for Bricks\",\"isPartOf\":{\"@id\":\"https:\\\/\\\/www.steelfb.com\\\/de\\\/#website\"},\"primaryImageOfPage\":{\"@id\":\"https:\\\/\\\/www.steelfb.com\\\/de\\\/technische-abteilung\\\/#primaryimage\"},\"image\":{\"@id\":\"https:\\\/\\\/www.steelfb.com\\\/de\\\/technische-abteilung\\\/#primaryimage\"},\"thumbnailUrl\":\"https:\\\/\\\/www.steelfb.com\\\/wp-content\\\/uploads\\\/2022\\\/04\\\/Optimized-ben-allan-BIeC4YK2MTA-unsplash.jpg\",\"datePublished\":\"2021-11-12T11:11:59+00:00\",\"dateModified\":\"2022-07-20T09:33:23+00:00\",\"breadcrumb\":{\"@id\":\"https:\\\/\\\/www.steelfb.com\\\/de\\\/technische-abteilung\\\/#breadcrumb\"},\"inLanguage\":\"de\",\"potentialAction\":[{\"@type\":\"ReadAction\",\"target\":[\"https:\\\/\\\/www.steelfb.com\\\/de\\\/technische-abteilung\\\/\"]}]},{\"@type\":\"ImageObject\",\"inLanguage\":\"de\",\"@id\":\"https:\\\/\\\/www.steelfb.com\\\/de\\\/technische-abteilung\\\/#primaryimage\",\"url\":\"https:\\\/\\\/www.steelfb.com\\\/wp-content\\\/uploads\\\/2022\\\/04\\\/Optimized-ben-allan-BIeC4YK2MTA-unsplash.jpg\",\"contentUrl\":\"https:\\\/\\\/www.steelfb.com\\\/wp-content\\\/uploads\\\/2022\\\/04\\\/Optimized-ben-allan-BIeC4YK2MTA-unsplash.jpg\"},{\"@type\":\"BreadcrumbList\",\"@id\":\"https:\\\/\\\/www.steelfb.com\\\/de\\\/technische-abteilung\\\/#breadcrumb\",\"itemListElement\":[{\"@type\":\"ListItem\",\"position\":1,\"name\":\"Home\",\"item\":\"https:\\\/\\\/www.steelfb.com\\\/de\\\/\"},{\"@type\":\"ListItem\",\"position\":2,\"name\":\"Technische Abteilung\"}]},{\"@type\":\"WebSite\",\"@id\":\"https:\\\/\\\/www.steelfb.com\\\/de\\\/#website\",\"url\":\"https:\\\/\\\/www.steelfb.com\\\/de\\\/\",\"name\":\"Steel for Bricks\",\"description\":\"\",\"publisher\":{\"@id\":\"https:\\\/\\\/www.steelfb.com\\\/de\\\/#organization\"},\"potentialAction\":[{\"@type\":\"SearchAction\",\"target\":{\"@type\":\"EntryPoint\",\"urlTemplate\":\"https:\\\/\\\/www.steelfb.com\\\/de\\\/?s={search_term_string}\"},\"query-input\":{\"@type\":\"PropertyValueSpecification\",\"valueRequired\":true,\"valueName\":\"search_term_string\"}}],\"inLanguage\":\"de\"},{\"@type\":\"Organization\",\"@id\":\"https:\\\/\\\/www.steelfb.com\\\/de\\\/#organization\",\"name\":\"STEEL FOR BRICKS\",\"url\":\"https:\\\/\\\/www.steelfb.com\\\/de\\\/\",\"logo\":{\"@type\":\"ImageObject\",\"inLanguage\":\"de\",\"@id\":\"https:\\\/\\\/www.steelfb.com\\\/de\\\/#\\\/schema\\\/logo\\\/image\\\/\",\"url\":\"https:\\\/\\\/www.steelfb.com\\\/wp-content\\\/uploads\\\/2022\\\/03\\\/cropped-favicon-logo-sfb.png\",\"contentUrl\":\"https:\\\/\\\/www.steelfb.com\\\/wp-content\\\/uploads\\\/2022\\\/03\\\/cropped-favicon-logo-sfb.png\",\"width\":512,\"height\":512,\"caption\":\"STEEL FOR BRICKS\"},\"image\":{\"@id\":\"https:\\\/\\\/www.steelfb.com\\\/de\\\/#\\\/schema\\\/logo\\\/image\\\/\"}}]}<\/script>\n<!-- \/ Yoast SEO plugin. -->","yoast_head_json":{"title":"Technikabteilung - Steel for Bricks","robots":{"index":"index","follow":"follow","max-snippet":"max-snippet:-1","max-image-preview":"max-image-preview:large","max-video-preview":"max-video-preview:-1"},"canonical":"https:\/\/www.steelfb.com\/de\/technische-abteilung\/","og_locale":"de_DE","og_type":"article","og_title":"Technikabteilung - Steel for Bricks","og_description":"Technische Abteilung STEEL FOR BRICKS besitzt eine eigene technische Abteilung, um Fachleute der Branche beim richtigen Einsatz, bei der Optimierung und beim Einbau seiner Produkte [...]Weiterlesen","og_url":"https:\/\/www.steelfb.com\/de\/technische-abteilung\/","og_site_name":"Steel for Bricks","article_modified_time":"2022-07-20T09:33:23+00:00","og_image":[{"url":"https:\/\/www.steelfb.com\/wp-content\/uploads\/2022\/04\/Optimized-ben-allan-BIeC4YK2MTA-unsplash.jpg","type":"","width":"","height":""}],"twitter_card":"summary_large_image","twitter_misc":{"Gesch\u00e4tzte Lesezeit":"1\u00a0Minute"},"schema":{"@context":"https:\/\/schema.org","@graph":[{"@type":"WebPage","@id":"https:\/\/www.steelfb.com\/de\/technische-abteilung\/","url":"https:\/\/www.steelfb.com\/de\/technische-abteilung\/","name":"Technikabteilung - Steel for Bricks","isPartOf":{"@id":"https:\/\/www.steelfb.com\/de\/#website"},"primaryImageOfPage":{"@id":"https:\/\/www.steelfb.com\/de\/technische-abteilung\/#primaryimage"},"image":{"@id":"https:\/\/www.steelfb.com\/de\/technische-abteilung\/#primaryimage"},"thumbnailUrl":"https:\/\/www.steelfb.com\/wp-content\/uploads\/2022\/04\/Optimized-ben-allan-BIeC4YK2MTA-unsplash.jpg","datePublished":"2021-11-12T11:11:59+00:00","dateModified":"2022-07-20T09:33:23+00:00","breadcrumb":{"@id":"https:\/\/www.steelfb.com\/de\/technische-abteilung\/#breadcrumb"},"inLanguage":"de","potentialAction":[{"@type":"ReadAction","target":["https:\/\/www.steelfb.com\/de\/technische-abteilung\/"]}]},{"@type":"ImageObject","inLanguage":"de","@id":"https:\/\/www.steelfb.com\/de\/technische-abteilung\/#primaryimage","url":"https:\/\/www.steelfb.com\/wp-content\/uploads\/2022\/04\/Optimized-ben-allan-BIeC4YK2MTA-unsplash.jpg","contentUrl":"https:\/\/www.steelfb.com\/wp-content\/uploads\/2022\/04\/Optimized-ben-allan-BIeC4YK2MTA-unsplash.jpg"},{"@type":"BreadcrumbList","@id":"https:\/\/www.steelfb.com\/de\/technische-abteilung\/#breadcrumb","itemListElement":[{"@type":"ListItem","position":1,"name":"Home","item":"https:\/\/www.steelfb.com\/de\/"},{"@type":"ListItem","position":2,"name":"Technische Abteilung"}]},{"@type":"WebSite","@id":"https:\/\/www.steelfb.com\/de\/#website","url":"https:\/\/www.steelfb.com\/de\/","name":"Steel for Bricks","description":"","publisher":{"@id":"https:\/\/www.steelfb.com\/de\/#organization"},"potentialAction":[{"@type":"SearchAction","target":{"@type":"EntryPoint","urlTemplate":"https:\/\/www.steelfb.com\/de\/?s={search_term_string}"},"query-input":{"@type":"PropertyValueSpecification","valueRequired":true,"valueName":"search_term_string"}}],"inLanguage":"de"},{"@type":"Organization","@id":"https:\/\/www.steelfb.com\/de\/#organization","name":"STEEL FOR BRICKS","url":"https:\/\/www.steelfb.com\/de\/","logo":{"@type":"ImageObject","inLanguage":"de","@id":"https:\/\/www.steelfb.com\/de\/#\/schema\/logo\/image\/","url":"https:\/\/www.steelfb.com\/wp-content\/uploads\/2022\/03\/cropped-favicon-logo-sfb.png","contentUrl":"https:\/\/www.steelfb.com\/wp-content\/uploads\/2022\/03\/cropped-favicon-logo-sfb.png","width":512,"height":512,"caption":"STEEL FOR BRICKS"},"image":{"@id":"https:\/\/www.steelfb.com\/de\/#\/schema\/logo\/image\/"}}]}},"_links":{"self":[{"href":"https:\/\/www.steelfb.com\/de\/wp-json\/wp\/v2\/pages\/2861","targetHints":{"allow":["GET"]}}],"collection":[{"href":"https:\/\/www.steelfb.com\/de\/wp-json\/wp\/v2\/pages"}],"about":[{"href":"https:\/\/www.steelfb.com\/de\/wp-json\/wp\/v2\/types\/page"}],"author":[{"embeddable":true,"href":"https:\/\/www.steelfb.com\/de\/wp-json\/wp\/v2\/users\/1"}],"replies":[{"embeddable":true,"href":"https:\/\/www.steelfb.com\/de\/wp-json\/wp\/v2\/comments?post=2861"}],"version-history":[{"count":3,"href":"https:\/\/www.steelfb.com\/de\/wp-json\/wp\/v2\/pages\/2861\/revisions"}],"predecessor-version":[{"id":3499,"href":"https:\/\/www.steelfb.com\/de\/wp-json\/wp\/v2\/pages\/2861\/revisions\/3499"}],"wp:attachment":[{"href":"https:\/\/www.steelfb.com\/de\/wp-json\/wp\/v2\/media?parent=2861"}],"curies":[{"name":"wp","href":"https:\/\/api.w.org\/{rel}","templated":true}]}}