{"id":2850,"date":"2021-10-29T14:23:58","date_gmt":"2021-10-29T12:23:58","guid":{"rendered":"https:\/\/www.steelfb.com\/politica-privacidad\/"},"modified":"2026-04-15T11:51:09","modified_gmt":"2026-04-15T09:51:09","slug":"datenschutzpolitik","status":"publish","type":"page","link":"https:\/\/www.steelfb.com\/de\/datenschutzpolitik\/","title":{"rendered":"Datenschutzpolitik"},"content":{"rendered":"\n<h1 class=\"wp-block-heading\">Datenschutzpolitik<\/h1>\n\n\n\n<p>Zur Einhaltung der Grundlagen der Rechtm\u00e4\u00dfigkeit, Loyalit\u00e4t und Transparenz stellen wir Ihnen folgende Datenschutzpolitik zur Verf\u00fcgung.<\/p>\n\n\n\n<h3 class=\"wp-block-heading\">Wer ist f\u00fcr die Verarbeitung Ihrer Daten zust\u00e4ndig?<\/h3>\n\n\n\n<ul class=\"wp-block-list\">\n<li><strong>STEEL FOR BRICKS GZ S.L.<\/strong><\/li>\n\n\n\n<li><strong>USt.-Id.-Nr.:<\/strong>\u00a0B99121519<\/li>\n\n\n\n<li><strong>GESELLSCHAFTSSITZ:<\/strong>\u00a0POL\u00cdGONO INDUSTRIAL EL SACO, PARCELA 10, 50172, ALFAJAR\u00cdN, ZARAGOZA<\/li>\n\n\n\n<li><strong>Email:<\/strong>\u00a0<a href=\"mailto:administracion@steelfb.com\">administracion@steelfb.com<\/a><\/li>\n\n\n\n<li><strong>Telefon:<\/strong>\u00a0+<strong>34976814802<\/strong><\/li>\n\n\n\n<li><strong>DPO:<\/strong>\u00a0GRUPO ADAPTALIA \u2013 LEGAL FORMATIVO S.L. \u2013\u00a0<a href=\"mailto:legal@grupoadaptalia.es\">legal@grupoadaptalia.es<\/a>\u00a0\u2013 +3491 553 34 08<\/li>\n<\/ul>\n\n\n\n<h3 class=\"wp-block-heading\">Zu welchem Zweck verarbeiten wir Ihre personenbezogenen Daten?<\/h3>\n\n\n\n<p>Bei STEEL FOR BRICKS GZ S.L. werden die von Ihnen \u00fcbermittelten Informationen verarbeitet, um die uns bindende vertragliche Beziehung und den Versand der angeforderten Informationen zu verwalten, wie auch den Interessenten Angebote \u00fcber unsere Serviceleistungen u.\/o. Produkte zu \u00fcbermitteln u.\/o. ihre Kandidatur zu verwalten.<\/p>\n\n\n\n<h3 class=\"wp-block-heading\">Wie lange bewahren wir Ihre personenbezogenen Daten auf?<\/h3>\n\n\n\n<p>Ihre Daten werden w\u00e4hrend der f\u00fcr die ordnungsgem\u00e4\u00dfe angeforderte Dienstleistung mindestens notwendige Dauer aufbewahrt, wie auch, um die Zust\u00e4ndigkeiten zu erf\u00fcllen, die sich evtl. daraus und aus sonstigen rechtlichen Anforderungen ableiten.<\/p>\n\n\n\n<h3 class=\"wp-block-heading\">Welche Rechtm\u00e4\u00dfigkeit besteht f\u00fcr die Verarbeitung Ihrer Daten?<\/h3>\n\n\n\n<p>Die rechtliche Grundlage f\u00fcr die Verarbeitung Ihrer Daten kann die Ausf\u00fchrung einer potenziellen u.\/o. abgeschlossenen vertraglichen Beziehung, berechtigtes Interesse, rechtliche Befugnis u.\/o. Einwilligung des Interessenten selbst sein. Die Daten, die wir anfordern, sind dem Zweck angemessen, erheblich sowie auf das f\u00fcr die Zwecke der Verarbeitung notwendige Ma\u00df beschr\u00e4nkt. Sie sind auf keinen Fall dazu verpflichtet, sie uns zu \u00fcbermitteln. Die Nichtmitteilung kann jedoch den Zweck der Serviceleistung oder die Unm\u00f6glichkeit der Leistung betreffen.<\/p>\n\n\n\n<h3 class=\"wp-block-heading\">Welchen Empf\u00e4ngern werden Ihre Daten mitgeteilt?<\/h3>\n\n\n\n<p>STEEL FOR BRICKS GZ S.L. wird Ihre Daten keinem Dritten mitteilen, ausgenommen, wenn es ausdr\u00fccklich angegeben wird.<\/p>\n\n\n\n<h3 class=\"wp-block-heading\">Wie lauten Ihre Rechte, wenn Sie uns Ihre Daten \u00fcbermitteln?<\/h3>\n\n\n\n<p>Die Schutzrechte der Daten, deren Inhaber die Interessenten sind, lauten wie folgt:<\/p>\n\n\n\n<ul class=\"wp-block-list\">\n<li>Recht auf Anforderung des Zugriffs auf die personenbezogenen Daten des Interessenten<\/li>\n\n\n\n<li>Recht auf Berichtigung und L\u00f6schung<\/li>\n\n\n\n<li>Widerspruchsrecht<\/li>\n\n\n\n<li>Recht auf Anforderung der Beschr\u00e4nkung der Verarbeitung<\/li>\n\n\n\n<li>Recht auf Daten\u00fcbertragbarkeit<\/li>\n<\/ul>\n\n\n\n<p>Die Inhaber der erhaltenen personenbezogenen Daten k\u00f6nnen ihre Rechte auf deren Schutz aus\u00fcben, indem Sie eine schriftliche Mitteilung an den Gesellschaftssitz der STEEL FOR BRICKS GZ S.L. oder an die zu diesem Zweck eingerichtete E-Mail-Adresse,&nbsp;<a href=\"mailto:administracion@steelfb.com\">administracion@steelfb.com<\/a>,senden. In beiden F\u00e4llen m\u00fcssen sie eine Kopie ihres Personalausweises oder eines anderen gleichwertigen Ausweises beilegen.<\/p>\n\n\n\n<p>Auf der Webseite der spanischen Kontrollbeh\u00f6rde, d. h. der Spanischen Agentur f\u00fcr Datenschutz \u2013 im Folgenden AEPD, <a href=\"https:\/\/www.aepd.es\/es\" target=\"_blank\" rel=\"noreferrer noopener\">www.agpd.es<\/a> \u2013 sind Modelle, Formulare und weitere Auskunft \u00fcber Ihre Rechte erh\u00e4ltlich.<\/p>\n\n\n\n<h3 class=\"wp-block-heading\">Kann ich mein Einverst\u00e4ndnis zur\u00fcckziehen?<\/h3>\n\n\n\n<p>Sie haben die M\u00f6glichkeit und das Recht, das seinerzeit f\u00fcr einen spezifischen Zweck erteilte Einverst\u00e4ndnis zur\u00fcckzuziehen, ohne dass es die Rechtm\u00e4\u00dfigkeit der Verarbeitung basierend auf dem Einverst\u00e4ndnis vor dem R\u00fcckzug beeintr\u00e4chtigt.<\/p>\n\n\n\n<h3 class=\"wp-block-heading\">Wo kann ich reklamieren, wenn ich glaube, dass meine Daten nicht richtig verarbeitet werden?<\/h3>\n\n\n\n<p>Sollte ein Interessent glauben, dass seine Daten von STEEL FOR BRICKS GZ S.L. nicht richtig verarbeitet werden, kann er eine E-Mail an die Adresse&nbsp;<a href=\"mailto:administracion@steelfb.com\"><\/a><a href=\"mailto:administracion@steelfb.com\">administracion@steelfb.com<\/a>&nbsp;oder an die zust\u00e4ndige Beh\u00f6rde f\u00fcr Datenschutz senden. F\u00fcr das spanische Staatsgebiet ist AEPD unter <a href=\"https:\/\/www.aepd.es\/es\" target=\"_blank\" rel=\"noreferrer noopener\">www.agpd.es<\/a> daf\u00fcr zust\u00e4ndig.<\/p>\n\n\n\n<h3 class=\"wp-block-heading\">Sicherheit und Aktualisierung Ihrer personenbezogenen Daten<\/h3>\n\n\n\n<p>Um die Sicherheit Ihrer personenbezogenen Daten zu sch\u00fctzen, teilen wir Ihnen mit, dass Z FOAM ESPA\u00d1A, S.L. alle notwendigen technischen und organisatorischen Ma\u00dfnahmen getroffen hat, um die Sicherheit der \u00fcbermittelten personenbezogenen Daten zu gew\u00e4hrleisten. Damit sollen deren Ver\u00e4nderung, Verlust u.\/o. unerlaubte Verarbeitung oder Zugriffe laut Vorgaben in der Vorschrift vermieden werden. Es gibt jedoch keine absolute Sicherheit.<\/p>\n\n\n\n<p>Damit wir Ihre personenbezogenen Daten immer aktualisiert halten k\u00f6nnen, ist es wichtig, dass Sie uns immer informieren, wenn eine \u00c4nderung daran eintritt.<\/p>\n\n\n\n<h3 class=\"wp-block-heading\">Geheimhaltung<\/h3>\n\n\n\n<p>STEEL FOR BRICKS GZ S.L. teilt Ihnen mit, dass Ihre Daten von allen Mitarbeitern, die an einer der Verarbeitungsphasen beteiligt sind, mit h\u00f6chster Vorsicht und Vertraulichkeit verarbeitet werden. Wir werden keinem Dritten Ihre Daten \u00fcberlassen oder mitteilen, ausgenommen in den gesetzlich vorgesehenen F\u00e4llen oder wenn der Interessent uns ausdr\u00fccklich dazu berechtigt h\u00e4tte.<\/p>\n","protected":false},"excerpt":{"rendered":"<p>Datenschutzpolitik Zur Einhaltung der Grundlagen der Rechtm\u00e4\u00dfigkeit, Loyalit\u00e4t und Transparenz stellen wir Ihnen folgende Datenschutzpolitik zur Verf\u00fcgung. Wer ist f\u00fcr die Verarbeitung Ihrer Daten zust\u00e4ndig? [&#8230;]<\/p>\n<p><a class=\"understrap-read-more-link\" href=\"https:\/\/www.steelfb.com\/de\/datenschutzpolitik\/\">Weiterlesen<\/a><\/p>\n","protected":false},"author":1,"featured_media":0,"parent":0,"menu_order":99,"comment_status":"closed","ping_status":"closed","template":"","meta":{"_acf_changed":false,"inline_featured_image":false,"footnotes":""},"class_list":["post-2850","page","type-page","status-publish","hentry"],"acf":[],"yoast_head":"<!-- This site is optimized with the Yoast SEO plugin v27.4 - https:\/\/yoast.com\/product\/yoast-seo-wordpress\/ -->\n<title>Datenschutzpolitik - Steel for Bricks<\/title>\n<meta name=\"robots\" content=\"index, follow, max-snippet:-1, max-image-preview:large, max-video-preview:-1\" \/>\n<link rel=\"canonical\" href=\"https:\/\/www.steelfb.com\/de\/datenschutzpolitik\/\" \/>\n<meta property=\"og:locale\" content=\"de_DE\" \/>\n<meta property=\"og:type\" content=\"article\" \/>\n<meta property=\"og:title\" content=\"Datenschutzpolitik - Steel for Bricks\" \/>\n<meta property=\"og:description\" content=\"Datenschutzpolitik Zur Einhaltung der Grundlagen der Rechtm\u00e4\u00dfigkeit, Loyalit\u00e4t und Transparenz stellen wir Ihnen folgende Datenschutzpolitik zur Verf\u00fcgung. Wer ist f\u00fcr die Verarbeitung Ihrer Daten zust\u00e4ndig? [...]Weiterlesen\" \/>\n<meta property=\"og:url\" content=\"https:\/\/www.steelfb.com\/de\/datenschutzpolitik\/\" \/>\n<meta property=\"og:site_name\" content=\"Steel for Bricks\" \/>\n<meta property=\"article:modified_time\" content=\"2026-04-15T09:51:09+00:00\" \/>\n<meta name=\"twitter:card\" content=\"summary_large_image\" \/>\n<meta name=\"twitter:label1\" content=\"Gesch\u00e4tzte Lesezeit\" \/>\n\t<meta name=\"twitter:data1\" content=\"3\u00a0Minuten\" \/>\n<script type=\"application\/ld+json\" class=\"yoast-schema-graph\">{\"@context\":\"https:\\\/\\\/schema.org\",\"@graph\":[{\"@type\":\"WebPage\",\"@id\":\"https:\\\/\\\/www.steelfb.com\\\/de\\\/datenschutzpolitik\\\/\",\"url\":\"https:\\\/\\\/www.steelfb.com\\\/de\\\/datenschutzpolitik\\\/\",\"name\":\"Datenschutzpolitik - Steel for Bricks\",\"isPartOf\":{\"@id\":\"https:\\\/\\\/www.steelfb.com\\\/de\\\/#website\"},\"datePublished\":\"2021-10-29T12:23:58+00:00\",\"dateModified\":\"2026-04-15T09:51:09+00:00\",\"breadcrumb\":{\"@id\":\"https:\\\/\\\/www.steelfb.com\\\/de\\\/datenschutzpolitik\\\/#breadcrumb\"},\"inLanguage\":\"de\",\"potentialAction\":[{\"@type\":\"ReadAction\",\"target\":[\"https:\\\/\\\/www.steelfb.com\\\/de\\\/datenschutzpolitik\\\/\"]}]},{\"@type\":\"BreadcrumbList\",\"@id\":\"https:\\\/\\\/www.steelfb.com\\\/de\\\/datenschutzpolitik\\\/#breadcrumb\",\"itemListElement\":[{\"@type\":\"ListItem\",\"position\":1,\"name\":\"Home\",\"item\":\"https:\\\/\\\/www.steelfb.com\\\/de\\\/\"},{\"@type\":\"ListItem\",\"position\":2,\"name\":\"Datenschutzpolitik\"}]},{\"@type\":\"WebSite\",\"@id\":\"https:\\\/\\\/www.steelfb.com\\\/de\\\/#website\",\"url\":\"https:\\\/\\\/www.steelfb.com\\\/de\\\/\",\"name\":\"Steel for Bricks\",\"description\":\"\",\"publisher\":{\"@id\":\"https:\\\/\\\/www.steelfb.com\\\/de\\\/#organization\"},\"potentialAction\":[{\"@type\":\"SearchAction\",\"target\":{\"@type\":\"EntryPoint\",\"urlTemplate\":\"https:\\\/\\\/www.steelfb.com\\\/de\\\/?s={search_term_string}\"},\"query-input\":{\"@type\":\"PropertyValueSpecification\",\"valueRequired\":true,\"valueName\":\"search_term_string\"}}],\"inLanguage\":\"de\"},{\"@type\":\"Organization\",\"@id\":\"https:\\\/\\\/www.steelfb.com\\\/de\\\/#organization\",\"name\":\"STEEL FOR BRICKS\",\"url\":\"https:\\\/\\\/www.steelfb.com\\\/de\\\/\",\"logo\":{\"@type\":\"ImageObject\",\"inLanguage\":\"de\",\"@id\":\"https:\\\/\\\/www.steelfb.com\\\/de\\\/#\\\/schema\\\/logo\\\/image\\\/\",\"url\":\"https:\\\/\\\/www.steelfb.com\\\/wp-content\\\/uploads\\\/2022\\\/03\\\/cropped-favicon-logo-sfb.png\",\"contentUrl\":\"https:\\\/\\\/www.steelfb.com\\\/wp-content\\\/uploads\\\/2022\\\/03\\\/cropped-favicon-logo-sfb.png\",\"width\":512,\"height\":512,\"caption\":\"STEEL FOR BRICKS\"},\"image\":{\"@id\":\"https:\\\/\\\/www.steelfb.com\\\/de\\\/#\\\/schema\\\/logo\\\/image\\\/\"}}]}<\/script>\n<!-- \/ Yoast SEO plugin. -->","yoast_head_json":{"title":"Datenschutzpolitik - Steel for Bricks","robots":{"index":"index","follow":"follow","max-snippet":"max-snippet:-1","max-image-preview":"max-image-preview:large","max-video-preview":"max-video-preview:-1"},"canonical":"https:\/\/www.steelfb.com\/de\/datenschutzpolitik\/","og_locale":"de_DE","og_type":"article","og_title":"Datenschutzpolitik - Steel for Bricks","og_description":"Datenschutzpolitik Zur Einhaltung der Grundlagen der Rechtm\u00e4\u00dfigkeit, Loyalit\u00e4t und Transparenz stellen wir Ihnen folgende Datenschutzpolitik zur Verf\u00fcgung. Wer ist f\u00fcr die Verarbeitung Ihrer Daten zust\u00e4ndig? [...]Weiterlesen","og_url":"https:\/\/www.steelfb.com\/de\/datenschutzpolitik\/","og_site_name":"Steel for Bricks","article_modified_time":"2026-04-15T09:51:09+00:00","twitter_card":"summary_large_image","twitter_misc":{"Gesch\u00e4tzte Lesezeit":"3\u00a0Minuten"},"schema":{"@context":"https:\/\/schema.org","@graph":[{"@type":"WebPage","@id":"https:\/\/www.steelfb.com\/de\/datenschutzpolitik\/","url":"https:\/\/www.steelfb.com\/de\/datenschutzpolitik\/","name":"Datenschutzpolitik - Steel for Bricks","isPartOf":{"@id":"https:\/\/www.steelfb.com\/de\/#website"},"datePublished":"2021-10-29T12:23:58+00:00","dateModified":"2026-04-15T09:51:09+00:00","breadcrumb":{"@id":"https:\/\/www.steelfb.com\/de\/datenschutzpolitik\/#breadcrumb"},"inLanguage":"de","potentialAction":[{"@type":"ReadAction","target":["https:\/\/www.steelfb.com\/de\/datenschutzpolitik\/"]}]},{"@type":"BreadcrumbList","@id":"https:\/\/www.steelfb.com\/de\/datenschutzpolitik\/#breadcrumb","itemListElement":[{"@type":"ListItem","position":1,"name":"Home","item":"https:\/\/www.steelfb.com\/de\/"},{"@type":"ListItem","position":2,"name":"Datenschutzpolitik"}]},{"@type":"WebSite","@id":"https:\/\/www.steelfb.com\/de\/#website","url":"https:\/\/www.steelfb.com\/de\/","name":"Steel for Bricks","description":"","publisher":{"@id":"https:\/\/www.steelfb.com\/de\/#organization"},"potentialAction":[{"@type":"SearchAction","target":{"@type":"EntryPoint","urlTemplate":"https:\/\/www.steelfb.com\/de\/?s={search_term_string}"},"query-input":{"@type":"PropertyValueSpecification","valueRequired":true,"valueName":"search_term_string"}}],"inLanguage":"de"},{"@type":"Organization","@id":"https:\/\/www.steelfb.com\/de\/#organization","name":"STEEL FOR BRICKS","url":"https:\/\/www.steelfb.com\/de\/","logo":{"@type":"ImageObject","inLanguage":"de","@id":"https:\/\/www.steelfb.com\/de\/#\/schema\/logo\/image\/","url":"https:\/\/www.steelfb.com\/wp-content\/uploads\/2022\/03\/cropped-favicon-logo-sfb.png","contentUrl":"https:\/\/www.steelfb.com\/wp-content\/uploads\/2022\/03\/cropped-favicon-logo-sfb.png","width":512,"height":512,"caption":"STEEL FOR BRICKS"},"image":{"@id":"https:\/\/www.steelfb.com\/de\/#\/schema\/logo\/image\/"}}]}},"_links":{"self":[{"href":"https:\/\/www.steelfb.com\/de\/wp-json\/wp\/v2\/pages\/2850","targetHints":{"allow":["GET"]}}],"collection":[{"href":"https:\/\/www.steelfb.com\/de\/wp-json\/wp\/v2\/pages"}],"about":[{"href":"https:\/\/www.steelfb.com\/de\/wp-json\/wp\/v2\/types\/page"}],"author":[{"embeddable":true,"href":"https:\/\/www.steelfb.com\/de\/wp-json\/wp\/v2\/users\/1"}],"replies":[{"embeddable":true,"href":"https:\/\/www.steelfb.com\/de\/wp-json\/wp\/v2\/comments?post=2850"}],"version-history":[{"count":6,"href":"https:\/\/www.steelfb.com\/de\/wp-json\/wp\/v2\/pages\/2850\/revisions"}],"predecessor-version":[{"id":4717,"href":"https:\/\/www.steelfb.com\/de\/wp-json\/wp\/v2\/pages\/2850\/revisions\/4717"}],"wp:attachment":[{"href":"https:\/\/www.steelfb.com\/de\/wp-json\/wp\/v2\/media?parent=2850"}],"curies":[{"name":"wp","href":"https:\/\/api.w.org\/{rel}","templated":true}]}}