{"id":2840,"date":"2021-10-29T16:35:11","date_gmt":"2021-10-29T14:35:11","guid":{"rendered":"https:\/\/www.steelfb.com\/conocenos\/"},"modified":"2024-01-30T10:31:15","modified_gmt":"2024-01-30T09:31:15","slug":"ueber-uns","status":"publish","type":"page","link":"https:\/\/www.steelfb.com\/de\/uber-uns\/","title":{"rendered":"\u00dcber uns"},"content":{"rendered":"\n<h1 class=\"wp-block-heading\">Steel for Bricks \u2013 Spitzentechnologie f\u00fcr Baumaterial<\/h1>\n\n\n\n<div class=\"wp-block-columns is-layout-flex wp-container-core-columns-is-layout-9d6595d7 wp-block-columns-is-layout-flex\">\n<div class=\"wp-block-column is-layout-flow wp-block-column-is-layout-flow\">\n<p>Das Unternehmen SFB stellt Produkte f\u00fcr Mauerwerk, Fundamente und Tragwerk her. Es ist der einzige Hersteller in Spanien f\u00fcr bemessene Bewehrungssysteme, die unter den Marken Fisufor\u00ae und Geofor\u00ae vertrieben werden und hat als erster europ\u00e4ischer Hersteller die CE-Kennzeichnung f\u00fcr die Geoconnect\u00ae Schubdorne f\u00fcr Tragwerke erhalten. Es verf\u00fcgt \u00fcber alle vorgeschriebenen Zertifizierungen (CE-Kennzeichnungen) und Gebrauchstauglichkeitsnachweise (spanische Abk\u00fcrzung: DAUs) f\u00fcr Tragwerkschubdorne und f\u00fcr sein GHAS Bausystem.<\/p>\n<\/div>\n\n\n\n<div class=\"wp-block-column is-layout-flow wp-block-column-is-layout-flow\">\n<p><meta charset=\"utf-8\">Seit seiner Gr\u00fcndung im Jahr 2007 hat es sich zum spanischen Marktf\u00fchrer entwickelt. Im Jahr 2009 entschied sich SFB daf\u00fcr, seine Produkte zu exportieren. Damit wurde angestrebt, eine stabile Gesch\u00e4ftsgrundlage zu erreichen, die Wettbewerbsf\u00e4higkeit zu erh\u00f6hen und zus\u00e4tzliche Produktlinien zu entwickeln. In der Zwischenzeit besitzt das Unternehmen H\u00e4ndler auf den wichtigsten europ\u00e4ischen M\u00e4rkten.<\/p>\n<\/div>\n<\/div>\n\n\n\n<div class=\"wp-block-media-text alignwide has-media-on-the-right is-stacked-on-mobile is-image-fill has-white-color has-red-background-color has-text-color has-background\"><div class=\"wp-block-media-text__content\">\n<p class=\"has-small-font-size\">Unsere technische Abteilung steht Ihnen zur Verf\u00fcgung<meta charset=\"utf-8\"><\/p>\n\n\n\n<p class=\"has-large-font-size\">Technische Abteilung<\/p>\n\n\n\n<p>STEEL FOR BRICKS besitzt eine eigene technische Abteilung, um Fachleute der Branche beim richtigen Einsatz, bei der Optimierung und beim Einbau seiner Produkte zu beraten.<\/p>\n\n\n\n<div class=\"wp-block-buttons is-layout-flex wp-block-buttons-is-layout-flex\">\n<div class=\"wp-block-button\"><a class=\"wp-block-button__link has-blue-background-color has-background wp-element-button\" href=\"https:\/\/www.steelfb.com\/de\/technische-abteilung\/\">Mehr Informationen<\/a><\/div>\n<\/div>\n<\/div><figure class=\"wp-block-media-text__media\" style=\"background-image:url(https:\/\/www.steelfb.com\/wp-content\/uploads\/2022\/04\/Optimized-ben-allan-BIeC4YK2MTA-unsplash.jpg);background-position:50% 50%\"><img loading=\"lazy\" decoding=\"async\" width=\"1200\" height=\"800\" src=\"https:\/\/www.steelfb.com\/wp-content\/uploads\/2022\/04\/Optimized-ben-allan-BIeC4YK2MTA-unsplash.jpg\" alt=\"Steel for Brick\" class=\"wp-image-2512 size-full\" srcset=\"https:\/\/www.steelfb.com\/wp-content\/uploads\/2022\/04\/Optimized-ben-allan-BIeC4YK2MTA-unsplash.jpg 1200w, https:\/\/www.steelfb.com\/wp-content\/uploads\/2022\/04\/Optimized-ben-allan-BIeC4YK2MTA-unsplash-400x267.jpg 400w, https:\/\/www.steelfb.com\/wp-content\/uploads\/2022\/04\/Optimized-ben-allan-BIeC4YK2MTA-unsplash-768x512.jpg 768w\" sizes=\"auto, (max-width: 1200px) 100vw, 1200px\" \/><\/figure><\/div>\n\n\n\n<div style=\"height:44px\" aria-hidden=\"true\" class=\"wp-block-spacer\"><\/div>\n\n\n\n<div class=\"wp-block-columns is-layout-flex wp-container-core-columns-is-layout-9d6595d7 wp-block-columns-is-layout-flex\">\n<div class=\"wp-block-column is-layout-flow wp-block-column-is-layout-flow\" style=\"flex-basis:50%\">\n<p>Das Unternehmen hat im Rahmen eines Prozesses zur Anpassung an die Bed\u00fcrfnisse der einzelnen M\u00e4rkte wie auch seiner Innovationsphilosophie spezifische neue Produkte f\u00fcr die europ\u00e4ischen M\u00e4rkte entwickelt, auf denen es schon pr\u00e4sent ist. Diese gesamte Entwicklungs- und Innovationsleistung wurde mit mehreren Patenten bei bespannten Bewehrungen und Ankern f\u00fcr Mauerwerke verb\u00fcrgt.<\/p>\n<\/div>\n\n\n\n<div class=\"wp-block-column is-layout-flow wp-block-column-is-layout-flow\" style=\"flex-basis:50%\">\n<p>Durch seine internationale Expansion und die F+E+I Projekte ist Steel for Bricks st\u00e4ndig \u00fcber die Entwicklung und die wichtigsten Neuheiten im technologischen Umfeld der Branche informiert. Dabei wird es von der technichen Abteilung von Grupo GZ unterst\u00fctzt, auf der es die Entwicklung neuer Produkte basiert.<\/p>\n<\/div>\n<\/div>\n\n\n\n<div style=\"height:69px\" aria-hidden=\"true\" class=\"wp-block-spacer\"><\/div>\n\n\n\n<p class=\"has-text-align-center has-large-font-size\"><strong>Steel for Bricks ist zusammen mit den Unternehmen ZFoam, Geohidrol und TecnoGZ<\/strong>&#8211;<\/p>\n\n\n\n<p class=\"has-text-align-center mx-auto mw-800\">die ihre T\u00e4tigkeiten in Branchen wie Industrie, Verpackungen, Isolierung, Bauwesen und Stra\u00dfenbau aus\u00fcben -, an Grupo GZ beteiligt.<\/p>\n\n\n\n<div style=\"height:44px\" aria-hidden=\"true\" class=\"wp-block-spacer\"><\/div>\n\n\n<div class=\"wp-block-image\">\n<figure class=\"aligncenter size-full\"><img loading=\"lazy\" decoding=\"async\" width=\"180\" height=\"87\" src=\"https:\/\/www.steelfb.com\/wp-content\/uploads\/2022\/01\/Logotipos-GrupoGZ.jpeg\" alt=\"\" class=\"wp-image-615\"\/><\/figure>\n<\/div>\n\n\n<div class=\"d-flex justify-content-center\">\n\n\n\n<figure class=\"wp-block-image size-full mr-2\"><a href=\"https:\/\/www.zfoam.com\/\" target=\"_blank\" rel=\"noopener\"><img loading=\"lazy\" decoding=\"async\" width=\"155\" height=\"73\" src=\"https:\/\/www.steelfb.com\/wp-content\/uploads\/2022\/01\/zfoam-grupo-gz-1.png\" alt=\"\" class=\"wp-image-620\"\/><\/a><\/figure>\n\n\n\n<figure class=\"wp-block-image size-full mr-2\"><a href=\"http:\/\/www.geohidrol.es\/\" target=\"_blank\" rel=\"noopener\"><img loading=\"lazy\" decoding=\"async\" width=\"155\" height=\"73\" src=\"https:\/\/www.steelfb.com\/wp-content\/uploads\/2022\/01\/geo-hidrol.png\" alt=\"\" class=\"wp-image-617\"\/><\/a><\/figure>\n\n\n\n<figure class=\"wp-block-image size-full mr-2\"><a href=\"http:\/\/www.tecnogz.com\/\" target=\"_blank\" rel=\"noopener\"><img loading=\"lazy\" decoding=\"async\" width=\"155\" height=\"73\" src=\"https:\/\/www.steelfb.com\/wp-content\/uploads\/2022\/01\/tecno-gz.png\" alt=\"\" class=\"wp-image-618\"\/><\/a><\/figure>\n\n\n\n<figure class=\"wp-block-image size-full\"><a href=\"http:\/\/www.steelfb.com\/\"><img loading=\"lazy\" decoding=\"async\" width=\"100\" height=\"73\" src=\"https:\/\/www.steelfb.com\/wp-content\/uploads\/2022\/01\/steel-for-bricks.png\" alt=\"\" class=\"wp-image-619\"\/><\/a><\/figure>\n\n\n\n<\/div>\n\n\n\n<div style=\"height:44px\" aria-hidden=\"true\" class=\"wp-block-spacer\"><\/div>\n\n\n\n<div class=\"wp-block-cover alignfull is-light\"><span aria-hidden=\"true\" class=\"wp-block-cover__background has-background-dim\"><\/span><img loading=\"lazy\" decoding=\"async\" width=\"1200\" height=\"800\" class=\"wp-block-cover__image-background wp-image-2512\" alt=\"Steel for Bricks\" src=\"https:\/\/www.steelfb.com\/wp-content\/uploads\/2022\/04\/Optimized-ben-allan-BIeC4YK2MTA-unsplash.jpg\" data-object-fit=\"cover\" srcset=\"https:\/\/www.steelfb.com\/wp-content\/uploads\/2022\/04\/Optimized-ben-allan-BIeC4YK2MTA-unsplash.jpg 1200w, https:\/\/www.steelfb.com\/wp-content\/uploads\/2022\/04\/Optimized-ben-allan-BIeC4YK2MTA-unsplash-400x267.jpg 400w, https:\/\/www.steelfb.com\/wp-content\/uploads\/2022\/04\/Optimized-ben-allan-BIeC4YK2MTA-unsplash-768x512.jpg 768w\" sizes=\"auto, (max-width: 1200px) 100vw, 1200px\" \/><div class=\"wp-block-cover__inner-container is-layout-flow wp-block-cover-is-layout-flow\">\n<p class=\"has-text-align-center has-white-color has-text-color has-large-font-size\"><meta charset=\"utf-8\">Entdecken Sie unsere fortschrittlichsten und innovativen L\u00f6sungen f\u00fcr die Baubranche!<\/p>\n<\/div><\/div>\n","protected":false},"excerpt":{"rendered":"<p>Steel for Bricks \u2013 Spitzentechnologie f\u00fcr Baumaterial Das Unternehmen SFB stellt Produkte f\u00fcr Mauerwerk, Fundamente und Tragwerk her. Es ist der einzige Hersteller in Spanien [&#8230;]<\/p>\n<p><a class=\"understrap-read-more-link\" href=\"https:\/\/www.steelfb.com\/de\/uber-uns\/\">Weiterlesen<\/a><\/p>\n","protected":false},"author":1,"featured_media":846,"parent":0,"menu_order":30,"comment_status":"closed","ping_status":"closed","template":"","meta":{"_acf_changed":false,"inline_featured_image":false,"footnotes":""},"class_list":["post-2840","page","type-page","status-publish","has-post-thumbnail","hentry"],"acf":[],"yoast_head":"<!-- This site is optimized with the Yoast SEO plugin v27.4 - https:\/\/yoast.com\/product\/yoast-seo-wordpress\/ -->\n<title>Hersteller von Baumaterialien - Steel for Bricks<\/title>\n<meta name=\"description\" content=\"Entdecken Sie unsere fortschrittlichen und innovativen L\u00f6sungen f\u00fcr die Baubranche!\" \/>\n<meta name=\"robots\" content=\"index, follow, max-snippet:-1, max-image-preview:large, max-video-preview:-1\" \/>\n<link rel=\"canonical\" href=\"https:\/\/www.steelfb.com\/de\/uber-uns\/\" \/>\n<meta property=\"og:locale\" content=\"de_DE\" \/>\n<meta property=\"og:type\" content=\"article\" \/>\n<meta property=\"og:title\" content=\"Hersteller von Baumaterialien - Steel for Bricks\" \/>\n<meta property=\"og:description\" content=\"Entdecken Sie unsere fortschrittlichen und innovativen L\u00f6sungen f\u00fcr die Baubranche!\" \/>\n<meta property=\"og:url\" content=\"https:\/\/www.steelfb.com\/de\/uber-uns\/\" \/>\n<meta property=\"og:site_name\" content=\"Steel for Bricks\" \/>\n<meta property=\"article:modified_time\" content=\"2024-01-30T09:31:15+00:00\" \/>\n<meta property=\"og:image\" content=\"https:\/\/www.steelfb.com\/wp-content\/uploads\/2021\/11\/Optimized-ben-allan-BIeC4YK2MTA-unsplash.jpg\" \/>\n\t<meta property=\"og:image:width\" content=\"1920\" \/>\n\t<meta property=\"og:image:height\" content=\"1280\" \/>\n\t<meta property=\"og:image:type\" content=\"image\/jpeg\" \/>\n<meta name=\"twitter:card\" content=\"summary_large_image\" \/>\n<meta name=\"twitter:label1\" content=\"Gesch\u00e4tzte Lesezeit\" \/>\n\t<meta name=\"twitter:data1\" content=\"3\u00a0Minuten\" \/>\n<script type=\"application\/ld+json\" class=\"yoast-schema-graph\">{\"@context\":\"https:\\\/\\\/schema.org\",\"@graph\":[{\"@type\":\"WebPage\",\"@id\":\"https:\\\/\\\/www.steelfb.com\\\/de\\\/uber-uns\\\/\",\"url\":\"https:\\\/\\\/www.steelfb.com\\\/de\\\/uber-uns\\\/\",\"name\":\"Hersteller von Baumaterialien - Steel for Bricks\",\"isPartOf\":{\"@id\":\"https:\\\/\\\/www.steelfb.com\\\/de\\\/#website\"},\"primaryImageOfPage\":{\"@id\":\"https:\\\/\\\/www.steelfb.com\\\/de\\\/uber-uns\\\/#primaryimage\"},\"image\":{\"@id\":\"https:\\\/\\\/www.steelfb.com\\\/de\\\/uber-uns\\\/#primaryimage\"},\"thumbnailUrl\":\"https:\\\/\\\/www.steelfb.com\\\/wp-content\\\/uploads\\\/2021\\\/11\\\/Optimized-ben-allan-BIeC4YK2MTA-unsplash.jpg\",\"datePublished\":\"2021-10-29T14:35:11+00:00\",\"dateModified\":\"2024-01-30T09:31:15+00:00\",\"description\":\"Entdecken Sie unsere fortschrittlichen und innovativen L\u00f6sungen f\u00fcr die Baubranche!\",\"breadcrumb\":{\"@id\":\"https:\\\/\\\/www.steelfb.com\\\/de\\\/uber-uns\\\/#breadcrumb\"},\"inLanguage\":\"de\",\"potentialAction\":[{\"@type\":\"ReadAction\",\"target\":[\"https:\\\/\\\/www.steelfb.com\\\/de\\\/uber-uns\\\/\"]}]},{\"@type\":\"ImageObject\",\"inLanguage\":\"de\",\"@id\":\"https:\\\/\\\/www.steelfb.com\\\/de\\\/uber-uns\\\/#primaryimage\",\"url\":\"https:\\\/\\\/www.steelfb.com\\\/wp-content\\\/uploads\\\/2021\\\/11\\\/Optimized-ben-allan-BIeC4YK2MTA-unsplash.jpg\",\"contentUrl\":\"https:\\\/\\\/www.steelfb.com\\\/wp-content\\\/uploads\\\/2021\\\/11\\\/Optimized-ben-allan-BIeC4YK2MTA-unsplash.jpg\",\"width\":1920,\"height\":1280},{\"@type\":\"BreadcrumbList\",\"@id\":\"https:\\\/\\\/www.steelfb.com\\\/de\\\/uber-uns\\\/#breadcrumb\",\"itemListElement\":[{\"@type\":\"ListItem\",\"position\":1,\"name\":\"Home\",\"item\":\"https:\\\/\\\/www.steelfb.com\\\/de\\\/\"},{\"@type\":\"ListItem\",\"position\":2,\"name\":\"\u00dcber uns\"}]},{\"@type\":\"WebSite\",\"@id\":\"https:\\\/\\\/www.steelfb.com\\\/de\\\/#website\",\"url\":\"https:\\\/\\\/www.steelfb.com\\\/de\\\/\",\"name\":\"Steel for Bricks\",\"description\":\"\",\"publisher\":{\"@id\":\"https:\\\/\\\/www.steelfb.com\\\/de\\\/#organization\"},\"potentialAction\":[{\"@type\":\"SearchAction\",\"target\":{\"@type\":\"EntryPoint\",\"urlTemplate\":\"https:\\\/\\\/www.steelfb.com\\\/de\\\/?s={search_term_string}\"},\"query-input\":{\"@type\":\"PropertyValueSpecification\",\"valueRequired\":true,\"valueName\":\"search_term_string\"}}],\"inLanguage\":\"de\"},{\"@type\":\"Organization\",\"@id\":\"https:\\\/\\\/www.steelfb.com\\\/de\\\/#organization\",\"name\":\"STEEL FOR BRICKS\",\"url\":\"https:\\\/\\\/www.steelfb.com\\\/de\\\/\",\"logo\":{\"@type\":\"ImageObject\",\"inLanguage\":\"de\",\"@id\":\"https:\\\/\\\/www.steelfb.com\\\/de\\\/#\\\/schema\\\/logo\\\/image\\\/\",\"url\":\"https:\\\/\\\/www.steelfb.com\\\/wp-content\\\/uploads\\\/2022\\\/03\\\/cropped-favicon-logo-sfb.png\",\"contentUrl\":\"https:\\\/\\\/www.steelfb.com\\\/wp-content\\\/uploads\\\/2022\\\/03\\\/cropped-favicon-logo-sfb.png\",\"width\":512,\"height\":512,\"caption\":\"STEEL FOR BRICKS\"},\"image\":{\"@id\":\"https:\\\/\\\/www.steelfb.com\\\/de\\\/#\\\/schema\\\/logo\\\/image\\\/\"}}]}<\/script>\n<!-- \/ Yoast SEO plugin. -->","yoast_head_json":{"title":"Hersteller von Baumaterialien - Steel for Bricks","description":"Entdecken Sie unsere fortschrittlichen und innovativen L\u00f6sungen f\u00fcr die Baubranche!","robots":{"index":"index","follow":"follow","max-snippet":"max-snippet:-1","max-image-preview":"max-image-preview:large","max-video-preview":"max-video-preview:-1"},"canonical":"https:\/\/www.steelfb.com\/de\/uber-uns\/","og_locale":"de_DE","og_type":"article","og_title":"Hersteller von Baumaterialien - Steel for Bricks","og_description":"Entdecken Sie unsere fortschrittlichen und innovativen L\u00f6sungen f\u00fcr die Baubranche!","og_url":"https:\/\/www.steelfb.com\/de\/uber-uns\/","og_site_name":"Steel for Bricks","article_modified_time":"2024-01-30T09:31:15+00:00","og_image":[{"width":1920,"height":1280,"url":"https:\/\/www.steelfb.com\/wp-content\/uploads\/2021\/11\/Optimized-ben-allan-BIeC4YK2MTA-unsplash.jpg","type":"image\/jpeg"}],"twitter_card":"summary_large_image","twitter_misc":{"Gesch\u00e4tzte Lesezeit":"3\u00a0Minuten"},"schema":{"@context":"https:\/\/schema.org","@graph":[{"@type":"WebPage","@id":"https:\/\/www.steelfb.com\/de\/uber-uns\/","url":"https:\/\/www.steelfb.com\/de\/uber-uns\/","name":"Hersteller von Baumaterialien - Steel for Bricks","isPartOf":{"@id":"https:\/\/www.steelfb.com\/de\/#website"},"primaryImageOfPage":{"@id":"https:\/\/www.steelfb.com\/de\/uber-uns\/#primaryimage"},"image":{"@id":"https:\/\/www.steelfb.com\/de\/uber-uns\/#primaryimage"},"thumbnailUrl":"https:\/\/www.steelfb.com\/wp-content\/uploads\/2021\/11\/Optimized-ben-allan-BIeC4YK2MTA-unsplash.jpg","datePublished":"2021-10-29T14:35:11+00:00","dateModified":"2024-01-30T09:31:15+00:00","description":"Entdecken Sie unsere fortschrittlichen und innovativen L\u00f6sungen f\u00fcr die Baubranche!","breadcrumb":{"@id":"https:\/\/www.steelfb.com\/de\/uber-uns\/#breadcrumb"},"inLanguage":"de","potentialAction":[{"@type":"ReadAction","target":["https:\/\/www.steelfb.com\/de\/uber-uns\/"]}]},{"@type":"ImageObject","inLanguage":"de","@id":"https:\/\/www.steelfb.com\/de\/uber-uns\/#primaryimage","url":"https:\/\/www.steelfb.com\/wp-content\/uploads\/2021\/11\/Optimized-ben-allan-BIeC4YK2MTA-unsplash.jpg","contentUrl":"https:\/\/www.steelfb.com\/wp-content\/uploads\/2021\/11\/Optimized-ben-allan-BIeC4YK2MTA-unsplash.jpg","width":1920,"height":1280},{"@type":"BreadcrumbList","@id":"https:\/\/www.steelfb.com\/de\/uber-uns\/#breadcrumb","itemListElement":[{"@type":"ListItem","position":1,"name":"Home","item":"https:\/\/www.steelfb.com\/de\/"},{"@type":"ListItem","position":2,"name":"\u00dcber uns"}]},{"@type":"WebSite","@id":"https:\/\/www.steelfb.com\/de\/#website","url":"https:\/\/www.steelfb.com\/de\/","name":"Steel for Bricks","description":"","publisher":{"@id":"https:\/\/www.steelfb.com\/de\/#organization"},"potentialAction":[{"@type":"SearchAction","target":{"@type":"EntryPoint","urlTemplate":"https:\/\/www.steelfb.com\/de\/?s={search_term_string}"},"query-input":{"@type":"PropertyValueSpecification","valueRequired":true,"valueName":"search_term_string"}}],"inLanguage":"de"},{"@type":"Organization","@id":"https:\/\/www.steelfb.com\/de\/#organization","name":"STEEL FOR BRICKS","url":"https:\/\/www.steelfb.com\/de\/","logo":{"@type":"ImageObject","inLanguage":"de","@id":"https:\/\/www.steelfb.com\/de\/#\/schema\/logo\/image\/","url":"https:\/\/www.steelfb.com\/wp-content\/uploads\/2022\/03\/cropped-favicon-logo-sfb.png","contentUrl":"https:\/\/www.steelfb.com\/wp-content\/uploads\/2022\/03\/cropped-favicon-logo-sfb.png","width":512,"height":512,"caption":"STEEL FOR BRICKS"},"image":{"@id":"https:\/\/www.steelfb.com\/de\/#\/schema\/logo\/image\/"}}]}},"_links":{"self":[{"href":"https:\/\/www.steelfb.com\/de\/wp-json\/wp\/v2\/pages\/2840","targetHints":{"allow":["GET"]}}],"collection":[{"href":"https:\/\/www.steelfb.com\/de\/wp-json\/wp\/v2\/pages"}],"about":[{"href":"https:\/\/www.steelfb.com\/de\/wp-json\/wp\/v2\/types\/page"}],"author":[{"embeddable":true,"href":"https:\/\/www.steelfb.com\/de\/wp-json\/wp\/v2\/users\/1"}],"replies":[{"embeddable":true,"href":"https:\/\/www.steelfb.com\/de\/wp-json\/wp\/v2\/comments?post=2840"}],"version-history":[{"count":4,"href":"https:\/\/www.steelfb.com\/de\/wp-json\/wp\/v2\/pages\/2840\/revisions"}],"predecessor-version":[{"id":4517,"href":"https:\/\/www.steelfb.com\/de\/wp-json\/wp\/v2\/pages\/2840\/revisions\/4517"}],"wp:featuredmedia":[{"embeddable":true,"href":"https:\/\/www.steelfb.com\/de\/wp-json\/wp\/v2\/media\/846"}],"wp:attachment":[{"href":"https:\/\/www.steelfb.com\/de\/wp-json\/wp\/v2\/media?parent=2840"}],"curies":[{"name":"wp","href":"https:\/\/api.w.org\/{rel}","templated":true}]}}