{"id":2829,"date":"2021-11-17T02:17:08","date_gmt":"2021-11-17T01:17:08","guid":{"rendered":"https:\/\/www.steelfb.com\/politica-de-cookies\/"},"modified":"2022-07-20T11:39:30","modified_gmt":"2022-07-20T09:39:30","slug":"cookie-politik","status":"publish","type":"page","link":"https:\/\/www.steelfb.com\/de\/cookie-politik\/","title":{"rendered":"Cookie politik"},"content":{"rendered":"\n<h1 class=\"wp-block-heading\">Cookie politik<\/h1>\n\n\n\n<p><strong>1.- Was sind Cookies?<\/strong><\/p>\n\n\n\n<p>Die Webseite von STEEL FOR BRICKS GZ S.L. (im Folgenden die Webseite) verwendet Cookies. Cookies sind Dateien, die \u00fcber einen Webserver an einen Browser gesendet werden, um die Useraktivit\u00e4ten auf einer bestimmten Webseite aufzuzeichnen. Cookies dienen zun\u00e4chst dazu, dem Anwender einen schnelleren Zugriff auf die gew\u00e4hlten Serviceleistungen zu bieten. Cookies gestalten au\u00dferdem die auf der Webseite angebotenen Serviceleistungen individuell, indem sie jedem Anwender Informationen bieten, die f\u00fcr ihn entsprechend seiner Nutzung der Serviceleistungen interessant sind oder sein k\u00f6nnen.<\/p>\n\n\n\n<p>Die Webseite verwendet Cookies, um das Browsen der Anwender individuell zu gestalten und aufs H\u00f6chste zu vereinfachen. Cookies werden nur einem anonymen User und dessen Computer zugeordnet und bieten keine Anhaltspunkte, aus denen sich die personenbezogenen Daten des Anwenders ableiten lassen. Der Anwender kann seinen Browser konfigurieren, damit er die Installation der von der Webseite gesendeten Cookies meldet und ablehnt, ohne dass dadurch der Zugriff des Anwenders auf die Inhalte dieser Webseite beeintr\u00e4chtigt wird. Wir weisen jedoch darauf hin, dass sich die Funktionsweise der Webseite evtl. qualitativ verschlechtert.<\/p>\n\n\n\n<p>Angemeldete Anwender, die sich einloggen oder eine Session er\u00f6ffnet haben, k\u00f6nnen dank der Kombination der in den Cookies gespeicherten Daten mit den bei der Anmeldung verwendeten personenbezogenen Daten Serviceleistungen nutzen, die individueller und ihrem Profil angepasst sind. Diese Anwender lassen \u2013 unbeschadet ihres Rechts auf Ablehnung oder Ausschaltung der Cookie-Nutzung \u2013 ausdr\u00fccklich die Nutzung dieser Informationen zum angegebenen Zweck zu.<\/p>\n\n\n\n<p>Die Webseite kann gleicherma\u00dfen alle vom Anwender angeforderten Serviceleistungen wissen, sodass dem Geschmack und den Vorlieben der einzelnen Anwender angepasste Informationen zur Verf\u00fcgung gestellt werden k\u00f6nnen.<\/p>\n\n\n\n<p><strong>2.- Welche Arten an Cookies gibt es?<\/strong><\/p>\n\n\n\n<p>Cookies k\u00f6nnen entsprechend ihrer Dauer wie folgt unterteilt werden:<\/p>\n\n\n\n<ul class=\"wp-block-list\"><li><strong>\u201eSitzungscookies\u201c<\/strong>: Diese Cookies laufen ab, wenn der Anwender den Browser schlie\u00dft.<\/li><li><strong>\u201ePersistente Cookies\u201c<\/strong>: Diese Cookies laufen entsprechend des Zwecks ab, f\u00fcr den sie dienen (z. B. damit der Anwender in den Serviceleistungen identifiziert bleibt) oder wenn sie manuell gel\u00f6scht werden.<\/li><\/ul>\n\n\n\n<p>Zus\u00e4tzlich k\u00f6nnen die Cookies entsprechend ihres Zwecks wie folgt eingestuft werden.<\/p>\n\n\n\n<ul class=\"wp-block-list\"><li><strong>\u201eLeistungscookies\u201c<\/strong>: Diese Art Cookies speichern Ihre Vorlieben f\u00fcr die Tools in den Serviceleistungen, sodass Sie diese nicht bei jedem Besuch neu konfigurieren m\u00fcssen. Dazu geh\u00f6ren beispielsweise:<ul class=\"wp-block-list\"><li>Einstellung der Lautst\u00e4rke der Video- oder Tonwiedergaben.<\/li><li>Die mit Ihrem Browser kompatiblen Video\u00fcbertragungsgeschwindigkeiten.<\/li><\/ul><\/li><li><strong>\u201eGeolokalisierungs-Cookies\u201c<\/strong>: Diese Cookies werden eingesetzt, um zu erfahren, aus welchem Land eine Serviceleistung aufgerufen wird. Diese Cookies sind komplett anonym und werden nur verwendet, um den Inhalt Ihrem Standort anzupassen.<\/li><li><strong>\u201eAnmeldungscookies\u201c<\/strong>: Diese Cookies werden erstellt, sobald sich der Anwender angemeldet oder sp\u00e4ter seine Sitzung er\u00f6ffnet hat. Sie werden verwendet, um ihn bei den Serviceleistungen mit folgenden Zielen zu identifizieren:<ul class=\"wp-block-list\"><li>Der Anwender bleibt identifiziert, sodass der Browser oder der Computer nach Beendigung der Sitzung bei einer erneuten Serviceanforderung an einem anderen Zeitpunkt oder an einem anderen Tag identifiziert bleibt. Dadurch wird sein Browsen ohne erneute Identifizierung erleichtert. Diese Funktion kann unterdr\u00fcckt werden, wenn der Anwender auf die Funktion \u201eSitzung beenden\u201c dr\u00fcckt. Damit wird dieses Cookie entfernt und der Anwender muss beim n\u00e4chsten Mal die Sitzung er\u00f6ffnen, um identifiziert zu sein.<\/li><li>Damit wird auch gepr\u00fcft, ob der Anwender f\u00fcr den Zugriff auf bestimmte Serviceleistungen wie z. B. die Teilnahme an einem Wettbewerb, zugelassen ist.<\/li><\/ul><\/li><li><strong>\u201eAnalysecookies\u201c<\/strong>: Bei jedem Besuch einer Serviceleistung des Anwenders erstellt ein Tool eines externen Lieferanten ein Analysecookie im Anwendercomputer. Dieses Cookie wird nur beim Besuch erstellt und dient bei den n\u00e4chsten Besuchen der Webserviceleistungen zur anonymen Identifizierung des Besuchers. Die Hauptziele dabei sind:<ul class=\"wp-block-list\"><li>Erm\u00f6glichung der anonymen Identifizierung der Anwender \u00fcber das \u201eCookie\u201c (es identifiziert Browser und Ger\u00e4te, aber keine Personen) und somit der ungef\u00e4hren Z\u00e4hlung der Anwenderzahl und deren zeitlicher Verbleib.<\/li><li>Anonyme Identifizierung der am meisten besuchten und somit attraktivsten Inhalte f\u00fcr die Anwender.<\/li><li>Feststellung, ob der Anwender neu ist oder seinen Besuch wiederholt.<\/li><\/ul><\/li><\/ul>\n\n\n\n<p>Wichtig: Ausgenommen im Fall, dass sich der Anwender f\u00fcr eine Serviceleistung der Webseite anmeldet, wird das Cookie nie personenbezogenen Daten zugeordnet, die ihn identifizieren k\u00f6nnten. Diese Cookies werden nur zu statistischen Zwecken eingesetzt, um zur Optimierung des Anwendererlebnisses auf der Website beizutragen.<\/p>\n\n\n\n<ul class=\"wp-block-list\"><li><strong>\u201eVerhaltensorientierte Werbungscookies\u201c<\/strong>: Mit dieser Art Cookies kann die Information der Werbung, die jedem anonymen Besucher der Serviceleistungen der Webseite angezeigt wird, erweitert werden. Es werden u. a. die Dauer und H\u00e4ufigkeit der Anzeige der Werbungen, der Interaktion mit diesen oder das Browser- u. \/ o. Anwenderverhalten gespeichert, da sie dazu beitragen, das Profil des Werbungsinteresses zu erstellen. Auf diese Art kann Werbung angeboten werden, die den Anwenderinteressen entspricht.<\/li><li><strong>\u201eWerbungscookies von Drittanbietern\u201c<\/strong>: Neben der von der Webseite bei ihren Serviceleistungen verwalteten Werbung bietet die Webseite auch die M\u00f6glichkeit an, Anzeigen \u00fcber Dritte (\u201eAdServers\u201c) zu schalten. Auf diese Art k\u00f6nnen diese Drittanbieter Cookies speichern, die von den Webservern der Anwenderbrowser gesendet werden, wie auch auf die Daten zugreifen, die darin gespeichert werden.<\/li><\/ul>\n\n\n\n<p><strong>3.- Welche Cookies verwenden wir?<\/strong><\/p>\n\n\n\n<p>Wir verwenden folgende Cookies auf unserer Webseite:<\/p>\n\n\n\n<ul class=\"wp-block-list\"><li><strong>Eigene Cookies<\/strong>: Sie werden vom Ger\u00e4t oder Domain, das vom Herausgeber selbst oder von demjenigen, von dem die vom Anwender angeforderte Serviceleistung verwaltet wird, an das Anwenderterminal gesendet.<\/li><li><strong>qtrans_cookie_test<\/strong> \u2013 ist f\u00fcr die Funktionsweise des mehrsprachigen Webseitensystems zust\u00e4ndig.<\/li><li>Cookies von Drittanbietern: Sie werden von einem Ger\u00e4t oder Domain, das nicht vom Herausgeber, sondern von einer anderen Einrichtung, welche die \u00fcber die Cookies erhaltenen Daten verarbeitet, an das Anwenderterminal gesendet. <strong>WIR VERWENDEN KEINE COOKIES VON DRITTANBIETERN.<\/strong><\/li><\/ul>\n\n\n\n<p><strong>4.- Wie kann man Cookies ausschalten?<\/strong><\/p>\n\n\n\n<p>Normalerweise ist es m\u00f6glich, die Browsercookies anzunehmen oder die Cookies einer konkreten Serviceleistungen abzulehnen.<\/p>\n\n\n\n<p>Alle modernen Browser erm\u00f6glichen die \u00c4nderung der Cookie-Konfiguration. Diese Einstellungen befinden sich normalerweise unter \u201eOptionen\u201c oder \u201eVorlieben\u201c des Browsermen\u00fcs. Sie k\u00f6nnen au\u00dferdem Ihren Browser oder Ihren E-Mail-Manager konfigurieren sowie kostenlose Erg\u00e4nzungen installieren, um den Download von Web Bugs beim \u00d6ffnen einer E-Mail zu vermeiden.<\/p>\n\n\n\n<p>Die Webseite orientiert den Anwender \u00fcber die Schritte, um zum Konfigurationsmen\u00fc der Cookies und ggf. zum privaten Browsen bei den einzelnen Hauptbrowsern zu kommen.<\/p>\n\n\n\n<ul class=\"wp-block-list\"><li><strong>Edge<\/strong>: Konfiguration \u2013 &gt; Fortgeschrittene Konfiguration \u2013 &gt; Cookies. \u2013 F\u00fcr weitere Ausk\u00fcnfte k\u00f6nnen Sie sich unter der Hilfsfunktion von Microsoft oder der Hilfsfunktion des Browsers erkundigen.<\/li><li><strong>Internet Explorer<\/strong>: Extras \u2013 Internetoptionen \u2013 Datenschutz \u2013 Konfiguration. F\u00fcr weitere Ausk\u00fcnfte k\u00f6nnen Sie sich unter der Hilfsfunktion von Microsoft oder der Hilfsfunktion des Browsers erkundigen.<\/li><li><strong>Firefox<\/strong>: Extras -&gt; Optionen -&gt; Datenschutz -&gt; Historie -&gt; individuelle Konfiguration.<\/li><li><strong>Chrome<\/strong>: Konfiguration \u2013&gt; Fortgeschrittene Optionen anzeigen \u2013&gt; Datenschutz \u2013&gt; Inhaltskonfiguration.<\/li><li><strong>Safari<\/strong>: Einstellungen \u2013&gt; Sicherheit. \u2013 F\u00fcr weitere Ausk\u00fcnfte k\u00f6nnen Sie sich unter der Hilfsfunktion von Apple oder der Hilfsfunktion des Browsers erkundigen.<\/li><\/ul>\n\n\n\n<p><strong>5.- K\u00f6nnen \u00c4nderungen an der Cookie-Politik eintreten?<\/strong><\/p>\n\n\n\n<p>Die Webseite kann diese Cookie-Politik entsprechend der gesetzlichen oder regulatorischen Anforderungen wie auch zur Anpassung dieser Politik an die von der Spanischen Agentur f\u00fcr Datenschutz erlassenen Anweisungen \u00e4ndern. Deshalb wird den Anwendern empfohlen, sie regelm\u00e4\u00dfig zu besuchen.<\/p>\n\n\n\n<p>Wenn wesentliche \u00c4nderungen an dieser Cookie-Politik entstehen, werden sie den Anwendern \u00fcber die Webseite oder per E-Mail den angemeldeten Anwendern mitgeteilt.<\/p>\n","protected":false},"excerpt":{"rendered":"<p>Cookie politik 1.- Was sind Cookies? Die Webseite von STEEL FOR BRICKS GZ S.L. (im Folgenden die Webseite) verwendet Cookies. Cookies sind Dateien, die \u00fcber [&#8230;]<\/p>\n<p><a class=\"understrap-read-more-link\" href=\"https:\/\/www.steelfb.com\/de\/cookie-politik\/\">Weiterlesen<\/a><\/p>\n","protected":false},"author":1,"featured_media":0,"parent":0,"menu_order":99,"comment_status":"closed","ping_status":"closed","template":"","meta":{"_acf_changed":false,"inline_featured_image":false,"footnotes":""},"class_list":["post-2829","page","type-page","status-publish","hentry"],"acf":[],"yoast_head":"<!-- This site is optimized with the Yoast SEO plugin v27.4 - https:\/\/yoast.com\/product\/yoast-seo-wordpress\/ -->\n<title>Cookies-Richtlinien - Steel for Bricks<\/title>\n<meta name=\"robots\" content=\"index, follow, max-snippet:-1, max-image-preview:large, max-video-preview:-1\" \/>\n<link rel=\"canonical\" href=\"https:\/\/www.steelfb.com\/de\/cookie-politik\/\" \/>\n<meta property=\"og:locale\" content=\"de_DE\" \/>\n<meta property=\"og:type\" content=\"article\" \/>\n<meta property=\"og:title\" content=\"Cookies-Richtlinien - Steel for Bricks\" \/>\n<meta property=\"og:description\" content=\"Cookie politik 1.- Was sind Cookies? Die Webseite von STEEL FOR BRICKS GZ S.L. (im Folgenden die Webseite) verwendet Cookies. Cookies sind Dateien, die \u00fcber [...]Weiterlesen\" \/>\n<meta property=\"og:url\" content=\"https:\/\/www.steelfb.com\/de\/cookie-politik\/\" \/>\n<meta property=\"og:site_name\" content=\"Steel for Bricks\" \/>\n<meta property=\"article:modified_time\" content=\"2022-07-20T09:39:30+00:00\" \/>\n<meta name=\"twitter:card\" content=\"summary_large_image\" \/>\n<meta name=\"twitter:label1\" content=\"Gesch\u00e4tzte Lesezeit\" \/>\n\t<meta name=\"twitter:data1\" content=\"5\u00a0Minuten\" \/>\n<script type=\"application\/ld+json\" class=\"yoast-schema-graph\">{\"@context\":\"https:\\\/\\\/schema.org\",\"@graph\":[{\"@type\":\"WebPage\",\"@id\":\"https:\\\/\\\/www.steelfb.com\\\/de\\\/cookie-politik\\\/\",\"url\":\"https:\\\/\\\/www.steelfb.com\\\/de\\\/cookie-politik\\\/\",\"name\":\"Cookies-Richtlinien - Steel for Bricks\",\"isPartOf\":{\"@id\":\"https:\\\/\\\/www.steelfb.com\\\/de\\\/#website\"},\"datePublished\":\"2021-11-17T01:17:08+00:00\",\"dateModified\":\"2022-07-20T09:39:30+00:00\",\"breadcrumb\":{\"@id\":\"https:\\\/\\\/www.steelfb.com\\\/de\\\/cookie-politik\\\/#breadcrumb\"},\"inLanguage\":\"de\",\"potentialAction\":[{\"@type\":\"ReadAction\",\"target\":[\"https:\\\/\\\/www.steelfb.com\\\/de\\\/cookie-politik\\\/\"]}]},{\"@type\":\"BreadcrumbList\",\"@id\":\"https:\\\/\\\/www.steelfb.com\\\/de\\\/cookie-politik\\\/#breadcrumb\",\"itemListElement\":[{\"@type\":\"ListItem\",\"position\":1,\"name\":\"Home\",\"item\":\"https:\\\/\\\/www.steelfb.com\\\/de\\\/\"},{\"@type\":\"ListItem\",\"position\":2,\"name\":\"Cookie politik\"}]},{\"@type\":\"WebSite\",\"@id\":\"https:\\\/\\\/www.steelfb.com\\\/de\\\/#website\",\"url\":\"https:\\\/\\\/www.steelfb.com\\\/de\\\/\",\"name\":\"Steel for Bricks\",\"description\":\"\",\"publisher\":{\"@id\":\"https:\\\/\\\/www.steelfb.com\\\/de\\\/#organization\"},\"potentialAction\":[{\"@type\":\"SearchAction\",\"target\":{\"@type\":\"EntryPoint\",\"urlTemplate\":\"https:\\\/\\\/www.steelfb.com\\\/de\\\/?s={search_term_string}\"},\"query-input\":{\"@type\":\"PropertyValueSpecification\",\"valueRequired\":true,\"valueName\":\"search_term_string\"}}],\"inLanguage\":\"de\"},{\"@type\":\"Organization\",\"@id\":\"https:\\\/\\\/www.steelfb.com\\\/de\\\/#organization\",\"name\":\"STEEL FOR BRICKS\",\"url\":\"https:\\\/\\\/www.steelfb.com\\\/de\\\/\",\"logo\":{\"@type\":\"ImageObject\",\"inLanguage\":\"de\",\"@id\":\"https:\\\/\\\/www.steelfb.com\\\/de\\\/#\\\/schema\\\/logo\\\/image\\\/\",\"url\":\"https:\\\/\\\/www.steelfb.com\\\/wp-content\\\/uploads\\\/2022\\\/03\\\/cropped-favicon-logo-sfb.png\",\"contentUrl\":\"https:\\\/\\\/www.steelfb.com\\\/wp-content\\\/uploads\\\/2022\\\/03\\\/cropped-favicon-logo-sfb.png\",\"width\":512,\"height\":512,\"caption\":\"STEEL FOR BRICKS\"},\"image\":{\"@id\":\"https:\\\/\\\/www.steelfb.com\\\/de\\\/#\\\/schema\\\/logo\\\/image\\\/\"}}]}<\/script>\n<!-- \/ Yoast SEO plugin. -->","yoast_head_json":{"title":"Cookies-Richtlinien - Steel for Bricks","robots":{"index":"index","follow":"follow","max-snippet":"max-snippet:-1","max-image-preview":"max-image-preview:large","max-video-preview":"max-video-preview:-1"},"canonical":"https:\/\/www.steelfb.com\/de\/cookie-politik\/","og_locale":"de_DE","og_type":"article","og_title":"Cookies-Richtlinien - Steel for Bricks","og_description":"Cookie politik 1.- Was sind Cookies? Die Webseite von STEEL FOR BRICKS GZ S.L. (im Folgenden die Webseite) verwendet Cookies. Cookies sind Dateien, die \u00fcber [...]Weiterlesen","og_url":"https:\/\/www.steelfb.com\/de\/cookie-politik\/","og_site_name":"Steel for Bricks","article_modified_time":"2022-07-20T09:39:30+00:00","twitter_card":"summary_large_image","twitter_misc":{"Gesch\u00e4tzte Lesezeit":"5\u00a0Minuten"},"schema":{"@context":"https:\/\/schema.org","@graph":[{"@type":"WebPage","@id":"https:\/\/www.steelfb.com\/de\/cookie-politik\/","url":"https:\/\/www.steelfb.com\/de\/cookie-politik\/","name":"Cookies-Richtlinien - Steel for Bricks","isPartOf":{"@id":"https:\/\/www.steelfb.com\/de\/#website"},"datePublished":"2021-11-17T01:17:08+00:00","dateModified":"2022-07-20T09:39:30+00:00","breadcrumb":{"@id":"https:\/\/www.steelfb.com\/de\/cookie-politik\/#breadcrumb"},"inLanguage":"de","potentialAction":[{"@type":"ReadAction","target":["https:\/\/www.steelfb.com\/de\/cookie-politik\/"]}]},{"@type":"BreadcrumbList","@id":"https:\/\/www.steelfb.com\/de\/cookie-politik\/#breadcrumb","itemListElement":[{"@type":"ListItem","position":1,"name":"Home","item":"https:\/\/www.steelfb.com\/de\/"},{"@type":"ListItem","position":2,"name":"Cookie politik"}]},{"@type":"WebSite","@id":"https:\/\/www.steelfb.com\/de\/#website","url":"https:\/\/www.steelfb.com\/de\/","name":"Steel for Bricks","description":"","publisher":{"@id":"https:\/\/www.steelfb.com\/de\/#organization"},"potentialAction":[{"@type":"SearchAction","target":{"@type":"EntryPoint","urlTemplate":"https:\/\/www.steelfb.com\/de\/?s={search_term_string}"},"query-input":{"@type":"PropertyValueSpecification","valueRequired":true,"valueName":"search_term_string"}}],"inLanguage":"de"},{"@type":"Organization","@id":"https:\/\/www.steelfb.com\/de\/#organization","name":"STEEL FOR BRICKS","url":"https:\/\/www.steelfb.com\/de\/","logo":{"@type":"ImageObject","inLanguage":"de","@id":"https:\/\/www.steelfb.com\/de\/#\/schema\/logo\/image\/","url":"https:\/\/www.steelfb.com\/wp-content\/uploads\/2022\/03\/cropped-favicon-logo-sfb.png","contentUrl":"https:\/\/www.steelfb.com\/wp-content\/uploads\/2022\/03\/cropped-favicon-logo-sfb.png","width":512,"height":512,"caption":"STEEL FOR BRICKS"},"image":{"@id":"https:\/\/www.steelfb.com\/de\/#\/schema\/logo\/image\/"}}]}},"_links":{"self":[{"href":"https:\/\/www.steelfb.com\/de\/wp-json\/wp\/v2\/pages\/2829","targetHints":{"allow":["GET"]}}],"collection":[{"href":"https:\/\/www.steelfb.com\/de\/wp-json\/wp\/v2\/pages"}],"about":[{"href":"https:\/\/www.steelfb.com\/de\/wp-json\/wp\/v2\/types\/page"}],"author":[{"embeddable":true,"href":"https:\/\/www.steelfb.com\/de\/wp-json\/wp\/v2\/users\/1"}],"replies":[{"embeddable":true,"href":"https:\/\/www.steelfb.com\/de\/wp-json\/wp\/v2\/comments?post=2829"}],"version-history":[{"count":4,"href":"https:\/\/www.steelfb.com\/de\/wp-json\/wp\/v2\/pages\/2829\/revisions"}],"predecessor-version":[{"id":3724,"href":"https:\/\/www.steelfb.com\/de\/wp-json\/wp\/v2\/pages\/2829\/revisions\/3724"}],"wp:attachment":[{"href":"https:\/\/www.steelfb.com\/de\/wp-json\/wp\/v2\/media?parent=2829"}],"curies":[{"name":"wp","href":"https:\/\/api.w.org\/{rel}","templated":true}]}}