{"id":2826,"date":"2021-10-31T02:25:18","date_gmt":"2021-10-31T01:25:18","guid":{"rendered":"https:\/\/www.steelfb.com\/contacto\/"},"modified":"2022-07-20T12:38:59","modified_gmt":"2022-07-20T10:38:59","slug":"kontakt","status":"publish","type":"page","link":"https:\/\/www.steelfb.com\/de\/kontakt\/","title":{"rendered":"Kontakt"},"content":{"rendered":"\n<h1 class=\"wp-block-heading\">Kontakt<\/h1>\n\n\n\n<div class=\"wp-block-columns is-layout-flex wp-container-core-columns-is-layout-9d6595d7 wp-block-columns-is-layout-flex\">\n<div class=\"wp-block-column is-layout-flow wp-block-column-is-layout-flow\">\n<div class=\"wpcf7 no-js\" id=\"wpcf7-f3684-o1\" lang=\"de-DE\" dir=\"ltr\" data-wpcf7-id=\"3684\">\n<div class=\"screen-reader-response\"><p role=\"status\" aria-live=\"polite\" aria-atomic=\"true\"><\/p> <ul><\/ul><\/div>\n<form action=\"\/de\/wp-json\/wp\/v2\/pages\/2826#wpcf7-f3684-o1\" method=\"post\" class=\"wpcf7-form init e90e17bd99eb cmatic-conn cmatic-aud-1 cmatic-mapd0-0 cmatic-v0978 cmatic-sent-0 cmatic-total-6\" aria-label=\"Kontaktformular\" novalidate=\"novalidate\" data-status=\"init\">\n<fieldset class=\"hidden-fields-container\"><input type=\"hidden\" name=\"_wpcf7\" value=\"3684\" \/><input type=\"hidden\" name=\"_wpcf7_version\" value=\"6.1.5\" \/><input type=\"hidden\" name=\"_wpcf7_locale\" value=\"de_DE\" \/><input type=\"hidden\" name=\"_wpcf7_unit_tag\" value=\"wpcf7-f3684-o1\" \/><input type=\"hidden\" name=\"_wpcf7_container_post\" value=\"0\" \/><input type=\"hidden\" name=\"_wpcf7_posted_data_hash\" value=\"\" \/>\n<\/fieldset>\n<p><label> Name*<br \/>\n<span class=\"wpcf7-form-control-wrap\" data-name=\"your-name\"><input size=\"40\" maxlength=\"400\" class=\"wpcf7-form-control wpcf7-text wpcf7-validates-as-required\" aria-required=\"true\" aria-invalid=\"false\" value=\"\" type=\"text\" name=\"your-name\" \/><\/span> <\/label><br \/>\n<span id=\"wpcf7-69e0635235da4-wrapper\" class=\"wpcf7-form-control-wrap email-wrap\" ><input type=\"hidden\" name=\"email-time-start\" value=\"1776313170\"><input type=\"hidden\" name=\"email-time-check\" value=\"4\"><label for=\"wpcf7-69e0635235da4-field\" class=\"hp-message\">Bitte lasse dieses Feld leer.<\/label><input id=\"wpcf7-69e0635235da4-field\"  class=\"wpcf7-form-control wpcf7-text\" type=\"text\" name=\"email\" value=\"\" size=\"40\" tabindex=\"-1\" autocomplete=\"new-password\" \/><\/span><br \/>\n<label> E-mail*<br \/>\n<span class=\"wpcf7-form-control-wrap\" data-name=\"your-email\"><input size=\"40\" maxlength=\"400\" class=\"wpcf7-form-control wpcf7-email wpcf7-validates-as-required wpcf7-text wpcf7-validates-as-email\" aria-required=\"true\" aria-invalid=\"false\" value=\"\" type=\"email\" name=\"your-email\" \/><\/span> <\/label>\n<\/p>\n<p><label> Telefonnummer*<br \/>\n<span class=\"wpcf7-form-control-wrap\" data-name=\"your-phone\"><input size=\"40\" maxlength=\"400\" class=\"wpcf7-form-control wpcf7-text wpcf7-validates-as-required\" aria-required=\"true\" aria-invalid=\"false\" value=\"\" type=\"text\" name=\"your-phone\" \/><\/span> <\/label>\n<\/p>\n<p><label> Gesellschaft<br \/>\n<span class=\"wpcf7-form-control-wrap\" data-name=\"your-company\"><input size=\"40\" maxlength=\"400\" class=\"wpcf7-form-control wpcf7-text\" aria-invalid=\"false\" value=\"\" type=\"text\" name=\"your-company\" \/><\/span> <\/label>\n<\/p>\n<p><label> Wie k\u00f6nnen wir Ihnen helfen?*<br \/>\n<span class=\"wpcf7-form-control-wrap\" data-name=\"your-subject\"><input size=\"40\" maxlength=\"400\" class=\"wpcf7-form-control wpcf7-text wpcf7-validates-as-required\" aria-required=\"true\" aria-invalid=\"false\" value=\"\" type=\"text\" name=\"your-subject\" \/><\/span> <\/label>\n<\/p>\n<p><label> Weitere Informationen<br \/>\n<span class=\"wpcf7-form-control-wrap\" data-name=\"your-message\"><textarea cols=\"40\" rows=\"10\" maxlength=\"2000\" class=\"wpcf7-form-control wpcf7-textarea\" aria-invalid=\"false\" name=\"your-message\"><\/textarea><\/span> <\/label>\n<\/p>\n<p><small>* Erforderliche Felder<\/small>\n<\/p>\n<p><input class=\"wpcf7-form-control wpcf7-submit has-spinner\" type=\"submit\" value=\"Anfrage schicken\" \/>\n<\/p><div class=\"wpcf7-response-output\" aria-hidden=\"true\"><\/div>\n<\/form>\n<\/div>\n\n<\/div>\n\n\n\n<div class=\"wp-block-column is-layout-flow wp-block-column-is-layout-flow\">\n<p><strong>Internationaler Vertrieb<br><strong><a href=\"tel:0034682497973\">+34 682 49 79 73<\/a><br><a href=\"mailto:export@steelfb.com\">export@steelfb.com<\/a><\/strong><\/strong><\/p>\n\n\n\n<p><strong><strong>Vertrieb Inland (Spanien)<br><\/strong><\/strong>H\u00e4ndler: Geohidrol<br><strong><strong><a href=\"tel:00916742689\">+34 91 674 26 89<\/a><br><\/strong><\/strong><a href=\"mailto:geohidrol@geohidrol.com\"><strong>geohidrol@geohidrol.com<\/strong><\/a><\/p>\n\n\n\n<figure class=\"wp-block-image size-full\"><img loading=\"lazy\" decoding=\"async\" width=\"155\" height=\"73\" src=\"https:\/\/www.steelfb.com\/wp-content\/uploads\/2022\/01\/geo-hidrol.png\" alt=\"\" class=\"wp-image-1309\"\/><\/figure>\n\n\n\n<p><strong>B\u00fcro<br><\/strong>Pol\u00edgono Industrial El Saco, Parcela 10 <br>E-50172 Alfajar\u00edn. Zaragoza (Spain) <\/p>\n\n\n\n<p><strong>Werk <\/strong><br>Pol\u00edgono Industrial Malpica, Calle F, n\u00ba 23. <br>E-50016 Zaragoza (Spain)<\/p>\n<\/div>\n<\/div>\n\n\n\n<div class=\"wp-block-group alignfull no-container has-background\" style=\"background-color:#f2f2f2\"><div class=\"wp-block-group__inner-container is-layout-flow wp-block-group-is-layout-flow\">\n<iframe src=\"https:\/\/www.google.com\/maps\/embed?pb=!1m18!1m12!1m3!1d2980.7184975711293!2d-0.7976493839043416!3d41.66182378689872!2m3!1f0!2f0!3f0!3m2!1i1024!2i768!4f13.1!3m3!1m2!1s0xd5918a597da6773%3A0x55be02e651f93597!2sSteel%20for%20Bricks%20Refuerzos%20estructurales%20met%C3%A1licos!5e0!3m2!1ses!2ses!4v1636916405152!5m2!1ses!2ses\" width=\"100%\" height=\"450\" style=\"border:0;\" allowfullscreen=\"\" loading=\"lazy\"><\/iframe>\n<\/div><\/div>\n","protected":false},"excerpt":{"rendered":"<p>Kontakt Internationaler Vertrieb+34 682 49 79 73export@steelfb.com Vertrieb Inland (Spanien)H\u00e4ndler: Geohidrol+34 91 674 26 89geohidrol@geohidrol.com B\u00fcroPol\u00edgono Industrial El Saco, Parcela 10 E-50172 Alfajar\u00edn. Zaragoza (Spain) [&#8230;]<\/p>\n<p><a class=\"understrap-read-more-link\" href=\"https:\/\/www.steelfb.com\/de\/kontakt\/\">Weiterlesen<\/a><\/p>\n","protected":false},"author":1,"featured_media":0,"parent":0,"menu_order":50,"comment_status":"closed","ping_status":"closed","template":"","meta":{"_acf_changed":false,"inline_featured_image":false,"footnotes":""},"class_list":["post-2826","page","type-page","status-publish","hentry"],"acf":[],"yoast_head":"<!-- This site is optimized with the Yoast SEO plugin v27.4 - https:\/\/yoast.com\/product\/yoast-seo-wordpress\/ -->\n<title>Kontakt Spanien - Steel for Bricks<\/title>\n<meta name=\"description\" content=\"International sales+34 682 49 79 73 export@steelfb.com B\u00fcro Industriegebiet El Saco, Parcela 10 E-50172 Alfajar\u00edn. Zaragoza (Spanien)\" \/>\n<meta name=\"robots\" content=\"index, follow, max-snippet:-1, max-image-preview:large, max-video-preview:-1\" \/>\n<link rel=\"canonical\" href=\"https:\/\/www.steelfb.com\/de\/kontakt\/\" \/>\n<meta property=\"og:locale\" content=\"de_DE\" \/>\n<meta property=\"og:type\" content=\"article\" \/>\n<meta property=\"og:title\" content=\"Kontakt Spanien - Steel for Bricks\" \/>\n<meta property=\"og:description\" content=\"International sales+34 682 49 79 73 export@steelfb.com B\u00fcro Industriegebiet El Saco, Parcela 10 E-50172 Alfajar\u00edn. Zaragoza (Spanien)\" \/>\n<meta property=\"og:url\" content=\"https:\/\/www.steelfb.com\/de\/kontakt\/\" \/>\n<meta property=\"og:site_name\" content=\"Steel for Bricks\" \/>\n<meta property=\"article:modified_time\" content=\"2022-07-20T10:38:59+00:00\" \/>\n<meta property=\"og:image\" content=\"https:\/\/www.steelfb.com\/wp-content\/uploads\/2022\/01\/geo-hidrol.png\" \/>\n<meta name=\"twitter:card\" content=\"summary_large_image\" \/>\n<meta name=\"twitter:label1\" content=\"Gesch\u00e4tzte Lesezeit\" \/>\n\t<meta name=\"twitter:data1\" content=\"1\u00a0Minute\" \/>\n<script type=\"application\/ld+json\" class=\"yoast-schema-graph\">{\"@context\":\"https:\\\/\\\/schema.org\",\"@graph\":[{\"@type\":\"WebPage\",\"@id\":\"https:\\\/\\\/www.steelfb.com\\\/de\\\/kontakt\\\/\",\"url\":\"https:\\\/\\\/www.steelfb.com\\\/de\\\/kontakt\\\/\",\"name\":\"Kontakt Spanien - Steel for Bricks\",\"isPartOf\":{\"@id\":\"https:\\\/\\\/www.steelfb.com\\\/de\\\/#website\"},\"primaryImageOfPage\":{\"@id\":\"https:\\\/\\\/www.steelfb.com\\\/de\\\/kontakt\\\/#primaryimage\"},\"image\":{\"@id\":\"https:\\\/\\\/www.steelfb.com\\\/de\\\/kontakt\\\/#primaryimage\"},\"thumbnailUrl\":\"https:\\\/\\\/www.steelfb.com\\\/wp-content\\\/uploads\\\/2022\\\/01\\\/geo-hidrol.png\",\"datePublished\":\"2021-10-31T01:25:18+00:00\",\"dateModified\":\"2022-07-20T10:38:59+00:00\",\"description\":\"International sales+34 682 49 79 73 export@steelfb.com B\u00fcro Industriegebiet El Saco, Parcela 10 E-50172 Alfajar\u00edn. Zaragoza (Spanien)\",\"breadcrumb\":{\"@id\":\"https:\\\/\\\/www.steelfb.com\\\/de\\\/kontakt\\\/#breadcrumb\"},\"inLanguage\":\"de\",\"potentialAction\":[{\"@type\":\"ReadAction\",\"target\":[\"https:\\\/\\\/www.steelfb.com\\\/de\\\/kontakt\\\/\"]}]},{\"@type\":\"ImageObject\",\"inLanguage\":\"de\",\"@id\":\"https:\\\/\\\/www.steelfb.com\\\/de\\\/kontakt\\\/#primaryimage\",\"url\":\"https:\\\/\\\/www.steelfb.com\\\/wp-content\\\/uploads\\\/2022\\\/01\\\/geo-hidrol.png\",\"contentUrl\":\"https:\\\/\\\/www.steelfb.com\\\/wp-content\\\/uploads\\\/2022\\\/01\\\/geo-hidrol.png\"},{\"@type\":\"BreadcrumbList\",\"@id\":\"https:\\\/\\\/www.steelfb.com\\\/de\\\/kontakt\\\/#breadcrumb\",\"itemListElement\":[{\"@type\":\"ListItem\",\"position\":1,\"name\":\"Home\",\"item\":\"https:\\\/\\\/www.steelfb.com\\\/de\\\/\"},{\"@type\":\"ListItem\",\"position\":2,\"name\":\"Kontakt\"}]},{\"@type\":\"WebSite\",\"@id\":\"https:\\\/\\\/www.steelfb.com\\\/de\\\/#website\",\"url\":\"https:\\\/\\\/www.steelfb.com\\\/de\\\/\",\"name\":\"Steel for Bricks\",\"description\":\"\",\"publisher\":{\"@id\":\"https:\\\/\\\/www.steelfb.com\\\/de\\\/#organization\"},\"potentialAction\":[{\"@type\":\"SearchAction\",\"target\":{\"@type\":\"EntryPoint\",\"urlTemplate\":\"https:\\\/\\\/www.steelfb.com\\\/de\\\/?s={search_term_string}\"},\"query-input\":{\"@type\":\"PropertyValueSpecification\",\"valueRequired\":true,\"valueName\":\"search_term_string\"}}],\"inLanguage\":\"de\"},{\"@type\":\"Organization\",\"@id\":\"https:\\\/\\\/www.steelfb.com\\\/de\\\/#organization\",\"name\":\"STEEL FOR BRICKS\",\"url\":\"https:\\\/\\\/www.steelfb.com\\\/de\\\/\",\"logo\":{\"@type\":\"ImageObject\",\"inLanguage\":\"de\",\"@id\":\"https:\\\/\\\/www.steelfb.com\\\/de\\\/#\\\/schema\\\/logo\\\/image\\\/\",\"url\":\"https:\\\/\\\/www.steelfb.com\\\/wp-content\\\/uploads\\\/2022\\\/03\\\/cropped-favicon-logo-sfb.png\",\"contentUrl\":\"https:\\\/\\\/www.steelfb.com\\\/wp-content\\\/uploads\\\/2022\\\/03\\\/cropped-favicon-logo-sfb.png\",\"width\":512,\"height\":512,\"caption\":\"STEEL FOR BRICKS\"},\"image\":{\"@id\":\"https:\\\/\\\/www.steelfb.com\\\/de\\\/#\\\/schema\\\/logo\\\/image\\\/\"}}]}<\/script>\n<!-- \/ Yoast SEO plugin. -->","yoast_head_json":{"title":"Kontakt Spanien - Steel for Bricks","description":"International sales+34 682 49 79 73 export@steelfb.com B\u00fcro Industriegebiet El Saco, Parcela 10 E-50172 Alfajar\u00edn. Zaragoza (Spanien)","robots":{"index":"index","follow":"follow","max-snippet":"max-snippet:-1","max-image-preview":"max-image-preview:large","max-video-preview":"max-video-preview:-1"},"canonical":"https:\/\/www.steelfb.com\/de\/kontakt\/","og_locale":"de_DE","og_type":"article","og_title":"Kontakt Spanien - Steel for Bricks","og_description":"International sales+34 682 49 79 73 export@steelfb.com B\u00fcro Industriegebiet El Saco, Parcela 10 E-50172 Alfajar\u00edn. Zaragoza (Spanien)","og_url":"https:\/\/www.steelfb.com\/de\/kontakt\/","og_site_name":"Steel for Bricks","article_modified_time":"2022-07-20T10:38:59+00:00","og_image":[{"url":"https:\/\/www.steelfb.com\/wp-content\/uploads\/2022\/01\/geo-hidrol.png","type":"","width":"","height":""}],"twitter_card":"summary_large_image","twitter_misc":{"Gesch\u00e4tzte Lesezeit":"1\u00a0Minute"},"schema":{"@context":"https:\/\/schema.org","@graph":[{"@type":"WebPage","@id":"https:\/\/www.steelfb.com\/de\/kontakt\/","url":"https:\/\/www.steelfb.com\/de\/kontakt\/","name":"Kontakt Spanien - Steel for Bricks","isPartOf":{"@id":"https:\/\/www.steelfb.com\/de\/#website"},"primaryImageOfPage":{"@id":"https:\/\/www.steelfb.com\/de\/kontakt\/#primaryimage"},"image":{"@id":"https:\/\/www.steelfb.com\/de\/kontakt\/#primaryimage"},"thumbnailUrl":"https:\/\/www.steelfb.com\/wp-content\/uploads\/2022\/01\/geo-hidrol.png","datePublished":"2021-10-31T01:25:18+00:00","dateModified":"2022-07-20T10:38:59+00:00","description":"International sales+34 682 49 79 73 export@steelfb.com B\u00fcro Industriegebiet El Saco, Parcela 10 E-50172 Alfajar\u00edn. Zaragoza (Spanien)","breadcrumb":{"@id":"https:\/\/www.steelfb.com\/de\/kontakt\/#breadcrumb"},"inLanguage":"de","potentialAction":[{"@type":"ReadAction","target":["https:\/\/www.steelfb.com\/de\/kontakt\/"]}]},{"@type":"ImageObject","inLanguage":"de","@id":"https:\/\/www.steelfb.com\/de\/kontakt\/#primaryimage","url":"https:\/\/www.steelfb.com\/wp-content\/uploads\/2022\/01\/geo-hidrol.png","contentUrl":"https:\/\/www.steelfb.com\/wp-content\/uploads\/2022\/01\/geo-hidrol.png"},{"@type":"BreadcrumbList","@id":"https:\/\/www.steelfb.com\/de\/kontakt\/#breadcrumb","itemListElement":[{"@type":"ListItem","position":1,"name":"Home","item":"https:\/\/www.steelfb.com\/de\/"},{"@type":"ListItem","position":2,"name":"Kontakt"}]},{"@type":"WebSite","@id":"https:\/\/www.steelfb.com\/de\/#website","url":"https:\/\/www.steelfb.com\/de\/","name":"Steel for Bricks","description":"","publisher":{"@id":"https:\/\/www.steelfb.com\/de\/#organization"},"potentialAction":[{"@type":"SearchAction","target":{"@type":"EntryPoint","urlTemplate":"https:\/\/www.steelfb.com\/de\/?s={search_term_string}"},"query-input":{"@type":"PropertyValueSpecification","valueRequired":true,"valueName":"search_term_string"}}],"inLanguage":"de"},{"@type":"Organization","@id":"https:\/\/www.steelfb.com\/de\/#organization","name":"STEEL FOR BRICKS","url":"https:\/\/www.steelfb.com\/de\/","logo":{"@type":"ImageObject","inLanguage":"de","@id":"https:\/\/www.steelfb.com\/de\/#\/schema\/logo\/image\/","url":"https:\/\/www.steelfb.com\/wp-content\/uploads\/2022\/03\/cropped-favicon-logo-sfb.png","contentUrl":"https:\/\/www.steelfb.com\/wp-content\/uploads\/2022\/03\/cropped-favicon-logo-sfb.png","width":512,"height":512,"caption":"STEEL FOR BRICKS"},"image":{"@id":"https:\/\/www.steelfb.com\/de\/#\/schema\/logo\/image\/"}}]}},"_links":{"self":[{"href":"https:\/\/www.steelfb.com\/de\/wp-json\/wp\/v2\/pages\/2826","targetHints":{"allow":["GET"]}}],"collection":[{"href":"https:\/\/www.steelfb.com\/de\/wp-json\/wp\/v2\/pages"}],"about":[{"href":"https:\/\/www.steelfb.com\/de\/wp-json\/wp\/v2\/types\/page"}],"author":[{"embeddable":true,"href":"https:\/\/www.steelfb.com\/de\/wp-json\/wp\/v2\/users\/1"}],"replies":[{"embeddable":true,"href":"https:\/\/www.steelfb.com\/de\/wp-json\/wp\/v2\/comments?post=2826"}],"version-history":[{"count":2,"href":"https:\/\/www.steelfb.com\/de\/wp-json\/wp\/v2\/pages\/2826\/revisions"}],"predecessor-version":[{"id":3501,"href":"https:\/\/www.steelfb.com\/de\/wp-json\/wp\/v2\/pages\/2826\/revisions\/3501"}],"wp:attachment":[{"href":"https:\/\/www.steelfb.com\/de\/wp-json\/wp\/v2\/media?parent=2826"}],"curies":[{"name":"wp","href":"https:\/\/api.w.org\/{rel}","templated":true}]}}