{"id":2822,"date":"2021-11-17T02:19:40","date_gmt":"2021-11-17T01:19:40","guid":{"rendered":"https:\/\/www.steelfb.com\/documentacion-comercial\/"},"modified":"2022-07-20T11:33:53","modified_gmt":"2022-07-20T09:33:53","slug":"vertriebsunterlagen","status":"publish","type":"page","link":"https:\/\/www.steelfb.com\/de\/vertriebsunterlagen\/","title":{"rendered":"Vertriebsunterlagen"},"content":{"rendered":"\n<h1 class=\"wp-block-heading\">Vertriebsunterlagen<\/h1>\n\n\n\n<p>1. Die einzigen g\u00fcltigen Versionen der Vertriebsunterlagen von SFB (Kataloge, technische Datenbl\u00e4tter, Zertifizierungen oder sonstige Unterlagen) sind diejenigen, die auf der Webseite von SFB (<a href=\"https:\/\/www.steelfb.com\/\">www.steelfb.com<\/a>) aktualisiert erscheinen. \u00c4ltere Versionen der Vertriebsunterlagen gelten als \u00fcberholt und sind ung\u00fcltig.s.<\/p>\n\n\n\n<p>2. Die auf der Webseite, im Blog, in den sozialen Netzwerken und in den Vertriebsunterlagen von SFB enthaltenen Fotos, Infografien und Skizzen sind exklusives Eigentum von Steel for Bricks. Somit muss die entsprechende Genehmigung f\u00fcr deren Verwendung bei Steel for Bricks angefordert werden.<\/p>\n\n\n\n<p>3. Die Produkte k\u00f6nnen ohne vorherige Ank\u00fcndigung ge\u00e4ndert werden.<\/p>\n\n\n\n<p>4. Ohne ausdr\u00fcckliche Genehmigung in Schriftform sind alle vollst\u00e4ndigen oder teilweisen Wiedergaben der Vertriebsunterlagen oder des Inhalts der SFB Webseite streng verboten.<\/p>\n\n\n\n<p>5. Alle Handelsnamen und Markenzeichen, die auf der Webseite und auf den Vertriebsunterlagen im digitalen oder Papierformat erscheinen, sind Eigentum von Steel for Bricks.<\/p>\n\n\n\n<p>6. Die auf den Vertriebsunterlagen, auf der Webseite, im Blog und in den sozialen Netzwerken enthaltenen Informationen werden in gutem Glauben \u00fcbermittelt. F\u00fcr Einsatz oder Anwendung der beschriebenen Produkte wird jegliche Haftung ausgeschlossen.<\/p>\n","protected":false},"excerpt":{"rendered":"<p>Vertriebsunterlagen 1. Die einzigen g\u00fcltigen Versionen der Vertriebsunterlagen von SFB (Kataloge, technische Datenbl\u00e4tter, Zertifizierungen oder sonstige Unterlagen) sind diejenigen, die auf der Webseite von SFB [&#8230;]<\/p>\n<p><a class=\"understrap-read-more-link\" href=\"https:\/\/www.steelfb.com\/de\/vertriebsunterlagen\/\">Weiterlesen<\/a><\/p>\n","protected":false},"author":1,"featured_media":0,"parent":0,"menu_order":0,"comment_status":"closed","ping_status":"closed","template":"","meta":{"_acf_changed":false,"inline_featured_image":false,"footnotes":""},"class_list":["post-2822","page","type-page","status-publish","hentry"],"acf":[],"yoast_head":"<!-- This site is optimized with the Yoast SEO plugin v27.4 - https:\/\/yoast.com\/product\/yoast-seo-wordpress\/ -->\n<title>Verkaufsabteilung - Steel for Bricks<\/title>\n<meta name=\"robots\" content=\"index, follow, max-snippet:-1, max-image-preview:large, max-video-preview:-1\" \/>\n<link rel=\"canonical\" href=\"https:\/\/www.steelfb.com\/de\/vertriebsunterlagen\/\" \/>\n<meta property=\"og:locale\" content=\"de_DE\" \/>\n<meta property=\"og:type\" content=\"article\" \/>\n<meta property=\"og:title\" content=\"Verkaufsabteilung - Steel for Bricks\" \/>\n<meta property=\"og:description\" content=\"Vertriebsunterlagen 1. Die einzigen g\u00fcltigen Versionen der Vertriebsunterlagen von SFB (Kataloge, technische Datenbl\u00e4tter, Zertifizierungen oder sonstige Unterlagen) sind diejenigen, die auf der Webseite von SFB [...]Weiterlesen\" \/>\n<meta property=\"og:url\" content=\"https:\/\/www.steelfb.com\/de\/vertriebsunterlagen\/\" \/>\n<meta property=\"og:site_name\" content=\"Steel for Bricks\" \/>\n<meta property=\"article:modified_time\" content=\"2022-07-20T09:33:53+00:00\" \/>\n<meta name=\"twitter:card\" content=\"summary_large_image\" \/>\n<meta name=\"twitter:label1\" content=\"Gesch\u00e4tzte Lesezeit\" \/>\n\t<meta name=\"twitter:data1\" content=\"1\u00a0Minute\" \/>\n<script type=\"application\/ld+json\" class=\"yoast-schema-graph\">{\"@context\":\"https:\\\/\\\/schema.org\",\"@graph\":[{\"@type\":\"WebPage\",\"@id\":\"https:\\\/\\\/www.steelfb.com\\\/de\\\/vertriebsunterlagen\\\/\",\"url\":\"https:\\\/\\\/www.steelfb.com\\\/de\\\/vertriebsunterlagen\\\/\",\"name\":\"Verkaufsabteilung - Steel for Bricks\",\"isPartOf\":{\"@id\":\"https:\\\/\\\/www.steelfb.com\\\/de\\\/#website\"},\"datePublished\":\"2021-11-17T01:19:40+00:00\",\"dateModified\":\"2022-07-20T09:33:53+00:00\",\"breadcrumb\":{\"@id\":\"https:\\\/\\\/www.steelfb.com\\\/de\\\/vertriebsunterlagen\\\/#breadcrumb\"},\"inLanguage\":\"de\",\"potentialAction\":[{\"@type\":\"ReadAction\",\"target\":[\"https:\\\/\\\/www.steelfb.com\\\/de\\\/vertriebsunterlagen\\\/\"]}]},{\"@type\":\"BreadcrumbList\",\"@id\":\"https:\\\/\\\/www.steelfb.com\\\/de\\\/vertriebsunterlagen\\\/#breadcrumb\",\"itemListElement\":[{\"@type\":\"ListItem\",\"position\":1,\"name\":\"Home\",\"item\":\"https:\\\/\\\/www.steelfb.com\\\/de\\\/\"},{\"@type\":\"ListItem\",\"position\":2,\"name\":\"Vertriebsunterlagen\"}]},{\"@type\":\"WebSite\",\"@id\":\"https:\\\/\\\/www.steelfb.com\\\/de\\\/#website\",\"url\":\"https:\\\/\\\/www.steelfb.com\\\/de\\\/\",\"name\":\"Steel for Bricks\",\"description\":\"\",\"publisher\":{\"@id\":\"https:\\\/\\\/www.steelfb.com\\\/de\\\/#organization\"},\"potentialAction\":[{\"@type\":\"SearchAction\",\"target\":{\"@type\":\"EntryPoint\",\"urlTemplate\":\"https:\\\/\\\/www.steelfb.com\\\/de\\\/?s={search_term_string}\"},\"query-input\":{\"@type\":\"PropertyValueSpecification\",\"valueRequired\":true,\"valueName\":\"search_term_string\"}}],\"inLanguage\":\"de\"},{\"@type\":\"Organization\",\"@id\":\"https:\\\/\\\/www.steelfb.com\\\/de\\\/#organization\",\"name\":\"STEEL FOR BRICKS\",\"url\":\"https:\\\/\\\/www.steelfb.com\\\/de\\\/\",\"logo\":{\"@type\":\"ImageObject\",\"inLanguage\":\"de\",\"@id\":\"https:\\\/\\\/www.steelfb.com\\\/de\\\/#\\\/schema\\\/logo\\\/image\\\/\",\"url\":\"https:\\\/\\\/www.steelfb.com\\\/wp-content\\\/uploads\\\/2022\\\/03\\\/cropped-favicon-logo-sfb.png\",\"contentUrl\":\"https:\\\/\\\/www.steelfb.com\\\/wp-content\\\/uploads\\\/2022\\\/03\\\/cropped-favicon-logo-sfb.png\",\"width\":512,\"height\":512,\"caption\":\"STEEL FOR BRICKS\"},\"image\":{\"@id\":\"https:\\\/\\\/www.steelfb.com\\\/de\\\/#\\\/schema\\\/logo\\\/image\\\/\"}}]}<\/script>\n<!-- \/ Yoast SEO plugin. -->","yoast_head_json":{"title":"Verkaufsabteilung - Steel for Bricks","robots":{"index":"index","follow":"follow","max-snippet":"max-snippet:-1","max-image-preview":"max-image-preview:large","max-video-preview":"max-video-preview:-1"},"canonical":"https:\/\/www.steelfb.com\/de\/vertriebsunterlagen\/","og_locale":"de_DE","og_type":"article","og_title":"Verkaufsabteilung - Steel for Bricks","og_description":"Vertriebsunterlagen 1. Die einzigen g\u00fcltigen Versionen der Vertriebsunterlagen von SFB (Kataloge, technische Datenbl\u00e4tter, Zertifizierungen oder sonstige Unterlagen) sind diejenigen, die auf der Webseite von SFB [...]Weiterlesen","og_url":"https:\/\/www.steelfb.com\/de\/vertriebsunterlagen\/","og_site_name":"Steel for Bricks","article_modified_time":"2022-07-20T09:33:53+00:00","twitter_card":"summary_large_image","twitter_misc":{"Gesch\u00e4tzte Lesezeit":"1\u00a0Minute"},"schema":{"@context":"https:\/\/schema.org","@graph":[{"@type":"WebPage","@id":"https:\/\/www.steelfb.com\/de\/vertriebsunterlagen\/","url":"https:\/\/www.steelfb.com\/de\/vertriebsunterlagen\/","name":"Verkaufsabteilung - Steel for Bricks","isPartOf":{"@id":"https:\/\/www.steelfb.com\/de\/#website"},"datePublished":"2021-11-17T01:19:40+00:00","dateModified":"2022-07-20T09:33:53+00:00","breadcrumb":{"@id":"https:\/\/www.steelfb.com\/de\/vertriebsunterlagen\/#breadcrumb"},"inLanguage":"de","potentialAction":[{"@type":"ReadAction","target":["https:\/\/www.steelfb.com\/de\/vertriebsunterlagen\/"]}]},{"@type":"BreadcrumbList","@id":"https:\/\/www.steelfb.com\/de\/vertriebsunterlagen\/#breadcrumb","itemListElement":[{"@type":"ListItem","position":1,"name":"Home","item":"https:\/\/www.steelfb.com\/de\/"},{"@type":"ListItem","position":2,"name":"Vertriebsunterlagen"}]},{"@type":"WebSite","@id":"https:\/\/www.steelfb.com\/de\/#website","url":"https:\/\/www.steelfb.com\/de\/","name":"Steel for Bricks","description":"","publisher":{"@id":"https:\/\/www.steelfb.com\/de\/#organization"},"potentialAction":[{"@type":"SearchAction","target":{"@type":"EntryPoint","urlTemplate":"https:\/\/www.steelfb.com\/de\/?s={search_term_string}"},"query-input":{"@type":"PropertyValueSpecification","valueRequired":true,"valueName":"search_term_string"}}],"inLanguage":"de"},{"@type":"Organization","@id":"https:\/\/www.steelfb.com\/de\/#organization","name":"STEEL FOR BRICKS","url":"https:\/\/www.steelfb.com\/de\/","logo":{"@type":"ImageObject","inLanguage":"de","@id":"https:\/\/www.steelfb.com\/de\/#\/schema\/logo\/image\/","url":"https:\/\/www.steelfb.com\/wp-content\/uploads\/2022\/03\/cropped-favicon-logo-sfb.png","contentUrl":"https:\/\/www.steelfb.com\/wp-content\/uploads\/2022\/03\/cropped-favicon-logo-sfb.png","width":512,"height":512,"caption":"STEEL FOR BRICKS"},"image":{"@id":"https:\/\/www.steelfb.com\/de\/#\/schema\/logo\/image\/"}}]}},"_links":{"self":[{"href":"https:\/\/www.steelfb.com\/de\/wp-json\/wp\/v2\/pages\/2822","targetHints":{"allow":["GET"]}}],"collection":[{"href":"https:\/\/www.steelfb.com\/de\/wp-json\/wp\/v2\/pages"}],"about":[{"href":"https:\/\/www.steelfb.com\/de\/wp-json\/wp\/v2\/types\/page"}],"author":[{"embeddable":true,"href":"https:\/\/www.steelfb.com\/de\/wp-json\/wp\/v2\/users\/1"}],"replies":[{"embeddable":true,"href":"https:\/\/www.steelfb.com\/de\/wp-json\/wp\/v2\/comments?post=2822"}],"version-history":[{"count":2,"href":"https:\/\/www.steelfb.com\/de\/wp-json\/wp\/v2\/pages\/2822\/revisions"}],"predecessor-version":[{"id":3301,"href":"https:\/\/www.steelfb.com\/de\/wp-json\/wp\/v2\/pages\/2822\/revisions\/3301"}],"wp:attachment":[{"href":"https:\/\/www.steelfb.com\/de\/wp-json\/wp\/v2\/media?parent=2822"}],"curies":[{"name":"wp","href":"https:\/\/api.w.org\/{rel}","templated":true}]}}